{"id":14441,"date":"2024-12-16T10:54:18","date_gmt":"2024-12-16T09:54:18","guid":{"rendered":"https:\/\/sp.com.dz\/?post_type=product&#038;p=14441"},"modified":"2024-12-16T10:56:36","modified_gmt":"2024-12-16T09:56:36","slug":"t-shirt-oversize-brode","status":"publish","type":"product","link":"https:\/\/sp-dz.com\/fr\/produit\/t-shirt-oversize-brode\/","title":{"rendered":"T-shirt oversize brod\u00e9"},"content":{"rendered":"<h3 class=\"text-s product-popup-subtitle\">Caract\u00e9ristiques de base<\/h3>\n<p>T-shirt oversize blanc au style minimaliste et contemporain, id\u00e9al pour un look d\u00e9contract\u00e9 et tendance. Son col rond classique est sublim\u00e9 par une broderie ton sur ton, ajoutant une touche discr\u00e8te et \u00e9l\u00e9gante. Confectionn\u00e9 dans un tissu doux et confortable, ce T-shirt allie simplicit\u00e9 et raffinement, parfait pour toutes les occasions du quotidien.<\/p>\n<h3 class=\"text-s product-popup-subtitle\">Composition<\/h3>\n<p>51% Coton<\/p>\n<p>49% Modal<\/p>\n<h3 class=\"text-s product-popup-subtitle\">Code produit<\/h3>\n<p>44466659<\/p>\n<h3 class=\"text-s product-popup-subtitle\">Entretien<\/h3>\n<p>Lavage en machine \u00e0 une temp\u00e9rature maximale de 30\u00b0C.<\/p>\n","protected":false},"excerpt":{"rendered":"<p>T-shirt oversize blanc au style minimaliste et contemporain, id\u00e9al pour un look d\u00e9contract\u00e9 et tendance. Son col rond classique est sublim\u00e9 par une broderie ton sur ton, ajoutant une touche discr\u00e8te et \u00e9l\u00e9gante. Confectionn\u00e9 dans un tissu doux et confortable, ce T-shirt allie simplicit\u00e9 et raffinement, parfait pour toutes les occasions du quotidien.<\/p>\n","protected":false},"featured_media":14684,"template":"","meta":[],"product_brand":[],"product_cat":[78,30],"product_tag":[],"class_list":{"0":"post-14441","1":"product","2":"type-product","3":"status-publish","4":"has-post-thumbnail","6":"product_cat-t-shirt-top","7":"product_cat-femme","9":"first","10":"instock","11":"shipping-taxable","12":"purchasable","13":"product-type-simple"},"yoast_head":"<!-- This site is optimized with the Yoast SEO plugin v26.9 - https:\/\/yoast.com\/product\/yoast-seo-wordpress\/ -->\n<title>T-shirt oversize brod\u00e9 - S\u00e9lection Priv\u00e9e<\/title>\n<meta name=\"robots\" content=\"index, follow, max-snippet:-1, max-image-preview:large, max-video-preview:-1\" \/>\n<link rel=\"canonical\" href=\"https:\/\/sp-dz.com\/fr\/produit\/t-shirt-oversize-brode\/\" \/>\n<meta property=\"og:locale\" content=\"fr_FR\" \/>\n<meta property=\"og:type\" content=\"article\" \/>\n<meta property=\"og:title\" content=\"T-shirt oversize brod\u00e9 - S\u00e9lection Priv\u00e9e\" \/>\n<meta property=\"og:description\" content=\"T-shirt oversize blanc au style minimaliste et contemporain, id\u00e9al pour un look d\u00e9contract\u00e9 et tendance. Son col rond classique est sublim\u00e9 par une broderie ton sur ton, ajoutant une touche discr\u00e8te et \u00e9l\u00e9gante. Confectionn\u00e9 dans un tissu doux et confortable, ce T-shirt allie simplicit\u00e9 et raffinement, parfait pour toutes les occasions du quotidien.\" \/>\n<meta property=\"og:url\" content=\"https:\/\/sp-dz.com\/fr\/produit\/t-shirt-oversize-brode\/\" \/>\n<meta property=\"og:site_name\" content=\"S\u00e9lection Priv\u00e9e\" \/>\n<meta property=\"article:modified_time\" content=\"2024-12-16T09:56:36+00:00\" \/>\n<meta property=\"og:image\" content=\"https:\/\/sp-dz.com\/wp-content\/uploads\/2024\/12\/haut-fbrode-av-scaled.jpg\" \/>\n\t<meta property=\"og:image:width\" content=\"2133\" \/>\n\t<meta property=\"og:image:height\" content=\"2560\" \/>\n\t<meta property=\"og:image:type\" content=\"image\/jpeg\" \/>\n<meta name=\"twitter:card\" content=\"summary_large_image\" \/>\n<meta name=\"twitter:label1\" content=\"Dur\u00e9e de lecture estim\u00e9e\" \/>\n\t<meta name=\"twitter:data1\" content=\"1 minute\" \/>\n<script type=\"application\/ld+json\" class=\"yoast-schema-graph\">{\"@context\":\"https:\/\/schema.org\",\"@graph\":[{\"@type\":\"WebPage\",\"@id\":\"https:\/\/sp-dz.com\/produit\/t-shirt-oversize-brode\/\",\"url\":\"https:\/\/sp-dz.com\/produit\/t-shirt-oversize-brode\/\",\"name\":\"T-shirt oversize brod\u00e9 - S\u00e9lection Priv\u00e9e\",\"isPartOf\":{\"@id\":\"https:\/\/sp-dz.com\/fr\/#website\"},\"primaryImageOfPage\":{\"@id\":\"https:\/\/sp-dz.com\/produit\/t-shirt-oversize-brode\/#primaryimage\"},\"image\":{\"@id\":\"https:\/\/sp-dz.com\/produit\/t-shirt-oversize-brode\/#primaryimage\"},\"thumbnailUrl\":\"https:\/\/sp-dz.com\/wp-content\/uploads\/2024\/12\/haut-fbrode-av-scaled.jpg\",\"datePublished\":\"2024-12-16T09:54:18+00:00\",\"dateModified\":\"2024-12-16T09:56:36+00:00\",\"breadcrumb\":{\"@id\":\"https:\/\/sp-dz.com\/produit\/t-shirt-oversize-brode\/#breadcrumb\"},\"inLanguage\":\"fr-FR\",\"potentialAction\":[{\"@type\":\"ReadAction\",\"target\":[\"https:\/\/sp-dz.com\/produit\/t-shirt-oversize-brode\/\"]}]},{\"@type\":\"ImageObject\",\"inLanguage\":\"fr-FR\",\"@id\":\"https:\/\/sp-dz.com\/produit\/t-shirt-oversize-brode\/#primaryimage\",\"url\":\"https:\/\/sp-dz.com\/wp-content\/uploads\/2024\/12\/haut-fbrode-av-scaled.jpg\",\"contentUrl\":\"https:\/\/sp-dz.com\/wp-content\/uploads\/2024\/12\/haut-fbrode-av-scaled.jpg\",\"width\":2133,\"height\":2560},{\"@type\":\"BreadcrumbList\",\"@id\":\"https:\/\/sp-dz.com\/produit\/t-shirt-oversize-brode\/#breadcrumb\",\"itemListElement\":[{\"@type\":\"ListItem\",\"position\":1,\"name\":\"Accueil\",\"item\":\"https:\/\/sp-dz.com\/fr\/\"},{\"@type\":\"ListItem\",\"position\":2,\"name\":\"Boutique\",\"item\":\"https:\/\/sp-dz.com\/fr\/boutique\/\"},{\"@type\":\"ListItem\",\"position\":3,\"name\":\"T-shirt oversize brod\u00e9\"}]},{\"@type\":\"WebSite\",\"@id\":\"https:\/\/sp-dz.com\/fr\/#website\",\"url\":\"https:\/\/sp-dz.com\/fr\/\",\"name\":\"S\u00e9lection Priv\u00e9e\",\"description\":\"Only for Members\",\"potentialAction\":[{\"@type\":\"SearchAction\",\"target\":{\"@type\":\"EntryPoint\",\"urlTemplate\":\"https:\/\/sp-dz.com\/fr\/?s={search_term_string}\"},\"query-input\":{\"@type\":\"PropertyValueSpecification\",\"valueRequired\":true,\"valueName\":\"search_term_string\"}}],\"inLanguage\":\"fr-FR\"}]}<\/script>\n<!-- \/ Yoast SEO plugin. -->","yoast_head_json":{"title":"T-shirt oversize brod\u00e9 - S\u00e9lection Priv\u00e9e","robots":{"index":"index","follow":"follow","max-snippet":"max-snippet:-1","max-image-preview":"max-image-preview:large","max-video-preview":"max-video-preview:-1"},"canonical":"https:\/\/sp-dz.com\/fr\/produit\/t-shirt-oversize-brode\/","og_locale":"fr_FR","og_type":"article","og_title":"T-shirt oversize brod\u00e9 - S\u00e9lection Priv\u00e9e","og_description":"T-shirt oversize blanc au style minimaliste et contemporain, id\u00e9al pour un look d\u00e9contract\u00e9 et tendance. Son col rond classique est sublim\u00e9 par une broderie ton sur ton, ajoutant une touche discr\u00e8te et \u00e9l\u00e9gante. Confectionn\u00e9 dans un tissu doux et confortable, ce T-shirt allie simplicit\u00e9 et raffinement, parfait pour toutes les occasions du quotidien.","og_url":"https:\/\/sp-dz.com\/fr\/produit\/t-shirt-oversize-brode\/","og_site_name":"S\u00e9lection Priv\u00e9e","article_modified_time":"2024-12-16T09:56:36+00:00","og_image":[{"width":2133,"height":2560,"url":"https:\/\/sp-dz.com\/wp-content\/uploads\/2024\/12\/haut-fbrode-av-scaled.jpg","type":"image\/jpeg"}],"twitter_card":"summary_large_image","twitter_misc":{"Dur\u00e9e de lecture estim\u00e9e":"1 minute"},"schema":{"@context":"https:\/\/schema.org","@graph":[{"@type":"WebPage","@id":"https:\/\/sp-dz.com\/produit\/t-shirt-oversize-brode\/","url":"https:\/\/sp-dz.com\/produit\/t-shirt-oversize-brode\/","name":"T-shirt oversize brod\u00e9 - S\u00e9lection Priv\u00e9e","isPartOf":{"@id":"https:\/\/sp-dz.com\/fr\/#website"},"primaryImageOfPage":{"@id":"https:\/\/sp-dz.com\/produit\/t-shirt-oversize-brode\/#primaryimage"},"image":{"@id":"https:\/\/sp-dz.com\/produit\/t-shirt-oversize-brode\/#primaryimage"},"thumbnailUrl":"https:\/\/sp-dz.com\/wp-content\/uploads\/2024\/12\/haut-fbrode-av-scaled.jpg","datePublished":"2024-12-16T09:54:18+00:00","dateModified":"2024-12-16T09:56:36+00:00","breadcrumb":{"@id":"https:\/\/sp-dz.com\/produit\/t-shirt-oversize-brode\/#breadcrumb"},"inLanguage":"fr-FR","potentialAction":[{"@type":"ReadAction","target":["https:\/\/sp-dz.com\/produit\/t-shirt-oversize-brode\/"]}]},{"@type":"ImageObject","inLanguage":"fr-FR","@id":"https:\/\/sp-dz.com\/produit\/t-shirt-oversize-brode\/#primaryimage","url":"https:\/\/sp-dz.com\/wp-content\/uploads\/2024\/12\/haut-fbrode-av-scaled.jpg","contentUrl":"https:\/\/sp-dz.com\/wp-content\/uploads\/2024\/12\/haut-fbrode-av-scaled.jpg","width":2133,"height":2560},{"@type":"BreadcrumbList","@id":"https:\/\/sp-dz.com\/produit\/t-shirt-oversize-brode\/#breadcrumb","itemListElement":[{"@type":"ListItem","position":1,"name":"Accueil","item":"https:\/\/sp-dz.com\/fr\/"},{"@type":"ListItem","position":2,"name":"Boutique","item":"https:\/\/sp-dz.com\/fr\/boutique\/"},{"@type":"ListItem","position":3,"name":"T-shirt oversize brod\u00e9"}]},{"@type":"WebSite","@id":"https:\/\/sp-dz.com\/fr\/#website","url":"https:\/\/sp-dz.com\/fr\/","name":"S\u00e9lection Priv\u00e9e","description":"Only for Members","potentialAction":[{"@type":"SearchAction","target":{"@type":"EntryPoint","urlTemplate":"https:\/\/sp-dz.com\/fr\/?s={search_term_string}"},"query-input":{"@type":"PropertyValueSpecification","valueRequired":true,"valueName":"search_term_string"}}],"inLanguage":"fr-FR"}]}},"_links":{"self":[{"href":"https:\/\/sp-dz.com\/fr\/wp-json\/wp\/v2\/product\/14441","targetHints":{"allow":["GET"]}}],"collection":[{"href":"https:\/\/sp-dz.com\/fr\/wp-json\/wp\/v2\/product"}],"about":[{"href":"https:\/\/sp-dz.com\/fr\/wp-json\/wp\/v2\/types\/product"}],"version-history":[{"count":1,"href":"https:\/\/sp-dz.com\/fr\/wp-json\/wp\/v2\/product\/14441\/revisions"}],"predecessor-version":[{"id":14442,"href":"https:\/\/sp-dz.com\/fr\/wp-json\/wp\/v2\/product\/14441\/revisions\/14442"}],"wp:featuredmedia":[{"embeddable":true,"href":"https:\/\/sp-dz.com\/fr\/wp-json\/wp\/v2\/media\/14684"}],"wp:attachment":[{"href":"https:\/\/sp-dz.com\/fr\/wp-json\/wp\/v2\/media?parent=14441"}],"wp:term":[{"taxonomy":"product_brand","embeddable":true,"href":"https:\/\/sp-dz.com\/fr\/wp-json\/wp\/v2\/product_brand?post=14441"},{"taxonomy":"product_cat","embeddable":true,"href":"https:\/\/sp-dz.com\/fr\/wp-json\/wp\/v2\/product_cat?post=14441"},{"taxonomy":"product_tag","embeddable":true,"href":"https:\/\/sp-dz.com\/fr\/wp-json\/wp\/v2\/product_tag?post=14441"}],"curies":[{"name":"wp","href":"https:\/\/api.w.org\/{rel}","templated":true}]}}