{"id":14424,"date":"2024-12-01T12:52:19","date_gmt":"2024-12-01T11:52:19","guid":{"rendered":"https:\/\/sp.com.dz\/?post_type=product&#038;p=14424"},"modified":"2024-12-01T12:52:22","modified_gmt":"2024-12-01T11:52:22","slug":"gilet-de-costume-beige-ms","status":"publish","type":"product","link":"https:\/\/sp-dz.com\/fr\/produit\/gilet-de-costume-beige-ms\/","title":{"rendered":"Gilet de costume beige M&#038;S"},"content":{"rendered":"<h3 class=\"text-s product-popup-subtitle\">Caract\u00e9ristiques de base<\/h3>\n<p>Gilet de costume \u00e9l\u00e9gant en tissu gris sobre, con\u00e7u pour une allure raffin\u00e9e. Il pr\u00e9sente une fermeture frontale \u00e0 cinq boutons, ajoutant une touche classique et distingu\u00e9e \u00e0 l\u2019ensemble. Deux poches d\u00e9coratives discr\u00e8tes ornent le devant, renfor\u00e7ant son style intemporel. \u00c0 l\u2019arri\u00e8re, une sangle ajustable permet d\u2019adapter parfaitement le gilet \u00e0 votre silhouette, assurant confort et maintien tout au long de la journ\u00e9e. Id\u00e9al pour compl\u00e9ter une tenue habill\u00e9e ou apporter une touche sophistiqu\u00e9e \u00e0 un look d\u00e9contract\u00e9.<\/p>\n<h3 class=\"text-s product-popup-subtitle\">Composition<\/h3>\n<p>55% Lin<\/p>\n<p>44% Viscose<\/p>\n<p>1%\u00a0 Elastahnne<\/p>\n<h3 class=\"text-s product-popup-subtitle\">Code produit<\/h3>\n<p>19711185<\/p>\n<h3 class=\"text-s product-popup-subtitle\">Entretien<\/h3>\n<p>nettoyage \u00e0 sec.<\/p>\n","protected":false},"excerpt":{"rendered":"<p>Gilet de costume \u00e9l\u00e9gant en tissu gris sobre, con\u00e7u pour une allure raffin\u00e9e. Il pr\u00e9sente une fermeture frontale \u00e0 cinq boutons, ajoutant une touche classique et distingu\u00e9e \u00e0 l\u2019ensemble. Deux poches d\u00e9coratives discr\u00e8tes ornent le devant, renfor\u00e7ant son style intemporel. \u00c0 l\u2019arri\u00e8re, une sangle ajustable permet d\u2019adapter parfaitement le gilet \u00e0 votre silhouette, assurant confort et maintien tout au long de la journ\u00e9e. Id\u00e9al pour compl\u00e9ter une tenue habill\u00e9e ou apporter une touche sophistiqu\u00e9e \u00e0 un look d\u00e9contract\u00e9.<\/p>\n","protected":false},"featured_media":14425,"template":"","meta":[],"product_brand":[],"product_cat":[90,22],"product_tag":[],"class_list":{"0":"post-14424","1":"product","2":"type-product","3":"status-publish","4":"has-post-thumbnail","6":"product_cat-pull-gilet-sweat","7":"product_cat-homme","9":"first","10":"instock","11":"shipping-taxable","12":"purchasable","13":"product-type-simple"},"yoast_head":"<!-- This site is optimized with the Yoast SEO plugin v26.9 - https:\/\/yoast.com\/product\/yoast-seo-wordpress\/ -->\n<title>Gilet de costume beige M&amp;S - S\u00e9lection Priv\u00e9e<\/title>\n<meta name=\"robots\" content=\"index, follow, max-snippet:-1, max-image-preview:large, max-video-preview:-1\" \/>\n<link rel=\"canonical\" href=\"https:\/\/sp-dz.com\/fr\/produit\/gilet-de-costume-beige-ms\/\" \/>\n<meta property=\"og:locale\" content=\"fr_FR\" \/>\n<meta property=\"og:type\" content=\"article\" \/>\n<meta property=\"og:title\" content=\"Gilet de costume beige M&amp;S - S\u00e9lection Priv\u00e9e\" \/>\n<meta property=\"og:description\" content=\"Gilet de costume \u00e9l\u00e9gant en tissu gris sobre, con\u00e7u pour une allure raffin\u00e9e. Il pr\u00e9sente une fermeture frontale \u00e0 cinq boutons, ajoutant une touche classique et distingu\u00e9e \u00e0 l\u2019ensemble. Deux poches d\u00e9coratives discr\u00e8tes ornent le devant, renfor\u00e7ant son style intemporel. \u00c0 l\u2019arri\u00e8re, une sangle ajustable permet d\u2019adapter parfaitement le gilet \u00e0 votre silhouette, assurant confort et maintien tout au long de la journ\u00e9e. Id\u00e9al pour compl\u00e9ter une tenue habill\u00e9e ou apporter une touche sophistiqu\u00e9e \u00e0 un look d\u00e9contract\u00e9.\" \/>\n<meta property=\"og:url\" content=\"https:\/\/sp-dz.com\/fr\/produit\/gilet-de-costume-beige-ms\/\" \/>\n<meta property=\"og:site_name\" content=\"S\u00e9lection Priv\u00e9e\" \/>\n<meta property=\"article:modified_time\" content=\"2024-12-01T11:52:22+00:00\" \/>\n<meta property=\"og:image\" content=\"https:\/\/sp-dz.com\/wp-content\/uploads\/2024\/12\/DS_40944c39788e1b5156e7e7df71092200_1.jpeg\" \/>\n\t<meta property=\"og:image:width\" content=\"1900\" \/>\n\t<meta property=\"og:image:height\" content=\"2470\" \/>\n\t<meta property=\"og:image:type\" content=\"image\/jpeg\" \/>\n<meta name=\"twitter:card\" content=\"summary_large_image\" \/>\n<meta name=\"twitter:label1\" content=\"Dur\u00e9e de lecture estim\u00e9e\" \/>\n\t<meta name=\"twitter:data1\" content=\"1 minute\" \/>\n<script type=\"application\/ld+json\" class=\"yoast-schema-graph\">{\"@context\":\"https:\/\/schema.org\",\"@graph\":[{\"@type\":\"WebPage\",\"@id\":\"https:\/\/sp-dz.com\/produit\/gilet-de-costume-beige-ms\/\",\"url\":\"https:\/\/sp-dz.com\/produit\/gilet-de-costume-beige-ms\/\",\"name\":\"Gilet de costume beige M&S - S\u00e9lection Priv\u00e9e\",\"isPartOf\":{\"@id\":\"https:\/\/sp-dz.com\/fr\/#website\"},\"primaryImageOfPage\":{\"@id\":\"https:\/\/sp-dz.com\/produit\/gilet-de-costume-beige-ms\/#primaryimage\"},\"image\":{\"@id\":\"https:\/\/sp-dz.com\/produit\/gilet-de-costume-beige-ms\/#primaryimage\"},\"thumbnailUrl\":\"https:\/\/sp-dz.com\/wp-content\/uploads\/2024\/12\/DS_40944c39788e1b5156e7e7df71092200_1.jpeg\",\"datePublished\":\"2024-12-01T11:52:19+00:00\",\"dateModified\":\"2024-12-01T11:52:22+00:00\",\"breadcrumb\":{\"@id\":\"https:\/\/sp-dz.com\/produit\/gilet-de-costume-beige-ms\/#breadcrumb\"},\"inLanguage\":\"fr-FR\",\"potentialAction\":[{\"@type\":\"ReadAction\",\"target\":[\"https:\/\/sp-dz.com\/produit\/gilet-de-costume-beige-ms\/\"]}]},{\"@type\":\"ImageObject\",\"inLanguage\":\"fr-FR\",\"@id\":\"https:\/\/sp-dz.com\/produit\/gilet-de-costume-beige-ms\/#primaryimage\",\"url\":\"https:\/\/sp-dz.com\/wp-content\/uploads\/2024\/12\/DS_40944c39788e1b5156e7e7df71092200_1.jpeg\",\"contentUrl\":\"https:\/\/sp-dz.com\/wp-content\/uploads\/2024\/12\/DS_40944c39788e1b5156e7e7df71092200_1.jpeg\",\"width\":1900,\"height\":2470},{\"@type\":\"BreadcrumbList\",\"@id\":\"https:\/\/sp-dz.com\/produit\/gilet-de-costume-beige-ms\/#breadcrumb\",\"itemListElement\":[{\"@type\":\"ListItem\",\"position\":1,\"name\":\"Accueil\",\"item\":\"https:\/\/sp-dz.com\/fr\/\"},{\"@type\":\"ListItem\",\"position\":2,\"name\":\"Boutique\",\"item\":\"https:\/\/sp-dz.com\/fr\/boutique\/\"},{\"@type\":\"ListItem\",\"position\":3,\"name\":\"Gilet de costume beige M&#038;S\"}]},{\"@type\":\"WebSite\",\"@id\":\"https:\/\/sp-dz.com\/fr\/#website\",\"url\":\"https:\/\/sp-dz.com\/fr\/\",\"name\":\"S\u00e9lection Priv\u00e9e\",\"description\":\"Only for Members\",\"potentialAction\":[{\"@type\":\"SearchAction\",\"target\":{\"@type\":\"EntryPoint\",\"urlTemplate\":\"https:\/\/sp-dz.com\/fr\/?s={search_term_string}\"},\"query-input\":{\"@type\":\"PropertyValueSpecification\",\"valueRequired\":true,\"valueName\":\"search_term_string\"}}],\"inLanguage\":\"fr-FR\"}]}<\/script>\n<!-- \/ Yoast SEO plugin. -->","yoast_head_json":{"title":"Gilet de costume beige M&S - S\u00e9lection Priv\u00e9e","robots":{"index":"index","follow":"follow","max-snippet":"max-snippet:-1","max-image-preview":"max-image-preview:large","max-video-preview":"max-video-preview:-1"},"canonical":"https:\/\/sp-dz.com\/fr\/produit\/gilet-de-costume-beige-ms\/","og_locale":"fr_FR","og_type":"article","og_title":"Gilet de costume beige M&S - S\u00e9lection Priv\u00e9e","og_description":"Gilet de costume \u00e9l\u00e9gant en tissu gris sobre, con\u00e7u pour une allure raffin\u00e9e. Il pr\u00e9sente une fermeture frontale \u00e0 cinq boutons, ajoutant une touche classique et distingu\u00e9e \u00e0 l\u2019ensemble. Deux poches d\u00e9coratives discr\u00e8tes ornent le devant, renfor\u00e7ant son style intemporel. \u00c0 l\u2019arri\u00e8re, une sangle ajustable permet d\u2019adapter parfaitement le gilet \u00e0 votre silhouette, assurant confort et maintien tout au long de la journ\u00e9e. Id\u00e9al pour compl\u00e9ter une tenue habill\u00e9e ou apporter une touche sophistiqu\u00e9e \u00e0 un look d\u00e9contract\u00e9.","og_url":"https:\/\/sp-dz.com\/fr\/produit\/gilet-de-costume-beige-ms\/","og_site_name":"S\u00e9lection Priv\u00e9e","article_modified_time":"2024-12-01T11:52:22+00:00","og_image":[{"width":1900,"height":2470,"url":"https:\/\/sp-dz.com\/wp-content\/uploads\/2024\/12\/DS_40944c39788e1b5156e7e7df71092200_1.jpeg","type":"image\/jpeg"}],"twitter_card":"summary_large_image","twitter_misc":{"Dur\u00e9e de lecture estim\u00e9e":"1 minute"},"schema":{"@context":"https:\/\/schema.org","@graph":[{"@type":"WebPage","@id":"https:\/\/sp-dz.com\/produit\/gilet-de-costume-beige-ms\/","url":"https:\/\/sp-dz.com\/produit\/gilet-de-costume-beige-ms\/","name":"Gilet de costume beige M&S - S\u00e9lection Priv\u00e9e","isPartOf":{"@id":"https:\/\/sp-dz.com\/fr\/#website"},"primaryImageOfPage":{"@id":"https:\/\/sp-dz.com\/produit\/gilet-de-costume-beige-ms\/#primaryimage"},"image":{"@id":"https:\/\/sp-dz.com\/produit\/gilet-de-costume-beige-ms\/#primaryimage"},"thumbnailUrl":"https:\/\/sp-dz.com\/wp-content\/uploads\/2024\/12\/DS_40944c39788e1b5156e7e7df71092200_1.jpeg","datePublished":"2024-12-01T11:52:19+00:00","dateModified":"2024-12-01T11:52:22+00:00","breadcrumb":{"@id":"https:\/\/sp-dz.com\/produit\/gilet-de-costume-beige-ms\/#breadcrumb"},"inLanguage":"fr-FR","potentialAction":[{"@type":"ReadAction","target":["https:\/\/sp-dz.com\/produit\/gilet-de-costume-beige-ms\/"]}]},{"@type":"ImageObject","inLanguage":"fr-FR","@id":"https:\/\/sp-dz.com\/produit\/gilet-de-costume-beige-ms\/#primaryimage","url":"https:\/\/sp-dz.com\/wp-content\/uploads\/2024\/12\/DS_40944c39788e1b5156e7e7df71092200_1.jpeg","contentUrl":"https:\/\/sp-dz.com\/wp-content\/uploads\/2024\/12\/DS_40944c39788e1b5156e7e7df71092200_1.jpeg","width":1900,"height":2470},{"@type":"BreadcrumbList","@id":"https:\/\/sp-dz.com\/produit\/gilet-de-costume-beige-ms\/#breadcrumb","itemListElement":[{"@type":"ListItem","position":1,"name":"Accueil","item":"https:\/\/sp-dz.com\/fr\/"},{"@type":"ListItem","position":2,"name":"Boutique","item":"https:\/\/sp-dz.com\/fr\/boutique\/"},{"@type":"ListItem","position":3,"name":"Gilet de costume beige M&#038;S"}]},{"@type":"WebSite","@id":"https:\/\/sp-dz.com\/fr\/#website","url":"https:\/\/sp-dz.com\/fr\/","name":"S\u00e9lection Priv\u00e9e","description":"Only for Members","potentialAction":[{"@type":"SearchAction","target":{"@type":"EntryPoint","urlTemplate":"https:\/\/sp-dz.com\/fr\/?s={search_term_string}"},"query-input":{"@type":"PropertyValueSpecification","valueRequired":true,"valueName":"search_term_string"}}],"inLanguage":"fr-FR"}]}},"_links":{"self":[{"href":"https:\/\/sp-dz.com\/fr\/wp-json\/wp\/v2\/product\/14424","targetHints":{"allow":["GET"]}}],"collection":[{"href":"https:\/\/sp-dz.com\/fr\/wp-json\/wp\/v2\/product"}],"about":[{"href":"https:\/\/sp-dz.com\/fr\/wp-json\/wp\/v2\/types\/product"}],"version-history":[{"count":2,"href":"https:\/\/sp-dz.com\/fr\/wp-json\/wp\/v2\/product\/14424\/revisions"}],"predecessor-version":[{"id":14430,"href":"https:\/\/sp-dz.com\/fr\/wp-json\/wp\/v2\/product\/14424\/revisions\/14430"}],"wp:featuredmedia":[{"embeddable":true,"href":"https:\/\/sp-dz.com\/fr\/wp-json\/wp\/v2\/media\/14425"}],"wp:attachment":[{"href":"https:\/\/sp-dz.com\/fr\/wp-json\/wp\/v2\/media?parent=14424"}],"wp:term":[{"taxonomy":"product_brand","embeddable":true,"href":"https:\/\/sp-dz.com\/fr\/wp-json\/wp\/v2\/product_brand?post=14424"},{"taxonomy":"product_cat","embeddable":true,"href":"https:\/\/sp-dz.com\/fr\/wp-json\/wp\/v2\/product_cat?post=14424"},{"taxonomy":"product_tag","embeddable":true,"href":"https:\/\/sp-dz.com\/fr\/wp-json\/wp\/v2\/product_tag?post=14424"}],"curies":[{"name":"wp","href":"https:\/\/api.w.org\/{rel}","templated":true}]}}