{"id":14398,"date":"2024-12-01T08:52:09","date_gmt":"2024-12-01T07:52:09","guid":{"rendered":"https:\/\/sp.com.dz\/?post_type=product&#038;p=14398"},"modified":"2024-12-01T09:07:47","modified_gmt":"2024-12-01T08:07:47","slug":"gilet-de-costume-primigi","status":"publish","type":"product","link":"https:\/\/sp-dz.com\/fr\/produit\/gilet-de-costume-primigi\/","title":{"rendered":"Gilet de costume Primigi"},"content":{"rendered":"<h3 class=\"text-s product-popup-subtitle\">Caract\u00e9ristiques de base<\/h3>\n<p>Gilet de costume sans manches, sp\u00e9cialement con\u00e7u pour habiller votre b\u00e9b\u00e9 avec charme et confort. Dot\u00e9 de trois boutons \u00e0 l&rsquo;avant, il se ferme facilement tout en offrant un style classique. Les fausses poches apportent une touche sophistiqu\u00e9e et adorable \u00e0 cette pi\u00e8ce unique.<\/p>\n<h3 class=\"text-s product-popup-subtitle\">Composition<\/h3>\n<p>78% Coton<\/p>\n<p>17% Polyester<\/p>\n<p>5% Elasthanne<\/p>\n<p>Doublure 100% coton<\/p>\n<h3 class=\"text-s product-popup-subtitle\">Code produit<\/h3>\n<p>21864976<\/p>\n<h3 class=\"text-s product-popup-subtitle\">Entretien<\/h3>\n<p>Lavage en machine \u00e0 une temp\u00e9rature maximale de 30\u00b0C.<\/p>\n","protected":false},"excerpt":{"rendered":"<p>Gilet de costume sans manches, sp\u00e9cialement con\u00e7u pour habiller votre b\u00e9b\u00e9 avec charme et confort. Dot\u00e9 de trois boutons \u00e0 l&rsquo;avant, il se ferme facilement tout en offrant un style classique. Les fausses poches apportent une touche sophistiqu\u00e9e et adorable \u00e0 cette pi\u00e8ce unique.<\/p>\n","protected":false},"featured_media":14401,"template":"","meta":[],"product_brand":[],"product_cat":[107,106,31],"product_tag":[],"class_list":{"0":"post-14398","1":"product","2":"type-product","3":"status-publish","4":"has-post-thumbnail","6":"product_cat-bebe","7":"product_cat-garcon","8":"product_cat-enfant","10":"first","11":"instock","12":"shipping-taxable","13":"purchasable","14":"product-type-variable"},"yoast_head":"<!-- This site is optimized with the Yoast SEO plugin v26.9 - https:\/\/yoast.com\/product\/yoast-seo-wordpress\/ -->\n<title>Gilet de costume Primigi - S\u00e9lection Priv\u00e9e<\/title>\n<meta name=\"robots\" content=\"index, follow, max-snippet:-1, max-image-preview:large, max-video-preview:-1\" \/>\n<link rel=\"canonical\" href=\"https:\/\/sp-dz.com\/fr\/produit\/gilet-de-costume-primigi\/\" \/>\n<meta property=\"og:locale\" content=\"fr_FR\" \/>\n<meta property=\"og:type\" content=\"article\" \/>\n<meta property=\"og:title\" content=\"Gilet de costume Primigi - S\u00e9lection Priv\u00e9e\" \/>\n<meta property=\"og:description\" content=\"Gilet de costume sans manches, sp\u00e9cialement con\u00e7u pour habiller votre b\u00e9b\u00e9 avec charme et confort. Dot\u00e9 de trois boutons \u00e0 l&#039;avant, il se ferme facilement tout en offrant un style classique. Les fausses poches apportent une touche sophistiqu\u00e9e et adorable \u00e0 cette pi\u00e8ce unique.\" \/>\n<meta property=\"og:url\" content=\"https:\/\/sp-dz.com\/fr\/produit\/gilet-de-costume-primigi\/\" \/>\n<meta property=\"og:site_name\" content=\"S\u00e9lection Priv\u00e9e\" \/>\n<meta property=\"article:modified_time\" content=\"2024-12-01T08:07:47+00:00\" \/>\n<meta property=\"og:image\" content=\"https:\/\/sp-dz.com\/wp-content\/uploads\/2024\/12\/Gilet-Enfant-av-scaled.jpg\" \/>\n\t<meta property=\"og:image:width\" content=\"2133\" \/>\n\t<meta property=\"og:image:height\" content=\"2560\" \/>\n\t<meta property=\"og:image:type\" content=\"image\/jpeg\" \/>\n<meta name=\"twitter:card\" content=\"summary_large_image\" \/>\n<meta name=\"twitter:label1\" content=\"Dur\u00e9e de lecture estim\u00e9e\" \/>\n\t<meta name=\"twitter:data1\" content=\"1 minute\" \/>\n<script type=\"application\/ld+json\" class=\"yoast-schema-graph\">{\"@context\":\"https:\/\/schema.org\",\"@graph\":[{\"@type\":\"WebPage\",\"@id\":\"https:\/\/sp-dz.com\/produit\/gilet-de-costume-primigi\/\",\"url\":\"https:\/\/sp-dz.com\/produit\/gilet-de-costume-primigi\/\",\"name\":\"Gilet de costume Primigi - S\u00e9lection Priv\u00e9e\",\"isPartOf\":{\"@id\":\"https:\/\/sp-dz.com\/fr\/#website\"},\"primaryImageOfPage\":{\"@id\":\"https:\/\/sp-dz.com\/produit\/gilet-de-costume-primigi\/#primaryimage\"},\"image\":{\"@id\":\"https:\/\/sp-dz.com\/produit\/gilet-de-costume-primigi\/#primaryimage\"},\"thumbnailUrl\":\"https:\/\/sp-dz.com\/wp-content\/uploads\/2024\/12\/Gilet-Enfant-av-scaled.jpg\",\"datePublished\":\"2024-12-01T07:52:09+00:00\",\"dateModified\":\"2024-12-01T08:07:47+00:00\",\"breadcrumb\":{\"@id\":\"https:\/\/sp-dz.com\/produit\/gilet-de-costume-primigi\/#breadcrumb\"},\"inLanguage\":\"fr-FR\",\"potentialAction\":[{\"@type\":\"ReadAction\",\"target\":[\"https:\/\/sp-dz.com\/produit\/gilet-de-costume-primigi\/\"]}]},{\"@type\":\"ImageObject\",\"inLanguage\":\"fr-FR\",\"@id\":\"https:\/\/sp-dz.com\/produit\/gilet-de-costume-primigi\/#primaryimage\",\"url\":\"https:\/\/sp-dz.com\/wp-content\/uploads\/2024\/12\/Gilet-Enfant-av-scaled.jpg\",\"contentUrl\":\"https:\/\/sp-dz.com\/wp-content\/uploads\/2024\/12\/Gilet-Enfant-av-scaled.jpg\",\"width\":2133,\"height\":2560},{\"@type\":\"BreadcrumbList\",\"@id\":\"https:\/\/sp-dz.com\/produit\/gilet-de-costume-primigi\/#breadcrumb\",\"itemListElement\":[{\"@type\":\"ListItem\",\"position\":1,\"name\":\"Accueil\",\"item\":\"https:\/\/sp-dz.com\/fr\/\"},{\"@type\":\"ListItem\",\"position\":2,\"name\":\"Boutique\",\"item\":\"https:\/\/sp-dz.com\/fr\/boutique\/\"},{\"@type\":\"ListItem\",\"position\":3,\"name\":\"Gilet de costume Primigi\"}]},{\"@type\":\"WebSite\",\"@id\":\"https:\/\/sp-dz.com\/fr\/#website\",\"url\":\"https:\/\/sp-dz.com\/fr\/\",\"name\":\"S\u00e9lection Priv\u00e9e\",\"description\":\"Only for Members\",\"potentialAction\":[{\"@type\":\"SearchAction\",\"target\":{\"@type\":\"EntryPoint\",\"urlTemplate\":\"https:\/\/sp-dz.com\/fr\/?s={search_term_string}\"},\"query-input\":{\"@type\":\"PropertyValueSpecification\",\"valueRequired\":true,\"valueName\":\"search_term_string\"}}],\"inLanguage\":\"fr-FR\"}]}<\/script>\n<!-- \/ Yoast SEO plugin. -->","yoast_head_json":{"title":"Gilet de costume Primigi - S\u00e9lection Priv\u00e9e","robots":{"index":"index","follow":"follow","max-snippet":"max-snippet:-1","max-image-preview":"max-image-preview:large","max-video-preview":"max-video-preview:-1"},"canonical":"https:\/\/sp-dz.com\/fr\/produit\/gilet-de-costume-primigi\/","og_locale":"fr_FR","og_type":"article","og_title":"Gilet de costume Primigi - S\u00e9lection Priv\u00e9e","og_description":"Gilet de costume sans manches, sp\u00e9cialement con\u00e7u pour habiller votre b\u00e9b\u00e9 avec charme et confort. Dot\u00e9 de trois boutons \u00e0 l'avant, il se ferme facilement tout en offrant un style classique. Les fausses poches apportent une touche sophistiqu\u00e9e et adorable \u00e0 cette pi\u00e8ce unique.","og_url":"https:\/\/sp-dz.com\/fr\/produit\/gilet-de-costume-primigi\/","og_site_name":"S\u00e9lection Priv\u00e9e","article_modified_time":"2024-12-01T08:07:47+00:00","og_image":[{"width":2133,"height":2560,"url":"https:\/\/sp-dz.com\/wp-content\/uploads\/2024\/12\/Gilet-Enfant-av-scaled.jpg","type":"image\/jpeg"}],"twitter_card":"summary_large_image","twitter_misc":{"Dur\u00e9e de lecture estim\u00e9e":"1 minute"},"schema":{"@context":"https:\/\/schema.org","@graph":[{"@type":"WebPage","@id":"https:\/\/sp-dz.com\/produit\/gilet-de-costume-primigi\/","url":"https:\/\/sp-dz.com\/produit\/gilet-de-costume-primigi\/","name":"Gilet de costume Primigi - S\u00e9lection Priv\u00e9e","isPartOf":{"@id":"https:\/\/sp-dz.com\/fr\/#website"},"primaryImageOfPage":{"@id":"https:\/\/sp-dz.com\/produit\/gilet-de-costume-primigi\/#primaryimage"},"image":{"@id":"https:\/\/sp-dz.com\/produit\/gilet-de-costume-primigi\/#primaryimage"},"thumbnailUrl":"https:\/\/sp-dz.com\/wp-content\/uploads\/2024\/12\/Gilet-Enfant-av-scaled.jpg","datePublished":"2024-12-01T07:52:09+00:00","dateModified":"2024-12-01T08:07:47+00:00","breadcrumb":{"@id":"https:\/\/sp-dz.com\/produit\/gilet-de-costume-primigi\/#breadcrumb"},"inLanguage":"fr-FR","potentialAction":[{"@type":"ReadAction","target":["https:\/\/sp-dz.com\/produit\/gilet-de-costume-primigi\/"]}]},{"@type":"ImageObject","inLanguage":"fr-FR","@id":"https:\/\/sp-dz.com\/produit\/gilet-de-costume-primigi\/#primaryimage","url":"https:\/\/sp-dz.com\/wp-content\/uploads\/2024\/12\/Gilet-Enfant-av-scaled.jpg","contentUrl":"https:\/\/sp-dz.com\/wp-content\/uploads\/2024\/12\/Gilet-Enfant-av-scaled.jpg","width":2133,"height":2560},{"@type":"BreadcrumbList","@id":"https:\/\/sp-dz.com\/produit\/gilet-de-costume-primigi\/#breadcrumb","itemListElement":[{"@type":"ListItem","position":1,"name":"Accueil","item":"https:\/\/sp-dz.com\/fr\/"},{"@type":"ListItem","position":2,"name":"Boutique","item":"https:\/\/sp-dz.com\/fr\/boutique\/"},{"@type":"ListItem","position":3,"name":"Gilet de costume Primigi"}]},{"@type":"WebSite","@id":"https:\/\/sp-dz.com\/fr\/#website","url":"https:\/\/sp-dz.com\/fr\/","name":"S\u00e9lection Priv\u00e9e","description":"Only for Members","potentialAction":[{"@type":"SearchAction","target":{"@type":"EntryPoint","urlTemplate":"https:\/\/sp-dz.com\/fr\/?s={search_term_string}"},"query-input":{"@type":"PropertyValueSpecification","valueRequired":true,"valueName":"search_term_string"}}],"inLanguage":"fr-FR"}]}},"_links":{"self":[{"href":"https:\/\/sp-dz.com\/fr\/wp-json\/wp\/v2\/product\/14398","targetHints":{"allow":["GET"]}}],"collection":[{"href":"https:\/\/sp-dz.com\/fr\/wp-json\/wp\/v2\/product"}],"about":[{"href":"https:\/\/sp-dz.com\/fr\/wp-json\/wp\/v2\/types\/product"}],"version-history":[{"count":1,"href":"https:\/\/sp-dz.com\/fr\/wp-json\/wp\/v2\/product\/14398\/revisions"}],"predecessor-version":[{"id":14405,"href":"https:\/\/sp-dz.com\/fr\/wp-json\/wp\/v2\/product\/14398\/revisions\/14405"}],"wp:featuredmedia":[{"embeddable":true,"href":"https:\/\/sp-dz.com\/fr\/wp-json\/wp\/v2\/media\/14401"}],"wp:attachment":[{"href":"https:\/\/sp-dz.com\/fr\/wp-json\/wp\/v2\/media?parent=14398"}],"wp:term":[{"taxonomy":"product_brand","embeddable":true,"href":"https:\/\/sp-dz.com\/fr\/wp-json\/wp\/v2\/product_brand?post=14398"},{"taxonomy":"product_cat","embeddable":true,"href":"https:\/\/sp-dz.com\/fr\/wp-json\/wp\/v2\/product_cat?post=14398"},{"taxonomy":"product_tag","embeddable":true,"href":"https:\/\/sp-dz.com\/fr\/wp-json\/wp\/v2\/product_tag?post=14398"}],"curies":[{"name":"wp","href":"https:\/\/api.w.org\/{rel}","templated":true}]}}