{"id":14376,"date":"2024-11-27T10:01:22","date_gmt":"2024-11-27T09:01:22","guid":{"rendered":"https:\/\/sp.com.dz\/?post_type=product&#038;p=14376"},"modified":"2024-11-27T10:04:30","modified_gmt":"2024-11-27T09:04:30","slug":"jean-slim-rebublic-of-denim","status":"publish","type":"product","link":"https:\/\/sp-dz.com\/fr\/produit\/jean-slim-rebublic-of-denim\/","title":{"rendered":"Jean Slim Rebublic Of Denim"},"content":{"rendered":"<h3 class=\"text-s product-popup-subtitle\">Caract\u00e9ristiques de base<\/h3>\n<p>Jean bleu clair \u00e0 coupe slim, con\u00e7u pour \u00e9pouser parfaitement les courbes et offrir une silhouette \u00e9lanc\u00e9e. Il est \u00e9quip\u00e9 de cinq poches classiques, ajoutant \u00e0 la fois praticit\u00e9 et style. Sa couleur lumineuse et sa coupe ajust\u00e9e en font un incontournable polyvalent, id\u00e9al pour des looks d\u00e9contract\u00e9s ou plus travaill\u00e9s, selon les accessoires et les chaussures choisis. Une pi\u00e8ce essentielle du vestiaire moderne, \u00e0 la fois confortable et tendance.<\/p>\n<h3 class=\"text-s product-popup-subtitle\">Composition<\/h3>\n<p>68% Lyocel<\/p>\n<p>30% Coton<\/p>\n<p>2% Elasthanne<\/p>\n<h3 class=\"text-s product-popup-subtitle\">Code produit<\/h3>\n<p>11223632<\/p>\n<h3 class=\"text-s product-popup-subtitle\">Entretien<\/h3>\n<p>Lavage en machine \u00e0 une temp\u00e9rature maximale de 40\u00b0C.<\/p>\n","protected":false},"excerpt":{"rendered":"<p>Jean bleu clair \u00e0 coupe slim, con\u00e7u pour \u00e9pouser parfaitement les courbes et offrir une silhouette \u00e9lanc\u00e9e. Il est \u00e9quip\u00e9 de cinq poches classiques, ajoutant \u00e0 la fois praticit\u00e9 et style. Sa couleur lumineuse et sa coupe ajust\u00e9e en font un incontournable polyvalent, id\u00e9al pour des looks d\u00e9contract\u00e9s ou plus travaill\u00e9s, selon les accessoires et les chaussures choisis. Une pi\u00e8ce essentielle du vestiaire moderne, \u00e0 la fois confortable et tendance.<\/p>\n","protected":false},"featured_media":14377,"template":"","meta":[],"product_brand":[],"product_cat":[80,30],"product_tag":[],"class_list":{"0":"post-14376","1":"product","2":"type-product","3":"status-publish","4":"has-post-thumbnail","6":"product_cat-jean","7":"product_cat-femme","9":"first","10":"instock","11":"shipping-taxable","12":"purchasable","13":"product-type-simple"},"yoast_head":"<!-- This site is optimized with the Yoast SEO plugin v26.9 - https:\/\/yoast.com\/product\/yoast-seo-wordpress\/ -->\n<title>Jean Slim Rebublic Of Denim - S\u00e9lection Priv\u00e9e<\/title>\n<meta name=\"robots\" content=\"index, follow, max-snippet:-1, max-image-preview:large, max-video-preview:-1\" \/>\n<link rel=\"canonical\" href=\"https:\/\/sp-dz.com\/fr\/produit\/jean-slim-rebublic-of-denim\/\" \/>\n<meta property=\"og:locale\" content=\"fr_FR\" \/>\n<meta property=\"og:type\" content=\"article\" \/>\n<meta property=\"og:title\" content=\"Jean Slim Rebublic Of Denim - S\u00e9lection Priv\u00e9e\" \/>\n<meta property=\"og:description\" content=\"Jean bleu clair \u00e0 coupe slim, con\u00e7u pour \u00e9pouser parfaitement les courbes et offrir une silhouette \u00e9lanc\u00e9e. Il est \u00e9quip\u00e9 de cinq poches classiques, ajoutant \u00e0 la fois praticit\u00e9 et style. Sa couleur lumineuse et sa coupe ajust\u00e9e en font un incontournable polyvalent, id\u00e9al pour des looks d\u00e9contract\u00e9s ou plus travaill\u00e9s, selon les accessoires et les chaussures choisis. Une pi\u00e8ce essentielle du vestiaire moderne, \u00e0 la fois confortable et tendance.\" \/>\n<meta property=\"og:url\" content=\"https:\/\/sp-dz.com\/fr\/produit\/jean-slim-rebublic-of-denim\/\" \/>\n<meta property=\"og:site_name\" content=\"S\u00e9lection Priv\u00e9e\" \/>\n<meta property=\"article:modified_time\" content=\"2024-11-27T09:04:30+00:00\" \/>\n<meta property=\"og:image\" content=\"https:\/\/sp-dz.com\/wp-content\/uploads\/2024\/11\/Jean-slim-av-scaled.jpg\" \/>\n\t<meta property=\"og:image:width\" content=\"2133\" \/>\n\t<meta property=\"og:image:height\" content=\"2560\" \/>\n\t<meta property=\"og:image:type\" content=\"image\/jpeg\" \/>\n<meta name=\"twitter:card\" content=\"summary_large_image\" \/>\n<meta name=\"twitter:label1\" content=\"Dur\u00e9e de lecture estim\u00e9e\" \/>\n\t<meta name=\"twitter:data1\" content=\"1 minute\" \/>\n<script type=\"application\/ld+json\" class=\"yoast-schema-graph\">{\"@context\":\"https:\/\/schema.org\",\"@graph\":[{\"@type\":\"WebPage\",\"@id\":\"https:\/\/sp-dz.com\/produit\/jean-slim-rebublic-of-denim\/\",\"url\":\"https:\/\/sp-dz.com\/produit\/jean-slim-rebublic-of-denim\/\",\"name\":\"Jean Slim Rebublic Of Denim - S\u00e9lection Priv\u00e9e\",\"isPartOf\":{\"@id\":\"https:\/\/sp-dz.com\/fr\/#website\"},\"primaryImageOfPage\":{\"@id\":\"https:\/\/sp-dz.com\/produit\/jean-slim-rebublic-of-denim\/#primaryimage\"},\"image\":{\"@id\":\"https:\/\/sp-dz.com\/produit\/jean-slim-rebublic-of-denim\/#primaryimage\"},\"thumbnailUrl\":\"https:\/\/sp-dz.com\/wp-content\/uploads\/2024\/11\/Jean-slim-av-scaled.jpg\",\"datePublished\":\"2024-11-27T09:01:22+00:00\",\"dateModified\":\"2024-11-27T09:04:30+00:00\",\"breadcrumb\":{\"@id\":\"https:\/\/sp-dz.com\/produit\/jean-slim-rebublic-of-denim\/#breadcrumb\"},\"inLanguage\":\"fr-FR\",\"potentialAction\":[{\"@type\":\"ReadAction\",\"target\":[\"https:\/\/sp-dz.com\/produit\/jean-slim-rebublic-of-denim\/\"]}]},{\"@type\":\"ImageObject\",\"inLanguage\":\"fr-FR\",\"@id\":\"https:\/\/sp-dz.com\/produit\/jean-slim-rebublic-of-denim\/#primaryimage\",\"url\":\"https:\/\/sp-dz.com\/wp-content\/uploads\/2024\/11\/Jean-slim-av-scaled.jpg\",\"contentUrl\":\"https:\/\/sp-dz.com\/wp-content\/uploads\/2024\/11\/Jean-slim-av-scaled.jpg\",\"width\":2133,\"height\":2560},{\"@type\":\"BreadcrumbList\",\"@id\":\"https:\/\/sp-dz.com\/produit\/jean-slim-rebublic-of-denim\/#breadcrumb\",\"itemListElement\":[{\"@type\":\"ListItem\",\"position\":1,\"name\":\"Accueil\",\"item\":\"https:\/\/sp-dz.com\/fr\/\"},{\"@type\":\"ListItem\",\"position\":2,\"name\":\"Boutique\",\"item\":\"https:\/\/sp-dz.com\/fr\/boutique\/\"},{\"@type\":\"ListItem\",\"position\":3,\"name\":\"Jean Slim Rebublic Of Denim\"}]},{\"@type\":\"WebSite\",\"@id\":\"https:\/\/sp-dz.com\/fr\/#website\",\"url\":\"https:\/\/sp-dz.com\/fr\/\",\"name\":\"S\u00e9lection Priv\u00e9e\",\"description\":\"Only for Members\",\"potentialAction\":[{\"@type\":\"SearchAction\",\"target\":{\"@type\":\"EntryPoint\",\"urlTemplate\":\"https:\/\/sp-dz.com\/fr\/?s={search_term_string}\"},\"query-input\":{\"@type\":\"PropertyValueSpecification\",\"valueRequired\":true,\"valueName\":\"search_term_string\"}}],\"inLanguage\":\"fr-FR\"}]}<\/script>\n<!-- \/ Yoast SEO plugin. -->","yoast_head_json":{"title":"Jean Slim Rebublic Of Denim - S\u00e9lection Priv\u00e9e","robots":{"index":"index","follow":"follow","max-snippet":"max-snippet:-1","max-image-preview":"max-image-preview:large","max-video-preview":"max-video-preview:-1"},"canonical":"https:\/\/sp-dz.com\/fr\/produit\/jean-slim-rebublic-of-denim\/","og_locale":"fr_FR","og_type":"article","og_title":"Jean Slim Rebublic Of Denim - S\u00e9lection Priv\u00e9e","og_description":"Jean bleu clair \u00e0 coupe slim, con\u00e7u pour \u00e9pouser parfaitement les courbes et offrir une silhouette \u00e9lanc\u00e9e. Il est \u00e9quip\u00e9 de cinq poches classiques, ajoutant \u00e0 la fois praticit\u00e9 et style. Sa couleur lumineuse et sa coupe ajust\u00e9e en font un incontournable polyvalent, id\u00e9al pour des looks d\u00e9contract\u00e9s ou plus travaill\u00e9s, selon les accessoires et les chaussures choisis. Une pi\u00e8ce essentielle du vestiaire moderne, \u00e0 la fois confortable et tendance.","og_url":"https:\/\/sp-dz.com\/fr\/produit\/jean-slim-rebublic-of-denim\/","og_site_name":"S\u00e9lection Priv\u00e9e","article_modified_time":"2024-11-27T09:04:30+00:00","og_image":[{"width":2133,"height":2560,"url":"https:\/\/sp-dz.com\/wp-content\/uploads\/2024\/11\/Jean-slim-av-scaled.jpg","type":"image\/jpeg"}],"twitter_card":"summary_large_image","twitter_misc":{"Dur\u00e9e de lecture estim\u00e9e":"1 minute"},"schema":{"@context":"https:\/\/schema.org","@graph":[{"@type":"WebPage","@id":"https:\/\/sp-dz.com\/produit\/jean-slim-rebublic-of-denim\/","url":"https:\/\/sp-dz.com\/produit\/jean-slim-rebublic-of-denim\/","name":"Jean Slim Rebublic Of Denim - S\u00e9lection Priv\u00e9e","isPartOf":{"@id":"https:\/\/sp-dz.com\/fr\/#website"},"primaryImageOfPage":{"@id":"https:\/\/sp-dz.com\/produit\/jean-slim-rebublic-of-denim\/#primaryimage"},"image":{"@id":"https:\/\/sp-dz.com\/produit\/jean-slim-rebublic-of-denim\/#primaryimage"},"thumbnailUrl":"https:\/\/sp-dz.com\/wp-content\/uploads\/2024\/11\/Jean-slim-av-scaled.jpg","datePublished":"2024-11-27T09:01:22+00:00","dateModified":"2024-11-27T09:04:30+00:00","breadcrumb":{"@id":"https:\/\/sp-dz.com\/produit\/jean-slim-rebublic-of-denim\/#breadcrumb"},"inLanguage":"fr-FR","potentialAction":[{"@type":"ReadAction","target":["https:\/\/sp-dz.com\/produit\/jean-slim-rebublic-of-denim\/"]}]},{"@type":"ImageObject","inLanguage":"fr-FR","@id":"https:\/\/sp-dz.com\/produit\/jean-slim-rebublic-of-denim\/#primaryimage","url":"https:\/\/sp-dz.com\/wp-content\/uploads\/2024\/11\/Jean-slim-av-scaled.jpg","contentUrl":"https:\/\/sp-dz.com\/wp-content\/uploads\/2024\/11\/Jean-slim-av-scaled.jpg","width":2133,"height":2560},{"@type":"BreadcrumbList","@id":"https:\/\/sp-dz.com\/produit\/jean-slim-rebublic-of-denim\/#breadcrumb","itemListElement":[{"@type":"ListItem","position":1,"name":"Accueil","item":"https:\/\/sp-dz.com\/fr\/"},{"@type":"ListItem","position":2,"name":"Boutique","item":"https:\/\/sp-dz.com\/fr\/boutique\/"},{"@type":"ListItem","position":3,"name":"Jean Slim Rebublic Of Denim"}]},{"@type":"WebSite","@id":"https:\/\/sp-dz.com\/fr\/#website","url":"https:\/\/sp-dz.com\/fr\/","name":"S\u00e9lection Priv\u00e9e","description":"Only for Members","potentialAction":[{"@type":"SearchAction","target":{"@type":"EntryPoint","urlTemplate":"https:\/\/sp-dz.com\/fr\/?s={search_term_string}"},"query-input":{"@type":"PropertyValueSpecification","valueRequired":true,"valueName":"search_term_string"}}],"inLanguage":"fr-FR"}]}},"_links":{"self":[{"href":"https:\/\/sp-dz.com\/fr\/wp-json\/wp\/v2\/product\/14376","targetHints":{"allow":["GET"]}}],"collection":[{"href":"https:\/\/sp-dz.com\/fr\/wp-json\/wp\/v2\/product"}],"about":[{"href":"https:\/\/sp-dz.com\/fr\/wp-json\/wp\/v2\/types\/product"}],"version-history":[{"count":1,"href":"https:\/\/sp-dz.com\/fr\/wp-json\/wp\/v2\/product\/14376\/revisions"}],"predecessor-version":[{"id":14383,"href":"https:\/\/sp-dz.com\/fr\/wp-json\/wp\/v2\/product\/14376\/revisions\/14383"}],"wp:featuredmedia":[{"embeddable":true,"href":"https:\/\/sp-dz.com\/fr\/wp-json\/wp\/v2\/media\/14377"}],"wp:attachment":[{"href":"https:\/\/sp-dz.com\/fr\/wp-json\/wp\/v2\/media?parent=14376"}],"wp:term":[{"taxonomy":"product_brand","embeddable":true,"href":"https:\/\/sp-dz.com\/fr\/wp-json\/wp\/v2\/product_brand?post=14376"},{"taxonomy":"product_cat","embeddable":true,"href":"https:\/\/sp-dz.com\/fr\/wp-json\/wp\/v2\/product_cat?post=14376"},{"taxonomy":"product_tag","embeddable":true,"href":"https:\/\/sp-dz.com\/fr\/wp-json\/wp\/v2\/product_tag?post=14376"}],"curies":[{"name":"wp","href":"https:\/\/api.w.org\/{rel}","templated":true}]}}