{"id":14289,"date":"2024-11-26T09:50:46","date_gmt":"2024-11-26T08:50:46","guid":{"rendered":"https:\/\/sp.com.dz\/?post_type=product&#038;p=14289"},"modified":"2024-11-27T08:45:40","modified_gmt":"2024-11-27T07:45:40","slug":"t-shirt-femme-s-olivier","status":"publish","type":"product","link":"https:\/\/sp-dz.com\/fr\/produit\/t-shirt-femme-s-olivier\/","title":{"rendered":"T-shirt femme S.Olivier"},"content":{"rendered":"<h3 class=\"text-s product-popup-subtitle\">Caract\u00e9ristiques de base<\/h3>\n<p>T-shirt l\u00e9ger et confortable arbore un col en V qui ajoute une touche de f\u00e9minit\u00e9, tout en offrant une coupe fluide qui se d\u00e9pose avec \u00e9l\u00e9gance sur la silhouette. Les petites manches, d&rsquo;un style subtil, apportent une sensation de l\u00e9g\u00e8ret\u00e9 et de libert\u00e9 de mouvement. La pi\u00e8ce est sublim\u00e9e par de jolies broderies, soigneusement r\u00e9alis\u00e9es, qui ajoutent un aspect raffin\u00e9 et original \u00e0 ce v\u00eatement essentiel.<\/p>\n<h3 class=\"text-s product-popup-subtitle\">Composition<\/h3>\n<p>100% Coton<\/p>\n<h3 class=\"text-s product-popup-subtitle\">Code produit<\/h3>\n<p>28827976<\/p>\n<h3 class=\"text-s product-popup-subtitle\">Entretien<\/h3>\n<p>Lavage en machine \u00e0 une temp\u00e9rature maximale de 30\u00b0C.<\/p>\n","protected":false},"excerpt":{"rendered":"<p>T-shirt l\u00e9ger et confortable arbore un col en V qui ajoute une touche de f\u00e9minit\u00e9, tout en offrant une coupe fluide qui se d\u00e9pose avec \u00e9l\u00e9gance sur la silhouette. Les petites manches, d&rsquo;un style subtil, apportent une sensation de l\u00e9g\u00e8ret\u00e9 et de libert\u00e9 de mouvement. La pi\u00e8ce est sublim\u00e9e par de jolies broderies, soigneusement r\u00e9alis\u00e9es, qui ajoutent un aspect raffin\u00e9 et original \u00e0 ce v\u00eatement essentiel..<\/p>\n","protected":false},"featured_media":14358,"template":"","meta":[],"product_brand":[],"product_cat":[78,30],"product_tag":[],"class_list":{"0":"post-14289","1":"product","2":"type-product","3":"status-publish","4":"has-post-thumbnail","6":"product_cat-t-shirt-top","7":"product_cat-femme","9":"first","10":"instock","11":"shipping-taxable","12":"purchasable","13":"product-type-simple"},"yoast_head":"<!-- This site is optimized with the Yoast SEO plugin v26.9 - https:\/\/yoast.com\/product\/yoast-seo-wordpress\/ -->\n<title>T-shirt femme S.Olivier - S\u00e9lection Priv\u00e9e<\/title>\n<meta name=\"robots\" content=\"index, follow, max-snippet:-1, max-image-preview:large, max-video-preview:-1\" \/>\n<link rel=\"canonical\" href=\"https:\/\/sp-dz.com\/fr\/produit\/t-shirt-femme-s-olivier\/\" \/>\n<meta property=\"og:locale\" content=\"fr_FR\" \/>\n<meta property=\"og:type\" content=\"article\" \/>\n<meta property=\"og:title\" content=\"T-shirt femme S.Olivier - S\u00e9lection Priv\u00e9e\" \/>\n<meta property=\"og:description\" content=\"T-shirt l\u00e9ger et confortable arbore un col en V qui ajoute une touche de f\u00e9minit\u00e9, tout en offrant une coupe fluide qui se d\u00e9pose avec \u00e9l\u00e9gance sur la silhouette. Les petites manches, d&#039;un style subtil, apportent une sensation de l\u00e9g\u00e8ret\u00e9 et de libert\u00e9 de mouvement. La pi\u00e8ce est sublim\u00e9e par de jolies broderies, soigneusement r\u00e9alis\u00e9es, qui ajoutent un aspect raffin\u00e9 et original \u00e0 ce v\u00eatement essentiel..\" \/>\n<meta property=\"og:url\" content=\"https:\/\/sp-dz.com\/fr\/produit\/t-shirt-femme-s-olivier\/\" \/>\n<meta property=\"og:site_name\" content=\"S\u00e9lection Priv\u00e9e\" \/>\n<meta property=\"article:modified_time\" content=\"2024-11-27T07:45:40+00:00\" \/>\n<meta property=\"og:image\" content=\"https:\/\/sp-dz.com\/wp-content\/uploads\/2024\/11\/haut-F-jaune-avant-1-scaled.jpg\" \/>\n\t<meta property=\"og:image:width\" content=\"2133\" \/>\n\t<meta property=\"og:image:height\" content=\"2560\" \/>\n\t<meta property=\"og:image:type\" content=\"image\/jpeg\" \/>\n<meta name=\"twitter:card\" content=\"summary_large_image\" \/>\n<meta name=\"twitter:label1\" content=\"Dur\u00e9e de lecture estim\u00e9e\" \/>\n\t<meta name=\"twitter:data1\" content=\"1 minute\" \/>\n<script type=\"application\/ld+json\" class=\"yoast-schema-graph\">{\"@context\":\"https:\/\/schema.org\",\"@graph\":[{\"@type\":\"WebPage\",\"@id\":\"https:\/\/sp-dz.com\/fr\/produit\/t-shirt-femme-s-olivier\/\",\"url\":\"https:\/\/sp-dz.com\/fr\/produit\/t-shirt-femme-s-olivier\/\",\"name\":\"T-shirt femme S.Olivier - S\u00e9lection Priv\u00e9e\",\"isPartOf\":{\"@id\":\"https:\/\/sp-dz.com\/fr\/#website\"},\"primaryImageOfPage\":{\"@id\":\"https:\/\/sp-dz.com\/fr\/produit\/t-shirt-femme-s-olivier\/#primaryimage\"},\"image\":{\"@id\":\"https:\/\/sp-dz.com\/fr\/produit\/t-shirt-femme-s-olivier\/#primaryimage\"},\"thumbnailUrl\":\"https:\/\/sp-dz.com\/wp-content\/uploads\/2024\/11\/haut-F-jaune-avant-1-scaled.jpg\",\"datePublished\":\"2024-11-26T08:50:46+00:00\",\"dateModified\":\"2024-11-27T07:45:40+00:00\",\"breadcrumb\":{\"@id\":\"https:\/\/sp-dz.com\/fr\/produit\/t-shirt-femme-s-olivier\/#breadcrumb\"},\"inLanguage\":\"fr-FR\",\"potentialAction\":[{\"@type\":\"ReadAction\",\"target\":[\"https:\/\/sp-dz.com\/fr\/produit\/t-shirt-femme-s-olivier\/\"]}]},{\"@type\":\"ImageObject\",\"inLanguage\":\"fr-FR\",\"@id\":\"https:\/\/sp-dz.com\/fr\/produit\/t-shirt-femme-s-olivier\/#primaryimage\",\"url\":\"https:\/\/sp-dz.com\/wp-content\/uploads\/2024\/11\/haut-F-jaune-avant-1-scaled.jpg\",\"contentUrl\":\"https:\/\/sp-dz.com\/wp-content\/uploads\/2024\/11\/haut-F-jaune-avant-1-scaled.jpg\",\"width\":2133,\"height\":2560},{\"@type\":\"BreadcrumbList\",\"@id\":\"https:\/\/sp-dz.com\/fr\/produit\/t-shirt-femme-s-olivier\/#breadcrumb\",\"itemListElement\":[{\"@type\":\"ListItem\",\"position\":1,\"name\":\"Accueil\",\"item\":\"https:\/\/sp-dz.com\/fr\/\"},{\"@type\":\"ListItem\",\"position\":2,\"name\":\"Boutique\",\"item\":\"https:\/\/sp-dz.com\/fr\/boutique\/\"},{\"@type\":\"ListItem\",\"position\":3,\"name\":\"T-shirt femme S.Olivier\"}]},{\"@type\":\"WebSite\",\"@id\":\"https:\/\/sp-dz.com\/fr\/#website\",\"url\":\"https:\/\/sp-dz.com\/fr\/\",\"name\":\"S\u00e9lection Priv\u00e9e\",\"description\":\"Only for Members\",\"potentialAction\":[{\"@type\":\"SearchAction\",\"target\":{\"@type\":\"EntryPoint\",\"urlTemplate\":\"https:\/\/sp-dz.com\/fr\/?s={search_term_string}\"},\"query-input\":{\"@type\":\"PropertyValueSpecification\",\"valueRequired\":true,\"valueName\":\"search_term_string\"}}],\"inLanguage\":\"fr-FR\"}]}<\/script>\n<!-- \/ Yoast SEO plugin. -->","yoast_head_json":{"title":"T-shirt femme S.Olivier - S\u00e9lection Priv\u00e9e","robots":{"index":"index","follow":"follow","max-snippet":"max-snippet:-1","max-image-preview":"max-image-preview:large","max-video-preview":"max-video-preview:-1"},"canonical":"https:\/\/sp-dz.com\/fr\/produit\/t-shirt-femme-s-olivier\/","og_locale":"fr_FR","og_type":"article","og_title":"T-shirt femme S.Olivier - S\u00e9lection Priv\u00e9e","og_description":"T-shirt l\u00e9ger et confortable arbore un col en V qui ajoute une touche de f\u00e9minit\u00e9, tout en offrant une coupe fluide qui se d\u00e9pose avec \u00e9l\u00e9gance sur la silhouette. Les petites manches, d'un style subtil, apportent une sensation de l\u00e9g\u00e8ret\u00e9 et de libert\u00e9 de mouvement. La pi\u00e8ce est sublim\u00e9e par de jolies broderies, soigneusement r\u00e9alis\u00e9es, qui ajoutent un aspect raffin\u00e9 et original \u00e0 ce v\u00eatement essentiel..","og_url":"https:\/\/sp-dz.com\/fr\/produit\/t-shirt-femme-s-olivier\/","og_site_name":"S\u00e9lection Priv\u00e9e","article_modified_time":"2024-11-27T07:45:40+00:00","og_image":[{"width":2133,"height":2560,"url":"https:\/\/sp-dz.com\/wp-content\/uploads\/2024\/11\/haut-F-jaune-avant-1-scaled.jpg","type":"image\/jpeg"}],"twitter_card":"summary_large_image","twitter_misc":{"Dur\u00e9e de lecture estim\u00e9e":"1 minute"},"schema":{"@context":"https:\/\/schema.org","@graph":[{"@type":"WebPage","@id":"https:\/\/sp-dz.com\/fr\/produit\/t-shirt-femme-s-olivier\/","url":"https:\/\/sp-dz.com\/fr\/produit\/t-shirt-femme-s-olivier\/","name":"T-shirt femme S.Olivier - S\u00e9lection Priv\u00e9e","isPartOf":{"@id":"https:\/\/sp-dz.com\/fr\/#website"},"primaryImageOfPage":{"@id":"https:\/\/sp-dz.com\/fr\/produit\/t-shirt-femme-s-olivier\/#primaryimage"},"image":{"@id":"https:\/\/sp-dz.com\/fr\/produit\/t-shirt-femme-s-olivier\/#primaryimage"},"thumbnailUrl":"https:\/\/sp-dz.com\/wp-content\/uploads\/2024\/11\/haut-F-jaune-avant-1-scaled.jpg","datePublished":"2024-11-26T08:50:46+00:00","dateModified":"2024-11-27T07:45:40+00:00","breadcrumb":{"@id":"https:\/\/sp-dz.com\/fr\/produit\/t-shirt-femme-s-olivier\/#breadcrumb"},"inLanguage":"fr-FR","potentialAction":[{"@type":"ReadAction","target":["https:\/\/sp-dz.com\/fr\/produit\/t-shirt-femme-s-olivier\/"]}]},{"@type":"ImageObject","inLanguage":"fr-FR","@id":"https:\/\/sp-dz.com\/fr\/produit\/t-shirt-femme-s-olivier\/#primaryimage","url":"https:\/\/sp-dz.com\/wp-content\/uploads\/2024\/11\/haut-F-jaune-avant-1-scaled.jpg","contentUrl":"https:\/\/sp-dz.com\/wp-content\/uploads\/2024\/11\/haut-F-jaune-avant-1-scaled.jpg","width":2133,"height":2560},{"@type":"BreadcrumbList","@id":"https:\/\/sp-dz.com\/fr\/produit\/t-shirt-femme-s-olivier\/#breadcrumb","itemListElement":[{"@type":"ListItem","position":1,"name":"Accueil","item":"https:\/\/sp-dz.com\/fr\/"},{"@type":"ListItem","position":2,"name":"Boutique","item":"https:\/\/sp-dz.com\/fr\/boutique\/"},{"@type":"ListItem","position":3,"name":"T-shirt femme S.Olivier"}]},{"@type":"WebSite","@id":"https:\/\/sp-dz.com\/fr\/#website","url":"https:\/\/sp-dz.com\/fr\/","name":"S\u00e9lection Priv\u00e9e","description":"Only for Members","potentialAction":[{"@type":"SearchAction","target":{"@type":"EntryPoint","urlTemplate":"https:\/\/sp-dz.com\/fr\/?s={search_term_string}"},"query-input":{"@type":"PropertyValueSpecification","valueRequired":true,"valueName":"search_term_string"}}],"inLanguage":"fr-FR"}]}},"_links":{"self":[{"href":"https:\/\/sp-dz.com\/fr\/wp-json\/wp\/v2\/product\/14289","targetHints":{"allow":["GET"]}}],"collection":[{"href":"https:\/\/sp-dz.com\/fr\/wp-json\/wp\/v2\/product"}],"about":[{"href":"https:\/\/sp-dz.com\/fr\/wp-json\/wp\/v2\/types\/product"}],"version-history":[{"count":2,"href":"https:\/\/sp-dz.com\/fr\/wp-json\/wp\/v2\/product\/14289\/revisions"}],"predecessor-version":[{"id":14350,"href":"https:\/\/sp-dz.com\/fr\/wp-json\/wp\/v2\/product\/14289\/revisions\/14350"}],"wp:featuredmedia":[{"embeddable":true,"href":"https:\/\/sp-dz.com\/fr\/wp-json\/wp\/v2\/media\/14358"}],"wp:attachment":[{"href":"https:\/\/sp-dz.com\/fr\/wp-json\/wp\/v2\/media?parent=14289"}],"wp:term":[{"taxonomy":"product_brand","embeddable":true,"href":"https:\/\/sp-dz.com\/fr\/wp-json\/wp\/v2\/product_brand?post=14289"},{"taxonomy":"product_cat","embeddable":true,"href":"https:\/\/sp-dz.com\/fr\/wp-json\/wp\/v2\/product_cat?post=14289"},{"taxonomy":"product_tag","embeddable":true,"href":"https:\/\/sp-dz.com\/fr\/wp-json\/wp\/v2\/product_tag?post=14289"}],"curies":[{"name":"wp","href":"https:\/\/api.w.org\/{rel}","templated":true}]}}