{"id":14245,"date":"2024-11-25T14:03:26","date_gmt":"2024-11-25T13:03:26","guid":{"rendered":"https:\/\/sp.com.dz\/?post_type=product&#038;p=14245"},"modified":"2024-12-18T16:56:27","modified_gmt":"2024-12-18T15:56:27","slug":"jean-skinny-levis","status":"publish","type":"product","link":"https:\/\/sp-dz.com\/fr\/produit\/jean-skinny-levis\/","title":{"rendered":"Jean skinny Levi&rsquo;s"},"content":{"rendered":"<h3 class=\"text-s product-popup-subtitle\">Caract\u00e9ristiques de base<\/h3>\n<p>Jean skinny \u00e0 taille haute, mod\u00e8le embl\u00e9matique 720\u2122, \u00e9pouse parfaitement les formes pour une silhouette affin\u00e9e et allong\u00e9e. Sa coupe ajust\u00e9e souligne les jambes avec une finition moderne et \u00e9l\u00e9gante. Dot\u00e9 d&rsquo;une braguette zipp\u00e9e, il combine praticit\u00e9 et style. Le jean est \u00e9galement \u00e9quip\u00e9 des cinq poches classiques, offrant \u00e0 la fois fonctionnalit\u00e9 et un look intemporel. Id\u00e9al pour des tenues casual-chic, il se marie facilement avec une vari\u00e9t\u00e9 de styles et s\u2019impose comme un incontournable dans toute garde-robe contemporaine.<\/p>\n<h3 class=\"text-s product-popup-subtitle\">Composition<\/h3>\n<p>72% Coton<\/p>\n<p>14% Lyocell<\/p>\n<p>9% Polyester<\/p>\n<p>5% Elasthanne<\/p>\n<h3 class=\"text-s product-popup-subtitle\">Code produit<\/h3>\n<p>39616232<\/p>\n<h3 class=\"text-s product-popup-subtitle\">Entretien<\/h3>\n<p>Lavage en machine \u00e0 une temp\u00e9rature maximale de 30\u00b0C.<\/p>\n","protected":false},"excerpt":{"rendered":"<p>Jean skinny \u00e0 taille haute, mod\u00e8le embl\u00e9matique 720\u2122, \u00e9pouse parfaitement les formes pour une silhouette affin\u00e9e et allong\u00e9e. Sa coupe ajust\u00e9e souligne les jambes avec une finition moderne et \u00e9l\u00e9gante. Dot\u00e9 d&rsquo;une braguette zipp\u00e9e, il combine praticit\u00e9 et style. Le jean est \u00e9galement \u00e9quip\u00e9 des cinq poches classiques, offrant \u00e0 la fois fonctionnalit\u00e9 et un look intemporel. Id\u00e9al pour des tenues casual-chic, il se marie facilement avec une vari\u00e9t\u00e9 de styles et s\u2019impose comme un incontournable dans toute garde-robe contemporaine.<\/p>\n","protected":false},"featured_media":14248,"template":"","meta":[],"product_brand":[],"product_cat":[80,30],"product_tag":[],"class_list":{"0":"post-14245","1":"product","2":"type-product","3":"status-publish","4":"has-post-thumbnail","6":"product_cat-jean","7":"product_cat-femme","9":"first","10":"outofstock","11":"shipping-taxable","12":"purchasable","13":"product-type-simple"},"yoast_head":"<!-- This site is optimized with the Yoast SEO plugin v26.9 - https:\/\/yoast.com\/product\/yoast-seo-wordpress\/ -->\n<title>Jean skinny Levi&#039;s - S\u00e9lection Priv\u00e9e<\/title>\n<meta name=\"robots\" content=\"index, follow, max-snippet:-1, max-image-preview:large, max-video-preview:-1\" \/>\n<link rel=\"canonical\" href=\"https:\/\/sp-dz.com\/fr\/produit\/jean-skinny-levis\/\" \/>\n<meta property=\"og:locale\" content=\"fr_FR\" \/>\n<meta property=\"og:type\" content=\"article\" \/>\n<meta property=\"og:title\" content=\"Jean skinny Levi&#039;s - S\u00e9lection Priv\u00e9e\" \/>\n<meta property=\"og:description\" content=\"Jean skinny \u00e0 taille haute, mod\u00e8le embl\u00e9matique 720\u2122, \u00e9pouse parfaitement les formes pour une silhouette affin\u00e9e et allong\u00e9e. Sa coupe ajust\u00e9e souligne les jambes avec une finition moderne et \u00e9l\u00e9gante. Dot\u00e9 d&#039;une braguette zipp\u00e9e, il combine praticit\u00e9 et style. Le jean est \u00e9galement \u00e9quip\u00e9 des cinq poches classiques, offrant \u00e0 la fois fonctionnalit\u00e9 et un look intemporel. Id\u00e9al pour des tenues casual-chic, il se marie facilement avec une vari\u00e9t\u00e9 de styles et s\u2019impose comme un incontournable dans toute garde-robe contemporaine.\" \/>\n<meta property=\"og:url\" content=\"https:\/\/sp-dz.com\/fr\/produit\/jean-skinny-levis\/\" \/>\n<meta property=\"og:site_name\" content=\"S\u00e9lection Priv\u00e9e\" \/>\n<meta property=\"article:modified_time\" content=\"2024-12-18T15:56:27+00:00\" \/>\n<meta property=\"og:image\" content=\"https:\/\/sp-dz.com\/wp-content\/uploads\/2024\/11\/jeans-levis-1.jpg\" \/>\n\t<meta property=\"og:image:width\" content=\"1534\" \/>\n\t<meta property=\"og:image:height\" content=\"1840\" \/>\n\t<meta property=\"og:image:type\" content=\"image\/jpeg\" \/>\n<meta name=\"twitter:card\" content=\"summary_large_image\" \/>\n<meta name=\"twitter:label1\" content=\"Dur\u00e9e de lecture estim\u00e9e\" \/>\n\t<meta name=\"twitter:data1\" content=\"1 minute\" \/>\n<script type=\"application\/ld+json\" class=\"yoast-schema-graph\">{\"@context\":\"https:\/\/schema.org\",\"@graph\":[{\"@type\":\"WebPage\",\"@id\":\"https:\/\/sp-dz.com\/produit\/jean-skinny-levis\/\",\"url\":\"https:\/\/sp-dz.com\/produit\/jean-skinny-levis\/\",\"name\":\"Jean skinny Levi's - S\u00e9lection Priv\u00e9e\",\"isPartOf\":{\"@id\":\"https:\/\/sp-dz.com\/fr\/#website\"},\"primaryImageOfPage\":{\"@id\":\"https:\/\/sp-dz.com\/produit\/jean-skinny-levis\/#primaryimage\"},\"image\":{\"@id\":\"https:\/\/sp-dz.com\/produit\/jean-skinny-levis\/#primaryimage\"},\"thumbnailUrl\":\"https:\/\/sp-dz.com\/wp-content\/uploads\/2024\/11\/jeans-levis-1.jpg\",\"datePublished\":\"2024-11-25T13:03:26+00:00\",\"dateModified\":\"2024-12-18T15:56:27+00:00\",\"breadcrumb\":{\"@id\":\"https:\/\/sp-dz.com\/produit\/jean-skinny-levis\/#breadcrumb\"},\"inLanguage\":\"fr-FR\",\"potentialAction\":[{\"@type\":\"ReadAction\",\"target\":[\"https:\/\/sp-dz.com\/produit\/jean-skinny-levis\/\"]}]},{\"@type\":\"ImageObject\",\"inLanguage\":\"fr-FR\",\"@id\":\"https:\/\/sp-dz.com\/produit\/jean-skinny-levis\/#primaryimage\",\"url\":\"https:\/\/sp-dz.com\/wp-content\/uploads\/2024\/11\/jeans-levis-1.jpg\",\"contentUrl\":\"https:\/\/sp-dz.com\/wp-content\/uploads\/2024\/11\/jeans-levis-1.jpg\",\"width\":1534,\"height\":1840},{\"@type\":\"BreadcrumbList\",\"@id\":\"https:\/\/sp-dz.com\/produit\/jean-skinny-levis\/#breadcrumb\",\"itemListElement\":[{\"@type\":\"ListItem\",\"position\":1,\"name\":\"Accueil\",\"item\":\"https:\/\/sp-dz.com\/fr\/\"},{\"@type\":\"ListItem\",\"position\":2,\"name\":\"Boutique\",\"item\":\"https:\/\/sp-dz.com\/fr\/boutique\/\"},{\"@type\":\"ListItem\",\"position\":3,\"name\":\"Jean skinny Levi&rsquo;s\"}]},{\"@type\":\"WebSite\",\"@id\":\"https:\/\/sp-dz.com\/fr\/#website\",\"url\":\"https:\/\/sp-dz.com\/fr\/\",\"name\":\"S\u00e9lection Priv\u00e9e\",\"description\":\"Only for Members\",\"potentialAction\":[{\"@type\":\"SearchAction\",\"target\":{\"@type\":\"EntryPoint\",\"urlTemplate\":\"https:\/\/sp-dz.com\/fr\/?s={search_term_string}\"},\"query-input\":{\"@type\":\"PropertyValueSpecification\",\"valueRequired\":true,\"valueName\":\"search_term_string\"}}],\"inLanguage\":\"fr-FR\"}]}<\/script>\n<!-- \/ Yoast SEO plugin. -->","yoast_head_json":{"title":"Jean skinny Levi's - S\u00e9lection Priv\u00e9e","robots":{"index":"index","follow":"follow","max-snippet":"max-snippet:-1","max-image-preview":"max-image-preview:large","max-video-preview":"max-video-preview:-1"},"canonical":"https:\/\/sp-dz.com\/fr\/produit\/jean-skinny-levis\/","og_locale":"fr_FR","og_type":"article","og_title":"Jean skinny Levi's - S\u00e9lection Priv\u00e9e","og_description":"Jean skinny \u00e0 taille haute, mod\u00e8le embl\u00e9matique 720\u2122, \u00e9pouse parfaitement les formes pour une silhouette affin\u00e9e et allong\u00e9e. Sa coupe ajust\u00e9e souligne les jambes avec une finition moderne et \u00e9l\u00e9gante. Dot\u00e9 d'une braguette zipp\u00e9e, il combine praticit\u00e9 et style. Le jean est \u00e9galement \u00e9quip\u00e9 des cinq poches classiques, offrant \u00e0 la fois fonctionnalit\u00e9 et un look intemporel. Id\u00e9al pour des tenues casual-chic, il se marie facilement avec une vari\u00e9t\u00e9 de styles et s\u2019impose comme un incontournable dans toute garde-robe contemporaine.","og_url":"https:\/\/sp-dz.com\/fr\/produit\/jean-skinny-levis\/","og_site_name":"S\u00e9lection Priv\u00e9e","article_modified_time":"2024-12-18T15:56:27+00:00","og_image":[{"width":1534,"height":1840,"url":"https:\/\/sp-dz.com\/wp-content\/uploads\/2024\/11\/jeans-levis-1.jpg","type":"image\/jpeg"}],"twitter_card":"summary_large_image","twitter_misc":{"Dur\u00e9e de lecture estim\u00e9e":"1 minute"},"schema":{"@context":"https:\/\/schema.org","@graph":[{"@type":"WebPage","@id":"https:\/\/sp-dz.com\/produit\/jean-skinny-levis\/","url":"https:\/\/sp-dz.com\/produit\/jean-skinny-levis\/","name":"Jean skinny Levi's - S\u00e9lection Priv\u00e9e","isPartOf":{"@id":"https:\/\/sp-dz.com\/fr\/#website"},"primaryImageOfPage":{"@id":"https:\/\/sp-dz.com\/produit\/jean-skinny-levis\/#primaryimage"},"image":{"@id":"https:\/\/sp-dz.com\/produit\/jean-skinny-levis\/#primaryimage"},"thumbnailUrl":"https:\/\/sp-dz.com\/wp-content\/uploads\/2024\/11\/jeans-levis-1.jpg","datePublished":"2024-11-25T13:03:26+00:00","dateModified":"2024-12-18T15:56:27+00:00","breadcrumb":{"@id":"https:\/\/sp-dz.com\/produit\/jean-skinny-levis\/#breadcrumb"},"inLanguage":"fr-FR","potentialAction":[{"@type":"ReadAction","target":["https:\/\/sp-dz.com\/produit\/jean-skinny-levis\/"]}]},{"@type":"ImageObject","inLanguage":"fr-FR","@id":"https:\/\/sp-dz.com\/produit\/jean-skinny-levis\/#primaryimage","url":"https:\/\/sp-dz.com\/wp-content\/uploads\/2024\/11\/jeans-levis-1.jpg","contentUrl":"https:\/\/sp-dz.com\/wp-content\/uploads\/2024\/11\/jeans-levis-1.jpg","width":1534,"height":1840},{"@type":"BreadcrumbList","@id":"https:\/\/sp-dz.com\/produit\/jean-skinny-levis\/#breadcrumb","itemListElement":[{"@type":"ListItem","position":1,"name":"Accueil","item":"https:\/\/sp-dz.com\/fr\/"},{"@type":"ListItem","position":2,"name":"Boutique","item":"https:\/\/sp-dz.com\/fr\/boutique\/"},{"@type":"ListItem","position":3,"name":"Jean skinny Levi&rsquo;s"}]},{"@type":"WebSite","@id":"https:\/\/sp-dz.com\/fr\/#website","url":"https:\/\/sp-dz.com\/fr\/","name":"S\u00e9lection Priv\u00e9e","description":"Only for Members","potentialAction":[{"@type":"SearchAction","target":{"@type":"EntryPoint","urlTemplate":"https:\/\/sp-dz.com\/fr\/?s={search_term_string}"},"query-input":{"@type":"PropertyValueSpecification","valueRequired":true,"valueName":"search_term_string"}}],"inLanguage":"fr-FR"}]}},"_links":{"self":[{"href":"https:\/\/sp-dz.com\/fr\/wp-json\/wp\/v2\/product\/14245","targetHints":{"allow":["GET"]}}],"collection":[{"href":"https:\/\/sp-dz.com\/fr\/wp-json\/wp\/v2\/product"}],"about":[{"href":"https:\/\/sp-dz.com\/fr\/wp-json\/wp\/v2\/types\/product"}],"version-history":[{"count":3,"href":"https:\/\/sp-dz.com\/fr\/wp-json\/wp\/v2\/product\/14245\/revisions"}],"predecessor-version":[{"id":14296,"href":"https:\/\/sp-dz.com\/fr\/wp-json\/wp\/v2\/product\/14245\/revisions\/14296"}],"wp:featuredmedia":[{"embeddable":true,"href":"https:\/\/sp-dz.com\/fr\/wp-json\/wp\/v2\/media\/14248"}],"wp:attachment":[{"href":"https:\/\/sp-dz.com\/fr\/wp-json\/wp\/v2\/media?parent=14245"}],"wp:term":[{"taxonomy":"product_brand","embeddable":true,"href":"https:\/\/sp-dz.com\/fr\/wp-json\/wp\/v2\/product_brand?post=14245"},{"taxonomy":"product_cat","embeddable":true,"href":"https:\/\/sp-dz.com\/fr\/wp-json\/wp\/v2\/product_cat?post=14245"},{"taxonomy":"product_tag","embeddable":true,"href":"https:\/\/sp-dz.com\/fr\/wp-json\/wp\/v2\/product_tag?post=14245"}],"curies":[{"name":"wp","href":"https:\/\/api.w.org\/{rel}","templated":true}]}}