{"id":14241,"date":"2024-11-25T13:52:56","date_gmt":"2024-11-25T12:52:56","guid":{"rendered":"https:\/\/sp.com.dz\/?post_type=product&#038;p=14241"},"modified":"2024-11-26T09:54:34","modified_gmt":"2024-11-26T08:54:34","slug":"jean-straight-high-waist-hm","status":"publish","type":"product","link":"https:\/\/sp-dz.com\/fr\/produit\/jean-straight-high-waist-hm\/","title":{"rendered":"Jean Straight High Waist H&#038;M"},"content":{"rendered":"<h3 class=\"text-s product-popup-subtitle\">Caract\u00e9ristiques de base<\/h3>\n<p>Jean robuste, confectionn\u00e9 dans un denim de coton \u00e9pais, offre \u00e0 la fois confort et durabilit\u00e9. Sa taille haute met en valeur la silhouette, tout en garantissant un maintien optimal. Avec sa coupe droite et ses jambes larges, ce mod\u00e8le procure une sensation de libert\u00e9 et de fluidit\u00e9, tout en restant \u00e9l\u00e9gant. Les cinq poches classiques ajoutent une touche pratique et intemporelle au design, tout en soulignant son c\u00f4t\u00e9 utilitaire. Parfait pour un look d\u00e9contract\u00e9 et moderne, ce jean est un choix id\u00e9al pour ceux qui recherchent une coupe intemporelle et une mati\u00e8re r\u00e9sistante.<\/p>\n<h3 class=\"text-s product-popup-subtitle\">Composition<\/h3>\n<p>99% Coton<\/p>\n<p>1% Elasthanne<\/p>\n<h3 class=\"text-s product-popup-subtitle\">Code produit<\/h3>\n<p>&nbsp;<\/p>\n<h3 class=\"text-s product-popup-subtitle\">Entretien<\/h3>\n<p>Lavage en machine \u00e0 une temp\u00e9rature maximale de 30\u00b0C.<\/p>\n","protected":false},"excerpt":{"rendered":"<p>Jean robuste, confectionn\u00e9 dans un denim de coton \u00e9pais, offre \u00e0 la fois confort et durabilit\u00e9. Sa taille haute met en valeur la silhouette, tout en garantissant un maintien optimal. Avec sa coupe droite et ses jambes larges, ce mod\u00e8le procure une sensation de libert\u00e9 et de fluidit\u00e9, tout en restant \u00e9l\u00e9gant. Les cinq poches classiques ajoutent une touche pratique et intemporelle au design, tout en soulignant son c\u00f4t\u00e9 utilitaire. Parfait pour un look d\u00e9contract\u00e9 et moderne, ce jean est un choix id\u00e9al pour ceux qui recherchent une coupe intemporelle et une mati\u00e8re r\u00e9sistante.<\/p>\n","protected":false},"featured_media":14242,"template":"","meta":[],"product_brand":[],"product_cat":[80,30],"product_tag":[],"class_list":{"0":"post-14241","1":"product","2":"type-product","3":"status-publish","4":"has-post-thumbnail","6":"product_cat-jean","7":"product_cat-femme","9":"first","10":"instock","11":"shipping-taxable","12":"purchasable","13":"product-type-simple"},"yoast_head":"<!-- This site is optimized with the Yoast SEO plugin v26.9 - https:\/\/yoast.com\/product\/yoast-seo-wordpress\/ -->\n<title>Jean Straight High Waist H&amp;M - S\u00e9lection Priv\u00e9e<\/title>\n<meta name=\"robots\" content=\"index, follow, max-snippet:-1, max-image-preview:large, max-video-preview:-1\" \/>\n<link rel=\"canonical\" href=\"https:\/\/sp-dz.com\/fr\/produit\/jean-straight-high-waist-hm\/\" \/>\n<meta property=\"og:locale\" content=\"fr_FR\" \/>\n<meta property=\"og:type\" content=\"article\" \/>\n<meta property=\"og:title\" content=\"Jean Straight High Waist H&amp;M - S\u00e9lection Priv\u00e9e\" \/>\n<meta property=\"og:description\" content=\"Jean robuste, confectionn\u00e9 dans un denim de coton \u00e9pais, offre \u00e0 la fois confort et durabilit\u00e9. Sa taille haute met en valeur la silhouette, tout en garantissant un maintien optimal. Avec sa coupe droite et ses jambes larges, ce mod\u00e8le procure une sensation de libert\u00e9 et de fluidit\u00e9, tout en restant \u00e9l\u00e9gant. Les cinq poches classiques ajoutent une touche pratique et intemporelle au design, tout en soulignant son c\u00f4t\u00e9 utilitaire. Parfait pour un look d\u00e9contract\u00e9 et moderne, ce jean est un choix id\u00e9al pour ceux qui recherchent une coupe intemporelle et une mati\u00e8re r\u00e9sistante.\" \/>\n<meta property=\"og:url\" content=\"https:\/\/sp-dz.com\/fr\/produit\/jean-straight-high-waist-hm\/\" \/>\n<meta property=\"og:site_name\" content=\"S\u00e9lection Priv\u00e9e\" \/>\n<meta property=\"article:modified_time\" content=\"2024-11-26T08:54:34+00:00\" \/>\n<meta property=\"og:image\" content=\"https:\/\/sp-dz.com\/wp-content\/uploads\/2024\/11\/1-21.jpg\" \/>\n\t<meta property=\"og:image:width\" content=\"1920\" \/>\n\t<meta property=\"og:image:height\" content=\"2304\" \/>\n\t<meta property=\"og:image:type\" content=\"image\/jpeg\" \/>\n<meta name=\"twitter:card\" content=\"summary_large_image\" \/>\n<meta name=\"twitter:label1\" content=\"Dur\u00e9e de lecture estim\u00e9e\" \/>\n\t<meta name=\"twitter:data1\" content=\"1 minute\" \/>\n<script type=\"application\/ld+json\" class=\"yoast-schema-graph\">{\"@context\":\"https:\/\/schema.org\",\"@graph\":[{\"@type\":\"WebPage\",\"@id\":\"https:\/\/sp-dz.com\/produit\/jean-straight-high-waist-hm\/\",\"url\":\"https:\/\/sp-dz.com\/produit\/jean-straight-high-waist-hm\/\",\"name\":\"Jean Straight High Waist H&M - S\u00e9lection Priv\u00e9e\",\"isPartOf\":{\"@id\":\"https:\/\/sp-dz.com\/fr\/#website\"},\"primaryImageOfPage\":{\"@id\":\"https:\/\/sp-dz.com\/produit\/jean-straight-high-waist-hm\/#primaryimage\"},\"image\":{\"@id\":\"https:\/\/sp-dz.com\/produit\/jean-straight-high-waist-hm\/#primaryimage\"},\"thumbnailUrl\":\"https:\/\/sp-dz.com\/wp-content\/uploads\/2024\/11\/1-21.jpg\",\"datePublished\":\"2024-11-25T12:52:56+00:00\",\"dateModified\":\"2024-11-26T08:54:34+00:00\",\"breadcrumb\":{\"@id\":\"https:\/\/sp-dz.com\/produit\/jean-straight-high-waist-hm\/#breadcrumb\"},\"inLanguage\":\"fr-FR\",\"potentialAction\":[{\"@type\":\"ReadAction\",\"target\":[\"https:\/\/sp-dz.com\/produit\/jean-straight-high-waist-hm\/\"]}]},{\"@type\":\"ImageObject\",\"inLanguage\":\"fr-FR\",\"@id\":\"https:\/\/sp-dz.com\/produit\/jean-straight-high-waist-hm\/#primaryimage\",\"url\":\"https:\/\/sp-dz.com\/wp-content\/uploads\/2024\/11\/1-21.jpg\",\"contentUrl\":\"https:\/\/sp-dz.com\/wp-content\/uploads\/2024\/11\/1-21.jpg\",\"width\":1920,\"height\":2304},{\"@type\":\"BreadcrumbList\",\"@id\":\"https:\/\/sp-dz.com\/produit\/jean-straight-high-waist-hm\/#breadcrumb\",\"itemListElement\":[{\"@type\":\"ListItem\",\"position\":1,\"name\":\"Accueil\",\"item\":\"https:\/\/sp-dz.com\/fr\/\"},{\"@type\":\"ListItem\",\"position\":2,\"name\":\"Boutique\",\"item\":\"https:\/\/sp-dz.com\/fr\/boutique\/\"},{\"@type\":\"ListItem\",\"position\":3,\"name\":\"Jean Straight High Waist H&#038;M\"}]},{\"@type\":\"WebSite\",\"@id\":\"https:\/\/sp-dz.com\/fr\/#website\",\"url\":\"https:\/\/sp-dz.com\/fr\/\",\"name\":\"S\u00e9lection Priv\u00e9e\",\"description\":\"Only for Members\",\"potentialAction\":[{\"@type\":\"SearchAction\",\"target\":{\"@type\":\"EntryPoint\",\"urlTemplate\":\"https:\/\/sp-dz.com\/fr\/?s={search_term_string}\"},\"query-input\":{\"@type\":\"PropertyValueSpecification\",\"valueRequired\":true,\"valueName\":\"search_term_string\"}}],\"inLanguage\":\"fr-FR\"}]}<\/script>\n<!-- \/ Yoast SEO plugin. -->","yoast_head_json":{"title":"Jean Straight High Waist H&M - S\u00e9lection Priv\u00e9e","robots":{"index":"index","follow":"follow","max-snippet":"max-snippet:-1","max-image-preview":"max-image-preview:large","max-video-preview":"max-video-preview:-1"},"canonical":"https:\/\/sp-dz.com\/fr\/produit\/jean-straight-high-waist-hm\/","og_locale":"fr_FR","og_type":"article","og_title":"Jean Straight High Waist H&M - S\u00e9lection Priv\u00e9e","og_description":"Jean robuste, confectionn\u00e9 dans un denim de coton \u00e9pais, offre \u00e0 la fois confort et durabilit\u00e9. Sa taille haute met en valeur la silhouette, tout en garantissant un maintien optimal. Avec sa coupe droite et ses jambes larges, ce mod\u00e8le procure une sensation de libert\u00e9 et de fluidit\u00e9, tout en restant \u00e9l\u00e9gant. Les cinq poches classiques ajoutent une touche pratique et intemporelle au design, tout en soulignant son c\u00f4t\u00e9 utilitaire. Parfait pour un look d\u00e9contract\u00e9 et moderne, ce jean est un choix id\u00e9al pour ceux qui recherchent une coupe intemporelle et une mati\u00e8re r\u00e9sistante.","og_url":"https:\/\/sp-dz.com\/fr\/produit\/jean-straight-high-waist-hm\/","og_site_name":"S\u00e9lection Priv\u00e9e","article_modified_time":"2024-11-26T08:54:34+00:00","og_image":[{"width":1920,"height":2304,"url":"https:\/\/sp-dz.com\/wp-content\/uploads\/2024\/11\/1-21.jpg","type":"image\/jpeg"}],"twitter_card":"summary_large_image","twitter_misc":{"Dur\u00e9e de lecture estim\u00e9e":"1 minute"},"schema":{"@context":"https:\/\/schema.org","@graph":[{"@type":"WebPage","@id":"https:\/\/sp-dz.com\/produit\/jean-straight-high-waist-hm\/","url":"https:\/\/sp-dz.com\/produit\/jean-straight-high-waist-hm\/","name":"Jean Straight High Waist H&M - S\u00e9lection Priv\u00e9e","isPartOf":{"@id":"https:\/\/sp-dz.com\/fr\/#website"},"primaryImageOfPage":{"@id":"https:\/\/sp-dz.com\/produit\/jean-straight-high-waist-hm\/#primaryimage"},"image":{"@id":"https:\/\/sp-dz.com\/produit\/jean-straight-high-waist-hm\/#primaryimage"},"thumbnailUrl":"https:\/\/sp-dz.com\/wp-content\/uploads\/2024\/11\/1-21.jpg","datePublished":"2024-11-25T12:52:56+00:00","dateModified":"2024-11-26T08:54:34+00:00","breadcrumb":{"@id":"https:\/\/sp-dz.com\/produit\/jean-straight-high-waist-hm\/#breadcrumb"},"inLanguage":"fr-FR","potentialAction":[{"@type":"ReadAction","target":["https:\/\/sp-dz.com\/produit\/jean-straight-high-waist-hm\/"]}]},{"@type":"ImageObject","inLanguage":"fr-FR","@id":"https:\/\/sp-dz.com\/produit\/jean-straight-high-waist-hm\/#primaryimage","url":"https:\/\/sp-dz.com\/wp-content\/uploads\/2024\/11\/1-21.jpg","contentUrl":"https:\/\/sp-dz.com\/wp-content\/uploads\/2024\/11\/1-21.jpg","width":1920,"height":2304},{"@type":"BreadcrumbList","@id":"https:\/\/sp-dz.com\/produit\/jean-straight-high-waist-hm\/#breadcrumb","itemListElement":[{"@type":"ListItem","position":1,"name":"Accueil","item":"https:\/\/sp-dz.com\/fr\/"},{"@type":"ListItem","position":2,"name":"Boutique","item":"https:\/\/sp-dz.com\/fr\/boutique\/"},{"@type":"ListItem","position":3,"name":"Jean Straight High Waist H&#038;M"}]},{"@type":"WebSite","@id":"https:\/\/sp-dz.com\/fr\/#website","url":"https:\/\/sp-dz.com\/fr\/","name":"S\u00e9lection Priv\u00e9e","description":"Only for Members","potentialAction":[{"@type":"SearchAction","target":{"@type":"EntryPoint","urlTemplate":"https:\/\/sp-dz.com\/fr\/?s={search_term_string}"},"query-input":{"@type":"PropertyValueSpecification","valueRequired":true,"valueName":"search_term_string"}}],"inLanguage":"fr-FR"}]}},"_links":{"self":[{"href":"https:\/\/sp-dz.com\/fr\/wp-json\/wp\/v2\/product\/14241","targetHints":{"allow":["GET"]}}],"collection":[{"href":"https:\/\/sp-dz.com\/fr\/wp-json\/wp\/v2\/product"}],"about":[{"href":"https:\/\/sp-dz.com\/fr\/wp-json\/wp\/v2\/types\/product"}],"version-history":[{"count":3,"href":"https:\/\/sp-dz.com\/fr\/wp-json\/wp\/v2\/product\/14241\/revisions"}],"predecessor-version":[{"id":14298,"href":"https:\/\/sp-dz.com\/fr\/wp-json\/wp\/v2\/product\/14241\/revisions\/14298"}],"wp:featuredmedia":[{"embeddable":true,"href":"https:\/\/sp-dz.com\/fr\/wp-json\/wp\/v2\/media\/14242"}],"wp:attachment":[{"href":"https:\/\/sp-dz.com\/fr\/wp-json\/wp\/v2\/media?parent=14241"}],"wp:term":[{"taxonomy":"product_brand","embeddable":true,"href":"https:\/\/sp-dz.com\/fr\/wp-json\/wp\/v2\/product_brand?post=14241"},{"taxonomy":"product_cat","embeddable":true,"href":"https:\/\/sp-dz.com\/fr\/wp-json\/wp\/v2\/product_cat?post=14241"},{"taxonomy":"product_tag","embeddable":true,"href":"https:\/\/sp-dz.com\/fr\/wp-json\/wp\/v2\/product_tag?post=14241"}],"curies":[{"name":"wp","href":"https:\/\/api.w.org\/{rel}","templated":true}]}}