{"id":14193,"date":"2024-11-25T12:28:09","date_gmt":"2024-11-25T11:28:09","guid":{"rendered":"https:\/\/sp.com.dz\/?post_type=product&#038;p=14193"},"modified":"2024-11-26T10:08:16","modified_gmt":"2024-11-26T09:08:16","slug":"blouse-fluide-tu-women","status":"publish","type":"product","link":"https:\/\/sp-dz.com\/fr\/produit\/blouse-fluide-tu-women\/","title":{"rendered":"Blouse fluide Tu Women"},"content":{"rendered":"<h3 class=\"text-s product-popup-subtitle\">Caract\u00e9ristiques de base<\/h3>\n<p>Blouse f\u00e9minine et \u00e9l\u00e9gante se distingue par sa coupe fluide et son col en V, qui apporte une touche de l\u00e9g\u00e8ret\u00e9 et de raffinement. Les revers au niveau du col ajoutent une note de sophistication subtile, tandis que les manches courtes \u00e0 revers compl\u00e8tent le look avec style, offrant \u00e0 la fois confort et une belle silhouette. Confectionn\u00e9e dans une mati\u00e8re douce et l\u00e9g\u00e8re, cette blouse est id\u00e9ale pour les journ\u00e9es plus chaudes, tout en restant chic et facile \u00e0 porter. Parfaite pour un look d\u00e9contract\u00e9 ou plus habill\u00e9, elle se marie ais\u00e9ment avec diff\u00e9rents styles de bas, des pantalons aux jupes, pour une allure \u00e0 la fois \u00e9l\u00e9gante et d\u00e9contract\u00e9e.<\/p>\n<h3 class=\"text-s product-popup-subtitle\">Composition<\/h3>\n<p>100% Viscose<\/p>\n<h3 class=\"text-s product-popup-subtitle\">Code produit<\/h3>\n<p>42444511<\/p>\n<h3 class=\"text-s product-popup-subtitle\">Entretien<\/h3>\n<p>Lavage en machine \u00e0 une temp\u00e9rature maximale de 30\u00b0C.<\/p>\n","protected":false},"excerpt":{"rendered":"<p>Blouse f\u00e9minine et \u00e9l\u00e9gante se distingue par sa coupe fluide et son col en V, qui apporte une touche de l\u00e9g\u00e8ret\u00e9 et de raffinement. Les revers au niveau du col ajoutent une note de sophistication subtile, tandis que les manches courtes \u00e0 revers compl\u00e8tent le look avec style, offrant \u00e0 la fois confort et une belle silhouette. Confectionn\u00e9e dans une mati\u00e8re douce et l\u00e9g\u00e8re, cette blouse est id\u00e9ale pour les journ\u00e9es plus chaudes, tout en restant chic et facile \u00e0 porter. Parfaite pour un look d\u00e9contract\u00e9 ou plus habill\u00e9, elle se marie ais\u00e9ment avec diff\u00e9rents styles de bas, des pantalons aux jupes, pour une allure \u00e0 la fois \u00e9l\u00e9gante et d\u00e9contract\u00e9e.<\/p>\n","protected":false},"featured_media":14306,"template":"","meta":[],"product_brand":[],"product_cat":[77,30],"product_tag":[],"class_list":{"0":"post-14193","1":"product","2":"type-product","3":"status-publish","4":"has-post-thumbnail","6":"product_cat-chemisier-blouse","7":"product_cat-femme","9":"first","10":"instock","11":"shipping-taxable","12":"purchasable","13":"product-type-simple"},"yoast_head":"<!-- This site is optimized with the Yoast SEO plugin v26.9 - https:\/\/yoast.com\/product\/yoast-seo-wordpress\/ -->\n<title>Blouse fluide Tu Women - S\u00e9lection Priv\u00e9e<\/title>\n<meta name=\"robots\" content=\"index, follow, max-snippet:-1, max-image-preview:large, max-video-preview:-1\" \/>\n<link rel=\"canonical\" href=\"https:\/\/sp-dz.com\/fr\/produit\/blouse-fluide-tu-women\/\" \/>\n<meta property=\"og:locale\" content=\"fr_FR\" \/>\n<meta property=\"og:type\" content=\"article\" \/>\n<meta property=\"og:title\" content=\"Blouse fluide Tu Women - S\u00e9lection Priv\u00e9e\" \/>\n<meta property=\"og:description\" content=\"Blouse f\u00e9minine et \u00e9l\u00e9gante se distingue par sa coupe fluide et son col en V, qui apporte une touche de l\u00e9g\u00e8ret\u00e9 et de raffinement. Les revers au niveau du col ajoutent une note de sophistication subtile, tandis que les manches courtes \u00e0 revers compl\u00e8tent le look avec style, offrant \u00e0 la fois confort et une belle silhouette. Confectionn\u00e9e dans une mati\u00e8re douce et l\u00e9g\u00e8re, cette blouse est id\u00e9ale pour les journ\u00e9es plus chaudes, tout en restant chic et facile \u00e0 porter. Parfaite pour un look d\u00e9contract\u00e9 ou plus habill\u00e9, elle se marie ais\u00e9ment avec diff\u00e9rents styles de bas, des pantalons aux jupes, pour une allure \u00e0 la fois \u00e9l\u00e9gante et d\u00e9contract\u00e9e.\" \/>\n<meta property=\"og:url\" content=\"https:\/\/sp-dz.com\/fr\/produit\/blouse-fluide-tu-women\/\" \/>\n<meta property=\"og:site_name\" content=\"S\u00e9lection Priv\u00e9e\" \/>\n<meta property=\"article:modified_time\" content=\"2024-11-26T09:08:16+00:00\" \/>\n<meta property=\"og:image\" content=\"https:\/\/sp-dz.com\/wp-content\/uploads\/2024\/11\/Haut-moutarde-F-av-2.jpg\" \/>\n\t<meta property=\"og:image:width\" content=\"500\" \/>\n\t<meta property=\"og:image:height\" content=\"600\" \/>\n\t<meta property=\"og:image:type\" content=\"image\/jpeg\" \/>\n<meta name=\"twitter:card\" content=\"summary_large_image\" \/>\n<meta name=\"twitter:label1\" content=\"Dur\u00e9e de lecture estim\u00e9e\" \/>\n\t<meta name=\"twitter:data1\" content=\"1 minute\" \/>\n<script type=\"application\/ld+json\" class=\"yoast-schema-graph\">{\"@context\":\"https:\/\/schema.org\",\"@graph\":[{\"@type\":\"WebPage\",\"@id\":\"https:\/\/sp-dz.com\/produit\/blouse-fluide-tu-women\/\",\"url\":\"https:\/\/sp-dz.com\/produit\/blouse-fluide-tu-women\/\",\"name\":\"Blouse fluide Tu Women - S\u00e9lection Priv\u00e9e\",\"isPartOf\":{\"@id\":\"https:\/\/sp-dz.com\/fr\/#website\"},\"primaryImageOfPage\":{\"@id\":\"https:\/\/sp-dz.com\/produit\/blouse-fluide-tu-women\/#primaryimage\"},\"image\":{\"@id\":\"https:\/\/sp-dz.com\/produit\/blouse-fluide-tu-women\/#primaryimage\"},\"thumbnailUrl\":\"https:\/\/sp-dz.com\/wp-content\/uploads\/2024\/11\/Haut-moutarde-F-av-2.jpg\",\"datePublished\":\"2024-11-25T11:28:09+00:00\",\"dateModified\":\"2024-11-26T09:08:16+00:00\",\"breadcrumb\":{\"@id\":\"https:\/\/sp-dz.com\/produit\/blouse-fluide-tu-women\/#breadcrumb\"},\"inLanguage\":\"fr-FR\",\"potentialAction\":[{\"@type\":\"ReadAction\",\"target\":[\"https:\/\/sp-dz.com\/produit\/blouse-fluide-tu-women\/\"]}]},{\"@type\":\"ImageObject\",\"inLanguage\":\"fr-FR\",\"@id\":\"https:\/\/sp-dz.com\/produit\/blouse-fluide-tu-women\/#primaryimage\",\"url\":\"https:\/\/sp-dz.com\/wp-content\/uploads\/2024\/11\/Haut-moutarde-F-av-2.jpg\",\"contentUrl\":\"https:\/\/sp-dz.com\/wp-content\/uploads\/2024\/11\/Haut-moutarde-F-av-2.jpg\",\"width\":500,\"height\":600},{\"@type\":\"BreadcrumbList\",\"@id\":\"https:\/\/sp-dz.com\/produit\/blouse-fluide-tu-women\/#breadcrumb\",\"itemListElement\":[{\"@type\":\"ListItem\",\"position\":1,\"name\":\"Accueil\",\"item\":\"https:\/\/sp-dz.com\/fr\/\"},{\"@type\":\"ListItem\",\"position\":2,\"name\":\"Boutique\",\"item\":\"https:\/\/sp-dz.com\/fr\/boutique\/\"},{\"@type\":\"ListItem\",\"position\":3,\"name\":\"Blouse fluide Tu Women\"}]},{\"@type\":\"WebSite\",\"@id\":\"https:\/\/sp-dz.com\/fr\/#website\",\"url\":\"https:\/\/sp-dz.com\/fr\/\",\"name\":\"S\u00e9lection Priv\u00e9e\",\"description\":\"Only for Members\",\"potentialAction\":[{\"@type\":\"SearchAction\",\"target\":{\"@type\":\"EntryPoint\",\"urlTemplate\":\"https:\/\/sp-dz.com\/fr\/?s={search_term_string}\"},\"query-input\":{\"@type\":\"PropertyValueSpecification\",\"valueRequired\":true,\"valueName\":\"search_term_string\"}}],\"inLanguage\":\"fr-FR\"}]}<\/script>\n<!-- \/ Yoast SEO plugin. -->","yoast_head_json":{"title":"Blouse fluide Tu Women - S\u00e9lection Priv\u00e9e","robots":{"index":"index","follow":"follow","max-snippet":"max-snippet:-1","max-image-preview":"max-image-preview:large","max-video-preview":"max-video-preview:-1"},"canonical":"https:\/\/sp-dz.com\/fr\/produit\/blouse-fluide-tu-women\/","og_locale":"fr_FR","og_type":"article","og_title":"Blouse fluide Tu Women - S\u00e9lection Priv\u00e9e","og_description":"Blouse f\u00e9minine et \u00e9l\u00e9gante se distingue par sa coupe fluide et son col en V, qui apporte une touche de l\u00e9g\u00e8ret\u00e9 et de raffinement. Les revers au niveau du col ajoutent une note de sophistication subtile, tandis que les manches courtes \u00e0 revers compl\u00e8tent le look avec style, offrant \u00e0 la fois confort et une belle silhouette. Confectionn\u00e9e dans une mati\u00e8re douce et l\u00e9g\u00e8re, cette blouse est id\u00e9ale pour les journ\u00e9es plus chaudes, tout en restant chic et facile \u00e0 porter. Parfaite pour un look d\u00e9contract\u00e9 ou plus habill\u00e9, elle se marie ais\u00e9ment avec diff\u00e9rents styles de bas, des pantalons aux jupes, pour une allure \u00e0 la fois \u00e9l\u00e9gante et d\u00e9contract\u00e9e.","og_url":"https:\/\/sp-dz.com\/fr\/produit\/blouse-fluide-tu-women\/","og_site_name":"S\u00e9lection Priv\u00e9e","article_modified_time":"2024-11-26T09:08:16+00:00","og_image":[{"width":500,"height":600,"url":"https:\/\/sp-dz.com\/wp-content\/uploads\/2024\/11\/Haut-moutarde-F-av-2.jpg","type":"image\/jpeg"}],"twitter_card":"summary_large_image","twitter_misc":{"Dur\u00e9e de lecture estim\u00e9e":"1 minute"},"schema":{"@context":"https:\/\/schema.org","@graph":[{"@type":"WebPage","@id":"https:\/\/sp-dz.com\/produit\/blouse-fluide-tu-women\/","url":"https:\/\/sp-dz.com\/produit\/blouse-fluide-tu-women\/","name":"Blouse fluide Tu Women - S\u00e9lection Priv\u00e9e","isPartOf":{"@id":"https:\/\/sp-dz.com\/fr\/#website"},"primaryImageOfPage":{"@id":"https:\/\/sp-dz.com\/produit\/blouse-fluide-tu-women\/#primaryimage"},"image":{"@id":"https:\/\/sp-dz.com\/produit\/blouse-fluide-tu-women\/#primaryimage"},"thumbnailUrl":"https:\/\/sp-dz.com\/wp-content\/uploads\/2024\/11\/Haut-moutarde-F-av-2.jpg","datePublished":"2024-11-25T11:28:09+00:00","dateModified":"2024-11-26T09:08:16+00:00","breadcrumb":{"@id":"https:\/\/sp-dz.com\/produit\/blouse-fluide-tu-women\/#breadcrumb"},"inLanguage":"fr-FR","potentialAction":[{"@type":"ReadAction","target":["https:\/\/sp-dz.com\/produit\/blouse-fluide-tu-women\/"]}]},{"@type":"ImageObject","inLanguage":"fr-FR","@id":"https:\/\/sp-dz.com\/produit\/blouse-fluide-tu-women\/#primaryimage","url":"https:\/\/sp-dz.com\/wp-content\/uploads\/2024\/11\/Haut-moutarde-F-av-2.jpg","contentUrl":"https:\/\/sp-dz.com\/wp-content\/uploads\/2024\/11\/Haut-moutarde-F-av-2.jpg","width":500,"height":600},{"@type":"BreadcrumbList","@id":"https:\/\/sp-dz.com\/produit\/blouse-fluide-tu-women\/#breadcrumb","itemListElement":[{"@type":"ListItem","position":1,"name":"Accueil","item":"https:\/\/sp-dz.com\/fr\/"},{"@type":"ListItem","position":2,"name":"Boutique","item":"https:\/\/sp-dz.com\/fr\/boutique\/"},{"@type":"ListItem","position":3,"name":"Blouse fluide Tu Women"}]},{"@type":"WebSite","@id":"https:\/\/sp-dz.com\/fr\/#website","url":"https:\/\/sp-dz.com\/fr\/","name":"S\u00e9lection Priv\u00e9e","description":"Only for Members","potentialAction":[{"@type":"SearchAction","target":{"@type":"EntryPoint","urlTemplate":"https:\/\/sp-dz.com\/fr\/?s={search_term_string}"},"query-input":{"@type":"PropertyValueSpecification","valueRequired":true,"valueName":"search_term_string"}}],"inLanguage":"fr-FR"}]}},"_links":{"self":[{"href":"https:\/\/sp-dz.com\/fr\/wp-json\/wp\/v2\/product\/14193","targetHints":{"allow":["GET"]}}],"collection":[{"href":"https:\/\/sp-dz.com\/fr\/wp-json\/wp\/v2\/product"}],"about":[{"href":"https:\/\/sp-dz.com\/fr\/wp-json\/wp\/v2\/types\/product"}],"version-history":[{"count":3,"href":"https:\/\/sp-dz.com\/fr\/wp-json\/wp\/v2\/product\/14193\/revisions"}],"predecessor-version":[{"id":14304,"href":"https:\/\/sp-dz.com\/fr\/wp-json\/wp\/v2\/product\/14193\/revisions\/14304"}],"wp:featuredmedia":[{"embeddable":true,"href":"https:\/\/sp-dz.com\/fr\/wp-json\/wp\/v2\/media\/14306"}],"wp:attachment":[{"href":"https:\/\/sp-dz.com\/fr\/wp-json\/wp\/v2\/media?parent=14193"}],"wp:term":[{"taxonomy":"product_brand","embeddable":true,"href":"https:\/\/sp-dz.com\/fr\/wp-json\/wp\/v2\/product_brand?post=14193"},{"taxonomy":"product_cat","embeddable":true,"href":"https:\/\/sp-dz.com\/fr\/wp-json\/wp\/v2\/product_cat?post=14193"},{"taxonomy":"product_tag","embeddable":true,"href":"https:\/\/sp-dz.com\/fr\/wp-json\/wp\/v2\/product_tag?post=14193"}],"curies":[{"name":"wp","href":"https:\/\/api.w.org\/{rel}","templated":true}]}}