{"id":14178,"date":"2024-11-25T09:36:19","date_gmt":"2024-11-25T08:36:19","guid":{"rendered":"https:\/\/sp.com.dz\/?post_type=product&#038;p=14178"},"modified":"2024-11-26T10:13:59","modified_gmt":"2024-11-26T09:13:59","slug":"chemisette-denim-v-by-very","status":"publish","type":"product","link":"https:\/\/sp-dz.com\/fr\/produit\/chemisette-denim-v-by-very\/","title":{"rendered":"Chemisette denim V by Very"},"content":{"rendered":"<h3 class=\"text-s product-popup-subtitle\">Caract\u00e9ristiques de base<\/h3>\n<p>Chemisette en jean l\u00e9g\u00e8re et fluide offre une coupe ample et confortable, id\u00e9ale pour les journ\u00e9es estivales ou les occasions d\u00e9contract\u00e9es. Son col classique et ses petites manches \u00e0 revers ajoutent une touche de sophistication discr\u00e8te, tout en apportant de la structure \u00e0 cette pi\u00e8ce d\u00e9contract\u00e9e. Le boutonnage sur le devant permet un enfilage facile et un ajustement subtil, tandis que la mati\u00e8re en jean, douce et agr\u00e9able \u00e0 porter, lui donne un c\u00f4t\u00e9 intemporel et versatile. Parfaite pour un look casual chic, cette chemisette se porte aussi bien avec un jean ou un pantalon l\u00e9ger qu&rsquo;avec une jupe pour un style f\u00e9minin et moderne.<\/p>\n<h3 class=\"text-s product-popup-subtitle\">Composition<\/h3>\n<p>98% Coton<\/p>\n<p>2% Elasthanne<\/p>\n<h3 class=\"text-s product-popup-subtitle\">Code produit<\/h3>\n<p>28899164<\/p>\n<h3 class=\"text-s product-popup-subtitle\">Entretien<\/h3>\n<p>Lavage en machine \u00e0 une temp\u00e9rature maximale de 30\u00b0C.<\/p>\n","protected":false},"excerpt":{"rendered":"<p>Chemisette en jean l\u00e9g\u00e8re et fluide offre une coupe ample et confortable, id\u00e9ale pour les journ\u00e9es estivales ou les occasions d\u00e9contract\u00e9es. Son col classique et ses petites manches \u00e0 revers ajoutent une touche de sophistication discr\u00e8te, tout en apportant de la structure \u00e0 cette pi\u00e8ce d\u00e9contract\u00e9e. Le boutonnage sur le devant permet un enfilage facile et un ajustement subtil, tandis que la mati\u00e8re en jean, douce et agr\u00e9able \u00e0 porter, lui donne un c\u00f4t\u00e9 intemporel et versatile. Parfaite pour un look casual chic, cette chemisette se porte aussi bien avec un jean ou un pantalon l\u00e9ger qu&rsquo;avec une jupe pour un style f\u00e9minin et moderne.<\/p>\n","protected":false},"featured_media":14182,"template":"","meta":[],"product_brand":[],"product_cat":[77,30],"product_tag":[],"class_list":{"0":"post-14178","1":"product","2":"type-product","3":"status-publish","4":"has-post-thumbnail","6":"product_cat-chemisier-blouse","7":"product_cat-femme","9":"first","10":"instock","11":"shipping-taxable","12":"purchasable","13":"product-type-variable"},"yoast_head":"<!-- This site is optimized with the Yoast SEO plugin v26.9 - https:\/\/yoast.com\/product\/yoast-seo-wordpress\/ -->\n<title>Chemisette denim V by Very - S\u00e9lection Priv\u00e9e<\/title>\n<meta name=\"robots\" content=\"index, follow, max-snippet:-1, max-image-preview:large, max-video-preview:-1\" \/>\n<link rel=\"canonical\" href=\"https:\/\/sp-dz.com\/fr\/produit\/chemisette-denim-v-by-very\/\" \/>\n<meta property=\"og:locale\" content=\"fr_FR\" \/>\n<meta property=\"og:type\" content=\"article\" \/>\n<meta property=\"og:title\" content=\"Chemisette denim V by Very - S\u00e9lection Priv\u00e9e\" \/>\n<meta property=\"og:description\" content=\"Chemisette en jean l\u00e9g\u00e8re et fluide offre une coupe ample et confortable, id\u00e9ale pour les journ\u00e9es estivales ou les occasions d\u00e9contract\u00e9es. Son col classique et ses petites manches \u00e0 revers ajoutent une touche de sophistication discr\u00e8te, tout en apportant de la structure \u00e0 cette pi\u00e8ce d\u00e9contract\u00e9e. Le boutonnage sur le devant permet un enfilage facile et un ajustement subtil, tandis que la mati\u00e8re en jean, douce et agr\u00e9able \u00e0 porter, lui donne un c\u00f4t\u00e9 intemporel et versatile. Parfaite pour un look casual chic, cette chemisette se porte aussi bien avec un jean ou un pantalon l\u00e9ger qu&#039;avec une jupe pour un style f\u00e9minin et moderne.\" \/>\n<meta property=\"og:url\" content=\"https:\/\/sp-dz.com\/fr\/produit\/chemisette-denim-v-by-very\/\" \/>\n<meta property=\"og:site_name\" content=\"S\u00e9lection Priv\u00e9e\" \/>\n<meta property=\"article:modified_time\" content=\"2024-11-26T09:13:59+00:00\" \/>\n<meta property=\"og:image\" content=\"https:\/\/sp-dz.com\/wp-content\/uploads\/2024\/11\/chemise-en-jean.jpg\" \/>\n\t<meta property=\"og:image:width\" content=\"834\" \/>\n\t<meta property=\"og:image:height\" content=\"1000\" \/>\n\t<meta property=\"og:image:type\" content=\"image\/jpeg\" \/>\n<meta name=\"twitter:card\" content=\"summary_large_image\" \/>\n<meta name=\"twitter:label1\" content=\"Dur\u00e9e de lecture estim\u00e9e\" \/>\n\t<meta name=\"twitter:data1\" content=\"1 minute\" \/>\n<script type=\"application\/ld+json\" class=\"yoast-schema-graph\">{\"@context\":\"https:\/\/schema.org\",\"@graph\":[{\"@type\":\"WebPage\",\"@id\":\"https:\/\/sp-dz.com\/produit\/chemisette-denim-v-by-very\/\",\"url\":\"https:\/\/sp-dz.com\/produit\/chemisette-denim-v-by-very\/\",\"name\":\"Chemisette denim V by Very - S\u00e9lection Priv\u00e9e\",\"isPartOf\":{\"@id\":\"https:\/\/sp-dz.com\/fr\/#website\"},\"primaryImageOfPage\":{\"@id\":\"https:\/\/sp-dz.com\/produit\/chemisette-denim-v-by-very\/#primaryimage\"},\"image\":{\"@id\":\"https:\/\/sp-dz.com\/produit\/chemisette-denim-v-by-very\/#primaryimage\"},\"thumbnailUrl\":\"https:\/\/sp-dz.com\/wp-content\/uploads\/2024\/11\/chemise-en-jean.jpg\",\"datePublished\":\"2024-11-25T08:36:19+00:00\",\"dateModified\":\"2024-11-26T09:13:59+00:00\",\"breadcrumb\":{\"@id\":\"https:\/\/sp-dz.com\/produit\/chemisette-denim-v-by-very\/#breadcrumb\"},\"inLanguage\":\"fr-FR\",\"potentialAction\":[{\"@type\":\"ReadAction\",\"target\":[\"https:\/\/sp-dz.com\/produit\/chemisette-denim-v-by-very\/\"]}]},{\"@type\":\"ImageObject\",\"inLanguage\":\"fr-FR\",\"@id\":\"https:\/\/sp-dz.com\/produit\/chemisette-denim-v-by-very\/#primaryimage\",\"url\":\"https:\/\/sp-dz.com\/wp-content\/uploads\/2024\/11\/chemise-en-jean.jpg\",\"contentUrl\":\"https:\/\/sp-dz.com\/wp-content\/uploads\/2024\/11\/chemise-en-jean.jpg\",\"width\":834,\"height\":1000},{\"@type\":\"BreadcrumbList\",\"@id\":\"https:\/\/sp-dz.com\/produit\/chemisette-denim-v-by-very\/#breadcrumb\",\"itemListElement\":[{\"@type\":\"ListItem\",\"position\":1,\"name\":\"Accueil\",\"item\":\"https:\/\/sp-dz.com\/fr\/\"},{\"@type\":\"ListItem\",\"position\":2,\"name\":\"Boutique\",\"item\":\"https:\/\/sp-dz.com\/fr\/boutique\/\"},{\"@type\":\"ListItem\",\"position\":3,\"name\":\"Chemisette denim V by Very\"}]},{\"@type\":\"WebSite\",\"@id\":\"https:\/\/sp-dz.com\/fr\/#website\",\"url\":\"https:\/\/sp-dz.com\/fr\/\",\"name\":\"S\u00e9lection Priv\u00e9e\",\"description\":\"Only for Members\",\"potentialAction\":[{\"@type\":\"SearchAction\",\"target\":{\"@type\":\"EntryPoint\",\"urlTemplate\":\"https:\/\/sp-dz.com\/fr\/?s={search_term_string}\"},\"query-input\":{\"@type\":\"PropertyValueSpecification\",\"valueRequired\":true,\"valueName\":\"search_term_string\"}}],\"inLanguage\":\"fr-FR\"}]}<\/script>\n<!-- \/ Yoast SEO plugin. -->","yoast_head_json":{"title":"Chemisette denim V by Very - S\u00e9lection Priv\u00e9e","robots":{"index":"index","follow":"follow","max-snippet":"max-snippet:-1","max-image-preview":"max-image-preview:large","max-video-preview":"max-video-preview:-1"},"canonical":"https:\/\/sp-dz.com\/fr\/produit\/chemisette-denim-v-by-very\/","og_locale":"fr_FR","og_type":"article","og_title":"Chemisette denim V by Very - S\u00e9lection Priv\u00e9e","og_description":"Chemisette en jean l\u00e9g\u00e8re et fluide offre une coupe ample et confortable, id\u00e9ale pour les journ\u00e9es estivales ou les occasions d\u00e9contract\u00e9es. Son col classique et ses petites manches \u00e0 revers ajoutent une touche de sophistication discr\u00e8te, tout en apportant de la structure \u00e0 cette pi\u00e8ce d\u00e9contract\u00e9e. Le boutonnage sur le devant permet un enfilage facile et un ajustement subtil, tandis que la mati\u00e8re en jean, douce et agr\u00e9able \u00e0 porter, lui donne un c\u00f4t\u00e9 intemporel et versatile. Parfaite pour un look casual chic, cette chemisette se porte aussi bien avec un jean ou un pantalon l\u00e9ger qu'avec une jupe pour un style f\u00e9minin et moderne.","og_url":"https:\/\/sp-dz.com\/fr\/produit\/chemisette-denim-v-by-very\/","og_site_name":"S\u00e9lection Priv\u00e9e","article_modified_time":"2024-11-26T09:13:59+00:00","og_image":[{"width":834,"height":1000,"url":"https:\/\/sp-dz.com\/wp-content\/uploads\/2024\/11\/chemise-en-jean.jpg","type":"image\/jpeg"}],"twitter_card":"summary_large_image","twitter_misc":{"Dur\u00e9e de lecture estim\u00e9e":"1 minute"},"schema":{"@context":"https:\/\/schema.org","@graph":[{"@type":"WebPage","@id":"https:\/\/sp-dz.com\/produit\/chemisette-denim-v-by-very\/","url":"https:\/\/sp-dz.com\/produit\/chemisette-denim-v-by-very\/","name":"Chemisette denim V by Very - S\u00e9lection Priv\u00e9e","isPartOf":{"@id":"https:\/\/sp-dz.com\/fr\/#website"},"primaryImageOfPage":{"@id":"https:\/\/sp-dz.com\/produit\/chemisette-denim-v-by-very\/#primaryimage"},"image":{"@id":"https:\/\/sp-dz.com\/produit\/chemisette-denim-v-by-very\/#primaryimage"},"thumbnailUrl":"https:\/\/sp-dz.com\/wp-content\/uploads\/2024\/11\/chemise-en-jean.jpg","datePublished":"2024-11-25T08:36:19+00:00","dateModified":"2024-11-26T09:13:59+00:00","breadcrumb":{"@id":"https:\/\/sp-dz.com\/produit\/chemisette-denim-v-by-very\/#breadcrumb"},"inLanguage":"fr-FR","potentialAction":[{"@type":"ReadAction","target":["https:\/\/sp-dz.com\/produit\/chemisette-denim-v-by-very\/"]}]},{"@type":"ImageObject","inLanguage":"fr-FR","@id":"https:\/\/sp-dz.com\/produit\/chemisette-denim-v-by-very\/#primaryimage","url":"https:\/\/sp-dz.com\/wp-content\/uploads\/2024\/11\/chemise-en-jean.jpg","contentUrl":"https:\/\/sp-dz.com\/wp-content\/uploads\/2024\/11\/chemise-en-jean.jpg","width":834,"height":1000},{"@type":"BreadcrumbList","@id":"https:\/\/sp-dz.com\/produit\/chemisette-denim-v-by-very\/#breadcrumb","itemListElement":[{"@type":"ListItem","position":1,"name":"Accueil","item":"https:\/\/sp-dz.com\/fr\/"},{"@type":"ListItem","position":2,"name":"Boutique","item":"https:\/\/sp-dz.com\/fr\/boutique\/"},{"@type":"ListItem","position":3,"name":"Chemisette denim V by Very"}]},{"@type":"WebSite","@id":"https:\/\/sp-dz.com\/fr\/#website","url":"https:\/\/sp-dz.com\/fr\/","name":"S\u00e9lection Priv\u00e9e","description":"Only for Members","potentialAction":[{"@type":"SearchAction","target":{"@type":"EntryPoint","urlTemplate":"https:\/\/sp-dz.com\/fr\/?s={search_term_string}"},"query-input":{"@type":"PropertyValueSpecification","valueRequired":true,"valueName":"search_term_string"}}],"inLanguage":"fr-FR"}]}},"_links":{"self":[{"href":"https:\/\/sp-dz.com\/fr\/wp-json\/wp\/v2\/product\/14178","targetHints":{"allow":["GET"]}}],"collection":[{"href":"https:\/\/sp-dz.com\/fr\/wp-json\/wp\/v2\/product"}],"about":[{"href":"https:\/\/sp-dz.com\/fr\/wp-json\/wp\/v2\/types\/product"}],"version-history":[{"count":3,"href":"https:\/\/sp-dz.com\/fr\/wp-json\/wp\/v2\/product\/14178\/revisions"}],"predecessor-version":[{"id":14316,"href":"https:\/\/sp-dz.com\/fr\/wp-json\/wp\/v2\/product\/14178\/revisions\/14316"}],"wp:featuredmedia":[{"embeddable":true,"href":"https:\/\/sp-dz.com\/fr\/wp-json\/wp\/v2\/media\/14182"}],"wp:attachment":[{"href":"https:\/\/sp-dz.com\/fr\/wp-json\/wp\/v2\/media?parent=14178"}],"wp:term":[{"taxonomy":"product_brand","embeddable":true,"href":"https:\/\/sp-dz.com\/fr\/wp-json\/wp\/v2\/product_brand?post=14178"},{"taxonomy":"product_cat","embeddable":true,"href":"https:\/\/sp-dz.com\/fr\/wp-json\/wp\/v2\/product_cat?post=14178"},{"taxonomy":"product_tag","embeddable":true,"href":"https:\/\/sp-dz.com\/fr\/wp-json\/wp\/v2\/product_tag?post=14178"}],"curies":[{"name":"wp","href":"https:\/\/api.w.org\/{rel}","templated":true}]}}