{"id":13229,"date":"2024-09-16T22:13:57","date_gmt":"2024-09-16T21:13:57","guid":{"rendered":"https:\/\/sp.com.dz\/?post_type=product&#038;p=13229"},"modified":"2024-11-27T23:52:18","modified_gmt":"2024-11-27T22:52:18","slug":"t-shirt-ms","status":"publish","type":"product","link":"https:\/\/sp-dz.com\/fr\/produit\/t-shirt-ms\/","title":{"rendered":"T-shirt M&#038;S"},"content":{"rendered":"<h3 class=\"text-s product-popup-subtitle\">Caract\u00e9ristiques de base<\/h3>\n<p>T-shirt blanc classique, \u00e0 la coupe ajust\u00e9e, sculpte d\u00e9licatement la silhouette pour un look moderne et \u00e9pur\u00e9. L&rsquo;encolure ras du cou, simple et intemporelle, ajoute une touche de sophistication discr\u00e8te, tandis que les manches courtes apportent confort et l\u00e9g\u00e8ret\u00e9. Ce mod\u00e8le est parfait pour ceux qui recherchent une pi\u00e8ce versatile, id\u00e9ale pour cr\u00e9er des tenues minimalistes et \u00e9l\u00e9gantes. Facile \u00e0 associer avec des jeans, des jupes ou des pantalons, il devient un basique incontournable dans toute garde-robe contemporaine, pr\u00eat \u00e0 s&rsquo;adapter \u00e0 toutes les occasions.<\/p>\n<h3 class=\"text-s product-popup-subtitle\">Composition<\/h3>\n<p>95% coton<\/p>\n<p>5% Elasthanne<\/p>\n<h3 class=\"text-s product-popup-subtitle\">Code produit<\/h3>\n<p>ZRA668HO<\/p>\n<h3 class=\"text-s product-popup-subtitle\">Entretien<\/h3>\n<p>Lavage en machine \u00e0 une temp\u00e9rature maximale de 40\u00b0C.<\/p>\n","protected":false},"excerpt":{"rendered":"<p>T-shirt blanc classique, \u00e0 la coupe ajust\u00e9e, sculpte d\u00e9licatement la silhouette pour un look moderne et \u00e9pur\u00e9. L&rsquo;encolure ras du cou, simple et intemporelle, ajoute une touche de sophistication discr\u00e8te, tandis que les manches courtes apportent confort et l\u00e9g\u00e8ret\u00e9. Ce mod\u00e8le est parfait pour ceux qui recherchent une pi\u00e8ce versatile, id\u00e9ale pour cr\u00e9er des tenues minimalistes et \u00e9l\u00e9gantes. Facile \u00e0 associer avec des jeans, des jupes ou des pantalons, il devient un basique incontournable dans toute garde-robe contemporaine, pr\u00eat \u00e0 s&rsquo;adapter \u00e0 toutes les occasions.<\/p>\n","protected":false},"featured_media":13230,"template":"","meta":[],"product_brand":[],"product_cat":[78,30],"product_tag":[],"class_list":{"0":"post-13229","1":"product","2":"type-product","3":"status-publish","4":"has-post-thumbnail","6":"product_cat-t-shirt-top","7":"product_cat-femme","9":"first","10":"instock","11":"shipping-taxable","12":"purchasable","13":"product-type-simple"},"yoast_head":"<!-- This site is optimized with the Yoast SEO plugin v26.9 - https:\/\/yoast.com\/product\/yoast-seo-wordpress\/ -->\n<title>T-shirt M&amp;S - S\u00e9lection Priv\u00e9e<\/title>\n<meta name=\"description\" content=\"T-shirt M&amp;S blanc, coupe ajust\u00e9e, avec des manches courtes et une encolure ras du cou, offrant une silhouette moderne et \u00e9pur\u00e9e, id\u00e9ale pour un look minimaliste et intemporel.\" \/>\n<meta name=\"robots\" content=\"index, follow, max-snippet:-1, max-image-preview:large, max-video-preview:-1\" \/>\n<link rel=\"canonical\" href=\"https:\/\/sp-dz.com\/fr\/produit\/t-shirt-ms\/\" \/>\n<meta property=\"og:locale\" content=\"fr_FR\" \/>\n<meta property=\"og:type\" content=\"article\" \/>\n<meta property=\"og:title\" content=\"T-shirt M&amp;S en blanc\" \/>\n<meta property=\"og:description\" content=\"T-shirt M&amp;S blanc, avec une coupe ajust\u00e9e, avec des manches courtes et une encolure ras du cou, offrant une silhouette moderne et \u00e9pur\u00e9e, id\u00e9ale pour un look minimaliste et intemporel.\" \/>\n<meta property=\"og:url\" content=\"https:\/\/sp-dz.com\/fr\/produit\/t-shirt-ms\/\" \/>\n<meta property=\"og:site_name\" content=\"S\u00e9lection Priv\u00e9e\" \/>\n<meta property=\"article:modified_time\" content=\"2024-11-27T22:52:18+00:00\" \/>\n<meta property=\"og:image\" content=\"https:\/\/sp-dz.com\/wp-content\/uploads\/2024\/09\/1-65.jpg\" \/>\n\t<meta property=\"og:image:width\" content=\"1500\" \/>\n\t<meta property=\"og:image:height\" content=\"1800\" \/>\n\t<meta property=\"og:image:type\" content=\"image\/jpeg\" \/>\n<meta name=\"twitter:card\" content=\"summary_large_image\" \/>\n<meta name=\"twitter:label1\" content=\"Dur\u00e9e de lecture estim\u00e9e\" \/>\n\t<meta name=\"twitter:data1\" content=\"1 minute\" \/>\n<script type=\"application\/ld+json\" class=\"yoast-schema-graph\">{\"@context\":\"https:\/\/schema.org\",\"@graph\":[{\"@type\":\"WebPage\",\"@id\":\"https:\/\/sp-dz.com\/produit\/t-shirt-ms\/\",\"url\":\"https:\/\/sp-dz.com\/produit\/t-shirt-ms\/\",\"name\":\"T-shirt M&S - S\u00e9lection Priv\u00e9e\",\"isPartOf\":{\"@id\":\"https:\/\/sp-dz.com\/fr\/#website\"},\"primaryImageOfPage\":{\"@id\":\"https:\/\/sp-dz.com\/produit\/t-shirt-ms\/#primaryimage\"},\"image\":{\"@id\":\"https:\/\/sp-dz.com\/produit\/t-shirt-ms\/#primaryimage\"},\"thumbnailUrl\":\"https:\/\/sp-dz.com\/wp-content\/uploads\/2024\/09\/1-65.jpg\",\"datePublished\":\"2024-09-16T21:13:57+00:00\",\"dateModified\":\"2024-11-27T22:52:18+00:00\",\"description\":\"T-shirt M&S blanc, coupe ajust\u00e9e, avec des manches courtes et une encolure ras du cou, offrant une silhouette moderne et \u00e9pur\u00e9e, id\u00e9ale pour un look minimaliste et intemporel.\",\"breadcrumb\":{\"@id\":\"https:\/\/sp-dz.com\/produit\/t-shirt-ms\/#breadcrumb\"},\"inLanguage\":\"fr-FR\",\"potentialAction\":[{\"@type\":\"ReadAction\",\"target\":[\"https:\/\/sp-dz.com\/produit\/t-shirt-ms\/\"]}]},{\"@type\":\"ImageObject\",\"inLanguage\":\"fr-FR\",\"@id\":\"https:\/\/sp-dz.com\/produit\/t-shirt-ms\/#primaryimage\",\"url\":\"https:\/\/sp-dz.com\/wp-content\/uploads\/2024\/09\/1-65.jpg\",\"contentUrl\":\"https:\/\/sp-dz.com\/wp-content\/uploads\/2024\/09\/1-65.jpg\",\"width\":1500,\"height\":1800},{\"@type\":\"BreadcrumbList\",\"@id\":\"https:\/\/sp-dz.com\/produit\/t-shirt-ms\/#breadcrumb\",\"itemListElement\":[{\"@type\":\"ListItem\",\"position\":1,\"name\":\"Accueil\",\"item\":\"https:\/\/sp-dz.com\/fr\/\"},{\"@type\":\"ListItem\",\"position\":2,\"name\":\"Boutique\",\"item\":\"https:\/\/sp-dz.com\/fr\/boutique\/\"},{\"@type\":\"ListItem\",\"position\":3,\"name\":\"T-shirt M&#038;S\"}]},{\"@type\":\"WebSite\",\"@id\":\"https:\/\/sp-dz.com\/fr\/#website\",\"url\":\"https:\/\/sp-dz.com\/fr\/\",\"name\":\"S\u00e9lection Priv\u00e9e\",\"description\":\"Only for Members\",\"potentialAction\":[{\"@type\":\"SearchAction\",\"target\":{\"@type\":\"EntryPoint\",\"urlTemplate\":\"https:\/\/sp-dz.com\/fr\/?s={search_term_string}\"},\"query-input\":{\"@type\":\"PropertyValueSpecification\",\"valueRequired\":true,\"valueName\":\"search_term_string\"}}],\"inLanguage\":\"fr-FR\"}]}<\/script>\n<!-- \/ Yoast SEO plugin. -->","yoast_head_json":{"title":"T-shirt M&S - S\u00e9lection Priv\u00e9e","description":"T-shirt M&S blanc, coupe ajust\u00e9e, avec des manches courtes et une encolure ras du cou, offrant une silhouette moderne et \u00e9pur\u00e9e, id\u00e9ale pour un look minimaliste et intemporel.","robots":{"index":"index","follow":"follow","max-snippet":"max-snippet:-1","max-image-preview":"max-image-preview:large","max-video-preview":"max-video-preview:-1"},"canonical":"https:\/\/sp-dz.com\/fr\/produit\/t-shirt-ms\/","og_locale":"fr_FR","og_type":"article","og_title":"T-shirt M&S en blanc","og_description":"T-shirt M&S blanc, avec une coupe ajust\u00e9e, avec des manches courtes et une encolure ras du cou, offrant une silhouette moderne et \u00e9pur\u00e9e, id\u00e9ale pour un look minimaliste et intemporel.","og_url":"https:\/\/sp-dz.com\/fr\/produit\/t-shirt-ms\/","og_site_name":"S\u00e9lection Priv\u00e9e","article_modified_time":"2024-11-27T22:52:18+00:00","og_image":[{"width":1500,"height":1800,"url":"https:\/\/sp-dz.com\/wp-content\/uploads\/2024\/09\/1-65.jpg","type":"image\/jpeg"}],"twitter_card":"summary_large_image","twitter_misc":{"Dur\u00e9e de lecture estim\u00e9e":"1 minute"},"schema":{"@context":"https:\/\/schema.org","@graph":[{"@type":"WebPage","@id":"https:\/\/sp-dz.com\/produit\/t-shirt-ms\/","url":"https:\/\/sp-dz.com\/produit\/t-shirt-ms\/","name":"T-shirt M&S - S\u00e9lection Priv\u00e9e","isPartOf":{"@id":"https:\/\/sp-dz.com\/fr\/#website"},"primaryImageOfPage":{"@id":"https:\/\/sp-dz.com\/produit\/t-shirt-ms\/#primaryimage"},"image":{"@id":"https:\/\/sp-dz.com\/produit\/t-shirt-ms\/#primaryimage"},"thumbnailUrl":"https:\/\/sp-dz.com\/wp-content\/uploads\/2024\/09\/1-65.jpg","datePublished":"2024-09-16T21:13:57+00:00","dateModified":"2024-11-27T22:52:18+00:00","description":"T-shirt M&S blanc, coupe ajust\u00e9e, avec des manches courtes et une encolure ras du cou, offrant une silhouette moderne et \u00e9pur\u00e9e, id\u00e9ale pour un look minimaliste et intemporel.","breadcrumb":{"@id":"https:\/\/sp-dz.com\/produit\/t-shirt-ms\/#breadcrumb"},"inLanguage":"fr-FR","potentialAction":[{"@type":"ReadAction","target":["https:\/\/sp-dz.com\/produit\/t-shirt-ms\/"]}]},{"@type":"ImageObject","inLanguage":"fr-FR","@id":"https:\/\/sp-dz.com\/produit\/t-shirt-ms\/#primaryimage","url":"https:\/\/sp-dz.com\/wp-content\/uploads\/2024\/09\/1-65.jpg","contentUrl":"https:\/\/sp-dz.com\/wp-content\/uploads\/2024\/09\/1-65.jpg","width":1500,"height":1800},{"@type":"BreadcrumbList","@id":"https:\/\/sp-dz.com\/produit\/t-shirt-ms\/#breadcrumb","itemListElement":[{"@type":"ListItem","position":1,"name":"Accueil","item":"https:\/\/sp-dz.com\/fr\/"},{"@type":"ListItem","position":2,"name":"Boutique","item":"https:\/\/sp-dz.com\/fr\/boutique\/"},{"@type":"ListItem","position":3,"name":"T-shirt M&#038;S"}]},{"@type":"WebSite","@id":"https:\/\/sp-dz.com\/fr\/#website","url":"https:\/\/sp-dz.com\/fr\/","name":"S\u00e9lection Priv\u00e9e","description":"Only for Members","potentialAction":[{"@type":"SearchAction","target":{"@type":"EntryPoint","urlTemplate":"https:\/\/sp-dz.com\/fr\/?s={search_term_string}"},"query-input":{"@type":"PropertyValueSpecification","valueRequired":true,"valueName":"search_term_string"}}],"inLanguage":"fr-FR"}]}},"_links":{"self":[{"href":"https:\/\/sp-dz.com\/fr\/wp-json\/wp\/v2\/product\/13229","targetHints":{"allow":["GET"]}}],"collection":[{"href":"https:\/\/sp-dz.com\/fr\/wp-json\/wp\/v2\/product"}],"about":[{"href":"https:\/\/sp-dz.com\/fr\/wp-json\/wp\/v2\/types\/product"}],"version-history":[{"count":3,"href":"https:\/\/sp-dz.com\/fr\/wp-json\/wp\/v2\/product\/13229\/revisions"}],"predecessor-version":[{"id":14320,"href":"https:\/\/sp-dz.com\/fr\/wp-json\/wp\/v2\/product\/13229\/revisions\/14320"}],"wp:featuredmedia":[{"embeddable":true,"href":"https:\/\/sp-dz.com\/fr\/wp-json\/wp\/v2\/media\/13230"}],"wp:attachment":[{"href":"https:\/\/sp-dz.com\/fr\/wp-json\/wp\/v2\/media?parent=13229"}],"wp:term":[{"taxonomy":"product_brand","embeddable":true,"href":"https:\/\/sp-dz.com\/fr\/wp-json\/wp\/v2\/product_brand?post=13229"},{"taxonomy":"product_cat","embeddable":true,"href":"https:\/\/sp-dz.com\/fr\/wp-json\/wp\/v2\/product_cat?post=13229"},{"taxonomy":"product_tag","embeddable":true,"href":"https:\/\/sp-dz.com\/fr\/wp-json\/wp\/v2\/product_tag?post=13229"}],"curies":[{"name":"wp","href":"https:\/\/api.w.org\/{rel}","templated":true}]}}