{"id":13223,"date":"2024-09-16T21:58:49","date_gmt":"2024-09-16T20:58:49","guid":{"rendered":"https:\/\/sp.com.dz\/?post_type=product&#038;p=13223"},"modified":"2024-11-28T00:12:48","modified_gmt":"2024-11-27T23:12:48","slug":"t-shirt-de-grossesse-new-look","status":"publish","type":"product","link":"https:\/\/sp-dz.com\/fr\/produit\/t-shirt-de-grossesse-new-look\/","title":{"rendered":"T-shirt de grossesse New Look"},"content":{"rendered":"<h3 class=\"text-s product-popup-subtitle\">Caract\u00e9ristiques de base<\/h3>\n<p>T-shirt de grossesse blanc, con\u00e7u avec un col rond classique et des demi-manches agr\u00e9ment\u00e9es d&rsquo;un petit revers, offrant confort et \u00e9l\u00e9gance pour accompagner chaque \u00e9tape de la maternit\u00e9.<\/p>\n<h3 class=\"text-s product-popup-subtitle\">Composition<\/h3>\n<p>100% Coton<\/p>\n<h3 class=\"text-s product-popup-subtitle\">Code produit<\/h3>\n<p>M61E5159<\/p>\n<h3 class=\"text-s product-popup-subtitle\">Entretien<\/h3>\n<p>Lavage en machine \u00e0 une temp\u00e9rature maximale de 40\u00b0C.<\/p>\n","protected":false},"excerpt":{"rendered":"<p>T-shirt de grossesse blanc, con\u00e7u avec un col rond classique et des demi-manches agr\u00e9ment\u00e9es d&rsquo;un petit revers, offrant confort et \u00e9l\u00e9gance pour accompagner chaque \u00e9tape de la maternit\u00e9.<\/p>\n","protected":false},"featured_media":13224,"template":"","meta":[],"product_brand":[],"product_cat":[78,30],"product_tag":[],"class_list":{"0":"post-13223","1":"product","2":"type-product","3":"status-publish","4":"has-post-thumbnail","6":"product_cat-t-shirt-top","7":"product_cat-femme","9":"first","10":"outofstock","11":"shipping-taxable","12":"purchasable","13":"product-type-simple"},"yoast_head":"<!-- This site is optimized with the Yoast SEO plugin v26.9 - https:\/\/yoast.com\/product\/yoast-seo-wordpress\/ -->\n<title>T-shirt de grossesse New Look - S\u00e9lection Priv\u00e9e<\/title>\n<meta name=\"robots\" content=\"index, follow, max-snippet:-1, max-image-preview:large, max-video-preview:-1\" \/>\n<link rel=\"canonical\" href=\"https:\/\/sp-dz.com\/fr\/produit\/t-shirt-de-grossesse-new-look\/\" \/>\n<meta property=\"og:locale\" content=\"fr_FR\" \/>\n<meta property=\"og:type\" content=\"article\" \/>\n<meta property=\"og:title\" content=\"T-shirt de grossesse New Look - S\u00e9lection Priv\u00e9e\" \/>\n<meta property=\"og:description\" content=\"T-shirt de grossesse blanc, con\u00e7u avec un col rond classique et des demi-manches agr\u00e9ment\u00e9es d&#039;un petit revers, offrant confort et \u00e9l\u00e9gance pour accompagner chaque \u00e9tape de la maternit\u00e9.\" \/>\n<meta property=\"og:url\" content=\"https:\/\/sp-dz.com\/fr\/produit\/t-shirt-de-grossesse-new-look\/\" \/>\n<meta property=\"og:site_name\" content=\"S\u00e9lection Priv\u00e9e\" \/>\n<meta property=\"article:modified_time\" content=\"2024-11-27T23:12:48+00:00\" \/>\n<meta property=\"og:image\" content=\"https:\/\/sp-dz.com\/wp-content\/uploads\/2024\/09\/2t.jpg\" \/>\n\t<meta property=\"og:image:width\" content=\"1324\" \/>\n\t<meta property=\"og:image:height\" content=\"1588\" \/>\n\t<meta property=\"og:image:type\" content=\"image\/jpeg\" \/>\n<meta name=\"twitter:card\" content=\"summary_large_image\" \/>\n<meta name=\"twitter:label1\" content=\"Dur\u00e9e de lecture estim\u00e9e\" \/>\n\t<meta name=\"twitter:data1\" content=\"1 minute\" \/>\n<script type=\"application\/ld+json\" class=\"yoast-schema-graph\">{\"@context\":\"https:\/\/schema.org\",\"@graph\":[{\"@type\":\"WebPage\",\"@id\":\"https:\/\/sp-dz.com\/produit\/t-shirt-de-grossesse-new-look\/\",\"url\":\"https:\/\/sp-dz.com\/produit\/t-shirt-de-grossesse-new-look\/\",\"name\":\"T-shirt de grossesse New Look - S\u00e9lection Priv\u00e9e\",\"isPartOf\":{\"@id\":\"https:\/\/sp-dz.com\/fr\/#website\"},\"primaryImageOfPage\":{\"@id\":\"https:\/\/sp-dz.com\/produit\/t-shirt-de-grossesse-new-look\/#primaryimage\"},\"image\":{\"@id\":\"https:\/\/sp-dz.com\/produit\/t-shirt-de-grossesse-new-look\/#primaryimage\"},\"thumbnailUrl\":\"https:\/\/sp-dz.com\/wp-content\/uploads\/2024\/09\/2t.jpg\",\"datePublished\":\"2024-09-16T20:58:49+00:00\",\"dateModified\":\"2024-11-27T23:12:48+00:00\",\"breadcrumb\":{\"@id\":\"https:\/\/sp-dz.com\/produit\/t-shirt-de-grossesse-new-look\/#breadcrumb\"},\"inLanguage\":\"fr-FR\",\"potentialAction\":[{\"@type\":\"ReadAction\",\"target\":[\"https:\/\/sp-dz.com\/produit\/t-shirt-de-grossesse-new-look\/\"]}]},{\"@type\":\"ImageObject\",\"inLanguage\":\"fr-FR\",\"@id\":\"https:\/\/sp-dz.com\/produit\/t-shirt-de-grossesse-new-look\/#primaryimage\",\"url\":\"https:\/\/sp-dz.com\/wp-content\/uploads\/2024\/09\/2t.jpg\",\"contentUrl\":\"https:\/\/sp-dz.com\/wp-content\/uploads\/2024\/09\/2t.jpg\",\"width\":1324,\"height\":1588},{\"@type\":\"BreadcrumbList\",\"@id\":\"https:\/\/sp-dz.com\/produit\/t-shirt-de-grossesse-new-look\/#breadcrumb\",\"itemListElement\":[{\"@type\":\"ListItem\",\"position\":1,\"name\":\"Accueil\",\"item\":\"https:\/\/sp-dz.com\/fr\/\"},{\"@type\":\"ListItem\",\"position\":2,\"name\":\"Boutique\",\"item\":\"https:\/\/sp-dz.com\/fr\/boutique\/\"},{\"@type\":\"ListItem\",\"position\":3,\"name\":\"T-shirt de grossesse New Look\"}]},{\"@type\":\"WebSite\",\"@id\":\"https:\/\/sp-dz.com\/fr\/#website\",\"url\":\"https:\/\/sp-dz.com\/fr\/\",\"name\":\"S\u00e9lection Priv\u00e9e\",\"description\":\"Only for Members\",\"potentialAction\":[{\"@type\":\"SearchAction\",\"target\":{\"@type\":\"EntryPoint\",\"urlTemplate\":\"https:\/\/sp-dz.com\/fr\/?s={search_term_string}\"},\"query-input\":{\"@type\":\"PropertyValueSpecification\",\"valueRequired\":true,\"valueName\":\"search_term_string\"}}],\"inLanguage\":\"fr-FR\"}]}<\/script>\n<!-- \/ Yoast SEO plugin. -->","yoast_head_json":{"title":"T-shirt de grossesse New Look - S\u00e9lection Priv\u00e9e","robots":{"index":"index","follow":"follow","max-snippet":"max-snippet:-1","max-image-preview":"max-image-preview:large","max-video-preview":"max-video-preview:-1"},"canonical":"https:\/\/sp-dz.com\/fr\/produit\/t-shirt-de-grossesse-new-look\/","og_locale":"fr_FR","og_type":"article","og_title":"T-shirt de grossesse New Look - S\u00e9lection Priv\u00e9e","og_description":"T-shirt de grossesse blanc, con\u00e7u avec un col rond classique et des demi-manches agr\u00e9ment\u00e9es d'un petit revers, offrant confort et \u00e9l\u00e9gance pour accompagner chaque \u00e9tape de la maternit\u00e9.","og_url":"https:\/\/sp-dz.com\/fr\/produit\/t-shirt-de-grossesse-new-look\/","og_site_name":"S\u00e9lection Priv\u00e9e","article_modified_time":"2024-11-27T23:12:48+00:00","og_image":[{"width":1324,"height":1588,"url":"https:\/\/sp-dz.com\/wp-content\/uploads\/2024\/09\/2t.jpg","type":"image\/jpeg"}],"twitter_card":"summary_large_image","twitter_misc":{"Dur\u00e9e de lecture estim\u00e9e":"1 minute"},"schema":{"@context":"https:\/\/schema.org","@graph":[{"@type":"WebPage","@id":"https:\/\/sp-dz.com\/produit\/t-shirt-de-grossesse-new-look\/","url":"https:\/\/sp-dz.com\/produit\/t-shirt-de-grossesse-new-look\/","name":"T-shirt de grossesse New Look - S\u00e9lection Priv\u00e9e","isPartOf":{"@id":"https:\/\/sp-dz.com\/fr\/#website"},"primaryImageOfPage":{"@id":"https:\/\/sp-dz.com\/produit\/t-shirt-de-grossesse-new-look\/#primaryimage"},"image":{"@id":"https:\/\/sp-dz.com\/produit\/t-shirt-de-grossesse-new-look\/#primaryimage"},"thumbnailUrl":"https:\/\/sp-dz.com\/wp-content\/uploads\/2024\/09\/2t.jpg","datePublished":"2024-09-16T20:58:49+00:00","dateModified":"2024-11-27T23:12:48+00:00","breadcrumb":{"@id":"https:\/\/sp-dz.com\/produit\/t-shirt-de-grossesse-new-look\/#breadcrumb"},"inLanguage":"fr-FR","potentialAction":[{"@type":"ReadAction","target":["https:\/\/sp-dz.com\/produit\/t-shirt-de-grossesse-new-look\/"]}]},{"@type":"ImageObject","inLanguage":"fr-FR","@id":"https:\/\/sp-dz.com\/produit\/t-shirt-de-grossesse-new-look\/#primaryimage","url":"https:\/\/sp-dz.com\/wp-content\/uploads\/2024\/09\/2t.jpg","contentUrl":"https:\/\/sp-dz.com\/wp-content\/uploads\/2024\/09\/2t.jpg","width":1324,"height":1588},{"@type":"BreadcrumbList","@id":"https:\/\/sp-dz.com\/produit\/t-shirt-de-grossesse-new-look\/#breadcrumb","itemListElement":[{"@type":"ListItem","position":1,"name":"Accueil","item":"https:\/\/sp-dz.com\/fr\/"},{"@type":"ListItem","position":2,"name":"Boutique","item":"https:\/\/sp-dz.com\/fr\/boutique\/"},{"@type":"ListItem","position":3,"name":"T-shirt de grossesse New Look"}]},{"@type":"WebSite","@id":"https:\/\/sp-dz.com\/fr\/#website","url":"https:\/\/sp-dz.com\/fr\/","name":"S\u00e9lection Priv\u00e9e","description":"Only for Members","potentialAction":[{"@type":"SearchAction","target":{"@type":"EntryPoint","urlTemplate":"https:\/\/sp-dz.com\/fr\/?s={search_term_string}"},"query-input":{"@type":"PropertyValueSpecification","valueRequired":true,"valueName":"search_term_string"}}],"inLanguage":"fr-FR"}]}},"_links":{"self":[{"href":"https:\/\/sp-dz.com\/fr\/wp-json\/wp\/v2\/product\/13223","targetHints":{"allow":["GET"]}}],"collection":[{"href":"https:\/\/sp-dz.com\/fr\/wp-json\/wp\/v2\/product"}],"about":[{"href":"https:\/\/sp-dz.com\/fr\/wp-json\/wp\/v2\/types\/product"}],"version-history":[{"count":2,"href":"https:\/\/sp-dz.com\/fr\/wp-json\/wp\/v2\/product\/13223\/revisions"}],"predecessor-version":[{"id":13426,"href":"https:\/\/sp-dz.com\/fr\/wp-json\/wp\/v2\/product\/13223\/revisions\/13426"}],"wp:featuredmedia":[{"embeddable":true,"href":"https:\/\/sp-dz.com\/fr\/wp-json\/wp\/v2\/media\/13224"}],"wp:attachment":[{"href":"https:\/\/sp-dz.com\/fr\/wp-json\/wp\/v2\/media?parent=13223"}],"wp:term":[{"taxonomy":"product_brand","embeddable":true,"href":"https:\/\/sp-dz.com\/fr\/wp-json\/wp\/v2\/product_brand?post=13223"},{"taxonomy":"product_cat","embeddable":true,"href":"https:\/\/sp-dz.com\/fr\/wp-json\/wp\/v2\/product_cat?post=13223"},{"taxonomy":"product_tag","embeddable":true,"href":"https:\/\/sp-dz.com\/fr\/wp-json\/wp\/v2\/product_tag?post=13223"}],"curies":[{"name":"wp","href":"https:\/\/api.w.org\/{rel}","templated":true}]}}