{"id":13158,"date":"2024-09-16T17:28:07","date_gmt":"2024-09-16T16:28:07","guid":{"rendered":"https:\/\/sp.com.dz\/?post_type=product&#038;p=13158"},"modified":"2024-10-17T09:46:17","modified_gmt":"2024-10-17T08:46:17","slug":"polo-elevate","status":"publish","type":"product","link":"https:\/\/sp-dz.com\/fr\/produit\/polo-elevate\/","title":{"rendered":"Polo Elevate"},"content":{"rendered":"<h3 class=\"text-s product-popup-subtitle\">Caract\u00e9ristiques de base<\/h3>\n<p>Polo \u00e0 manches courtes avec col rabattu et ouverture \u00e0 2 boutons.<\/p>\n<h3 class=\"text-s product-popup-subtitle\">Composition<\/h3>\n<p>100 % Coton<\/p>\n<h3 class=\"text-s product-popup-subtitle\">Code produit<\/h3>\n<p>6966SYR3<\/p>\n<h3 class=\"text-s product-popup-subtitle\">Entretien<\/h3>\n<p>Lavage en machine \u00e0 une temp\u00e9rature maximale de 30\u00b0C.<\/p>\n","protected":false},"excerpt":{"rendered":"<p>Polo \u00e0 manches courtes avec col rabattu et ouverture \u00e0 2 boutons.<\/p>\n","protected":false},"featured_media":13165,"template":"","meta":[],"product_brand":[],"product_cat":[93,22],"product_tag":[],"class_list":{"0":"post-13158","1":"product","2":"type-product","3":"status-publish","4":"has-post-thumbnail","6":"product_cat-polo","7":"product_cat-homme","9":"first","10":"instock","11":"shipping-taxable","12":"purchasable","13":"product-type-variable","14":"has-default-attributes"},"yoast_head":"<!-- This site is optimized with the Yoast SEO plugin v26.9 - https:\/\/yoast.com\/product\/yoast-seo-wordpress\/ -->\n<title>Polo Elevate - S\u00e9lection Priv\u00e9e<\/title>\n<meta name=\"robots\" content=\"index, follow, max-snippet:-1, max-image-preview:large, max-video-preview:-1\" \/>\n<link rel=\"canonical\" href=\"https:\/\/sp-dz.com\/fr\/produit\/polo-elevate\/\" \/>\n<meta property=\"og:locale\" content=\"fr_FR\" \/>\n<meta property=\"og:type\" content=\"article\" \/>\n<meta property=\"og:title\" content=\"Polo Elevate - S\u00e9lection Priv\u00e9e\" \/>\n<meta property=\"og:description\" content=\"Polo \u00e0 manches courtes avec col rabattu et ouverture \u00e0 2 boutons.\" \/>\n<meta property=\"og:url\" content=\"https:\/\/sp-dz.com\/fr\/produit\/polo-elevate\/\" \/>\n<meta property=\"og:site_name\" content=\"S\u00e9lection Priv\u00e9e\" \/>\n<meta property=\"article:modified_time\" content=\"2024-10-17T08:46:17+00:00\" \/>\n<meta property=\"og:image\" content=\"https:\/\/sp-dz.com\/wp-content\/uploads\/2024\/09\/1-58.jpg\" \/>\n\t<meta property=\"og:image:width\" content=\"416\" \/>\n\t<meta property=\"og:image:height\" content=\"500\" \/>\n\t<meta property=\"og:image:type\" content=\"image\/jpeg\" \/>\n<meta name=\"twitter:card\" content=\"summary_large_image\" \/>\n<meta name=\"twitter:label1\" content=\"Dur\u00e9e de lecture estim\u00e9e\" \/>\n\t<meta name=\"twitter:data1\" content=\"1 minute\" \/>\n<script type=\"application\/ld+json\" class=\"yoast-schema-graph\">{\"@context\":\"https:\/\/schema.org\",\"@graph\":[{\"@type\":\"WebPage\",\"@id\":\"https:\/\/sp-dz.com\/produit\/polo-elevate\/\",\"url\":\"https:\/\/sp-dz.com\/produit\/polo-elevate\/\",\"name\":\"Polo Elevate - S\u00e9lection Priv\u00e9e\",\"isPartOf\":{\"@id\":\"https:\/\/sp-dz.com\/fr\/#website\"},\"primaryImageOfPage\":{\"@id\":\"https:\/\/sp-dz.com\/produit\/polo-elevate\/#primaryimage\"},\"image\":{\"@id\":\"https:\/\/sp-dz.com\/produit\/polo-elevate\/#primaryimage\"},\"thumbnailUrl\":\"https:\/\/sp-dz.com\/wp-content\/uploads\/2024\/09\/1-58.jpg\",\"datePublished\":\"2024-09-16T16:28:07+00:00\",\"dateModified\":\"2024-10-17T08:46:17+00:00\",\"breadcrumb\":{\"@id\":\"https:\/\/sp-dz.com\/produit\/polo-elevate\/#breadcrumb\"},\"inLanguage\":\"fr-FR\",\"potentialAction\":[{\"@type\":\"ReadAction\",\"target\":[\"https:\/\/sp-dz.com\/produit\/polo-elevate\/\"]}]},{\"@type\":\"ImageObject\",\"inLanguage\":\"fr-FR\",\"@id\":\"https:\/\/sp-dz.com\/produit\/polo-elevate\/#primaryimage\",\"url\":\"https:\/\/sp-dz.com\/wp-content\/uploads\/2024\/09\/1-58.jpg\",\"contentUrl\":\"https:\/\/sp-dz.com\/wp-content\/uploads\/2024\/09\/1-58.jpg\",\"width\":416,\"height\":500},{\"@type\":\"BreadcrumbList\",\"@id\":\"https:\/\/sp-dz.com\/produit\/polo-elevate\/#breadcrumb\",\"itemListElement\":[{\"@type\":\"ListItem\",\"position\":1,\"name\":\"Accueil\",\"item\":\"https:\/\/sp-dz.com\/fr\/\"},{\"@type\":\"ListItem\",\"position\":2,\"name\":\"Boutique\",\"item\":\"https:\/\/sp-dz.com\/fr\/boutique\/\"},{\"@type\":\"ListItem\",\"position\":3,\"name\":\"Polo Elevate\"}]},{\"@type\":\"WebSite\",\"@id\":\"https:\/\/sp-dz.com\/fr\/#website\",\"url\":\"https:\/\/sp-dz.com\/fr\/\",\"name\":\"S\u00e9lection Priv\u00e9e\",\"description\":\"Only for Members\",\"potentialAction\":[{\"@type\":\"SearchAction\",\"target\":{\"@type\":\"EntryPoint\",\"urlTemplate\":\"https:\/\/sp-dz.com\/fr\/?s={search_term_string}\"},\"query-input\":{\"@type\":\"PropertyValueSpecification\",\"valueRequired\":true,\"valueName\":\"search_term_string\"}}],\"inLanguage\":\"fr-FR\"}]}<\/script>\n<!-- \/ Yoast SEO plugin. -->","yoast_head_json":{"title":"Polo Elevate - S\u00e9lection Priv\u00e9e","robots":{"index":"index","follow":"follow","max-snippet":"max-snippet:-1","max-image-preview":"max-image-preview:large","max-video-preview":"max-video-preview:-1"},"canonical":"https:\/\/sp-dz.com\/fr\/produit\/polo-elevate\/","og_locale":"fr_FR","og_type":"article","og_title":"Polo Elevate - S\u00e9lection Priv\u00e9e","og_description":"Polo \u00e0 manches courtes avec col rabattu et ouverture \u00e0 2 boutons.","og_url":"https:\/\/sp-dz.com\/fr\/produit\/polo-elevate\/","og_site_name":"S\u00e9lection Priv\u00e9e","article_modified_time":"2024-10-17T08:46:17+00:00","og_image":[{"width":416,"height":500,"url":"https:\/\/sp-dz.com\/wp-content\/uploads\/2024\/09\/1-58.jpg","type":"image\/jpeg"}],"twitter_card":"summary_large_image","twitter_misc":{"Dur\u00e9e de lecture estim\u00e9e":"1 minute"},"schema":{"@context":"https:\/\/schema.org","@graph":[{"@type":"WebPage","@id":"https:\/\/sp-dz.com\/produit\/polo-elevate\/","url":"https:\/\/sp-dz.com\/produit\/polo-elevate\/","name":"Polo Elevate - S\u00e9lection Priv\u00e9e","isPartOf":{"@id":"https:\/\/sp-dz.com\/fr\/#website"},"primaryImageOfPage":{"@id":"https:\/\/sp-dz.com\/produit\/polo-elevate\/#primaryimage"},"image":{"@id":"https:\/\/sp-dz.com\/produit\/polo-elevate\/#primaryimage"},"thumbnailUrl":"https:\/\/sp-dz.com\/wp-content\/uploads\/2024\/09\/1-58.jpg","datePublished":"2024-09-16T16:28:07+00:00","dateModified":"2024-10-17T08:46:17+00:00","breadcrumb":{"@id":"https:\/\/sp-dz.com\/produit\/polo-elevate\/#breadcrumb"},"inLanguage":"fr-FR","potentialAction":[{"@type":"ReadAction","target":["https:\/\/sp-dz.com\/produit\/polo-elevate\/"]}]},{"@type":"ImageObject","inLanguage":"fr-FR","@id":"https:\/\/sp-dz.com\/produit\/polo-elevate\/#primaryimage","url":"https:\/\/sp-dz.com\/wp-content\/uploads\/2024\/09\/1-58.jpg","contentUrl":"https:\/\/sp-dz.com\/wp-content\/uploads\/2024\/09\/1-58.jpg","width":416,"height":500},{"@type":"BreadcrumbList","@id":"https:\/\/sp-dz.com\/produit\/polo-elevate\/#breadcrumb","itemListElement":[{"@type":"ListItem","position":1,"name":"Accueil","item":"https:\/\/sp-dz.com\/fr\/"},{"@type":"ListItem","position":2,"name":"Boutique","item":"https:\/\/sp-dz.com\/fr\/boutique\/"},{"@type":"ListItem","position":3,"name":"Polo Elevate"}]},{"@type":"WebSite","@id":"https:\/\/sp-dz.com\/fr\/#website","url":"https:\/\/sp-dz.com\/fr\/","name":"S\u00e9lection Priv\u00e9e","description":"Only for Members","potentialAction":[{"@type":"SearchAction","target":{"@type":"EntryPoint","urlTemplate":"https:\/\/sp-dz.com\/fr\/?s={search_term_string}"},"query-input":{"@type":"PropertyValueSpecification","valueRequired":true,"valueName":"search_term_string"}}],"inLanguage":"fr-FR"}]}},"_links":{"self":[{"href":"https:\/\/sp-dz.com\/fr\/wp-json\/wp\/v2\/product\/13158","targetHints":{"allow":["GET"]}}],"collection":[{"href":"https:\/\/sp-dz.com\/fr\/wp-json\/wp\/v2\/product"}],"about":[{"href":"https:\/\/sp-dz.com\/fr\/wp-json\/wp\/v2\/types\/product"}],"version-history":[{"count":2,"href":"https:\/\/sp-dz.com\/fr\/wp-json\/wp\/v2\/product\/13158\/revisions"}],"predecessor-version":[{"id":13383,"href":"https:\/\/sp-dz.com\/fr\/wp-json\/wp\/v2\/product\/13158\/revisions\/13383"}],"wp:featuredmedia":[{"embeddable":true,"href":"https:\/\/sp-dz.com\/fr\/wp-json\/wp\/v2\/media\/13165"}],"wp:attachment":[{"href":"https:\/\/sp-dz.com\/fr\/wp-json\/wp\/v2\/media?parent=13158"}],"wp:term":[{"taxonomy":"product_brand","embeddable":true,"href":"https:\/\/sp-dz.com\/fr\/wp-json\/wp\/v2\/product_brand?post=13158"},{"taxonomy":"product_cat","embeddable":true,"href":"https:\/\/sp-dz.com\/fr\/wp-json\/wp\/v2\/product_cat?post=13158"},{"taxonomy":"product_tag","embeddable":true,"href":"https:\/\/sp-dz.com\/fr\/wp-json\/wp\/v2\/product_tag?post=13158"}],"curies":[{"name":"wp","href":"https:\/\/api.w.org\/{rel}","templated":true}]}}