{"id":13124,"date":"2024-09-14T23:41:20","date_gmt":"2024-09-14T22:41:20","guid":{"rendered":"https:\/\/sp.com.dz\/?post_type=product&#038;p=13124"},"modified":"2024-11-25T10:18:05","modified_gmt":"2024-11-25T09:18:05","slug":"chemise-hm","status":"publish","type":"product","link":"https:\/\/sp-dz.com\/fr\/produit\/chemise-hm\/","title":{"rendered":"Chemise H&#038;M"},"content":{"rendered":"<h3 class=\"text-s product-popup-subtitle\">Caract\u00e9ristiques de base<\/h3>\n<p>Chemise en coton \u00e0 motif tiss\u00e9. Dot\u00e9e d&rsquo;un col et d&rsquo;une fermeture boutonn\u00e9e \u00e0 l&rsquo;avant. Les manches longues se terminent par une fente et un poignet boutonn\u00e9. Le dos est l\u00e9g\u00e8rement plus long.<\/p>\n<h3 class=\"text-s product-popup-subtitle\">Composition<\/h3>\n<p>100% Coton<\/p>\n<h3 class=\"text-s product-popup-subtitle\">Code produit<\/h3>\n<p>61V868OR<\/p>\n<h3 class=\"text-s product-popup-subtitle\">Entretien<\/h3>\n<p>Lavage en machine \u00e0 une temp\u00e9rature maximale de 30\u00b0C.<\/p>\n","protected":false},"excerpt":{"rendered":"<p>Chemise en coton \u00e0 motif tiss\u00e9. Dot\u00e9e d&rsquo;un col et d&rsquo;une fermeture boutonn\u00e9e \u00e0 l&rsquo;avant. Les manches longues se terminent par une fente et un poignet boutonn\u00e9. Le dos est l\u00e9g\u00e8rement plus long.<\/p>\n","protected":false},"featured_media":13127,"template":"","meta":[],"product_brand":[],"product_cat":[106,31],"product_tag":[],"class_list":{"0":"post-13124","1":"product","2":"type-product","3":"status-publish","4":"has-post-thumbnail","6":"product_cat-garcon","7":"product_cat-enfant","9":"first","10":"instock","11":"shipping-taxable","12":"purchasable","13":"product-type-variable"},"yoast_head":"<!-- This site is optimized with the Yoast SEO plugin v26.9 - https:\/\/yoast.com\/product\/yoast-seo-wordpress\/ -->\n<title>Chemise H&amp;M - S\u00e9lection Priv\u00e9e<\/title>\n<meta name=\"robots\" content=\"index, follow, max-snippet:-1, max-image-preview:large, max-video-preview:-1\" \/>\n<link rel=\"canonical\" href=\"https:\/\/sp-dz.com\/fr\/produit\/chemise-hm\/\" \/>\n<meta property=\"og:locale\" content=\"fr_FR\" \/>\n<meta property=\"og:type\" content=\"article\" \/>\n<meta property=\"og:title\" content=\"Chemise H&amp;M - S\u00e9lection Priv\u00e9e\" \/>\n<meta property=\"og:description\" content=\"Chemise en coton \u00e0 motif tiss\u00e9. Dot\u00e9e d&#039;un col et d&#039;une fermeture boutonn\u00e9e \u00e0 l&#039;avant. Les manches longues se terminent par une fente et un poignet boutonn\u00e9. Le dos est l\u00e9g\u00e8rement plus long.\" \/>\n<meta property=\"og:url\" content=\"https:\/\/sp-dz.com\/fr\/produit\/chemise-hm\/\" \/>\n<meta property=\"og:site_name\" content=\"S\u00e9lection Priv\u00e9e\" \/>\n<meta property=\"article:modified_time\" content=\"2024-11-25T09:18:05+00:00\" \/>\n<meta property=\"og:image\" content=\"https:\/\/sp-dz.com\/wp-content\/uploads\/2024\/09\/1-54.jpg\" \/>\n\t<meta property=\"og:image:width\" content=\"1536\" \/>\n\t<meta property=\"og:image:height\" content=\"1844\" \/>\n\t<meta property=\"og:image:type\" content=\"image\/jpeg\" \/>\n<meta name=\"twitter:card\" content=\"summary_large_image\" \/>\n<meta name=\"twitter:label1\" content=\"Dur\u00e9e de lecture estim\u00e9e\" \/>\n\t<meta name=\"twitter:data1\" content=\"1 minute\" \/>\n<script type=\"application\/ld+json\" class=\"yoast-schema-graph\">{\"@context\":\"https:\/\/schema.org\",\"@graph\":[{\"@type\":\"WebPage\",\"@id\":\"https:\/\/sp-dz.com\/produit\/chemise-hm\/\",\"url\":\"https:\/\/sp-dz.com\/produit\/chemise-hm\/\",\"name\":\"Chemise H&M - S\u00e9lection Priv\u00e9e\",\"isPartOf\":{\"@id\":\"https:\/\/sp-dz.com\/fr\/#website\"},\"primaryImageOfPage\":{\"@id\":\"https:\/\/sp-dz.com\/produit\/chemise-hm\/#primaryimage\"},\"image\":{\"@id\":\"https:\/\/sp-dz.com\/produit\/chemise-hm\/#primaryimage\"},\"thumbnailUrl\":\"https:\/\/sp-dz.com\/wp-content\/uploads\/2024\/09\/1-54.jpg\",\"datePublished\":\"2024-09-14T22:41:20+00:00\",\"dateModified\":\"2024-11-25T09:18:05+00:00\",\"breadcrumb\":{\"@id\":\"https:\/\/sp-dz.com\/produit\/chemise-hm\/#breadcrumb\"},\"inLanguage\":\"fr-FR\",\"potentialAction\":[{\"@type\":\"ReadAction\",\"target\":[\"https:\/\/sp-dz.com\/produit\/chemise-hm\/\"]}]},{\"@type\":\"ImageObject\",\"inLanguage\":\"fr-FR\",\"@id\":\"https:\/\/sp-dz.com\/produit\/chemise-hm\/#primaryimage\",\"url\":\"https:\/\/sp-dz.com\/wp-content\/uploads\/2024\/09\/1-54.jpg\",\"contentUrl\":\"https:\/\/sp-dz.com\/wp-content\/uploads\/2024\/09\/1-54.jpg\",\"width\":1536,\"height\":1844},{\"@type\":\"BreadcrumbList\",\"@id\":\"https:\/\/sp-dz.com\/produit\/chemise-hm\/#breadcrumb\",\"itemListElement\":[{\"@type\":\"ListItem\",\"position\":1,\"name\":\"Accueil\",\"item\":\"https:\/\/sp-dz.com\/fr\/\"},{\"@type\":\"ListItem\",\"position\":2,\"name\":\"Boutique\",\"item\":\"https:\/\/sp-dz.com\/fr\/boutique\/\"},{\"@type\":\"ListItem\",\"position\":3,\"name\":\"Chemise H&#038;M\"}]},{\"@type\":\"WebSite\",\"@id\":\"https:\/\/sp-dz.com\/fr\/#website\",\"url\":\"https:\/\/sp-dz.com\/fr\/\",\"name\":\"S\u00e9lection Priv\u00e9e\",\"description\":\"Only for Members\",\"potentialAction\":[{\"@type\":\"SearchAction\",\"target\":{\"@type\":\"EntryPoint\",\"urlTemplate\":\"https:\/\/sp-dz.com\/fr\/?s={search_term_string}\"},\"query-input\":{\"@type\":\"PropertyValueSpecification\",\"valueRequired\":true,\"valueName\":\"search_term_string\"}}],\"inLanguage\":\"fr-FR\"}]}<\/script>\n<!-- \/ Yoast SEO plugin. -->","yoast_head_json":{"title":"Chemise H&M - S\u00e9lection Priv\u00e9e","robots":{"index":"index","follow":"follow","max-snippet":"max-snippet:-1","max-image-preview":"max-image-preview:large","max-video-preview":"max-video-preview:-1"},"canonical":"https:\/\/sp-dz.com\/fr\/produit\/chemise-hm\/","og_locale":"fr_FR","og_type":"article","og_title":"Chemise H&M - S\u00e9lection Priv\u00e9e","og_description":"Chemise en coton \u00e0 motif tiss\u00e9. Dot\u00e9e d'un col et d'une fermeture boutonn\u00e9e \u00e0 l'avant. Les manches longues se terminent par une fente et un poignet boutonn\u00e9. Le dos est l\u00e9g\u00e8rement plus long.","og_url":"https:\/\/sp-dz.com\/fr\/produit\/chemise-hm\/","og_site_name":"S\u00e9lection Priv\u00e9e","article_modified_time":"2024-11-25T09:18:05+00:00","og_image":[{"width":1536,"height":1844,"url":"https:\/\/sp-dz.com\/wp-content\/uploads\/2024\/09\/1-54.jpg","type":"image\/jpeg"}],"twitter_card":"summary_large_image","twitter_misc":{"Dur\u00e9e de lecture estim\u00e9e":"1 minute"},"schema":{"@context":"https:\/\/schema.org","@graph":[{"@type":"WebPage","@id":"https:\/\/sp-dz.com\/produit\/chemise-hm\/","url":"https:\/\/sp-dz.com\/produit\/chemise-hm\/","name":"Chemise H&M - S\u00e9lection Priv\u00e9e","isPartOf":{"@id":"https:\/\/sp-dz.com\/fr\/#website"},"primaryImageOfPage":{"@id":"https:\/\/sp-dz.com\/produit\/chemise-hm\/#primaryimage"},"image":{"@id":"https:\/\/sp-dz.com\/produit\/chemise-hm\/#primaryimage"},"thumbnailUrl":"https:\/\/sp-dz.com\/wp-content\/uploads\/2024\/09\/1-54.jpg","datePublished":"2024-09-14T22:41:20+00:00","dateModified":"2024-11-25T09:18:05+00:00","breadcrumb":{"@id":"https:\/\/sp-dz.com\/produit\/chemise-hm\/#breadcrumb"},"inLanguage":"fr-FR","potentialAction":[{"@type":"ReadAction","target":["https:\/\/sp-dz.com\/produit\/chemise-hm\/"]}]},{"@type":"ImageObject","inLanguage":"fr-FR","@id":"https:\/\/sp-dz.com\/produit\/chemise-hm\/#primaryimage","url":"https:\/\/sp-dz.com\/wp-content\/uploads\/2024\/09\/1-54.jpg","contentUrl":"https:\/\/sp-dz.com\/wp-content\/uploads\/2024\/09\/1-54.jpg","width":1536,"height":1844},{"@type":"BreadcrumbList","@id":"https:\/\/sp-dz.com\/produit\/chemise-hm\/#breadcrumb","itemListElement":[{"@type":"ListItem","position":1,"name":"Accueil","item":"https:\/\/sp-dz.com\/fr\/"},{"@type":"ListItem","position":2,"name":"Boutique","item":"https:\/\/sp-dz.com\/fr\/boutique\/"},{"@type":"ListItem","position":3,"name":"Chemise H&#038;M"}]},{"@type":"WebSite","@id":"https:\/\/sp-dz.com\/fr\/#website","url":"https:\/\/sp-dz.com\/fr\/","name":"S\u00e9lection Priv\u00e9e","description":"Only for Members","potentialAction":[{"@type":"SearchAction","target":{"@type":"EntryPoint","urlTemplate":"https:\/\/sp-dz.com\/fr\/?s={search_term_string}"},"query-input":{"@type":"PropertyValueSpecification","valueRequired":true,"valueName":"search_term_string"}}],"inLanguage":"fr-FR"}]}},"_links":{"self":[{"href":"https:\/\/sp-dz.com\/fr\/wp-json\/wp\/v2\/product\/13124","targetHints":{"allow":["GET"]}}],"collection":[{"href":"https:\/\/sp-dz.com\/fr\/wp-json\/wp\/v2\/product"}],"about":[{"href":"https:\/\/sp-dz.com\/fr\/wp-json\/wp\/v2\/types\/product"}],"version-history":[{"count":3,"href":"https:\/\/sp-dz.com\/fr\/wp-json\/wp\/v2\/product\/13124\/revisions"}],"predecessor-version":[{"id":13211,"href":"https:\/\/sp-dz.com\/fr\/wp-json\/wp\/v2\/product\/13124\/revisions\/13211"}],"wp:featuredmedia":[{"embeddable":true,"href":"https:\/\/sp-dz.com\/fr\/wp-json\/wp\/v2\/media\/13127"}],"wp:attachment":[{"href":"https:\/\/sp-dz.com\/fr\/wp-json\/wp\/v2\/media?parent=13124"}],"wp:term":[{"taxonomy":"product_brand","embeddable":true,"href":"https:\/\/sp-dz.com\/fr\/wp-json\/wp\/v2\/product_brand?post=13124"},{"taxonomy":"product_cat","embeddable":true,"href":"https:\/\/sp-dz.com\/fr\/wp-json\/wp\/v2\/product_cat?post=13124"},{"taxonomy":"product_tag","embeddable":true,"href":"https:\/\/sp-dz.com\/fr\/wp-json\/wp\/v2\/product_tag?post=13124"}],"curies":[{"name":"wp","href":"https:\/\/api.w.org\/{rel}","templated":true}]}}