{"id":13118,"date":"2024-09-14T23:30:04","date_gmt":"2024-09-14T22:30:04","guid":{"rendered":"https:\/\/sp.com.dz\/?post_type=product&#038;p=13118"},"modified":"2024-10-14T11:53:51","modified_gmt":"2024-10-14T10:53:51","slug":"jean-new-look","status":"publish","type":"product","link":"https:\/\/sp-dz.com\/fr\/produit\/jean-new-look\/","title":{"rendered":"Jean New Look"},"content":{"rendered":"<h3 class=\"text-s product-popup-subtitle\">Caract\u00e9ristiques de base<\/h3>\n<p>Jean bleu fonc\u00e9 \u00e0 coupe skinny, offrant une silhouette harmonieuse et flatteuse. Il dispose de 5 poches classiques, alliant praticit\u00e9 et style contemporain.<\/p>\n<h3 class=\"text-s product-popup-subtitle\">Composition<\/h3>\n<p>84% Coton<\/p>\n<p>9% Polyester<\/p>\n<p>5% Viscose<\/p>\n<p>2% Elasthanne<\/p>\n<h3 class=\"text-s product-popup-subtitle\">Code produit<\/h3>\n<p>G9IUSM54<\/p>\n<h3 class=\"text-s product-popup-subtitle\">Entretien<\/h3>\n<p>Lavage en machine \u00e0 une temp\u00e9rature maximale de 30\u00b0C.<\/p>\n","protected":false},"excerpt":{"rendered":"<p>Jean bleu fonc\u00e9 \u00e0 coupe skinny, offrant une silhouette harmonieuse et flatteuse. Il dispose de 5 poches classiques, alliant praticit\u00e9 et style contemporain.<\/p>\n","protected":false},"featured_media":13119,"template":"","meta":[],"product_brand":[],"product_cat":[80,30],"product_tag":[],"class_list":{"0":"post-13118","1":"product","2":"type-product","3":"status-publish","4":"has-post-thumbnail","6":"product_cat-jean","7":"product_cat-femme","9":"first","10":"instock","11":"shipping-taxable","12":"purchasable","13":"product-type-simple"},"yoast_head":"<!-- This site is optimized with the Yoast SEO plugin v26.9 - https:\/\/yoast.com\/product\/yoast-seo-wordpress\/ -->\n<title>Jean New Look - S\u00e9lection Priv\u00e9e<\/title>\n<meta name=\"robots\" content=\"index, follow, max-snippet:-1, max-image-preview:large, max-video-preview:-1\" \/>\n<link rel=\"canonical\" href=\"https:\/\/sp-dz.com\/fr\/produit\/jean-new-look\/\" \/>\n<meta property=\"og:locale\" content=\"fr_FR\" \/>\n<meta property=\"og:type\" content=\"article\" \/>\n<meta property=\"og:title\" content=\"Jean New Look - S\u00e9lection Priv\u00e9e\" \/>\n<meta property=\"og:description\" content=\"Jean bleu fonc\u00e9 \u00e0 coupe skinny, offrant une silhouette harmonieuse et flatteuse. Il dispose de 5 poches classiques, alliant praticit\u00e9 et style contemporain.\" \/>\n<meta property=\"og:url\" content=\"https:\/\/sp-dz.com\/fr\/produit\/jean-new-look\/\" \/>\n<meta property=\"og:site_name\" content=\"S\u00e9lection Priv\u00e9e\" \/>\n<meta property=\"article:modified_time\" content=\"2024-10-14T10:53:51+00:00\" \/>\n<meta property=\"og:image\" content=\"https:\/\/sp-dz.com\/wp-content\/uploads\/2024\/09\/4s-scaled.jpg\" \/>\n\t<meta property=\"og:image:width\" content=\"2134\" \/>\n\t<meta property=\"og:image:height\" content=\"2560\" \/>\n\t<meta property=\"og:image:type\" content=\"image\/jpeg\" \/>\n<meta name=\"twitter:card\" content=\"summary_large_image\" \/>\n<meta name=\"twitter:label1\" content=\"Dur\u00e9e de lecture estim\u00e9e\" \/>\n\t<meta name=\"twitter:data1\" content=\"1 minute\" \/>\n<script type=\"application\/ld+json\" class=\"yoast-schema-graph\">{\"@context\":\"https:\/\/schema.org\",\"@graph\":[{\"@type\":\"WebPage\",\"@id\":\"https:\/\/sp-dz.com\/produit\/jean-new-look\/\",\"url\":\"https:\/\/sp-dz.com\/produit\/jean-new-look\/\",\"name\":\"Jean New Look - S\u00e9lection Priv\u00e9e\",\"isPartOf\":{\"@id\":\"https:\/\/sp-dz.com\/fr\/#website\"},\"primaryImageOfPage\":{\"@id\":\"https:\/\/sp-dz.com\/produit\/jean-new-look\/#primaryimage\"},\"image\":{\"@id\":\"https:\/\/sp-dz.com\/produit\/jean-new-look\/#primaryimage\"},\"thumbnailUrl\":\"https:\/\/sp-dz.com\/wp-content\/uploads\/2024\/09\/4s-scaled.jpg\",\"datePublished\":\"2024-09-14T22:30:04+00:00\",\"dateModified\":\"2024-10-14T10:53:51+00:00\",\"breadcrumb\":{\"@id\":\"https:\/\/sp-dz.com\/produit\/jean-new-look\/#breadcrumb\"},\"inLanguage\":\"fr-FR\",\"potentialAction\":[{\"@type\":\"ReadAction\",\"target\":[\"https:\/\/sp-dz.com\/produit\/jean-new-look\/\"]}]},{\"@type\":\"ImageObject\",\"inLanguage\":\"fr-FR\",\"@id\":\"https:\/\/sp-dz.com\/produit\/jean-new-look\/#primaryimage\",\"url\":\"https:\/\/sp-dz.com\/wp-content\/uploads\/2024\/09\/4s-scaled.jpg\",\"contentUrl\":\"https:\/\/sp-dz.com\/wp-content\/uploads\/2024\/09\/4s-scaled.jpg\",\"width\":2134,\"height\":2560},{\"@type\":\"BreadcrumbList\",\"@id\":\"https:\/\/sp-dz.com\/produit\/jean-new-look\/#breadcrumb\",\"itemListElement\":[{\"@type\":\"ListItem\",\"position\":1,\"name\":\"Accueil\",\"item\":\"https:\/\/sp-dz.com\/fr\/\"},{\"@type\":\"ListItem\",\"position\":2,\"name\":\"Boutique\",\"item\":\"https:\/\/sp-dz.com\/fr\/boutique\/\"},{\"@type\":\"ListItem\",\"position\":3,\"name\":\"Jean New Look\"}]},{\"@type\":\"WebSite\",\"@id\":\"https:\/\/sp-dz.com\/fr\/#website\",\"url\":\"https:\/\/sp-dz.com\/fr\/\",\"name\":\"S\u00e9lection Priv\u00e9e\",\"description\":\"Only for Members\",\"potentialAction\":[{\"@type\":\"SearchAction\",\"target\":{\"@type\":\"EntryPoint\",\"urlTemplate\":\"https:\/\/sp-dz.com\/fr\/?s={search_term_string}\"},\"query-input\":{\"@type\":\"PropertyValueSpecification\",\"valueRequired\":true,\"valueName\":\"search_term_string\"}}],\"inLanguage\":\"fr-FR\"}]}<\/script>\n<!-- \/ Yoast SEO plugin. -->","yoast_head_json":{"title":"Jean New Look - S\u00e9lection Priv\u00e9e","robots":{"index":"index","follow":"follow","max-snippet":"max-snippet:-1","max-image-preview":"max-image-preview:large","max-video-preview":"max-video-preview:-1"},"canonical":"https:\/\/sp-dz.com\/fr\/produit\/jean-new-look\/","og_locale":"fr_FR","og_type":"article","og_title":"Jean New Look - S\u00e9lection Priv\u00e9e","og_description":"Jean bleu fonc\u00e9 \u00e0 coupe skinny, offrant une silhouette harmonieuse et flatteuse. Il dispose de 5 poches classiques, alliant praticit\u00e9 et style contemporain.","og_url":"https:\/\/sp-dz.com\/fr\/produit\/jean-new-look\/","og_site_name":"S\u00e9lection Priv\u00e9e","article_modified_time":"2024-10-14T10:53:51+00:00","og_image":[{"width":2134,"height":2560,"url":"https:\/\/sp-dz.com\/wp-content\/uploads\/2024\/09\/4s-scaled.jpg","type":"image\/jpeg"}],"twitter_card":"summary_large_image","twitter_misc":{"Dur\u00e9e de lecture estim\u00e9e":"1 minute"},"schema":{"@context":"https:\/\/schema.org","@graph":[{"@type":"WebPage","@id":"https:\/\/sp-dz.com\/produit\/jean-new-look\/","url":"https:\/\/sp-dz.com\/produit\/jean-new-look\/","name":"Jean New Look - S\u00e9lection Priv\u00e9e","isPartOf":{"@id":"https:\/\/sp-dz.com\/fr\/#website"},"primaryImageOfPage":{"@id":"https:\/\/sp-dz.com\/produit\/jean-new-look\/#primaryimage"},"image":{"@id":"https:\/\/sp-dz.com\/produit\/jean-new-look\/#primaryimage"},"thumbnailUrl":"https:\/\/sp-dz.com\/wp-content\/uploads\/2024\/09\/4s-scaled.jpg","datePublished":"2024-09-14T22:30:04+00:00","dateModified":"2024-10-14T10:53:51+00:00","breadcrumb":{"@id":"https:\/\/sp-dz.com\/produit\/jean-new-look\/#breadcrumb"},"inLanguage":"fr-FR","potentialAction":[{"@type":"ReadAction","target":["https:\/\/sp-dz.com\/produit\/jean-new-look\/"]}]},{"@type":"ImageObject","inLanguage":"fr-FR","@id":"https:\/\/sp-dz.com\/produit\/jean-new-look\/#primaryimage","url":"https:\/\/sp-dz.com\/wp-content\/uploads\/2024\/09\/4s-scaled.jpg","contentUrl":"https:\/\/sp-dz.com\/wp-content\/uploads\/2024\/09\/4s-scaled.jpg","width":2134,"height":2560},{"@type":"BreadcrumbList","@id":"https:\/\/sp-dz.com\/produit\/jean-new-look\/#breadcrumb","itemListElement":[{"@type":"ListItem","position":1,"name":"Accueil","item":"https:\/\/sp-dz.com\/fr\/"},{"@type":"ListItem","position":2,"name":"Boutique","item":"https:\/\/sp-dz.com\/fr\/boutique\/"},{"@type":"ListItem","position":3,"name":"Jean New Look"}]},{"@type":"WebSite","@id":"https:\/\/sp-dz.com\/fr\/#website","url":"https:\/\/sp-dz.com\/fr\/","name":"S\u00e9lection Priv\u00e9e","description":"Only for Members","potentialAction":[{"@type":"SearchAction","target":{"@type":"EntryPoint","urlTemplate":"https:\/\/sp-dz.com\/fr\/?s={search_term_string}"},"query-input":{"@type":"PropertyValueSpecification","valueRequired":true,"valueName":"search_term_string"}}],"inLanguage":"fr-FR"}]}},"_links":{"self":[{"href":"https:\/\/sp-dz.com\/fr\/wp-json\/wp\/v2\/product\/13118","targetHints":{"allow":["GET"]}}],"collection":[{"href":"https:\/\/sp-dz.com\/fr\/wp-json\/wp\/v2\/product"}],"about":[{"href":"https:\/\/sp-dz.com\/fr\/wp-json\/wp\/v2\/types\/product"}],"version-history":[{"count":3,"href":"https:\/\/sp-dz.com\/fr\/wp-json\/wp\/v2\/product\/13118\/revisions"}],"predecessor-version":[{"id":13427,"href":"https:\/\/sp-dz.com\/fr\/wp-json\/wp\/v2\/product\/13118\/revisions\/13427"}],"wp:featuredmedia":[{"embeddable":true,"href":"https:\/\/sp-dz.com\/fr\/wp-json\/wp\/v2\/media\/13119"}],"wp:attachment":[{"href":"https:\/\/sp-dz.com\/fr\/wp-json\/wp\/v2\/media?parent=13118"}],"wp:term":[{"taxonomy":"product_brand","embeddable":true,"href":"https:\/\/sp-dz.com\/fr\/wp-json\/wp\/v2\/product_brand?post=13118"},{"taxonomy":"product_cat","embeddable":true,"href":"https:\/\/sp-dz.com\/fr\/wp-json\/wp\/v2\/product_cat?post=13118"},{"taxonomy":"product_tag","embeddable":true,"href":"https:\/\/sp-dz.com\/fr\/wp-json\/wp\/v2\/product_tag?post=13118"}],"curies":[{"name":"wp","href":"https:\/\/api.w.org\/{rel}","templated":true}]}}