{"id":13102,"date":"2024-09-14T23:02:40","date_gmt":"2024-09-14T22:02:40","guid":{"rendered":"https:\/\/sp.com.dz\/?post_type=product&#038;p=13102"},"modified":"2024-11-26T13:28:34","modified_gmt":"2024-11-26T12:28:34","slug":"robe-vila","status":"publish","type":"product","link":"https:\/\/sp-dz.com\/fr\/produit\/robe-vila\/","title":{"rendered":"Robe Vila"},"content":{"rendered":"<h3 class=\"text-s product-popup-subtitle\">Caract\u00e9ristiques de base<\/h3>\n<p>Cette \u00e9l\u00e9gante robe courte confectionn\u00e9e dans un tissu fluide et l\u00e9ger, parfaite pour allier confort et style. De couleur kaki, elle se distingue par son col en V qui apporte une touche de f\u00e9minit\u00e9 et d&rsquo;\u00e9l\u00e9gance \u00e0 l&rsquo;ensemble. Pour mettre en valeur la silhouette, la robe est accompagn\u00e9e d&rsquo;une ceinture assortie, offrant la possibilit\u00e9 de l&rsquo;ajuster selon vos envies. Id\u00e9ale pour une journ\u00e9e d\u00e9contract\u00e9e ou une soir\u00e9e estivale, cette pi\u00e8ce intemporelle s&rsquo;adapte facilement \u00e0 toutes les occasions, tout en mettant en valeur votre allure avec subtilit\u00e9 et raffinement.<\/p>\n<p>.<\/p>\n<h3 class=\"text-s product-popup-subtitle\">Composition<\/h3>\n<p>70% Tencel<\/p>\n<p>30% Polyester<\/p>\n<h3 class=\"text-s product-popup-subtitle\">Code produit<\/h3>\n<p>5JDQ4IRB<\/p>\n<h3 class=\"text-s product-popup-subtitle\">Entretien<\/h3>\n<p>Lavage en machine \u00e0 une temp\u00e9rature maximale de 30\u00b0C.<\/p>\n","protected":false},"excerpt":{"rendered":"<p>Cette \u00e9l\u00e9gante robe courte confectionn\u00e9e dans un tissu fluide et l\u00e9ger, parfaite pour allier confort et style. De couleur kaki, elle se distingue par son col en V qui apporte une touche de f\u00e9minit\u00e9 et d&rsquo;\u00e9l\u00e9gance \u00e0 l&rsquo;ensemble. Pour mettre en valeur la silhouette, la robe est accompagn\u00e9e d&rsquo;une ceinture assortie, offrant la possibilit\u00e9 de l&rsquo;ajuster selon vos envies. Id\u00e9ale pour une journ\u00e9e d\u00e9contract\u00e9e ou une soir\u00e9e estivale, cette pi\u00e8ce intemporelle s&rsquo;adapte facilement \u00e0 toutes les occasions, tout en mettant en valeur votre allure avec subtilit\u00e9 et raffinement.<\/p>\n","protected":false},"featured_media":13103,"template":"","meta":[],"product_brand":[],"product_cat":[73,30],"product_tag":[],"class_list":{"0":"post-13102","1":"product","2":"type-product","3":"status-publish","4":"has-post-thumbnail","6":"product_cat-robe","7":"product_cat-femme","9":"first","10":"outofstock","11":"shipping-taxable","12":"purchasable","13":"product-type-simple"},"yoast_head":"<!-- This site is optimized with the Yoast SEO plugin v26.9 - https:\/\/yoast.com\/product\/yoast-seo-wordpress\/ -->\n<title>Robe Vila - S\u00e9lection Priv\u00e9e<\/title>\n<meta name=\"robots\" content=\"index, follow, max-snippet:-1, max-image-preview:large, max-video-preview:-1\" \/>\n<link rel=\"canonical\" href=\"https:\/\/sp-dz.com\/fr\/produit\/robe-vila\/\" \/>\n<meta property=\"og:locale\" content=\"fr_FR\" \/>\n<meta property=\"og:type\" content=\"article\" \/>\n<meta property=\"og:title\" content=\"Robe Vila - S\u00e9lection Priv\u00e9e\" \/>\n<meta property=\"og:description\" content=\"Cette \u00e9l\u00e9gante robe courte confectionn\u00e9e dans un tissu fluide et l\u00e9ger, parfaite pour allier confort et style. De couleur kaki, elle se distingue par son col en V qui apporte une touche de f\u00e9minit\u00e9 et d&#039;\u00e9l\u00e9gance \u00e0 l&#039;ensemble. Pour mettre en valeur la silhouette, la robe est accompagn\u00e9e d&#039;une ceinture assortie, offrant la possibilit\u00e9 de l&#039;ajuster selon vos envies. Id\u00e9ale pour une journ\u00e9e d\u00e9contract\u00e9e ou une soir\u00e9e estivale, cette pi\u00e8ce intemporelle s&#039;adapte facilement \u00e0 toutes les occasions, tout en mettant en valeur votre allure avec subtilit\u00e9 et raffinement.\" \/>\n<meta property=\"og:url\" content=\"https:\/\/sp-dz.com\/fr\/produit\/robe-vila\/\" \/>\n<meta property=\"og:site_name\" content=\"S\u00e9lection Priv\u00e9e\" \/>\n<meta property=\"article:modified_time\" content=\"2024-11-26T12:28:34+00:00\" \/>\n<meta property=\"og:image\" content=\"https:\/\/sp-dz.com\/wp-content\/uploads\/2024\/09\/4-2.jpg\" \/>\n\t<meta property=\"og:image:width\" content=\"834\" \/>\n\t<meta property=\"og:image:height\" content=\"1000\" \/>\n\t<meta property=\"og:image:type\" content=\"image\/jpeg\" \/>\n<meta name=\"twitter:card\" content=\"summary_large_image\" \/>\n<meta name=\"twitter:label1\" content=\"Dur\u00e9e de lecture estim\u00e9e\" \/>\n\t<meta name=\"twitter:data1\" content=\"1 minute\" \/>\n<script type=\"application\/ld+json\" class=\"yoast-schema-graph\">{\"@context\":\"https:\/\/schema.org\",\"@graph\":[{\"@type\":\"WebPage\",\"@id\":\"https:\/\/sp-dz.com\/produit\/robe-vila\/\",\"url\":\"https:\/\/sp-dz.com\/produit\/robe-vila\/\",\"name\":\"Robe Vila - S\u00e9lection Priv\u00e9e\",\"isPartOf\":{\"@id\":\"https:\/\/sp-dz.com\/fr\/#website\"},\"primaryImageOfPage\":{\"@id\":\"https:\/\/sp-dz.com\/produit\/robe-vila\/#primaryimage\"},\"image\":{\"@id\":\"https:\/\/sp-dz.com\/produit\/robe-vila\/#primaryimage\"},\"thumbnailUrl\":\"https:\/\/sp-dz.com\/wp-content\/uploads\/2024\/09\/4-2.jpg\",\"datePublished\":\"2024-09-14T22:02:40+00:00\",\"dateModified\":\"2024-11-26T12:28:34+00:00\",\"breadcrumb\":{\"@id\":\"https:\/\/sp-dz.com\/produit\/robe-vila\/#breadcrumb\"},\"inLanguage\":\"fr-FR\",\"potentialAction\":[{\"@type\":\"ReadAction\",\"target\":[\"https:\/\/sp-dz.com\/produit\/robe-vila\/\"]}]},{\"@type\":\"ImageObject\",\"inLanguage\":\"fr-FR\",\"@id\":\"https:\/\/sp-dz.com\/produit\/robe-vila\/#primaryimage\",\"url\":\"https:\/\/sp-dz.com\/wp-content\/uploads\/2024\/09\/4-2.jpg\",\"contentUrl\":\"https:\/\/sp-dz.com\/wp-content\/uploads\/2024\/09\/4-2.jpg\",\"width\":834,\"height\":1000},{\"@type\":\"BreadcrumbList\",\"@id\":\"https:\/\/sp-dz.com\/produit\/robe-vila\/#breadcrumb\",\"itemListElement\":[{\"@type\":\"ListItem\",\"position\":1,\"name\":\"Accueil\",\"item\":\"https:\/\/sp-dz.com\/fr\/\"},{\"@type\":\"ListItem\",\"position\":2,\"name\":\"Boutique\",\"item\":\"https:\/\/sp-dz.com\/fr\/boutique\/\"},{\"@type\":\"ListItem\",\"position\":3,\"name\":\"Robe Vila\"}]},{\"@type\":\"WebSite\",\"@id\":\"https:\/\/sp-dz.com\/fr\/#website\",\"url\":\"https:\/\/sp-dz.com\/fr\/\",\"name\":\"S\u00e9lection Priv\u00e9e\",\"description\":\"Only for Members\",\"potentialAction\":[{\"@type\":\"SearchAction\",\"target\":{\"@type\":\"EntryPoint\",\"urlTemplate\":\"https:\/\/sp-dz.com\/fr\/?s={search_term_string}\"},\"query-input\":{\"@type\":\"PropertyValueSpecification\",\"valueRequired\":true,\"valueName\":\"search_term_string\"}}],\"inLanguage\":\"fr-FR\"}]}<\/script>\n<!-- \/ Yoast SEO plugin. -->","yoast_head_json":{"title":"Robe Vila - S\u00e9lection Priv\u00e9e","robots":{"index":"index","follow":"follow","max-snippet":"max-snippet:-1","max-image-preview":"max-image-preview:large","max-video-preview":"max-video-preview:-1"},"canonical":"https:\/\/sp-dz.com\/fr\/produit\/robe-vila\/","og_locale":"fr_FR","og_type":"article","og_title":"Robe Vila - S\u00e9lection Priv\u00e9e","og_description":"Cette \u00e9l\u00e9gante robe courte confectionn\u00e9e dans un tissu fluide et l\u00e9ger, parfaite pour allier confort et style. De couleur kaki, elle se distingue par son col en V qui apporte une touche de f\u00e9minit\u00e9 et d'\u00e9l\u00e9gance \u00e0 l'ensemble. Pour mettre en valeur la silhouette, la robe est accompagn\u00e9e d'une ceinture assortie, offrant la possibilit\u00e9 de l'ajuster selon vos envies. Id\u00e9ale pour une journ\u00e9e d\u00e9contract\u00e9e ou une soir\u00e9e estivale, cette pi\u00e8ce intemporelle s'adapte facilement \u00e0 toutes les occasions, tout en mettant en valeur votre allure avec subtilit\u00e9 et raffinement.","og_url":"https:\/\/sp-dz.com\/fr\/produit\/robe-vila\/","og_site_name":"S\u00e9lection Priv\u00e9e","article_modified_time":"2024-11-26T12:28:34+00:00","og_image":[{"width":834,"height":1000,"url":"https:\/\/sp-dz.com\/wp-content\/uploads\/2024\/09\/4-2.jpg","type":"image\/jpeg"}],"twitter_card":"summary_large_image","twitter_misc":{"Dur\u00e9e de lecture estim\u00e9e":"1 minute"},"schema":{"@context":"https:\/\/schema.org","@graph":[{"@type":"WebPage","@id":"https:\/\/sp-dz.com\/produit\/robe-vila\/","url":"https:\/\/sp-dz.com\/produit\/robe-vila\/","name":"Robe Vila - S\u00e9lection Priv\u00e9e","isPartOf":{"@id":"https:\/\/sp-dz.com\/fr\/#website"},"primaryImageOfPage":{"@id":"https:\/\/sp-dz.com\/produit\/robe-vila\/#primaryimage"},"image":{"@id":"https:\/\/sp-dz.com\/produit\/robe-vila\/#primaryimage"},"thumbnailUrl":"https:\/\/sp-dz.com\/wp-content\/uploads\/2024\/09\/4-2.jpg","datePublished":"2024-09-14T22:02:40+00:00","dateModified":"2024-11-26T12:28:34+00:00","breadcrumb":{"@id":"https:\/\/sp-dz.com\/produit\/robe-vila\/#breadcrumb"},"inLanguage":"fr-FR","potentialAction":[{"@type":"ReadAction","target":["https:\/\/sp-dz.com\/produit\/robe-vila\/"]}]},{"@type":"ImageObject","inLanguage":"fr-FR","@id":"https:\/\/sp-dz.com\/produit\/robe-vila\/#primaryimage","url":"https:\/\/sp-dz.com\/wp-content\/uploads\/2024\/09\/4-2.jpg","contentUrl":"https:\/\/sp-dz.com\/wp-content\/uploads\/2024\/09\/4-2.jpg","width":834,"height":1000},{"@type":"BreadcrumbList","@id":"https:\/\/sp-dz.com\/produit\/robe-vila\/#breadcrumb","itemListElement":[{"@type":"ListItem","position":1,"name":"Accueil","item":"https:\/\/sp-dz.com\/fr\/"},{"@type":"ListItem","position":2,"name":"Boutique","item":"https:\/\/sp-dz.com\/fr\/boutique\/"},{"@type":"ListItem","position":3,"name":"Robe Vila"}]},{"@type":"WebSite","@id":"https:\/\/sp-dz.com\/fr\/#website","url":"https:\/\/sp-dz.com\/fr\/","name":"S\u00e9lection Priv\u00e9e","description":"Only for Members","potentialAction":[{"@type":"SearchAction","target":{"@type":"EntryPoint","urlTemplate":"https:\/\/sp-dz.com\/fr\/?s={search_term_string}"},"query-input":{"@type":"PropertyValueSpecification","valueRequired":true,"valueName":"search_term_string"}}],"inLanguage":"fr-FR"}]}},"_links":{"self":[{"href":"https:\/\/sp-dz.com\/fr\/wp-json\/wp\/v2\/product\/13102","targetHints":{"allow":["GET"]}}],"collection":[{"href":"https:\/\/sp-dz.com\/fr\/wp-json\/wp\/v2\/product"}],"about":[{"href":"https:\/\/sp-dz.com\/fr\/wp-json\/wp\/v2\/types\/product"}],"version-history":[{"count":4,"href":"https:\/\/sp-dz.com\/fr\/wp-json\/wp\/v2\/product\/13102\/revisions"}],"predecessor-version":[{"id":14342,"href":"https:\/\/sp-dz.com\/fr\/wp-json\/wp\/v2\/product\/13102\/revisions\/14342"}],"wp:featuredmedia":[{"embeddable":true,"href":"https:\/\/sp-dz.com\/fr\/wp-json\/wp\/v2\/media\/13103"}],"wp:attachment":[{"href":"https:\/\/sp-dz.com\/fr\/wp-json\/wp\/v2\/media?parent=13102"}],"wp:term":[{"taxonomy":"product_brand","embeddable":true,"href":"https:\/\/sp-dz.com\/fr\/wp-json\/wp\/v2\/product_brand?post=13102"},{"taxonomy":"product_cat","embeddable":true,"href":"https:\/\/sp-dz.com\/fr\/wp-json\/wp\/v2\/product_cat?post=13102"},{"taxonomy":"product_tag","embeddable":true,"href":"https:\/\/sp-dz.com\/fr\/wp-json\/wp\/v2\/product_tag?post=13102"}],"curies":[{"name":"wp","href":"https:\/\/api.w.org\/{rel}","templated":true}]}}