{"id":13069,"date":"2024-09-12T21:43:21","date_gmt":"2024-09-12T20:43:21","guid":{"rendered":"https:\/\/sp.com.dz\/?post_type=product&#038;p=13069"},"modified":"2024-11-07T10:16:26","modified_gmt":"2024-11-07T09:16:26","slug":"palladium-sols","status":"publish","type":"product","link":"https:\/\/sp-dz.com\/fr\/produit\/palladium-sols\/","title":{"rendered":"Palladium Sol&rsquo;s"},"content":{"rendered":"<h3 class=\"text-s product-popup-subtitle\">Caract\u00e9ristiques de base<\/h3>\n<p>Polo bicolore est con\u00e7u en interlock, un tissu l\u00e9ger, id\u00e9al pour la pratique sportive. Il est dot\u00e9 d&rsquo;un col zipp\u00e9 discret et de manches raglan, offrant une grande libert\u00e9 de mouvement et un confort optimal. Ses empi\u00e8cements et passepoils contrast\u00e9s ajoutent une touche de style, tandis que la fermeture zipp\u00e9e invisible compl\u00e8te un design \u00e0 la fois \u00e9l\u00e9gant et fonctionnel.<\/p>\n<p>*Photo non contractuelle<\/p>\n<h3 class=\"text-s product-popup-subtitle\">Composition<\/h3>\n<p>100% Polyester<\/p>\n<h3 class=\"text-s product-popup-subtitle\">Code produit<\/h3>\n<p>841WWX64<\/p>\n<h3 class=\"text-s product-popup-subtitle\">Entretien<\/h3>\n<p>Lavage en machine \u00e0 une temp\u00e9rature maximale de 30\u00b0C.<\/p>\n","protected":false},"excerpt":{"rendered":"<p>Polo bicolore est con\u00e7u en interlock, un tissu l\u00e9ger, id\u00e9al pour la pratique sportive. Il est dot\u00e9 d&rsquo;un col zipp\u00e9 discret et de manches raglan, offrant une grande libert\u00e9 de mouvement et un confort optimal. Ses empi\u00e8cements et passepoils contrast\u00e9s ajoutent une touche de style, tandis que la fermeture zipp\u00e9e invisible compl\u00e8te un design \u00e0 la fois \u00e9l\u00e9gant et fonctionnel.<\/p>\n","protected":false},"featured_media":13088,"template":"","meta":[],"product_brand":[],"product_cat":[93,92,22,34],"product_tag":[],"class_list":{"0":"post-13069","1":"product","2":"type-product","3":"status-publish","4":"has-post-thumbnail","6":"product_cat-polo","7":"product_cat-t-shirt","8":"product_cat-homme","9":"product_cat-sport","11":"first","12":"instock","13":"shipping-taxable","14":"purchasable","15":"product-type-variable","16":"has-default-attributes"},"yoast_head":"<!-- This site is optimized with the Yoast SEO plugin v26.9 - https:\/\/yoast.com\/product\/yoast-seo-wordpress\/ -->\n<title>Palladium Sol&#039;s - S\u00e9lection Priv\u00e9e<\/title>\n<meta name=\"robots\" content=\"index, follow, max-snippet:-1, max-image-preview:large, max-video-preview:-1\" \/>\n<link rel=\"canonical\" href=\"https:\/\/sp-dz.com\/fr\/produit\/palladium-sols\/\" \/>\n<meta property=\"og:locale\" content=\"fr_FR\" \/>\n<meta property=\"og:type\" content=\"article\" \/>\n<meta property=\"og:title\" content=\"Palladium Sol&#039;s - S\u00e9lection Priv\u00e9e\" \/>\n<meta property=\"og:description\" content=\"Polo bicolore est con\u00e7u en interlock, un tissu l\u00e9ger, id\u00e9al pour la pratique sportive. Il est dot\u00e9 d&#039;un col zipp\u00e9 discret et de manches raglan, offrant une grande libert\u00e9 de mouvement et un confort optimal. Ses empi\u00e8cements et passepoils contrast\u00e9s ajoutent une touche de style, tandis que la fermeture zipp\u00e9e invisible compl\u00e8te un design \u00e0 la fois \u00e9l\u00e9gant et fonctionnel.\" \/>\n<meta property=\"og:url\" content=\"https:\/\/sp-dz.com\/fr\/produit\/palladium-sols\/\" \/>\n<meta property=\"og:site_name\" content=\"S\u00e9lection Priv\u00e9e\" \/>\n<meta property=\"article:modified_time\" content=\"2024-11-07T09:16:26+00:00\" \/>\n<meta property=\"og:image\" content=\"https:\/\/sp-dz.com\/wp-content\/uploads\/2024\/09\/1-48.jpg\" \/>\n\t<meta property=\"og:image:width\" content=\"493\" \/>\n\t<meta property=\"og:image:height\" content=\"591\" \/>\n\t<meta property=\"og:image:type\" content=\"image\/jpeg\" \/>\n<meta name=\"twitter:card\" content=\"summary_large_image\" \/>\n<meta name=\"twitter:label1\" content=\"Dur\u00e9e de lecture estim\u00e9e\" \/>\n\t<meta name=\"twitter:data1\" content=\"1 minute\" \/>\n<script type=\"application\/ld+json\" class=\"yoast-schema-graph\">{\"@context\":\"https:\/\/schema.org\",\"@graph\":[{\"@type\":\"WebPage\",\"@id\":\"https:\/\/sp-dz.com\/produit\/palladium-sols\/\",\"url\":\"https:\/\/sp-dz.com\/produit\/palladium-sols\/\",\"name\":\"Palladium Sol's - S\u00e9lection Priv\u00e9e\",\"isPartOf\":{\"@id\":\"https:\/\/sp-dz.com\/fr\/#website\"},\"primaryImageOfPage\":{\"@id\":\"https:\/\/sp-dz.com\/produit\/palladium-sols\/#primaryimage\"},\"image\":{\"@id\":\"https:\/\/sp-dz.com\/produit\/palladium-sols\/#primaryimage\"},\"thumbnailUrl\":\"https:\/\/sp-dz.com\/wp-content\/uploads\/2024\/09\/1-48.jpg\",\"datePublished\":\"2024-09-12T20:43:21+00:00\",\"dateModified\":\"2024-11-07T09:16:26+00:00\",\"breadcrumb\":{\"@id\":\"https:\/\/sp-dz.com\/produit\/palladium-sols\/#breadcrumb\"},\"inLanguage\":\"fr-FR\",\"potentialAction\":[{\"@type\":\"ReadAction\",\"target\":[\"https:\/\/sp-dz.com\/produit\/palladium-sols\/\"]}]},{\"@type\":\"ImageObject\",\"inLanguage\":\"fr-FR\",\"@id\":\"https:\/\/sp-dz.com\/produit\/palladium-sols\/#primaryimage\",\"url\":\"https:\/\/sp-dz.com\/wp-content\/uploads\/2024\/09\/1-48.jpg\",\"contentUrl\":\"https:\/\/sp-dz.com\/wp-content\/uploads\/2024\/09\/1-48.jpg\",\"width\":493,\"height\":591},{\"@type\":\"BreadcrumbList\",\"@id\":\"https:\/\/sp-dz.com\/produit\/palladium-sols\/#breadcrumb\",\"itemListElement\":[{\"@type\":\"ListItem\",\"position\":1,\"name\":\"Accueil\",\"item\":\"https:\/\/sp-dz.com\/fr\/\"},{\"@type\":\"ListItem\",\"position\":2,\"name\":\"Boutique\",\"item\":\"https:\/\/sp-dz.com\/fr\/boutique\/\"},{\"@type\":\"ListItem\",\"position\":3,\"name\":\"Palladium Sol&rsquo;s\"}]},{\"@type\":\"WebSite\",\"@id\":\"https:\/\/sp-dz.com\/fr\/#website\",\"url\":\"https:\/\/sp-dz.com\/fr\/\",\"name\":\"S\u00e9lection Priv\u00e9e\",\"description\":\"Only for Members\",\"potentialAction\":[{\"@type\":\"SearchAction\",\"target\":{\"@type\":\"EntryPoint\",\"urlTemplate\":\"https:\/\/sp-dz.com\/fr\/?s={search_term_string}\"},\"query-input\":{\"@type\":\"PropertyValueSpecification\",\"valueRequired\":true,\"valueName\":\"search_term_string\"}}],\"inLanguage\":\"fr-FR\"}]}<\/script>\n<!-- \/ Yoast SEO plugin. -->","yoast_head_json":{"title":"Palladium Sol's - S\u00e9lection Priv\u00e9e","robots":{"index":"index","follow":"follow","max-snippet":"max-snippet:-1","max-image-preview":"max-image-preview:large","max-video-preview":"max-video-preview:-1"},"canonical":"https:\/\/sp-dz.com\/fr\/produit\/palladium-sols\/","og_locale":"fr_FR","og_type":"article","og_title":"Palladium Sol's - S\u00e9lection Priv\u00e9e","og_description":"Polo bicolore est con\u00e7u en interlock, un tissu l\u00e9ger, id\u00e9al pour la pratique sportive. Il est dot\u00e9 d'un col zipp\u00e9 discret et de manches raglan, offrant une grande libert\u00e9 de mouvement et un confort optimal. Ses empi\u00e8cements et passepoils contrast\u00e9s ajoutent une touche de style, tandis que la fermeture zipp\u00e9e invisible compl\u00e8te un design \u00e0 la fois \u00e9l\u00e9gant et fonctionnel.","og_url":"https:\/\/sp-dz.com\/fr\/produit\/palladium-sols\/","og_site_name":"S\u00e9lection Priv\u00e9e","article_modified_time":"2024-11-07T09:16:26+00:00","og_image":[{"width":493,"height":591,"url":"https:\/\/sp-dz.com\/wp-content\/uploads\/2024\/09\/1-48.jpg","type":"image\/jpeg"}],"twitter_card":"summary_large_image","twitter_misc":{"Dur\u00e9e de lecture estim\u00e9e":"1 minute"},"schema":{"@context":"https:\/\/schema.org","@graph":[{"@type":"WebPage","@id":"https:\/\/sp-dz.com\/produit\/palladium-sols\/","url":"https:\/\/sp-dz.com\/produit\/palladium-sols\/","name":"Palladium Sol's - S\u00e9lection Priv\u00e9e","isPartOf":{"@id":"https:\/\/sp-dz.com\/fr\/#website"},"primaryImageOfPage":{"@id":"https:\/\/sp-dz.com\/produit\/palladium-sols\/#primaryimage"},"image":{"@id":"https:\/\/sp-dz.com\/produit\/palladium-sols\/#primaryimage"},"thumbnailUrl":"https:\/\/sp-dz.com\/wp-content\/uploads\/2024\/09\/1-48.jpg","datePublished":"2024-09-12T20:43:21+00:00","dateModified":"2024-11-07T09:16:26+00:00","breadcrumb":{"@id":"https:\/\/sp-dz.com\/produit\/palladium-sols\/#breadcrumb"},"inLanguage":"fr-FR","potentialAction":[{"@type":"ReadAction","target":["https:\/\/sp-dz.com\/produit\/palladium-sols\/"]}]},{"@type":"ImageObject","inLanguage":"fr-FR","@id":"https:\/\/sp-dz.com\/produit\/palladium-sols\/#primaryimage","url":"https:\/\/sp-dz.com\/wp-content\/uploads\/2024\/09\/1-48.jpg","contentUrl":"https:\/\/sp-dz.com\/wp-content\/uploads\/2024\/09\/1-48.jpg","width":493,"height":591},{"@type":"BreadcrumbList","@id":"https:\/\/sp-dz.com\/produit\/palladium-sols\/#breadcrumb","itemListElement":[{"@type":"ListItem","position":1,"name":"Accueil","item":"https:\/\/sp-dz.com\/fr\/"},{"@type":"ListItem","position":2,"name":"Boutique","item":"https:\/\/sp-dz.com\/fr\/boutique\/"},{"@type":"ListItem","position":3,"name":"Palladium Sol&rsquo;s"}]},{"@type":"WebSite","@id":"https:\/\/sp-dz.com\/fr\/#website","url":"https:\/\/sp-dz.com\/fr\/","name":"S\u00e9lection Priv\u00e9e","description":"Only for Members","potentialAction":[{"@type":"SearchAction","target":{"@type":"EntryPoint","urlTemplate":"https:\/\/sp-dz.com\/fr\/?s={search_term_string}"},"query-input":{"@type":"PropertyValueSpecification","valueRequired":true,"valueName":"search_term_string"}}],"inLanguage":"fr-FR"}]}},"_links":{"self":[{"href":"https:\/\/sp-dz.com\/fr\/wp-json\/wp\/v2\/product\/13069","targetHints":{"allow":["GET"]}}],"collection":[{"href":"https:\/\/sp-dz.com\/fr\/wp-json\/wp\/v2\/product"}],"about":[{"href":"https:\/\/sp-dz.com\/fr\/wp-json\/wp\/v2\/types\/product"}],"version-history":[{"count":5,"href":"https:\/\/sp-dz.com\/fr\/wp-json\/wp\/v2\/product\/13069\/revisions"}],"predecessor-version":[{"id":13249,"href":"https:\/\/sp-dz.com\/fr\/wp-json\/wp\/v2\/product\/13069\/revisions\/13249"}],"wp:featuredmedia":[{"embeddable":true,"href":"https:\/\/sp-dz.com\/fr\/wp-json\/wp\/v2\/media\/13088"}],"wp:attachment":[{"href":"https:\/\/sp-dz.com\/fr\/wp-json\/wp\/v2\/media?parent=13069"}],"wp:term":[{"taxonomy":"product_brand","embeddable":true,"href":"https:\/\/sp-dz.com\/fr\/wp-json\/wp\/v2\/product_brand?post=13069"},{"taxonomy":"product_cat","embeddable":true,"href":"https:\/\/sp-dz.com\/fr\/wp-json\/wp\/v2\/product_cat?post=13069"},{"taxonomy":"product_tag","embeddable":true,"href":"https:\/\/sp-dz.com\/fr\/wp-json\/wp\/v2\/product_tag?post=13069"}],"curies":[{"name":"wp","href":"https:\/\/api.w.org\/{rel}","templated":true}]}}