{"id":13026,"date":"2024-09-12T21:10:16","date_gmt":"2024-09-12T20:10:16","guid":{"rendered":"https:\/\/sp.com.dz\/?post_type=product&#038;p=13026"},"modified":"2024-12-17T12:13:39","modified_gmt":"2024-12-17T11:13:39","slug":"berlin-women-sols","status":"publish","type":"product","link":"https:\/\/sp-dz.com\/fr\/produit\/berlin-women-sols\/","title":{"rendered":"Berlin Women Sol&rsquo;s"},"content":{"rendered":"<h3 class=\"text-s product-popup-subtitle\">Caract\u00e9ristiques de base<\/h3>\n<p>T-shirt de running \u00e0 manches longues de style raglan est con\u00e7u avec un col zipp\u00e9 pour un ajustement confortable et pratique. Les plaques coutures minimisent les frottements, offrant ainsi un confort optimal pendant l&rsquo;effort. Les panneaux lat\u00e9raux en mesh respirant permettent une meilleure circulation de l&rsquo;air, tandis que les boucles pour les pouces assurent un maintien optimal des manches.<\/p>\n<p>*Photo non contractuelle<\/p>\n<h3 class=\"text-s product-popup-subtitle\">Composition<\/h3>\n<p>92% Polyester<\/p>\n<p>8% Elasthanne<\/p>\n<h3 class=\"text-s product-popup-subtitle\">Code produit<\/h3>\n<p>E4E21RL8<\/p>\n<h3 class=\"text-s product-popup-subtitle\">Entretien<\/h3>\n<p>Lavage en machine \u00e0 une temp\u00e9rature maximale de 40\u00b0C.<\/p>\n","protected":false},"excerpt":{"rendered":"<p>T-shirt de running \u00e0 manches longues de style raglan est con\u00e7u avec un col zipp\u00e9 pour un ajustement confortable et pratique. Les plaques coutures minimisent les frottements, offrant ainsi un confort optimal pendant l&rsquo;effort. Les panneaux lat\u00e9raux en mesh respirant permettent une meilleure circulation de l&rsquo;air, tandis que les boucles pour les pouces assurent un maintien optimal des manches.<\/p>\n","protected":false},"featured_media":13065,"template":"","meta":[],"product_brand":[],"product_cat":[74,78,30,34],"product_tag":[],"class_list":{"0":"post-13026","1":"product","2":"type-product","3":"status-publish","4":"has-post-thumbnail","6":"product_cat-pull-gilet-sweatshirt","7":"product_cat-t-shirt-top","8":"product_cat-femme","9":"product_cat-sport","11":"first","12":"instock","13":"shipping-taxable","14":"purchasable","15":"product-type-variable","16":"has-default-attributes"},"yoast_head":"<!-- This site is optimized with the Yoast SEO plugin v26.9 - https:\/\/yoast.com\/product\/yoast-seo-wordpress\/ -->\n<title>Berlin Women Sol&#039;s - S\u00e9lection Priv\u00e9e<\/title>\n<meta name=\"robots\" content=\"index, follow, max-snippet:-1, max-image-preview:large, max-video-preview:-1\" \/>\n<link rel=\"canonical\" href=\"https:\/\/sp-dz.com\/fr\/produit\/berlin-women-sols\/\" \/>\n<meta property=\"og:locale\" content=\"fr_FR\" \/>\n<meta property=\"og:type\" content=\"article\" \/>\n<meta property=\"og:title\" content=\"Berlin Women Sol&#039;s - S\u00e9lection Priv\u00e9e\" \/>\n<meta property=\"og:description\" content=\"T-shirt de running \u00e0 manches longues de style raglan est con\u00e7u avec un col zipp\u00e9 pour un ajustement confortable et pratique. Les plaques coutures minimisent les frottements, offrant ainsi un confort optimal pendant l&#039;effort. Les panneaux lat\u00e9raux en mesh respirant permettent une meilleure circulation de l&#039;air, tandis que les boucles pour les pouces assurent un maintien optimal des manches.\" \/>\n<meta property=\"og:url\" content=\"https:\/\/sp-dz.com\/fr\/produit\/berlin-women-sols\/\" \/>\n<meta property=\"og:site_name\" content=\"S\u00e9lection Priv\u00e9e\" \/>\n<meta property=\"article:modified_time\" content=\"2024-12-17T11:13:39+00:00\" \/>\n<meta property=\"og:image\" content=\"https:\/\/sp-dz.com\/wp-content\/uploads\/2024\/09\/3-14.jpg\" \/>\n\t<meta property=\"og:image:width\" content=\"1700\" \/>\n\t<meta property=\"og:image:height\" content=\"2040\" \/>\n\t<meta property=\"og:image:type\" content=\"image\/jpeg\" \/>\n<meta name=\"twitter:card\" content=\"summary_large_image\" \/>\n<meta name=\"twitter:label1\" content=\"Dur\u00e9e de lecture estim\u00e9e\" \/>\n\t<meta name=\"twitter:data1\" content=\"1 minute\" \/>\n<script type=\"application\/ld+json\" class=\"yoast-schema-graph\">{\"@context\":\"https:\/\/schema.org\",\"@graph\":[{\"@type\":\"WebPage\",\"@id\":\"https:\/\/sp-dz.com\/fr\/produit\/berlin-women-sols\/\",\"url\":\"https:\/\/sp-dz.com\/fr\/produit\/berlin-women-sols\/\",\"name\":\"Berlin Women Sol's - S\u00e9lection Priv\u00e9e\",\"isPartOf\":{\"@id\":\"https:\/\/sp-dz.com\/fr\/#website\"},\"primaryImageOfPage\":{\"@id\":\"https:\/\/sp-dz.com\/fr\/produit\/berlin-women-sols\/#primaryimage\"},\"image\":{\"@id\":\"https:\/\/sp-dz.com\/fr\/produit\/berlin-women-sols\/#primaryimage\"},\"thumbnailUrl\":\"https:\/\/sp-dz.com\/wp-content\/uploads\/2024\/09\/3-14.jpg\",\"datePublished\":\"2024-09-12T20:10:16+00:00\",\"dateModified\":\"2024-12-17T11:13:39+00:00\",\"breadcrumb\":{\"@id\":\"https:\/\/sp-dz.com\/fr\/produit\/berlin-women-sols\/#breadcrumb\"},\"inLanguage\":\"fr-FR\",\"potentialAction\":[{\"@type\":\"ReadAction\",\"target\":[\"https:\/\/sp-dz.com\/fr\/produit\/berlin-women-sols\/\"]}]},{\"@type\":\"ImageObject\",\"inLanguage\":\"fr-FR\",\"@id\":\"https:\/\/sp-dz.com\/fr\/produit\/berlin-women-sols\/#primaryimage\",\"url\":\"https:\/\/sp-dz.com\/wp-content\/uploads\/2024\/09\/3-14.jpg\",\"contentUrl\":\"https:\/\/sp-dz.com\/wp-content\/uploads\/2024\/09\/3-14.jpg\",\"width\":1700,\"height\":2040},{\"@type\":\"BreadcrumbList\",\"@id\":\"https:\/\/sp-dz.com\/fr\/produit\/berlin-women-sols\/#breadcrumb\",\"itemListElement\":[{\"@type\":\"ListItem\",\"position\":1,\"name\":\"Accueil\",\"item\":\"https:\/\/sp-dz.com\/fr\/\"},{\"@type\":\"ListItem\",\"position\":2,\"name\":\"Boutique\",\"item\":\"https:\/\/sp-dz.com\/fr\/boutique\/\"},{\"@type\":\"ListItem\",\"position\":3,\"name\":\"Berlin Women Sol&rsquo;s\"}]},{\"@type\":\"WebSite\",\"@id\":\"https:\/\/sp-dz.com\/fr\/#website\",\"url\":\"https:\/\/sp-dz.com\/fr\/\",\"name\":\"S\u00e9lection Priv\u00e9e\",\"description\":\"Only for Members\",\"potentialAction\":[{\"@type\":\"SearchAction\",\"target\":{\"@type\":\"EntryPoint\",\"urlTemplate\":\"https:\/\/sp-dz.com\/fr\/?s={search_term_string}\"},\"query-input\":{\"@type\":\"PropertyValueSpecification\",\"valueRequired\":true,\"valueName\":\"search_term_string\"}}],\"inLanguage\":\"fr-FR\"}]}<\/script>\n<!-- \/ Yoast SEO plugin. -->","yoast_head_json":{"title":"Berlin Women Sol's - S\u00e9lection Priv\u00e9e","robots":{"index":"index","follow":"follow","max-snippet":"max-snippet:-1","max-image-preview":"max-image-preview:large","max-video-preview":"max-video-preview:-1"},"canonical":"https:\/\/sp-dz.com\/fr\/produit\/berlin-women-sols\/","og_locale":"fr_FR","og_type":"article","og_title":"Berlin Women Sol's - S\u00e9lection Priv\u00e9e","og_description":"T-shirt de running \u00e0 manches longues de style raglan est con\u00e7u avec un col zipp\u00e9 pour un ajustement confortable et pratique. Les plaques coutures minimisent les frottements, offrant ainsi un confort optimal pendant l'effort. Les panneaux lat\u00e9raux en mesh respirant permettent une meilleure circulation de l'air, tandis que les boucles pour les pouces assurent un maintien optimal des manches.","og_url":"https:\/\/sp-dz.com\/fr\/produit\/berlin-women-sols\/","og_site_name":"S\u00e9lection Priv\u00e9e","article_modified_time":"2024-12-17T11:13:39+00:00","og_image":[{"width":1700,"height":2040,"url":"https:\/\/sp-dz.com\/wp-content\/uploads\/2024\/09\/3-14.jpg","type":"image\/jpeg"}],"twitter_card":"summary_large_image","twitter_misc":{"Dur\u00e9e de lecture estim\u00e9e":"1 minute"},"schema":{"@context":"https:\/\/schema.org","@graph":[{"@type":"WebPage","@id":"https:\/\/sp-dz.com\/fr\/produit\/berlin-women-sols\/","url":"https:\/\/sp-dz.com\/fr\/produit\/berlin-women-sols\/","name":"Berlin Women Sol's - S\u00e9lection Priv\u00e9e","isPartOf":{"@id":"https:\/\/sp-dz.com\/fr\/#website"},"primaryImageOfPage":{"@id":"https:\/\/sp-dz.com\/fr\/produit\/berlin-women-sols\/#primaryimage"},"image":{"@id":"https:\/\/sp-dz.com\/fr\/produit\/berlin-women-sols\/#primaryimage"},"thumbnailUrl":"https:\/\/sp-dz.com\/wp-content\/uploads\/2024\/09\/3-14.jpg","datePublished":"2024-09-12T20:10:16+00:00","dateModified":"2024-12-17T11:13:39+00:00","breadcrumb":{"@id":"https:\/\/sp-dz.com\/fr\/produit\/berlin-women-sols\/#breadcrumb"},"inLanguage":"fr-FR","potentialAction":[{"@type":"ReadAction","target":["https:\/\/sp-dz.com\/fr\/produit\/berlin-women-sols\/"]}]},{"@type":"ImageObject","inLanguage":"fr-FR","@id":"https:\/\/sp-dz.com\/fr\/produit\/berlin-women-sols\/#primaryimage","url":"https:\/\/sp-dz.com\/wp-content\/uploads\/2024\/09\/3-14.jpg","contentUrl":"https:\/\/sp-dz.com\/wp-content\/uploads\/2024\/09\/3-14.jpg","width":1700,"height":2040},{"@type":"BreadcrumbList","@id":"https:\/\/sp-dz.com\/fr\/produit\/berlin-women-sols\/#breadcrumb","itemListElement":[{"@type":"ListItem","position":1,"name":"Accueil","item":"https:\/\/sp-dz.com\/fr\/"},{"@type":"ListItem","position":2,"name":"Boutique","item":"https:\/\/sp-dz.com\/fr\/boutique\/"},{"@type":"ListItem","position":3,"name":"Berlin Women Sol&rsquo;s"}]},{"@type":"WebSite","@id":"https:\/\/sp-dz.com\/fr\/#website","url":"https:\/\/sp-dz.com\/fr\/","name":"S\u00e9lection Priv\u00e9e","description":"Only for Members","potentialAction":[{"@type":"SearchAction","target":{"@type":"EntryPoint","urlTemplate":"https:\/\/sp-dz.com\/fr\/?s={search_term_string}"},"query-input":{"@type":"PropertyValueSpecification","valueRequired":true,"valueName":"search_term_string"}}],"inLanguage":"fr-FR"}]}},"_links":{"self":[{"href":"https:\/\/sp-dz.com\/fr\/wp-json\/wp\/v2\/product\/13026","targetHints":{"allow":["GET"]}}],"collection":[{"href":"https:\/\/sp-dz.com\/fr\/wp-json\/wp\/v2\/product"}],"about":[{"href":"https:\/\/sp-dz.com\/fr\/wp-json\/wp\/v2\/types\/product"}],"version-history":[{"count":4,"href":"https:\/\/sp-dz.com\/fr\/wp-json\/wp\/v2\/product\/13026\/revisions"}],"predecessor-version":[{"id":13235,"href":"https:\/\/sp-dz.com\/fr\/wp-json\/wp\/v2\/product\/13026\/revisions\/13235"}],"wp:featuredmedia":[{"embeddable":true,"href":"https:\/\/sp-dz.com\/fr\/wp-json\/wp\/v2\/media\/13065"}],"wp:attachment":[{"href":"https:\/\/sp-dz.com\/fr\/wp-json\/wp\/v2\/media?parent=13026"}],"wp:term":[{"taxonomy":"product_brand","embeddable":true,"href":"https:\/\/sp-dz.com\/fr\/wp-json\/wp\/v2\/product_brand?post=13026"},{"taxonomy":"product_cat","embeddable":true,"href":"https:\/\/sp-dz.com\/fr\/wp-json\/wp\/v2\/product_cat?post=13026"},{"taxonomy":"product_tag","embeddable":true,"href":"https:\/\/sp-dz.com\/fr\/wp-json\/wp\/v2\/product_tag?post=13026"}],"curies":[{"name":"wp","href":"https:\/\/api.w.org\/{rel}","templated":true}]}}