{"id":12579,"date":"2024-09-11T14:00:50","date_gmt":"2024-09-11T13:00:50","guid":{"rendered":"https:\/\/sp.com.dz\/?post_type=product&#038;p=12579"},"modified":"2024-11-07T12:52:29","modified_gmt":"2024-11-07T11:52:29","slug":"maracana-2-ssl-sols","status":"publish","type":"product","link":"https:\/\/sp-dz.com\/fr\/produit\/maracana-2-ssl-sols\/","title":{"rendered":"Maracana  2 SSL Sol&rsquo;s"},"content":{"rendered":"<h3 class=\"text-s product-popup-subtitle\">Caract\u00e9ristiques de base<\/h3>\n<p>Maillot \u00e0 manches courtes pr\u00e9sente un col fantaisie ferm\u00e9 avec un liser\u00e9 contrast\u00e9. Les manches raglan assurent une grande libert\u00e9 de mouvement, tandis que les empi\u00e8cements en mesh sur les c\u00f4t\u00e9s et sur les manches offrent une respirabilit\u00e9 optimale, Le pan arri\u00e8re est arrondi et l\u00e9g\u00e8rement rallong\u00e9 pour plus de confort.<\/p>\n<p>*Photo non contractuelle<\/p>\n<h3 class=\"text-s product-popup-subtitle\">Composition<\/h3>\n<p>100% Polyester<\/p>\n<h3 class=\"text-s product-popup-subtitle\">Code produit<\/h3>\n<p>77TPSE98<\/p>\n<h3 class=\"text-s product-popup-subtitle\">Entretien<\/h3>\n<p>Lavage en machine \u00e0 une temp\u00e9rature maximale de 40\u00b0C.<\/p>\n","protected":false},"excerpt":{"rendered":"<p>Maillot \u00e0 manches courtes pr\u00e9sente un col fantaisie ferm\u00e9 avec un liser\u00e9 contrast\u00e9. Les manches raglan assurent une grande libert\u00e9 de mouvement, tandis que les empi\u00e8cements en mesh sur les c\u00f4t\u00e9s et sur les manches offrent une respirabilit\u00e9 optimale, Le pan arri\u00e8re est arrondi et l\u00e9g\u00e8rement rallong\u00e9 pour plus de confort.<\/p>\n","protected":false},"featured_media":12586,"template":"","meta":[],"product_brand":[],"product_cat":[92,22,34],"product_tag":[],"class_list":{"0":"post-12579","1":"product","2":"type-product","3":"status-publish","4":"has-post-thumbnail","6":"product_cat-t-shirt","7":"product_cat-homme","8":"product_cat-sport","10":"first","11":"instock","12":"shipping-taxable","13":"purchasable","14":"product-type-simple"},"yoast_head":"<!-- This site is optimized with the Yoast SEO plugin v26.9 - https:\/\/yoast.com\/product\/yoast-seo-wordpress\/ -->\n<title>Maracana 2 SSL Sol&#039;s - S\u00e9lection Priv\u00e9e<\/title>\n<meta name=\"robots\" content=\"index, follow, max-snippet:-1, max-image-preview:large, max-video-preview:-1\" \/>\n<link rel=\"canonical\" href=\"https:\/\/sp-dz.com\/fr\/produit\/maracana-2-ssl-sols\/\" \/>\n<meta property=\"og:locale\" content=\"fr_FR\" \/>\n<meta property=\"og:type\" content=\"article\" \/>\n<meta property=\"og:title\" content=\"Maracana 2 SSL Sol&#039;s - S\u00e9lection Priv\u00e9e\" \/>\n<meta property=\"og:description\" content=\"Maillot \u00e0 manches courtes pr\u00e9sente un col fantaisie ferm\u00e9 avec un liser\u00e9 contrast\u00e9. Les manches raglan assurent une grande libert\u00e9 de mouvement, tandis que les empi\u00e8cements en mesh sur les c\u00f4t\u00e9s et sur les manches offrent une respirabilit\u00e9 optimale, Le pan arri\u00e8re est arrondi et l\u00e9g\u00e8rement rallong\u00e9 pour plus de confort.\" \/>\n<meta property=\"og:url\" content=\"https:\/\/sp-dz.com\/fr\/produit\/maracana-2-ssl-sols\/\" \/>\n<meta property=\"og:site_name\" content=\"S\u00e9lection Priv\u00e9e\" \/>\n<meta property=\"article:modified_time\" content=\"2024-11-07T11:52:29+00:00\" \/>\n<meta property=\"og:image\" content=\"https:\/\/sp-dz.com\/wp-content\/uploads\/2024\/09\/1-7.jpg\" \/>\n\t<meta property=\"og:image:width\" content=\"1825\" \/>\n\t<meta property=\"og:image:height\" content=\"2190\" \/>\n\t<meta property=\"og:image:type\" content=\"image\/jpeg\" \/>\n<meta name=\"twitter:card\" content=\"summary_large_image\" \/>\n<meta name=\"twitter:label1\" content=\"Dur\u00e9e de lecture estim\u00e9e\" \/>\n\t<meta name=\"twitter:data1\" content=\"1 minute\" \/>\n<script type=\"application\/ld+json\" class=\"yoast-schema-graph\">{\"@context\":\"https:\/\/schema.org\",\"@graph\":[{\"@type\":\"WebPage\",\"@id\":\"https:\/\/sp-dz.com\/produit\/maracana-2-ssl-sols\/\",\"url\":\"https:\/\/sp-dz.com\/produit\/maracana-2-ssl-sols\/\",\"name\":\"Maracana 2 SSL Sol's - S\u00e9lection Priv\u00e9e\",\"isPartOf\":{\"@id\":\"https:\/\/sp-dz.com\/fr\/#website\"},\"primaryImageOfPage\":{\"@id\":\"https:\/\/sp-dz.com\/produit\/maracana-2-ssl-sols\/#primaryimage\"},\"image\":{\"@id\":\"https:\/\/sp-dz.com\/produit\/maracana-2-ssl-sols\/#primaryimage\"},\"thumbnailUrl\":\"https:\/\/sp-dz.com\/wp-content\/uploads\/2024\/09\/1-7.jpg\",\"datePublished\":\"2024-09-11T13:00:50+00:00\",\"dateModified\":\"2024-11-07T11:52:29+00:00\",\"breadcrumb\":{\"@id\":\"https:\/\/sp-dz.com\/produit\/maracana-2-ssl-sols\/#breadcrumb\"},\"inLanguage\":\"fr-FR\",\"potentialAction\":[{\"@type\":\"ReadAction\",\"target\":[\"https:\/\/sp-dz.com\/produit\/maracana-2-ssl-sols\/\"]}]},{\"@type\":\"ImageObject\",\"inLanguage\":\"fr-FR\",\"@id\":\"https:\/\/sp-dz.com\/produit\/maracana-2-ssl-sols\/#primaryimage\",\"url\":\"https:\/\/sp-dz.com\/wp-content\/uploads\/2024\/09\/1-7.jpg\",\"contentUrl\":\"https:\/\/sp-dz.com\/wp-content\/uploads\/2024\/09\/1-7.jpg\",\"width\":1825,\"height\":2190},{\"@type\":\"BreadcrumbList\",\"@id\":\"https:\/\/sp-dz.com\/produit\/maracana-2-ssl-sols\/#breadcrumb\",\"itemListElement\":[{\"@type\":\"ListItem\",\"position\":1,\"name\":\"Accueil\",\"item\":\"https:\/\/sp-dz.com\/fr\/\"},{\"@type\":\"ListItem\",\"position\":2,\"name\":\"Boutique\",\"item\":\"https:\/\/sp-dz.com\/fr\/boutique\/\"},{\"@type\":\"ListItem\",\"position\":3,\"name\":\"Maracana 2 SSL Sol&rsquo;s\"}]},{\"@type\":\"WebSite\",\"@id\":\"https:\/\/sp-dz.com\/fr\/#website\",\"url\":\"https:\/\/sp-dz.com\/fr\/\",\"name\":\"S\u00e9lection Priv\u00e9e\",\"description\":\"Only for Members\",\"potentialAction\":[{\"@type\":\"SearchAction\",\"target\":{\"@type\":\"EntryPoint\",\"urlTemplate\":\"https:\/\/sp-dz.com\/fr\/?s={search_term_string}\"},\"query-input\":{\"@type\":\"PropertyValueSpecification\",\"valueRequired\":true,\"valueName\":\"search_term_string\"}}],\"inLanguage\":\"fr-FR\"}]}<\/script>\n<!-- \/ Yoast SEO plugin. -->","yoast_head_json":{"title":"Maracana 2 SSL Sol's - S\u00e9lection Priv\u00e9e","robots":{"index":"index","follow":"follow","max-snippet":"max-snippet:-1","max-image-preview":"max-image-preview:large","max-video-preview":"max-video-preview:-1"},"canonical":"https:\/\/sp-dz.com\/fr\/produit\/maracana-2-ssl-sols\/","og_locale":"fr_FR","og_type":"article","og_title":"Maracana 2 SSL Sol's - S\u00e9lection Priv\u00e9e","og_description":"Maillot \u00e0 manches courtes pr\u00e9sente un col fantaisie ferm\u00e9 avec un liser\u00e9 contrast\u00e9. Les manches raglan assurent une grande libert\u00e9 de mouvement, tandis que les empi\u00e8cements en mesh sur les c\u00f4t\u00e9s et sur les manches offrent une respirabilit\u00e9 optimale, Le pan arri\u00e8re est arrondi et l\u00e9g\u00e8rement rallong\u00e9 pour plus de confort.","og_url":"https:\/\/sp-dz.com\/fr\/produit\/maracana-2-ssl-sols\/","og_site_name":"S\u00e9lection Priv\u00e9e","article_modified_time":"2024-11-07T11:52:29+00:00","og_image":[{"width":1825,"height":2190,"url":"https:\/\/sp-dz.com\/wp-content\/uploads\/2024\/09\/1-7.jpg","type":"image\/jpeg"}],"twitter_card":"summary_large_image","twitter_misc":{"Dur\u00e9e de lecture estim\u00e9e":"1 minute"},"schema":{"@context":"https:\/\/schema.org","@graph":[{"@type":"WebPage","@id":"https:\/\/sp-dz.com\/produit\/maracana-2-ssl-sols\/","url":"https:\/\/sp-dz.com\/produit\/maracana-2-ssl-sols\/","name":"Maracana 2 SSL Sol's - S\u00e9lection Priv\u00e9e","isPartOf":{"@id":"https:\/\/sp-dz.com\/fr\/#website"},"primaryImageOfPage":{"@id":"https:\/\/sp-dz.com\/produit\/maracana-2-ssl-sols\/#primaryimage"},"image":{"@id":"https:\/\/sp-dz.com\/produit\/maracana-2-ssl-sols\/#primaryimage"},"thumbnailUrl":"https:\/\/sp-dz.com\/wp-content\/uploads\/2024\/09\/1-7.jpg","datePublished":"2024-09-11T13:00:50+00:00","dateModified":"2024-11-07T11:52:29+00:00","breadcrumb":{"@id":"https:\/\/sp-dz.com\/produit\/maracana-2-ssl-sols\/#breadcrumb"},"inLanguage":"fr-FR","potentialAction":[{"@type":"ReadAction","target":["https:\/\/sp-dz.com\/produit\/maracana-2-ssl-sols\/"]}]},{"@type":"ImageObject","inLanguage":"fr-FR","@id":"https:\/\/sp-dz.com\/produit\/maracana-2-ssl-sols\/#primaryimage","url":"https:\/\/sp-dz.com\/wp-content\/uploads\/2024\/09\/1-7.jpg","contentUrl":"https:\/\/sp-dz.com\/wp-content\/uploads\/2024\/09\/1-7.jpg","width":1825,"height":2190},{"@type":"BreadcrumbList","@id":"https:\/\/sp-dz.com\/produit\/maracana-2-ssl-sols\/#breadcrumb","itemListElement":[{"@type":"ListItem","position":1,"name":"Accueil","item":"https:\/\/sp-dz.com\/fr\/"},{"@type":"ListItem","position":2,"name":"Boutique","item":"https:\/\/sp-dz.com\/fr\/boutique\/"},{"@type":"ListItem","position":3,"name":"Maracana 2 SSL Sol&rsquo;s"}]},{"@type":"WebSite","@id":"https:\/\/sp-dz.com\/fr\/#website","url":"https:\/\/sp-dz.com\/fr\/","name":"S\u00e9lection Priv\u00e9e","description":"Only for Members","potentialAction":[{"@type":"SearchAction","target":{"@type":"EntryPoint","urlTemplate":"https:\/\/sp-dz.com\/fr\/?s={search_term_string}"},"query-input":{"@type":"PropertyValueSpecification","valueRequired":true,"valueName":"search_term_string"}}],"inLanguage":"fr-FR"}]}},"_links":{"self":[{"href":"https:\/\/sp-dz.com\/fr\/wp-json\/wp\/v2\/product\/12579","targetHints":{"allow":["GET"]}}],"collection":[{"href":"https:\/\/sp-dz.com\/fr\/wp-json\/wp\/v2\/product"}],"about":[{"href":"https:\/\/sp-dz.com\/fr\/wp-json\/wp\/v2\/types\/product"}],"version-history":[{"count":4,"href":"https:\/\/sp-dz.com\/fr\/wp-json\/wp\/v2\/product\/12579\/revisions"}],"predecessor-version":[{"id":13295,"href":"https:\/\/sp-dz.com\/fr\/wp-json\/wp\/v2\/product\/12579\/revisions\/13295"}],"wp:featuredmedia":[{"embeddable":true,"href":"https:\/\/sp-dz.com\/fr\/wp-json\/wp\/v2\/media\/12586"}],"wp:attachment":[{"href":"https:\/\/sp-dz.com\/fr\/wp-json\/wp\/v2\/media?parent=12579"}],"wp:term":[{"taxonomy":"product_brand","embeddable":true,"href":"https:\/\/sp-dz.com\/fr\/wp-json\/wp\/v2\/product_brand?post=12579"},{"taxonomy":"product_cat","embeddable":true,"href":"https:\/\/sp-dz.com\/fr\/wp-json\/wp\/v2\/product_cat?post=12579"},{"taxonomy":"product_tag","embeddable":true,"href":"https:\/\/sp-dz.com\/fr\/wp-json\/wp\/v2\/product_tag?post=12579"}],"curies":[{"name":"wp","href":"https:\/\/api.w.org\/{rel}","templated":true}]}}