{"id":12567,"date":"2024-09-11T07:23:12","date_gmt":"2024-09-11T06:23:12","guid":{"rendered":"https:\/\/sp.com.dz\/?post_type=product&#038;p=12567"},"modified":"2024-11-10T15:49:13","modified_gmt":"2024-11-10T14:49:13","slug":"anfield-sols","status":"publish","type":"product","link":"https:\/\/sp-dz.com\/fr\/produit\/anfield-sols\/","title":{"rendered":"Anfield Sol&rsquo;s"},"content":{"rendered":"<h3 class=\"text-s product-popup-subtitle\">Caract\u00e9ristiques de base<\/h3>\n<p>Chasuble en maille respirante, dot\u00e9e d&rsquo;un col rond. Elle pr\u00e9sente un liser\u00e9 ton sur ton ainsi que des finitions soign\u00e9es au niveau de l&rsquo;encolure et des emmanchures, l\u00e9g\u00e8re, solide et robuste, cette chasuble est con\u00e7ue pour offrir confort et durabilit\u00e9.<\/p>\n<p>*Photo non contractuelle<\/p>\n<h3 class=\"text-s product-popup-subtitle\">Composition<\/h3>\n<p>100% Polyester effet respirant<\/p>\n<h3 class=\"text-s product-popup-subtitle\">Code produit<\/h3>\n<p>VD62T6A4<\/p>\n<h3 class=\"text-s product-popup-subtitle\">Entretien<\/h3>\n<p>Lavage en machine \u00e0 une temp\u00e9rature maximale de 40\u00b0C.<\/p>\n","protected":false},"excerpt":{"rendered":"<p>Chasuble en maille respirante, dot\u00e9e d&rsquo;un col rond. Elle pr\u00e9sente un liser\u00e9 ton sur ton ainsi que des finitions soign\u00e9es au niveau de l&rsquo;encolure et des emmanchures, l\u00e9g\u00e8re, solide et robuste, cette chasuble est con\u00e7ue pour offrir confort et durabilit\u00e9.<\/p>\n","protected":false},"featured_media":12568,"template":"","meta":[],"product_brand":[],"product_cat":[103,92,22,34],"product_tag":[],"class_list":{"0":"post-12567","1":"product","2":"type-product","3":"status-publish","4":"has-post-thumbnail","6":"product_cat-accessoires-homme","7":"product_cat-t-shirt","8":"product_cat-homme","9":"product_cat-sport","11":"first","12":"instock","13":"shipping-taxable","14":"purchasable","15":"product-type-simple"},"yoast_head":"<!-- This site is optimized with the Yoast SEO plugin v26.9 - https:\/\/yoast.com\/product\/yoast-seo-wordpress\/ -->\n<title>Anfield Sol&#039;s - S\u00e9lection Priv\u00e9e<\/title>\n<meta name=\"robots\" content=\"index, follow, max-snippet:-1, max-image-preview:large, max-video-preview:-1\" \/>\n<link rel=\"canonical\" href=\"https:\/\/sp-dz.com\/fr\/produit\/anfield-sols\/\" \/>\n<meta property=\"og:locale\" content=\"fr_FR\" \/>\n<meta property=\"og:type\" content=\"article\" \/>\n<meta property=\"og:title\" content=\"Anfield Sol&#039;s - S\u00e9lection Priv\u00e9e\" \/>\n<meta property=\"og:description\" content=\"Chasuble en maille respirante, dot\u00e9e d&#039;un col rond. Elle pr\u00e9sente un liser\u00e9 ton sur ton ainsi que des finitions soign\u00e9es au niveau de l&#039;encolure et des emmanchures, l\u00e9g\u00e8re, solide et robuste, cette chasuble est con\u00e7ue pour offrir confort et durabilit\u00e9.\" \/>\n<meta property=\"og:url\" content=\"https:\/\/sp-dz.com\/fr\/produit\/anfield-sols\/\" \/>\n<meta property=\"og:site_name\" content=\"S\u00e9lection Priv\u00e9e\" \/>\n<meta property=\"article:modified_time\" content=\"2024-11-10T14:49:13+00:00\" \/>\n<meta property=\"og:image\" content=\"https:\/\/sp-dz.com\/wp-content\/uploads\/2024\/09\/1-5.jpg\" \/>\n\t<meta property=\"og:image:width\" content=\"1900\" \/>\n\t<meta property=\"og:image:height\" content=\"2280\" \/>\n\t<meta property=\"og:image:type\" content=\"image\/jpeg\" \/>\n<meta name=\"twitter:card\" content=\"summary_large_image\" \/>\n<meta name=\"twitter:label1\" content=\"Dur\u00e9e de lecture estim\u00e9e\" \/>\n\t<meta name=\"twitter:data1\" content=\"1 minute\" \/>\n<script type=\"application\/ld+json\" class=\"yoast-schema-graph\">{\"@context\":\"https:\/\/schema.org\",\"@graph\":[{\"@type\":\"WebPage\",\"@id\":\"https:\/\/sp-dz.com\/produit\/anfield-sols\/\",\"url\":\"https:\/\/sp-dz.com\/produit\/anfield-sols\/\",\"name\":\"Anfield Sol's - S\u00e9lection Priv\u00e9e\",\"isPartOf\":{\"@id\":\"https:\/\/sp-dz.com\/fr\/#website\"},\"primaryImageOfPage\":{\"@id\":\"https:\/\/sp-dz.com\/produit\/anfield-sols\/#primaryimage\"},\"image\":{\"@id\":\"https:\/\/sp-dz.com\/produit\/anfield-sols\/#primaryimage\"},\"thumbnailUrl\":\"https:\/\/sp-dz.com\/wp-content\/uploads\/2024\/09\/1-5.jpg\",\"datePublished\":\"2024-09-11T06:23:12+00:00\",\"dateModified\":\"2024-11-10T14:49:13+00:00\",\"breadcrumb\":{\"@id\":\"https:\/\/sp-dz.com\/produit\/anfield-sols\/#breadcrumb\"},\"inLanguage\":\"fr-FR\",\"potentialAction\":[{\"@type\":\"ReadAction\",\"target\":[\"https:\/\/sp-dz.com\/produit\/anfield-sols\/\"]}]},{\"@type\":\"ImageObject\",\"inLanguage\":\"fr-FR\",\"@id\":\"https:\/\/sp-dz.com\/produit\/anfield-sols\/#primaryimage\",\"url\":\"https:\/\/sp-dz.com\/wp-content\/uploads\/2024\/09\/1-5.jpg\",\"contentUrl\":\"https:\/\/sp-dz.com\/wp-content\/uploads\/2024\/09\/1-5.jpg\",\"width\":1900,\"height\":2280},{\"@type\":\"BreadcrumbList\",\"@id\":\"https:\/\/sp-dz.com\/produit\/anfield-sols\/#breadcrumb\",\"itemListElement\":[{\"@type\":\"ListItem\",\"position\":1,\"name\":\"Accueil\",\"item\":\"https:\/\/sp-dz.com\/fr\/\"},{\"@type\":\"ListItem\",\"position\":2,\"name\":\"Boutique\",\"item\":\"https:\/\/sp-dz.com\/fr\/boutique\/\"},{\"@type\":\"ListItem\",\"position\":3,\"name\":\"Anfield Sol&rsquo;s\"}]},{\"@type\":\"WebSite\",\"@id\":\"https:\/\/sp-dz.com\/fr\/#website\",\"url\":\"https:\/\/sp-dz.com\/fr\/\",\"name\":\"S\u00e9lection Priv\u00e9e\",\"description\":\"Only for Members\",\"potentialAction\":[{\"@type\":\"SearchAction\",\"target\":{\"@type\":\"EntryPoint\",\"urlTemplate\":\"https:\/\/sp-dz.com\/fr\/?s={search_term_string}\"},\"query-input\":{\"@type\":\"PropertyValueSpecification\",\"valueRequired\":true,\"valueName\":\"search_term_string\"}}],\"inLanguage\":\"fr-FR\"}]}<\/script>\n<!-- \/ Yoast SEO plugin. -->","yoast_head_json":{"title":"Anfield Sol's - S\u00e9lection Priv\u00e9e","robots":{"index":"index","follow":"follow","max-snippet":"max-snippet:-1","max-image-preview":"max-image-preview:large","max-video-preview":"max-video-preview:-1"},"canonical":"https:\/\/sp-dz.com\/fr\/produit\/anfield-sols\/","og_locale":"fr_FR","og_type":"article","og_title":"Anfield Sol's - S\u00e9lection Priv\u00e9e","og_description":"Chasuble en maille respirante, dot\u00e9e d'un col rond. Elle pr\u00e9sente un liser\u00e9 ton sur ton ainsi que des finitions soign\u00e9es au niveau de l'encolure et des emmanchures, l\u00e9g\u00e8re, solide et robuste, cette chasuble est con\u00e7ue pour offrir confort et durabilit\u00e9.","og_url":"https:\/\/sp-dz.com\/fr\/produit\/anfield-sols\/","og_site_name":"S\u00e9lection Priv\u00e9e","article_modified_time":"2024-11-10T14:49:13+00:00","og_image":[{"width":1900,"height":2280,"url":"https:\/\/sp-dz.com\/wp-content\/uploads\/2024\/09\/1-5.jpg","type":"image\/jpeg"}],"twitter_card":"summary_large_image","twitter_misc":{"Dur\u00e9e de lecture estim\u00e9e":"1 minute"},"schema":{"@context":"https:\/\/schema.org","@graph":[{"@type":"WebPage","@id":"https:\/\/sp-dz.com\/produit\/anfield-sols\/","url":"https:\/\/sp-dz.com\/produit\/anfield-sols\/","name":"Anfield Sol's - S\u00e9lection Priv\u00e9e","isPartOf":{"@id":"https:\/\/sp-dz.com\/fr\/#website"},"primaryImageOfPage":{"@id":"https:\/\/sp-dz.com\/produit\/anfield-sols\/#primaryimage"},"image":{"@id":"https:\/\/sp-dz.com\/produit\/anfield-sols\/#primaryimage"},"thumbnailUrl":"https:\/\/sp-dz.com\/wp-content\/uploads\/2024\/09\/1-5.jpg","datePublished":"2024-09-11T06:23:12+00:00","dateModified":"2024-11-10T14:49:13+00:00","breadcrumb":{"@id":"https:\/\/sp-dz.com\/produit\/anfield-sols\/#breadcrumb"},"inLanguage":"fr-FR","potentialAction":[{"@type":"ReadAction","target":["https:\/\/sp-dz.com\/produit\/anfield-sols\/"]}]},{"@type":"ImageObject","inLanguage":"fr-FR","@id":"https:\/\/sp-dz.com\/produit\/anfield-sols\/#primaryimage","url":"https:\/\/sp-dz.com\/wp-content\/uploads\/2024\/09\/1-5.jpg","contentUrl":"https:\/\/sp-dz.com\/wp-content\/uploads\/2024\/09\/1-5.jpg","width":1900,"height":2280},{"@type":"BreadcrumbList","@id":"https:\/\/sp-dz.com\/produit\/anfield-sols\/#breadcrumb","itemListElement":[{"@type":"ListItem","position":1,"name":"Accueil","item":"https:\/\/sp-dz.com\/fr\/"},{"@type":"ListItem","position":2,"name":"Boutique","item":"https:\/\/sp-dz.com\/fr\/boutique\/"},{"@type":"ListItem","position":3,"name":"Anfield Sol&rsquo;s"}]},{"@type":"WebSite","@id":"https:\/\/sp-dz.com\/fr\/#website","url":"https:\/\/sp-dz.com\/fr\/","name":"S\u00e9lection Priv\u00e9e","description":"Only for Members","potentialAction":[{"@type":"SearchAction","target":{"@type":"EntryPoint","urlTemplate":"https:\/\/sp-dz.com\/fr\/?s={search_term_string}"},"query-input":{"@type":"PropertyValueSpecification","valueRequired":true,"valueName":"search_term_string"}}],"inLanguage":"fr-FR"}]}},"_links":{"self":[{"href":"https:\/\/sp-dz.com\/fr\/wp-json\/wp\/v2\/product\/12567","targetHints":{"allow":["GET"]}}],"collection":[{"href":"https:\/\/sp-dz.com\/fr\/wp-json\/wp\/v2\/product"}],"about":[{"href":"https:\/\/sp-dz.com\/fr\/wp-json\/wp\/v2\/types\/product"}],"version-history":[{"count":4,"href":"https:\/\/sp-dz.com\/fr\/wp-json\/wp\/v2\/product\/12567\/revisions"}],"predecessor-version":[{"id":13268,"href":"https:\/\/sp-dz.com\/fr\/wp-json\/wp\/v2\/product\/12567\/revisions\/13268"}],"wp:featuredmedia":[{"embeddable":true,"href":"https:\/\/sp-dz.com\/fr\/wp-json\/wp\/v2\/media\/12568"}],"wp:attachment":[{"href":"https:\/\/sp-dz.com\/fr\/wp-json\/wp\/v2\/media?parent=12567"}],"wp:term":[{"taxonomy":"product_brand","embeddable":true,"href":"https:\/\/sp-dz.com\/fr\/wp-json\/wp\/v2\/product_brand?post=12567"},{"taxonomy":"product_cat","embeddable":true,"href":"https:\/\/sp-dz.com\/fr\/wp-json\/wp\/v2\/product_cat?post=12567"},{"taxonomy":"product_tag","embeddable":true,"href":"https:\/\/sp-dz.com\/fr\/wp-json\/wp\/v2\/product_tag?post=12567"}],"curies":[{"name":"wp","href":"https:\/\/api.w.org\/{rel}","templated":true}]}}