{"id":12276,"date":"2024-09-06T15:06:50","date_gmt":"2024-09-06T14:06:50","guid":{"rendered":"https:\/\/sp.com.dz\/?page_id=12276"},"modified":"2024-12-18T13:03:42","modified_gmt":"2024-12-18T12:03:42","slug":"guide-des-tailles","status":"publish","type":"page","link":"https:\/\/sp-dz.com\/fr\/nos-services\/guide-des-tailles\/","title":{"rendered":"Guide des tailles"},"content":{"rendered":"\t\t<div data-elementor-type=\"wp-page\" data-elementor-id=\"12276\" class=\"elementor elementor-12276\">\n\t\t\t\t\t\t\t<div class=\"wd-negative-gap elementor-element elementor-element-dc00b0e e-flex e-con-boxed wd-section-disabled e-con\" data-id=\"dc00b0e\" data-element_type=\"container\" data-settings=\"{&quot;content_width&quot;:&quot;boxed&quot;}\">\n\t\t\t\t\t<div class=\"e-con-inner\">\n\t\t\t\t<div class=\"elementor-element elementor-element-f8bb830 elementor-widget__width-initial color-scheme-inherit text-left elementor-widget elementor-widget-text-editor\" data-id=\"f8bb830\" data-element_type=\"widget\" data-widget_type=\"text-editor.default\">\n\t\t\t\t<div class=\"elementor-widget-container\">\n\t\t\t<style>\/*! elementor - v3.15.0 - 09-08-2023 *\/\n.elementor-widget-text-editor.elementor-drop-cap-view-stacked .elementor-drop-cap{background-color:#69727d;color:#fff}.elementor-widget-text-editor.elementor-drop-cap-view-framed .elementor-drop-cap{color:#69727d;border:3px solid;background-color:transparent}.elementor-widget-text-editor:not(.elementor-drop-cap-view-default) .elementor-drop-cap{margin-top:8px}.elementor-widget-text-editor:not(.elementor-drop-cap-view-default) .elementor-drop-cap-letter{width:1em;height:1em}.elementor-widget-text-editor .elementor-drop-cap{float:left;text-align:center;line-height:1;font-size:50px}.elementor-widget-text-editor .elementor-drop-cap-letter{display:inline-block}<\/style>\t\t\t\t<h3><span style=\"color: #000000;\"><strong>Guide des Tailles<\/strong><\/span><\/h3><p><span style=\"color: #000000;\">Nous savons qu\u2019il est essentiel de choisir la taille parfaite pour vos v\u00eatements, et nous nous engageons \u00e0 vous offrir une exp\u00e9rience d&rsquo;achat fluide et agr\u00e9able.<\/span><\/p><h4><span style=\"color: #000000;\"><strong>Un Guide Adapt\u00e9 \u00e0 Chaque Marque<\/strong><\/span><\/h4><p><span style=\"color: #000000;\">Chaque marque que nous proposons a ses propres sp\u00e9cificit\u00e9s en mati\u00e8re de tailles. Pour vous aider \u00e0 trouver facilement celle qui vous convient, nous mettrons, prochainement, \u00e0 votre disposition un <strong>guide des tailles par marque et par produit dans certaines cas<\/strong>. Ce guide vous permettra de mieux comprendre les mesures et de choisir en toute confiance.<\/span><\/p><p><span style=\"color: #000000;\">Ces informations d\u00e9taill\u00e9es, adapt\u00e9es \u00e0 chaque mod\u00e8le, seront prochainement accessibles directement sur la fiche produit. Nous travaillons activement \u00e0 enrichir notre site pour vous offrir le maximum de pr\u00e9cision et faciliter votre choix.<\/span><\/p><h4><span style=\"color: #000000;\"><strong>Notre Engagement pour une Meilleure Exp\u00e9rience d&rsquo;Achat<\/strong><\/span><\/h4><p><span style=\"color: #000000;\">Votre satisfaction est notre priorit\u00e9. Nous faisons tout notre possible pour vous fournir les informations n\u00e9cessaires afin que chaque achat vous convienne parfaitement. En cas de doute sur une taille ou si vous avez besoin d\u2019aide, notre service client est \u00e0 votre disposition pour r\u00e9pondre \u00e0 toutes vos questions.<\/span><\/p>\t\t\t\t\t\t<\/div>\n\t\t\t\t<\/div>\n\t\t\t\t\t<\/div>\n\t\t\t\t<\/div>\n\t\t\t\t\t\t\t<\/div>\n\t\t","protected":false},"excerpt":{"rendered":"<p>Guide des Tailles Nous savons qu\u2019il est essentiel de choisir la taille parfaite pour vos v\u00eatements, et nous nous engageons<\/p>\n","protected":false},"author":13,"featured_media":0,"parent":12315,"menu_order":0,"comment_status":"closed","ping_status":"closed","template":"","meta":{"footnotes":""},"class_list":["post-12276","page","type-page","status-publish","hentry"],"yoast_head":"<!-- This site is optimized with the Yoast SEO plugin v26.9 - https:\/\/yoast.com\/product\/yoast-seo-wordpress\/ -->\n<title>Guide des tailles - S\u00e9lection Priv\u00e9e<\/title>\n<meta name=\"robots\" content=\"index, follow, max-snippet:-1, max-image-preview:large, max-video-preview:-1\" \/>\n<link rel=\"canonical\" href=\"https:\/\/sp-dz.com\/fr\/nos-services\/guide-des-tailles\/\" \/>\n<meta property=\"og:locale\" content=\"fr_FR\" \/>\n<meta property=\"og:type\" content=\"article\" \/>\n<meta property=\"og:title\" content=\"Guide des tailles - S\u00e9lection Priv\u00e9e\" \/>\n<meta property=\"og:description\" content=\"Guide des Tailles Nous savons qu\u2019il est essentiel de choisir la taille parfaite pour vos v\u00eatements, et nous nous engageons\" \/>\n<meta property=\"og:url\" content=\"https:\/\/sp-dz.com\/fr\/nos-services\/guide-des-tailles\/\" \/>\n<meta property=\"og:site_name\" content=\"S\u00e9lection Priv\u00e9e\" \/>\n<meta property=\"article:modified_time\" content=\"2024-12-18T12:03:42+00:00\" \/>\n<meta name=\"twitter:card\" content=\"summary_large_image\" \/>\n<meta name=\"twitter:label1\" content=\"Dur\u00e9e de lecture estim\u00e9e\" \/>\n\t<meta name=\"twitter:data1\" content=\"1 minute\" \/>\n<script type=\"application\/ld+json\" class=\"yoast-schema-graph\">{\"@context\":\"https:\/\/schema.org\",\"@graph\":[{\"@type\":\"WebPage\",\"@id\":\"https:\/\/sp-dz.com\/nos-services\/guide-des-tailles\/\",\"url\":\"https:\/\/sp-dz.com\/nos-services\/guide-des-tailles\/\",\"name\":\"Guide des tailles - S\u00e9lection Priv\u00e9e\",\"isPartOf\":{\"@id\":\"https:\/\/sp-dz.com\/fr\/#website\"},\"datePublished\":\"2024-09-06T14:06:50+00:00\",\"dateModified\":\"2024-12-18T12:03:42+00:00\",\"breadcrumb\":{\"@id\":\"https:\/\/sp-dz.com\/nos-services\/guide-des-tailles\/#breadcrumb\"},\"inLanguage\":\"fr-FR\",\"potentialAction\":[{\"@type\":\"ReadAction\",\"target\":[\"https:\/\/sp-dz.com\/nos-services\/guide-des-tailles\/\"]}]},{\"@type\":\"BreadcrumbList\",\"@id\":\"https:\/\/sp-dz.com\/nos-services\/guide-des-tailles\/#breadcrumb\",\"itemListElement\":[{\"@type\":\"ListItem\",\"position\":1,\"name\":\"Accueil\",\"item\":\"https:\/\/sp-dz.com\/fr\/\"},{\"@type\":\"ListItem\",\"position\":2,\"name\":\"Nos services\",\"item\":\"https:\/\/sp-dz.com\/fr\/nos-services\/\"},{\"@type\":\"ListItem\",\"position\":3,\"name\":\"Guide des tailles\"}]},{\"@type\":\"WebSite\",\"@id\":\"https:\/\/sp-dz.com\/fr\/#website\",\"url\":\"https:\/\/sp-dz.com\/fr\/\",\"name\":\"S\u00e9lection Priv\u00e9e\",\"description\":\"Only for Members\",\"potentialAction\":[{\"@type\":\"SearchAction\",\"target\":{\"@type\":\"EntryPoint\",\"urlTemplate\":\"https:\/\/sp-dz.com\/fr\/?s={search_term_string}\"},\"query-input\":{\"@type\":\"PropertyValueSpecification\",\"valueRequired\":true,\"valueName\":\"search_term_string\"}}],\"inLanguage\":\"fr-FR\"}]}<\/script>\n<!-- \/ Yoast SEO plugin. -->","yoast_head_json":{"title":"Guide des tailles - S\u00e9lection Priv\u00e9e","robots":{"index":"index","follow":"follow","max-snippet":"max-snippet:-1","max-image-preview":"max-image-preview:large","max-video-preview":"max-video-preview:-1"},"canonical":"https:\/\/sp-dz.com\/fr\/nos-services\/guide-des-tailles\/","og_locale":"fr_FR","og_type":"article","og_title":"Guide des tailles - S\u00e9lection Priv\u00e9e","og_description":"Guide des Tailles Nous savons qu\u2019il est essentiel de choisir la taille parfaite pour vos v\u00eatements, et nous nous engageons","og_url":"https:\/\/sp-dz.com\/fr\/nos-services\/guide-des-tailles\/","og_site_name":"S\u00e9lection Priv\u00e9e","article_modified_time":"2024-12-18T12:03:42+00:00","twitter_card":"summary_large_image","twitter_misc":{"Dur\u00e9e de lecture estim\u00e9e":"1 minute"},"schema":{"@context":"https:\/\/schema.org","@graph":[{"@type":"WebPage","@id":"https:\/\/sp-dz.com\/nos-services\/guide-des-tailles\/","url":"https:\/\/sp-dz.com\/nos-services\/guide-des-tailles\/","name":"Guide des tailles - S\u00e9lection Priv\u00e9e","isPartOf":{"@id":"https:\/\/sp-dz.com\/fr\/#website"},"datePublished":"2024-09-06T14:06:50+00:00","dateModified":"2024-12-18T12:03:42+00:00","breadcrumb":{"@id":"https:\/\/sp-dz.com\/nos-services\/guide-des-tailles\/#breadcrumb"},"inLanguage":"fr-FR","potentialAction":[{"@type":"ReadAction","target":["https:\/\/sp-dz.com\/nos-services\/guide-des-tailles\/"]}]},{"@type":"BreadcrumbList","@id":"https:\/\/sp-dz.com\/nos-services\/guide-des-tailles\/#breadcrumb","itemListElement":[{"@type":"ListItem","position":1,"name":"Accueil","item":"https:\/\/sp-dz.com\/fr\/"},{"@type":"ListItem","position":2,"name":"Nos services","item":"https:\/\/sp-dz.com\/fr\/nos-services\/"},{"@type":"ListItem","position":3,"name":"Guide des tailles"}]},{"@type":"WebSite","@id":"https:\/\/sp-dz.com\/fr\/#website","url":"https:\/\/sp-dz.com\/fr\/","name":"S\u00e9lection Priv\u00e9e","description":"Only for Members","potentialAction":[{"@type":"SearchAction","target":{"@type":"EntryPoint","urlTemplate":"https:\/\/sp-dz.com\/fr\/?s={search_term_string}"},"query-input":{"@type":"PropertyValueSpecification","valueRequired":true,"valueName":"search_term_string"}}],"inLanguage":"fr-FR"}]}},"_links":{"self":[{"href":"https:\/\/sp-dz.com\/fr\/wp-json\/wp\/v2\/pages\/12276","targetHints":{"allow":["GET"]}}],"collection":[{"href":"https:\/\/sp-dz.com\/fr\/wp-json\/wp\/v2\/pages"}],"about":[{"href":"https:\/\/sp-dz.com\/fr\/wp-json\/wp\/v2\/types\/page"}],"author":[{"embeddable":true,"href":"https:\/\/sp-dz.com\/fr\/wp-json\/wp\/v2\/users\/13"}],"replies":[{"embeddable":true,"href":"https:\/\/sp-dz.com\/fr\/wp-json\/wp\/v2\/comments?post=12276"}],"version-history":[{"count":10,"href":"https:\/\/sp-dz.com\/fr\/wp-json\/wp\/v2\/pages\/12276\/revisions"}],"predecessor-version":[{"id":14947,"href":"https:\/\/sp-dz.com\/fr\/wp-json\/wp\/v2\/pages\/12276\/revisions\/14947"}],"up":[{"embeddable":true,"href":"https:\/\/sp-dz.com\/fr\/wp-json\/wp\/v2\/pages\/12315"}],"wp:attachment":[{"href":"https:\/\/sp-dz.com\/fr\/wp-json\/wp\/v2\/media?parent=12276"}],"curies":[{"name":"wp","href":"https:\/\/api.w.org\/{rel}","templated":true}]}}