{"id":10735,"date":"2023-10-30T12:13:29","date_gmt":"2023-10-30T11:13:29","guid":{"rendered":"http:\/\/197.140.18.152\/?page_id=10735"},"modified":"2024-12-18T15:12:37","modified_gmt":"2024-12-18T14:12:37","slug":"politique-de-confidentialite-cookies","status":"publish","type":"page","link":"https:\/\/sp-dz.com\/fr\/a-propos\/politique-de-confidentialite-cookies\/","title":{"rendered":"Cookies"},"content":{"rendered":"\t\t<div data-elementor-type=\"wp-page\" data-elementor-id=\"10735\" class=\"elementor elementor-10735\">\n\t\t\t\t\t\t\t<div class=\"elementor-element elementor-element-ddc7f02 e-con-full e-flex wd-section-disabled e-con\" data-id=\"ddc7f02\" data-element_type=\"container\" data-settings=\"{&quot;content_width&quot;:&quot;full&quot;}\">\n\t\t\t\t<div class=\"elementor-element elementor-element-e4f5338 elementor-widget__width-initial elementor-widget elementor-widget-wd_text_block\" data-id=\"e4f5338\" data-element_type=\"widget\" data-widget_type=\"wd_text_block.default\">\n\t\t\t\t<div class=\"elementor-widget-container\">\n\t\t\t\t\t<div class=\"wd-text-block reset-last-child text-left\">\n\t\t\t\n\t\t\t<h3><strong><span style=\"color: #000000;\">Cookies<\/span><\/strong><\/h3><p><span style=\"color: #000000;\">La confidentialit\u00e9 de vos informations est une priorit\u00e9 pour nous.<\/span><\/p><p><span style=\"color: #000000;\">Les cookies et autres technologies similaires sont essentiels au bon fonctionnement de notre plateforme. Notre objectif principal est d'optimiser votre exp\u00e9rience de navigation, de rendre nos services et la plateforme plus efficaces, ainsi que d'am\u00e9liorer nos prestations. En outre, nous utilisons des cookies pour vous pr\u00e9senter des publicit\u00e9s susceptibles de vous int\u00e9resser lorsque vous visitez des sites ou des applications tiers.<\/span><\/p><p><span style=\"color: #000000;\">Nous vous offrons ici toutes les informations relatives aux cookies que nous utilisons.\u00a0;<\/span><\/p><p><span style=\"color: #000000;\"><strong>Cookies strictement n\u00e9cessaires :<\/strong><\/span><\/p><p><span style=\"color: #000000;\">Ces cookies sont indispensables au bon fonctionnement de la plateforme et ne peuvent pas \u00eatre d\u00e9sactiv\u00e9s dans nos syst\u00e8mes. Ils sont g\u00e9n\u00e9ralement configur\u00e9s en r\u00e9ponse \u00e0 des actions que vous entreprenez pour recevoir des services, telles que l'ajustement de vos pr\u00e9f\u00e9rences de confidentialit\u00e9, la connexion au site ou la saisie de formulaires.<\/span><\/p><p><span style=\"color: #000000;\"><strong>Cookies d\u2019Analyse :<\/strong><\/span><\/p><p><span style=\"color: #000000;\">Ces cookies nous aident \u00e0 recenser les visites et \u00e0 analyser l'origine du trafic, ce qui contribue \u00e0 mesurer et \u00e0 am\u00e9liorer le fonctionnement de notre Plateforme. Ils nous permettent \u00e9galement d'\u00e9valuer la popularit\u00e9 relative des diff\u00e9rentes pages et de quantifier le nombre de visiteurs sur le site.<\/span><\/p><p><span style=\"color: #000000;\"><strong>Cookies de fonctionnalit\u00e9 ou de personnalisation :<\/strong><\/span><\/p><p><span style=\"color: #000000;\">Ces cookies am\u00e9liorent la fonctionnalit\u00e9 et la personnalisation de la plateforme. Nous pouvons les configurer en interne ou les confier \u00e0 des tiers dont les services sont int\u00e9gr\u00e9s \u00e0 nos pages.<\/span><\/p><p><span style=\"color: #000000;\"><strong>Cookies de Publicit\u00e9 Comportementale :<\/strong><\/span><\/p><p><span style=\"color: #000000;\">Ces cookies sont plac\u00e9s par nos partenaires publicitaires sur l'ensemble de la plateforme. Ils peuvent \u00eatre utilis\u00e9s par ces tiers pour \u00e9tablir un profil de vos centres d'int\u00e9r\u00eat et vous pr\u00e9senter des annonces pertinentes sur d'autres sites.<\/span><\/p><p><span style=\"color: #000000;\">Pour toute demande d'informations suppl\u00e9mentaires concernant notre politique en mati\u00e8re de cookies, n'h\u00e9sitez pas \u00e0 nous contacter \u00e0 l'adresse suivante : <a style=\"color: #000000;\" href=\"mailto:contact@sp-dz.com\">contact@sp-dz.com<\/a>.<\/span><\/p>\n\t\t\t\t\t<\/div>\n\t\t\t\t<\/div>\n\t\t\t\t<\/div>\n\t\t\t\t<\/div>\n\t\t<div class=\"wd-negative-gap elementor-element elementor-element-ecfab9b e-flex e-con-boxed wd-section-disabled e-con\" data-id=\"ecfab9b\" data-element_type=\"container\" data-settings=\"{&quot;content_width&quot;:&quot;boxed&quot;}\">\n\t\t\t\t\t<div class=\"e-con-inner\">\n\t\t\t\t<div class=\"elementor-element elementor-element-9556f2e elementor-widget elementor-widget-spacer\" data-id=\"9556f2e\" data-element_type=\"widget\" data-widget_type=\"spacer.default\">\n\t\t\t\t<div class=\"elementor-widget-container\">\n\t\t\t<style>\/*! elementor - v3.15.0 - 09-08-2023 *\/\n.elementor-column .elementor-spacer-inner{height:var(--spacer-size)}.e-con{--container-widget-width:100%}.e-con-inner>.elementor-widget-spacer,.e-con>.elementor-widget-spacer{width:var(--container-widget-width,var(--spacer-size));--align-self:var(--container-widget-align-self,initial);--flex-shrink:0}.e-con-inner>.elementor-widget-spacer>.elementor-widget-container,.e-con-inner>.elementor-widget-spacer>.elementor-widget-container>.elementor-spacer,.e-con>.elementor-widget-spacer>.elementor-widget-container,.e-con>.elementor-widget-spacer>.elementor-widget-container>.elementor-spacer{height:100%}.e-con-inner>.elementor-widget-spacer>.elementor-widget-container>.elementor-spacer>.elementor-spacer-inner,.e-con>.elementor-widget-spacer>.elementor-widget-container>.elementor-spacer>.elementor-spacer-inner{height:var(--container-widget-height,var(--spacer-size))}<\/style>\t\t<div class=\"elementor-spacer\">\n\t\t\t<div class=\"elementor-spacer-inner\"><\/div>\n\t\t<\/div>\n\t\t\t\t<\/div>\n\t\t\t\t<\/div>\n\t\t\t\t\t<\/div>\n\t\t\t\t<\/div>\n\t\t\t\t\t\t\t<\/div>\n\t\t","protected":false},"excerpt":{"rendered":"<p>Cookies La confidentialit\u00e9 de vos informations est une priorit\u00e9 pour nous. Les cookies et autres technologies similaires sont essentiels au<\/p>\n","protected":false},"author":1,"featured_media":0,"parent":12317,"menu_order":4,"comment_status":"closed","ping_status":"closed","template":"","meta":{"footnotes":""},"class_list":["post-10735","page","type-page","status-publish","hentry"],"yoast_head":"<!-- This site is optimized with the Yoast SEO plugin v26.9 - https:\/\/yoast.com\/product\/yoast-seo-wordpress\/ -->\n<title>Cookies - S\u00e9lection Priv\u00e9e<\/title>\n<meta name=\"robots\" content=\"index, follow, max-snippet:-1, max-image-preview:large, max-video-preview:-1\" \/>\n<link rel=\"canonical\" href=\"https:\/\/sp-dz.com\/fr\/a-propos\/politique-de-confidentialite-cookies\/\" \/>\n<meta property=\"og:locale\" content=\"fr_FR\" \/>\n<meta property=\"og:type\" content=\"article\" \/>\n<meta property=\"og:title\" content=\"Cookies - S\u00e9lection Priv\u00e9e\" \/>\n<meta property=\"og:description\" content=\"Cookies La confidentialit\u00e9 de vos informations est une priorit\u00e9 pour nous. Les cookies et autres technologies similaires sont essentiels au\" \/>\n<meta property=\"og:url\" content=\"https:\/\/sp-dz.com\/fr\/a-propos\/politique-de-confidentialite-cookies\/\" \/>\n<meta property=\"og:site_name\" content=\"S\u00e9lection Priv\u00e9e\" \/>\n<meta property=\"article:modified_time\" content=\"2024-12-18T14:12:37+00:00\" \/>\n<meta name=\"twitter:card\" content=\"summary_large_image\" \/>\n<meta name=\"twitter:label1\" content=\"Dur\u00e9e de lecture estim\u00e9e\" \/>\n\t<meta name=\"twitter:data1\" content=\"2 minutes\" \/>\n<script type=\"application\/ld+json\" class=\"yoast-schema-graph\">{\"@context\":\"https:\/\/schema.org\",\"@graph\":[{\"@type\":\"WebPage\",\"@id\":\"https:\/\/sp-dz.com\/a-propos\/politique-de-confidentialite-cookies\/\",\"url\":\"https:\/\/sp-dz.com\/a-propos\/politique-de-confidentialite-cookies\/\",\"name\":\"Cookies - S\u00e9lection Priv\u00e9e\",\"isPartOf\":{\"@id\":\"https:\/\/sp-dz.com\/fr\/#website\"},\"datePublished\":\"2023-10-30T11:13:29+00:00\",\"dateModified\":\"2024-12-18T14:12:37+00:00\",\"breadcrumb\":{\"@id\":\"https:\/\/sp-dz.com\/a-propos\/politique-de-confidentialite-cookies\/#breadcrumb\"},\"inLanguage\":\"fr-FR\",\"potentialAction\":[{\"@type\":\"ReadAction\",\"target\":[\"https:\/\/sp-dz.com\/a-propos\/politique-de-confidentialite-cookies\/\"]}]},{\"@type\":\"BreadcrumbList\",\"@id\":\"https:\/\/sp-dz.com\/a-propos\/politique-de-confidentialite-cookies\/#breadcrumb\",\"itemListElement\":[{\"@type\":\"ListItem\",\"position\":1,\"name\":\"Accueil\",\"item\":\"https:\/\/sp-dz.com\/fr\/\"},{\"@type\":\"ListItem\",\"position\":2,\"name\":\"A propos\",\"item\":\"https:\/\/sp-dz.com\/fr\/a-propos\/\"},{\"@type\":\"ListItem\",\"position\":3,\"name\":\"Cookies\"}]},{\"@type\":\"WebSite\",\"@id\":\"https:\/\/sp-dz.com\/fr\/#website\",\"url\":\"https:\/\/sp-dz.com\/fr\/\",\"name\":\"S\u00e9lection Priv\u00e9e\",\"description\":\"Only for Members\",\"potentialAction\":[{\"@type\":\"SearchAction\",\"target\":{\"@type\":\"EntryPoint\",\"urlTemplate\":\"https:\/\/sp-dz.com\/fr\/?s={search_term_string}\"},\"query-input\":{\"@type\":\"PropertyValueSpecification\",\"valueRequired\":true,\"valueName\":\"search_term_string\"}}],\"inLanguage\":\"fr-FR\"}]}<\/script>\n<!-- \/ Yoast SEO plugin. -->","yoast_head_json":{"title":"Cookies - S\u00e9lection Priv\u00e9e","robots":{"index":"index","follow":"follow","max-snippet":"max-snippet:-1","max-image-preview":"max-image-preview:large","max-video-preview":"max-video-preview:-1"},"canonical":"https:\/\/sp-dz.com\/fr\/a-propos\/politique-de-confidentialite-cookies\/","og_locale":"fr_FR","og_type":"article","og_title":"Cookies - S\u00e9lection Priv\u00e9e","og_description":"Cookies La confidentialit\u00e9 de vos informations est une priorit\u00e9 pour nous. Les cookies et autres technologies similaires sont essentiels au","og_url":"https:\/\/sp-dz.com\/fr\/a-propos\/politique-de-confidentialite-cookies\/","og_site_name":"S\u00e9lection Priv\u00e9e","article_modified_time":"2024-12-18T14:12:37+00:00","twitter_card":"summary_large_image","twitter_misc":{"Dur\u00e9e de lecture estim\u00e9e":"2 minutes"},"schema":{"@context":"https:\/\/schema.org","@graph":[{"@type":"WebPage","@id":"https:\/\/sp-dz.com\/a-propos\/politique-de-confidentialite-cookies\/","url":"https:\/\/sp-dz.com\/a-propos\/politique-de-confidentialite-cookies\/","name":"Cookies - S\u00e9lection Priv\u00e9e","isPartOf":{"@id":"https:\/\/sp-dz.com\/fr\/#website"},"datePublished":"2023-10-30T11:13:29+00:00","dateModified":"2024-12-18T14:12:37+00:00","breadcrumb":{"@id":"https:\/\/sp-dz.com\/a-propos\/politique-de-confidentialite-cookies\/#breadcrumb"},"inLanguage":"fr-FR","potentialAction":[{"@type":"ReadAction","target":["https:\/\/sp-dz.com\/a-propos\/politique-de-confidentialite-cookies\/"]}]},{"@type":"BreadcrumbList","@id":"https:\/\/sp-dz.com\/a-propos\/politique-de-confidentialite-cookies\/#breadcrumb","itemListElement":[{"@type":"ListItem","position":1,"name":"Accueil","item":"https:\/\/sp-dz.com\/fr\/"},{"@type":"ListItem","position":2,"name":"A propos","item":"https:\/\/sp-dz.com\/fr\/a-propos\/"},{"@type":"ListItem","position":3,"name":"Cookies"}]},{"@type":"WebSite","@id":"https:\/\/sp-dz.com\/fr\/#website","url":"https:\/\/sp-dz.com\/fr\/","name":"S\u00e9lection Priv\u00e9e","description":"Only for Members","potentialAction":[{"@type":"SearchAction","target":{"@type":"EntryPoint","urlTemplate":"https:\/\/sp-dz.com\/fr\/?s={search_term_string}"},"query-input":{"@type":"PropertyValueSpecification","valueRequired":true,"valueName":"search_term_string"}}],"inLanguage":"fr-FR"}]}},"_links":{"self":[{"href":"https:\/\/sp-dz.com\/fr\/wp-json\/wp\/v2\/pages\/10735","targetHints":{"allow":["GET"]}}],"collection":[{"href":"https:\/\/sp-dz.com\/fr\/wp-json\/wp\/v2\/pages"}],"about":[{"href":"https:\/\/sp-dz.com\/fr\/wp-json\/wp\/v2\/types\/page"}],"author":[{"embeddable":true,"href":"https:\/\/sp-dz.com\/fr\/wp-json\/wp\/v2\/users\/1"}],"replies":[{"embeddable":true,"href":"https:\/\/sp-dz.com\/fr\/wp-json\/wp\/v2\/comments?post=10735"}],"version-history":[{"count":43,"href":"https:\/\/sp-dz.com\/fr\/wp-json\/wp\/v2\/pages\/10735\/revisions"}],"predecessor-version":[{"id":14967,"href":"https:\/\/sp-dz.com\/fr\/wp-json\/wp\/v2\/pages\/10735\/revisions\/14967"}],"up":[{"embeddable":true,"href":"https:\/\/sp-dz.com\/fr\/wp-json\/wp\/v2\/pages\/12317"}],"wp:attachment":[{"href":"https:\/\/sp-dz.com\/fr\/wp-json\/wp\/v2\/media?parent=10735"}],"curies":[{"name":"wp","href":"https:\/\/api.w.org\/{rel}","templated":true}]}}