{"id":14606,"date":"2024-12-12T13:29:34","date_gmt":"2024-12-12T12:29:34","guid":{"rendered":"https:\/\/sp.com.dz\/?post_type=product&#038;p=14606"},"modified":"2024-12-12T13:32:55","modified_gmt":"2024-12-12T12:32:55","slug":"polo-elevate-bleu","status":"publish","type":"product","link":"https:\/\/sp-dz.com\/ar\/product\/polo-elevate-bleu\/","title":{"rendered":"Polo Elevate Bleu"},"content":{"rendered":"<h3 class=\"text-s product-popup-subtitle\">Caract\u00e9ristiques de base<\/h3>\n<p>Polo bleu \u00e0 manches courtes. Son col rabattu et son ouverture \u00e0 deux boutons ajoutent une touche de sophistication, tandis que sa coupe ajust\u00e9e vous assure un confort tout au long de la journ\u00e9e. Id\u00e9al pour un look casual chic r\u00e9ussi.<\/p>\n<h3 class=\"text-s product-popup-subtitle\">Composition<\/h3>\n<p>100% Coton<\/p>\n<h3 class=\"text-s product-popup-subtitle\">Code produit<\/h3>\n<p>55551491<\/p>\n<h3 class=\"text-s product-popup-subtitle\">Entretien<\/h3>\n<p>Lavage en machine \u00e0 une temp\u00e9rature maximale de 30\u00b0C.<\/p>","protected":false},"excerpt":{"rendered":"<p>Polo bleu \u00e0 manches courtes. Son col rabattu et son ouverture \u00e0 deux boutons ajoutent une touche de sophistication, tandis que sa coupe ajust\u00e9e vous assure un confort tout au long de la journ\u00e9e. Id\u00e9al pour un look casual chic r\u00e9ussi.<\/p>","protected":false},"featured_media":14613,"template":"","meta":[],"product_brand":[],"product_cat":[93,22],"product_tag":[],"class_list":{"0":"post-14606","1":"product","2":"type-product","3":"status-publish","4":"has-post-thumbnail","6":"product_cat-polo","7":"product_cat-homme","9":"first","10":"instock","11":"shipping-taxable","12":"purchasable","13":"product-type-variable","14":"has-default-attributes"},"yoast_head":"<!-- This site is optimized with the Yoast SEO plugin v26.9 - https:\/\/yoast.com\/product\/yoast-seo-wordpress\/ -->\n<title>Polo Elevate Bleu - S\u00e9lection Priv\u00e9e<\/title>\n<meta name=\"robots\" content=\"index, follow, max-snippet:-1, max-image-preview:large, max-video-preview:-1\" \/>\n<link rel=\"canonical\" href=\"https:\/\/sp-dz.com\/ar\/product\/polo-elevate-bleu\/\" \/>\n<meta property=\"og:locale\" content=\"ar_AR\" \/>\n<meta property=\"og:type\" content=\"article\" \/>\n<meta property=\"og:title\" content=\"Polo Elevate Bleu - S\u00e9lection Priv\u00e9e\" \/>\n<meta property=\"og:description\" content=\"Polo bleu \u00e0 manches courtes. Son col rabattu et son ouverture \u00e0 deux boutons ajoutent une touche de sophistication, tandis que sa coupe ajust\u00e9e vous assure un confort tout au long de la journ\u00e9e. Id\u00e9al pour un look casual chic r\u00e9ussi.\" \/>\n<meta property=\"og:url\" content=\"https:\/\/sp-dz.com\/ar\/product\/polo-elevate-bleu\/\" \/>\n<meta property=\"og:site_name\" content=\"S\u00e9lection Priv\u00e9e\" \/>\n<meta property=\"article:modified_time\" content=\"2024-12-12T12:32:55+00:00\" \/>\n<meta property=\"og:image\" content=\"https:\/\/sp-dz.com\/wp-content\/uploads\/2024\/12\/16398_561_B_OFF_704x704.jpg\" \/>\n\t<meta property=\"og:image:width\" content=\"704\" \/>\n\t<meta property=\"og:image:height\" content=\"704\" \/>\n\t<meta property=\"og:image:type\" content=\"image\/jpeg\" \/>\n<meta name=\"twitter:card\" content=\"summary_large_image\" \/>\n<meta name=\"twitter:label1\" content=\"\u0648\u0642\u062a \u0627\u0644\u0642\u0631\u0627\u0621\u0629 \u0627\u0644\u0645\u064f\u0642\u062f\u0651\u0631\" \/>\n\t<meta name=\"twitter:data1\" content=\"\u062f\u0642\u064a\u0642\u0629 \u0648\u0627\u062d\u062f\u0629\" \/>\n<script type=\"application\/ld+json\" class=\"yoast-schema-graph\">{\"@context\":\"https:\/\/schema.org\",\"@graph\":[{\"@type\":\"WebPage\",\"@id\":\"https:\/\/sp-dz.com\/produit\/polo-elevate-bleu\/\",\"url\":\"https:\/\/sp-dz.com\/produit\/polo-elevate-bleu\/\",\"name\":\"Polo Elevate Bleu - S\u00e9lection Priv\u00e9e\",\"isPartOf\":{\"@id\":\"https:\/\/sp-dz.com\/fr\/#website\"},\"primaryImageOfPage\":{\"@id\":\"https:\/\/sp-dz.com\/produit\/polo-elevate-bleu\/#primaryimage\"},\"image\":{\"@id\":\"https:\/\/sp-dz.com\/produit\/polo-elevate-bleu\/#primaryimage\"},\"thumbnailUrl\":\"https:\/\/sp-dz.com\/wp-content\/uploads\/2024\/12\/16398_561_B_OFF_704x704.jpg\",\"datePublished\":\"2024-12-12T12:29:34+00:00\",\"dateModified\":\"2024-12-12T12:32:55+00:00\",\"breadcrumb\":{\"@id\":\"https:\/\/sp-dz.com\/produit\/polo-elevate-bleu\/#breadcrumb\"},\"inLanguage\":\"ar\",\"potentialAction\":[{\"@type\":\"ReadAction\",\"target\":[\"https:\/\/sp-dz.com\/produit\/polo-elevate-bleu\/\"]}]},{\"@type\":\"ImageObject\",\"inLanguage\":\"ar\",\"@id\":\"https:\/\/sp-dz.com\/produit\/polo-elevate-bleu\/#primaryimage\",\"url\":\"https:\/\/sp-dz.com\/wp-content\/uploads\/2024\/12\/16398_561_B_OFF_704x704.jpg\",\"contentUrl\":\"https:\/\/sp-dz.com\/wp-content\/uploads\/2024\/12\/16398_561_B_OFF_704x704.jpg\",\"width\":704,\"height\":704},{\"@type\":\"BreadcrumbList\",\"@id\":\"https:\/\/sp-dz.com\/produit\/polo-elevate-bleu\/#breadcrumb\",\"itemListElement\":[{\"@type\":\"ListItem\",\"position\":1,\"name\":\"Accueil\",\"item\":\"https:\/\/sp-dz.com\/fr\/\"},{\"@type\":\"ListItem\",\"position\":2,\"name\":\"Boutique\",\"item\":\"https:\/\/sp-dz.com\/fr\/boutique\/\"},{\"@type\":\"ListItem\",\"position\":3,\"name\":\"Polo Elevate Bleu\"}]},{\"@type\":\"WebSite\",\"@id\":\"https:\/\/sp-dz.com\/fr\/#website\",\"url\":\"https:\/\/sp-dz.com\/fr\/\",\"name\":\"S\u00e9lection Priv\u00e9e\",\"description\":\"Only for Members\",\"potentialAction\":[{\"@type\":\"SearchAction\",\"target\":{\"@type\":\"EntryPoint\",\"urlTemplate\":\"https:\/\/sp-dz.com\/fr\/?s={search_term_string}\"},\"query-input\":{\"@type\":\"PropertyValueSpecification\",\"valueRequired\":true,\"valueName\":\"search_term_string\"}}],\"inLanguage\":\"ar\"}]}<\/script>\n<!-- \/ Yoast SEO plugin. -->","yoast_head_json":{"title":"Polo Elevate Bleu - S\u00e9lection Priv\u00e9e","robots":{"index":"index","follow":"follow","max-snippet":"max-snippet:-1","max-image-preview":"max-image-preview:large","max-video-preview":"max-video-preview:-1"},"canonical":"https:\/\/sp-dz.com\/ar\/product\/polo-elevate-bleu\/","og_locale":"ar_AR","og_type":"article","og_title":"Polo Elevate Bleu - S\u00e9lection Priv\u00e9e","og_description":"Polo bleu \u00e0 manches courtes. Son col rabattu et son ouverture \u00e0 deux boutons ajoutent une touche de sophistication, tandis que sa coupe ajust\u00e9e vous assure un confort tout au long de la journ\u00e9e. Id\u00e9al pour un look casual chic r\u00e9ussi.","og_url":"https:\/\/sp-dz.com\/ar\/product\/polo-elevate-bleu\/","og_site_name":"S\u00e9lection Priv\u00e9e","article_modified_time":"2024-12-12T12:32:55+00:00","og_image":[{"width":704,"height":704,"url":"https:\/\/sp-dz.com\/wp-content\/uploads\/2024\/12\/16398_561_B_OFF_704x704.jpg","type":"image\/jpeg"}],"twitter_card":"summary_large_image","twitter_misc":{"\u0648\u0642\u062a \u0627\u0644\u0642\u0631\u0627\u0621\u0629 \u0627\u0644\u0645\u064f\u0642\u062f\u0651\u0631":"\u062f\u0642\u064a\u0642\u0629 \u0648\u0627\u062d\u062f\u0629"},"schema":{"@context":"https:\/\/schema.org","@graph":[{"@type":"WebPage","@id":"https:\/\/sp-dz.com\/produit\/polo-elevate-bleu\/","url":"https:\/\/sp-dz.com\/produit\/polo-elevate-bleu\/","name":"Polo Elevate Bleu - S\u00e9lection Priv\u00e9e","isPartOf":{"@id":"https:\/\/sp-dz.com\/fr\/#website"},"primaryImageOfPage":{"@id":"https:\/\/sp-dz.com\/produit\/polo-elevate-bleu\/#primaryimage"},"image":{"@id":"https:\/\/sp-dz.com\/produit\/polo-elevate-bleu\/#primaryimage"},"thumbnailUrl":"https:\/\/sp-dz.com\/wp-content\/uploads\/2024\/12\/16398_561_B_OFF_704x704.jpg","datePublished":"2024-12-12T12:29:34+00:00","dateModified":"2024-12-12T12:32:55+00:00","breadcrumb":{"@id":"https:\/\/sp-dz.com\/produit\/polo-elevate-bleu\/#breadcrumb"},"inLanguage":"ar","potentialAction":[{"@type":"ReadAction","target":["https:\/\/sp-dz.com\/produit\/polo-elevate-bleu\/"]}]},{"@type":"ImageObject","inLanguage":"ar","@id":"https:\/\/sp-dz.com\/produit\/polo-elevate-bleu\/#primaryimage","url":"https:\/\/sp-dz.com\/wp-content\/uploads\/2024\/12\/16398_561_B_OFF_704x704.jpg","contentUrl":"https:\/\/sp-dz.com\/wp-content\/uploads\/2024\/12\/16398_561_B_OFF_704x704.jpg","width":704,"height":704},{"@type":"BreadcrumbList","@id":"https:\/\/sp-dz.com\/produit\/polo-elevate-bleu\/#breadcrumb","itemListElement":[{"@type":"ListItem","position":1,"name":"Accueil","item":"https:\/\/sp-dz.com\/fr\/"},{"@type":"ListItem","position":2,"name":"Boutique","item":"https:\/\/sp-dz.com\/fr\/boutique\/"},{"@type":"ListItem","position":3,"name":"Polo Elevate Bleu"}]},{"@type":"WebSite","@id":"https:\/\/sp-dz.com\/fr\/#website","url":"https:\/\/sp-dz.com\/fr\/","name":"S\u00e9lection Priv\u00e9e","description":"Only for Members","potentialAction":[{"@type":"SearchAction","target":{"@type":"EntryPoint","urlTemplate":"https:\/\/sp-dz.com\/fr\/?s={search_term_string}"},"query-input":{"@type":"PropertyValueSpecification","valueRequired":true,"valueName":"search_term_string"}}],"inLanguage":"ar"}]}},"_links":{"self":[{"href":"https:\/\/sp-dz.com\/ar\/wp-json\/wp\/v2\/product\/14606","targetHints":{"allow":["GET"]}}],"collection":[{"href":"https:\/\/sp-dz.com\/ar\/wp-json\/wp\/v2\/product"}],"about":[{"href":"https:\/\/sp-dz.com\/ar\/wp-json\/wp\/v2\/types\/product"}],"version-history":[{"count":2,"href":"https:\/\/sp-dz.com\/ar\/wp-json\/wp\/v2\/product\/14606\/revisions"}],"predecessor-version":[{"id":14615,"href":"https:\/\/sp-dz.com\/ar\/wp-json\/wp\/v2\/product\/14606\/revisions\/14615"}],"wp:featuredmedia":[{"embeddable":true,"href":"https:\/\/sp-dz.com\/ar\/wp-json\/wp\/v2\/media\/14613"}],"wp:attachment":[{"href":"https:\/\/sp-dz.com\/ar\/wp-json\/wp\/v2\/media?parent=14606"}],"wp:term":[{"taxonomy":"product_brand","embeddable":true,"href":"https:\/\/sp-dz.com\/ar\/wp-json\/wp\/v2\/product_brand?post=14606"},{"taxonomy":"product_cat","embeddable":true,"href":"https:\/\/sp-dz.com\/ar\/wp-json\/wp\/v2\/product_cat?post=14606"},{"taxonomy":"product_tag","embeddable":true,"href":"https:\/\/sp-dz.com\/ar\/wp-json\/wp\/v2\/product_tag?post=14606"}],"curies":[{"name":"wp","href":"https:\/\/api.w.org\/{rel}","templated":true}]}}