{"id":14525,"date":"2024-12-04T10:06:50","date_gmt":"2024-12-04T09:06:50","guid":{"rendered":"https:\/\/sp.com.dz\/?post_type=product&#038;p=14525"},"modified":"2024-12-04T10:06:53","modified_gmt":"2024-12-04T09:06:53","slug":"pantalon-pour-bebe-fille-primigi","status":"publish","type":"product","link":"https:\/\/sp-dz.com\/ar\/product\/pantalon-pour-bebe-fille-primigi\/","title":{"rendered":"Pantalon pour b\u00e9b\u00e9 fille Primigi"},"content":{"rendered":"<h3 class=\"text-s product-popup-subtitle\">Caract\u00e9ristiques de base<\/h3>\n<p>Pantalon pour b\u00e9b\u00e9 fille en pied-de-poule gris, alliant \u00e9l\u00e9gance et confort. Il pr\u00e9sente deux fausses poches d\u00e9coratives \u00e0 l&rsquo;avant, une finition \u00e9lastiqu\u00e9e aux chevilles pour un maintien parfait, et une taille avec un \u00e9lastique noir pratique. Parfait pour un style adorable et moderne.<\/p>\n<h3 class=\"text-s product-popup-subtitle\">Composition<\/h3>\n<p>98% Coton<\/p>\n<p>2% Elasthanne<\/p>\n<h3 class=\"text-s product-popup-subtitle\">Code produit<\/h3>\n<p>35837493<\/p>\n<h3 class=\"text-s product-popup-subtitle\">Entretien<\/h3>\n<p>Lavage en machine \u00e0 une temp\u00e9rature maximale de 30\u00b0C.<\/p>","protected":false},"excerpt":{"rendered":"<p>Pantalon pour b\u00e9b\u00e9 fille en pied-de-poule gris, alliant \u00e9l\u00e9gance et confort. Il pr\u00e9sente deux fausses poches d\u00e9coratives \u00e0 l&rsquo;avant, une finition \u00e9lastiqu\u00e9e aux chevilles pour un maintien parfait, et une taille avec un \u00e9lastique noir pratique. Parfait pour un style adorable et moderne.<\/p>","protected":false},"featured_media":14526,"template":"","meta":[],"product_brand":[],"product_cat":[107,105,31],"product_tag":[],"class_list":{"0":"post-14525","1":"product","2":"type-product","3":"status-publish","4":"has-post-thumbnail","6":"product_cat-bebe","7":"product_cat-fille","8":"product_cat-enfant","10":"first","11":"instock","12":"shipping-taxable","13":"purchasable","14":"product-type-simple"},"yoast_head":"<!-- This site is optimized with the Yoast SEO plugin v26.9 - https:\/\/yoast.com\/product\/yoast-seo-wordpress\/ -->\n<title>Pantalon pour b\u00e9b\u00e9 fille Primigi - S\u00e9lection Priv\u00e9e<\/title>\n<meta name=\"robots\" content=\"index, follow, max-snippet:-1, max-image-preview:large, max-video-preview:-1\" \/>\n<link rel=\"canonical\" href=\"https:\/\/sp-dz.com\/ar\/product\/pantalon-pour-bebe-fille-primigi\/\" \/>\n<meta property=\"og:locale\" content=\"ar_AR\" \/>\n<meta property=\"og:type\" content=\"article\" \/>\n<meta property=\"og:title\" content=\"Pantalon pour b\u00e9b\u00e9 fille Primigi - S\u00e9lection Priv\u00e9e\" \/>\n<meta property=\"og:description\" content=\"Pantalon pour b\u00e9b\u00e9 fille en pied-de-poule gris, alliant \u00e9l\u00e9gance et confort. Il pr\u00e9sente deux fausses poches d\u00e9coratives \u00e0 l&#039;avant, une finition \u00e9lastiqu\u00e9e aux chevilles pour un maintien parfait, et une taille avec un \u00e9lastique noir pratique. Parfait pour un style adorable et moderne.\" \/>\n<meta property=\"og:url\" content=\"https:\/\/sp-dz.com\/ar\/product\/pantalon-pour-bebe-fille-primigi\/\" \/>\n<meta property=\"og:site_name\" content=\"S\u00e9lection Priv\u00e9e\" \/>\n<meta property=\"article:modified_time\" content=\"2024-12-04T09:06:53+00:00\" \/>\n<meta property=\"og:image\" content=\"https:\/\/sp-dz.com\/wp-content\/uploads\/2024\/12\/pantalon-enfant-gris-av-scaled.jpg\" \/>\n\t<meta property=\"og:image:width\" content=\"2133\" \/>\n\t<meta property=\"og:image:height\" content=\"2560\" \/>\n\t<meta property=\"og:image:type\" content=\"image\/jpeg\" \/>\n<meta name=\"twitter:card\" content=\"summary_large_image\" \/>\n<meta name=\"twitter:label1\" content=\"\u0648\u0642\u062a \u0627\u0644\u0642\u0631\u0627\u0621\u0629 \u0627\u0644\u0645\u064f\u0642\u062f\u0651\u0631\" \/>\n\t<meta name=\"twitter:data1\" content=\"\u062f\u0642\u064a\u0642\u0629 \u0648\u0627\u062d\u062f\u0629\" \/>\n<script type=\"application\/ld+json\" class=\"yoast-schema-graph\">{\"@context\":\"https:\/\/schema.org\",\"@graph\":[{\"@type\":\"WebPage\",\"@id\":\"https:\/\/sp-dz.com\/produit\/pantalon-pour-bebe-fille-primigi\/\",\"url\":\"https:\/\/sp-dz.com\/produit\/pantalon-pour-bebe-fille-primigi\/\",\"name\":\"Pantalon pour b\u00e9b\u00e9 fille Primigi - S\u00e9lection Priv\u00e9e\",\"isPartOf\":{\"@id\":\"https:\/\/sp-dz.com\/fr\/#website\"},\"primaryImageOfPage\":{\"@id\":\"https:\/\/sp-dz.com\/produit\/pantalon-pour-bebe-fille-primigi\/#primaryimage\"},\"image\":{\"@id\":\"https:\/\/sp-dz.com\/produit\/pantalon-pour-bebe-fille-primigi\/#primaryimage\"},\"thumbnailUrl\":\"https:\/\/sp-dz.com\/wp-content\/uploads\/2024\/12\/pantalon-enfant-gris-av-scaled.jpg\",\"datePublished\":\"2024-12-04T09:06:50+00:00\",\"dateModified\":\"2024-12-04T09:06:53+00:00\",\"breadcrumb\":{\"@id\":\"https:\/\/sp-dz.com\/produit\/pantalon-pour-bebe-fille-primigi\/#breadcrumb\"},\"inLanguage\":\"ar\",\"potentialAction\":[{\"@type\":\"ReadAction\",\"target\":[\"https:\/\/sp-dz.com\/produit\/pantalon-pour-bebe-fille-primigi\/\"]}]},{\"@type\":\"ImageObject\",\"inLanguage\":\"ar\",\"@id\":\"https:\/\/sp-dz.com\/produit\/pantalon-pour-bebe-fille-primigi\/#primaryimage\",\"url\":\"https:\/\/sp-dz.com\/wp-content\/uploads\/2024\/12\/pantalon-enfant-gris-av-scaled.jpg\",\"contentUrl\":\"https:\/\/sp-dz.com\/wp-content\/uploads\/2024\/12\/pantalon-enfant-gris-av-scaled.jpg\",\"width\":2133,\"height\":2560},{\"@type\":\"BreadcrumbList\",\"@id\":\"https:\/\/sp-dz.com\/produit\/pantalon-pour-bebe-fille-primigi\/#breadcrumb\",\"itemListElement\":[{\"@type\":\"ListItem\",\"position\":1,\"name\":\"Accueil\",\"item\":\"https:\/\/sp-dz.com\/fr\/\"},{\"@type\":\"ListItem\",\"position\":2,\"name\":\"Boutique\",\"item\":\"https:\/\/sp-dz.com\/fr\/boutique\/\"},{\"@type\":\"ListItem\",\"position\":3,\"name\":\"Pantalon pour b\u00e9b\u00e9 fille Primigi\"}]},{\"@type\":\"WebSite\",\"@id\":\"https:\/\/sp-dz.com\/fr\/#website\",\"url\":\"https:\/\/sp-dz.com\/fr\/\",\"name\":\"S\u00e9lection Priv\u00e9e\",\"description\":\"Only for Members\",\"potentialAction\":[{\"@type\":\"SearchAction\",\"target\":{\"@type\":\"EntryPoint\",\"urlTemplate\":\"https:\/\/sp-dz.com\/fr\/?s={search_term_string}\"},\"query-input\":{\"@type\":\"PropertyValueSpecification\",\"valueRequired\":true,\"valueName\":\"search_term_string\"}}],\"inLanguage\":\"ar\"}]}<\/script>\n<!-- \/ Yoast SEO plugin. -->","yoast_head_json":{"title":"Pantalon pour b\u00e9b\u00e9 fille Primigi - S\u00e9lection Priv\u00e9e","robots":{"index":"index","follow":"follow","max-snippet":"max-snippet:-1","max-image-preview":"max-image-preview:large","max-video-preview":"max-video-preview:-1"},"canonical":"https:\/\/sp-dz.com\/ar\/product\/pantalon-pour-bebe-fille-primigi\/","og_locale":"ar_AR","og_type":"article","og_title":"Pantalon pour b\u00e9b\u00e9 fille Primigi - S\u00e9lection Priv\u00e9e","og_description":"Pantalon pour b\u00e9b\u00e9 fille en pied-de-poule gris, alliant \u00e9l\u00e9gance et confort. Il pr\u00e9sente deux fausses poches d\u00e9coratives \u00e0 l'avant, une finition \u00e9lastiqu\u00e9e aux chevilles pour un maintien parfait, et une taille avec un \u00e9lastique noir pratique. Parfait pour un style adorable et moderne.","og_url":"https:\/\/sp-dz.com\/ar\/product\/pantalon-pour-bebe-fille-primigi\/","og_site_name":"S\u00e9lection Priv\u00e9e","article_modified_time":"2024-12-04T09:06:53+00:00","og_image":[{"width":2133,"height":2560,"url":"https:\/\/sp-dz.com\/wp-content\/uploads\/2024\/12\/pantalon-enfant-gris-av-scaled.jpg","type":"image\/jpeg"}],"twitter_card":"summary_large_image","twitter_misc":{"\u0648\u0642\u062a \u0627\u0644\u0642\u0631\u0627\u0621\u0629 \u0627\u0644\u0645\u064f\u0642\u062f\u0651\u0631":"\u062f\u0642\u064a\u0642\u0629 \u0648\u0627\u062d\u062f\u0629"},"schema":{"@context":"https:\/\/schema.org","@graph":[{"@type":"WebPage","@id":"https:\/\/sp-dz.com\/produit\/pantalon-pour-bebe-fille-primigi\/","url":"https:\/\/sp-dz.com\/produit\/pantalon-pour-bebe-fille-primigi\/","name":"Pantalon pour b\u00e9b\u00e9 fille Primigi - S\u00e9lection Priv\u00e9e","isPartOf":{"@id":"https:\/\/sp-dz.com\/fr\/#website"},"primaryImageOfPage":{"@id":"https:\/\/sp-dz.com\/produit\/pantalon-pour-bebe-fille-primigi\/#primaryimage"},"image":{"@id":"https:\/\/sp-dz.com\/produit\/pantalon-pour-bebe-fille-primigi\/#primaryimage"},"thumbnailUrl":"https:\/\/sp-dz.com\/wp-content\/uploads\/2024\/12\/pantalon-enfant-gris-av-scaled.jpg","datePublished":"2024-12-04T09:06:50+00:00","dateModified":"2024-12-04T09:06:53+00:00","breadcrumb":{"@id":"https:\/\/sp-dz.com\/produit\/pantalon-pour-bebe-fille-primigi\/#breadcrumb"},"inLanguage":"ar","potentialAction":[{"@type":"ReadAction","target":["https:\/\/sp-dz.com\/produit\/pantalon-pour-bebe-fille-primigi\/"]}]},{"@type":"ImageObject","inLanguage":"ar","@id":"https:\/\/sp-dz.com\/produit\/pantalon-pour-bebe-fille-primigi\/#primaryimage","url":"https:\/\/sp-dz.com\/wp-content\/uploads\/2024\/12\/pantalon-enfant-gris-av-scaled.jpg","contentUrl":"https:\/\/sp-dz.com\/wp-content\/uploads\/2024\/12\/pantalon-enfant-gris-av-scaled.jpg","width":2133,"height":2560},{"@type":"BreadcrumbList","@id":"https:\/\/sp-dz.com\/produit\/pantalon-pour-bebe-fille-primigi\/#breadcrumb","itemListElement":[{"@type":"ListItem","position":1,"name":"Accueil","item":"https:\/\/sp-dz.com\/fr\/"},{"@type":"ListItem","position":2,"name":"Boutique","item":"https:\/\/sp-dz.com\/fr\/boutique\/"},{"@type":"ListItem","position":3,"name":"Pantalon pour b\u00e9b\u00e9 fille Primigi"}]},{"@type":"WebSite","@id":"https:\/\/sp-dz.com\/fr\/#website","url":"https:\/\/sp-dz.com\/fr\/","name":"S\u00e9lection Priv\u00e9e","description":"Only for Members","potentialAction":[{"@type":"SearchAction","target":{"@type":"EntryPoint","urlTemplate":"https:\/\/sp-dz.com\/fr\/?s={search_term_string}"},"query-input":{"@type":"PropertyValueSpecification","valueRequired":true,"valueName":"search_term_string"}}],"inLanguage":"ar"}]}},"_links":{"self":[{"href":"https:\/\/sp-dz.com\/ar\/wp-json\/wp\/v2\/product\/14525","targetHints":{"allow":["GET"]}}],"collection":[{"href":"https:\/\/sp-dz.com\/ar\/wp-json\/wp\/v2\/product"}],"about":[{"href":"https:\/\/sp-dz.com\/ar\/wp-json\/wp\/v2\/types\/product"}],"version-history":[{"count":1,"href":"https:\/\/sp-dz.com\/ar\/wp-json\/wp\/v2\/product\/14525\/revisions"}],"predecessor-version":[{"id":14528,"href":"https:\/\/sp-dz.com\/ar\/wp-json\/wp\/v2\/product\/14525\/revisions\/14528"}],"wp:featuredmedia":[{"embeddable":true,"href":"https:\/\/sp-dz.com\/ar\/wp-json\/wp\/v2\/media\/14526"}],"wp:attachment":[{"href":"https:\/\/sp-dz.com\/ar\/wp-json\/wp\/v2\/media?parent=14525"}],"wp:term":[{"taxonomy":"product_brand","embeddable":true,"href":"https:\/\/sp-dz.com\/ar\/wp-json\/wp\/v2\/product_brand?post=14525"},{"taxonomy":"product_cat","embeddable":true,"href":"https:\/\/sp-dz.com\/ar\/wp-json\/wp\/v2\/product_cat?post=14525"},{"taxonomy":"product_tag","embeddable":true,"href":"https:\/\/sp-dz.com\/ar\/wp-json\/wp\/v2\/product_tag?post=14525"}],"curies":[{"name":"wp","href":"https:\/\/api.w.org\/{rel}","templated":true}]}}