{"id":14455,"date":"2024-12-04T09:28:29","date_gmt":"2024-12-04T08:28:29","guid":{"rendered":"https:\/\/sp.com.dz\/?post_type=product&#038;p=14455"},"modified":"2024-12-04T09:47:09","modified_gmt":"2024-12-04T08:47:09","slug":"lot-de-5-culottes-avec-dentelle-ms","status":"publish","type":"product","link":"https:\/\/sp-dz.com\/ar\/product\/lot-de-5-culottes-avec-dentelle-ms\/","title":{"rendered":"Lot de 5 culottes avec dentelle M&#038;S"},"content":{"rendered":"<h3 class=\"text-s product-popup-subtitle\">Caract\u00e9ristiques de base<\/h3>\n<p>Culottes associent parfaitement style et bien-\u00eatre gr\u00e2ce \u00e0 l&rsquo;ajout subtil de dentelle, qui apporte une touche f\u00e9minine et raffin\u00e9e. Con\u00e7ues dans des mati\u00e8res douces et respirantes, elles assurent un confort optimal tout en mettant en valeur votre silhouette avec \u00e9l\u00e9gance.<\/p>\n<h3 class=\"text-s product-popup-subtitle\">Composition<\/h3>\n<p>69% Polyester<\/p>\n<p>19% Polymide<\/p>\n<p>12% Elasthanne<\/p>\n<p>Gousset 100% coton<\/p>\n<h3 class=\"text-s product-popup-subtitle\">Code produit<\/h3>\n<p>49671969<\/p>\n<h3 class=\"text-s product-popup-subtitle\">Entretien<\/h3>\n<p>Lavage en machine \u00e0 une temp\u00e9rature maximale de 30\u00b0C.<\/p>","protected":false},"excerpt":{"rendered":"<p>Culottes associent parfaitement style et bien-\u00eatre gr\u00e2ce \u00e0 l&rsquo;ajout subtil de dentelle, qui apporte une touche f\u00e9minine et raffin\u00e9e. Con\u00e7ues dans des mati\u00e8res douces et respirantes, elles assurent un confort optimal tout en mettant en valeur votre silhouette avec \u00e9l\u00e9gance.<\/p>","protected":false},"featured_media":14523,"template":"","meta":[],"product_brand":[],"product_cat":[86,30],"product_tag":[],"class_list":{"0":"post-14455","1":"product","2":"type-product","3":"status-publish","4":"has-post-thumbnail","6":"product_cat-sous-vetements","7":"product_cat-femme","9":"first","10":"instock","11":"shipping-taxable","12":"purchasable","13":"product-type-simple"},"yoast_head":"<!-- This site is optimized with the Yoast SEO plugin v26.9 - https:\/\/yoast.com\/product\/yoast-seo-wordpress\/ -->\n<title>Lot de 5 culottes avec dentelle M&amp;S - S\u00e9lection Priv\u00e9e<\/title>\n<meta name=\"robots\" content=\"index, follow, max-snippet:-1, max-image-preview:large, max-video-preview:-1\" \/>\n<link rel=\"canonical\" href=\"https:\/\/sp-dz.com\/ar\/product\/lot-de-5-culottes-avec-dentelle-ms\/\" \/>\n<meta property=\"og:locale\" content=\"ar_AR\" \/>\n<meta property=\"og:type\" content=\"article\" \/>\n<meta property=\"og:title\" content=\"Lot de 5 culottes avec dentelle M&amp;S - S\u00e9lection Priv\u00e9e\" \/>\n<meta property=\"og:description\" content=\"Culottes associent parfaitement style et bien-\u00eatre gr\u00e2ce \u00e0 l&#039;ajout subtil de dentelle, qui apporte une touche f\u00e9minine et raffin\u00e9e. Con\u00e7ues dans des mati\u00e8res douces et respirantes, elles assurent un confort optimal tout en mettant en valeur votre silhouette avec \u00e9l\u00e9gance.\" \/>\n<meta property=\"og:url\" content=\"https:\/\/sp-dz.com\/ar\/product\/lot-de-5-culottes-avec-dentelle-ms\/\" \/>\n<meta property=\"og:site_name\" content=\"S\u00e9lection Priv\u00e9e\" \/>\n<meta property=\"article:modified_time\" content=\"2024-12-04T08:47:09+00:00\" \/>\n<meta property=\"og:image\" content=\"https:\/\/sp-dz.com\/wp-content\/uploads\/2024\/12\/culottes-F-1-1-scaled.jpg\" \/>\n\t<meta property=\"og:image:width\" content=\"2133\" \/>\n\t<meta property=\"og:image:height\" content=\"2560\" \/>\n\t<meta property=\"og:image:type\" content=\"image\/jpeg\" \/>\n<meta name=\"twitter:card\" content=\"summary_large_image\" \/>\n<meta name=\"twitter:label1\" content=\"\u0648\u0642\u062a \u0627\u0644\u0642\u0631\u0627\u0621\u0629 \u0627\u0644\u0645\u064f\u0642\u062f\u0651\u0631\" \/>\n\t<meta name=\"twitter:data1\" content=\"\u062f\u0642\u064a\u0642\u0629 \u0648\u0627\u062d\u062f\u0629\" \/>\n<script type=\"application\/ld+json\" class=\"yoast-schema-graph\">{\"@context\":\"https:\/\/schema.org\",\"@graph\":[{\"@type\":\"WebPage\",\"@id\":\"https:\/\/sp-dz.com\/produit\/lot-de-5-culottes-avec-dentelle-ms\/\",\"url\":\"https:\/\/sp-dz.com\/produit\/lot-de-5-culottes-avec-dentelle-ms\/\",\"name\":\"Lot de 5 culottes avec dentelle M&S - S\u00e9lection Priv\u00e9e\",\"isPartOf\":{\"@id\":\"https:\/\/sp-dz.com\/fr\/#website\"},\"primaryImageOfPage\":{\"@id\":\"https:\/\/sp-dz.com\/produit\/lot-de-5-culottes-avec-dentelle-ms\/#primaryimage\"},\"image\":{\"@id\":\"https:\/\/sp-dz.com\/produit\/lot-de-5-culottes-avec-dentelle-ms\/#primaryimage\"},\"thumbnailUrl\":\"https:\/\/sp-dz.com\/wp-content\/uploads\/2024\/12\/culottes-F-1-1-scaled.jpg\",\"datePublished\":\"2024-12-04T08:28:29+00:00\",\"dateModified\":\"2024-12-04T08:47:09+00:00\",\"breadcrumb\":{\"@id\":\"https:\/\/sp-dz.com\/produit\/lot-de-5-culottes-avec-dentelle-ms\/#breadcrumb\"},\"inLanguage\":\"ar\",\"potentialAction\":[{\"@type\":\"ReadAction\",\"target\":[\"https:\/\/sp-dz.com\/produit\/lot-de-5-culottes-avec-dentelle-ms\/\"]}]},{\"@type\":\"ImageObject\",\"inLanguage\":\"ar\",\"@id\":\"https:\/\/sp-dz.com\/produit\/lot-de-5-culottes-avec-dentelle-ms\/#primaryimage\",\"url\":\"https:\/\/sp-dz.com\/wp-content\/uploads\/2024\/12\/culottes-F-1-1-scaled.jpg\",\"contentUrl\":\"https:\/\/sp-dz.com\/wp-content\/uploads\/2024\/12\/culottes-F-1-1-scaled.jpg\",\"width\":2133,\"height\":2560},{\"@type\":\"BreadcrumbList\",\"@id\":\"https:\/\/sp-dz.com\/produit\/lot-de-5-culottes-avec-dentelle-ms\/#breadcrumb\",\"itemListElement\":[{\"@type\":\"ListItem\",\"position\":1,\"name\":\"Accueil\",\"item\":\"https:\/\/sp-dz.com\/fr\/\"},{\"@type\":\"ListItem\",\"position\":2,\"name\":\"Boutique\",\"item\":\"https:\/\/sp-dz.com\/fr\/boutique\/\"},{\"@type\":\"ListItem\",\"position\":3,\"name\":\"Lot de 5 culottes avec dentelle M&#038;S\"}]},{\"@type\":\"WebSite\",\"@id\":\"https:\/\/sp-dz.com\/fr\/#website\",\"url\":\"https:\/\/sp-dz.com\/fr\/\",\"name\":\"S\u00e9lection Priv\u00e9e\",\"description\":\"Only for Members\",\"potentialAction\":[{\"@type\":\"SearchAction\",\"target\":{\"@type\":\"EntryPoint\",\"urlTemplate\":\"https:\/\/sp-dz.com\/fr\/?s={search_term_string}\"},\"query-input\":{\"@type\":\"PropertyValueSpecification\",\"valueRequired\":true,\"valueName\":\"search_term_string\"}}],\"inLanguage\":\"ar\"}]}<\/script>\n<!-- \/ Yoast SEO plugin. -->","yoast_head_json":{"title":"Lot de 5 culottes avec dentelle M&S - S\u00e9lection Priv\u00e9e","robots":{"index":"index","follow":"follow","max-snippet":"max-snippet:-1","max-image-preview":"max-image-preview:large","max-video-preview":"max-video-preview:-1"},"canonical":"https:\/\/sp-dz.com\/ar\/product\/lot-de-5-culottes-avec-dentelle-ms\/","og_locale":"ar_AR","og_type":"article","og_title":"Lot de 5 culottes avec dentelle M&S - S\u00e9lection Priv\u00e9e","og_description":"Culottes associent parfaitement style et bien-\u00eatre gr\u00e2ce \u00e0 l'ajout subtil de dentelle, qui apporte une touche f\u00e9minine et raffin\u00e9e. Con\u00e7ues dans des mati\u00e8res douces et respirantes, elles assurent un confort optimal tout en mettant en valeur votre silhouette avec \u00e9l\u00e9gance.","og_url":"https:\/\/sp-dz.com\/ar\/product\/lot-de-5-culottes-avec-dentelle-ms\/","og_site_name":"S\u00e9lection Priv\u00e9e","article_modified_time":"2024-12-04T08:47:09+00:00","og_image":[{"width":2133,"height":2560,"url":"https:\/\/sp-dz.com\/wp-content\/uploads\/2024\/12\/culottes-F-1-1-scaled.jpg","type":"image\/jpeg"}],"twitter_card":"summary_large_image","twitter_misc":{"\u0648\u0642\u062a \u0627\u0644\u0642\u0631\u0627\u0621\u0629 \u0627\u0644\u0645\u064f\u0642\u062f\u0651\u0631":"\u062f\u0642\u064a\u0642\u0629 \u0648\u0627\u062d\u062f\u0629"},"schema":{"@context":"https:\/\/schema.org","@graph":[{"@type":"WebPage","@id":"https:\/\/sp-dz.com\/produit\/lot-de-5-culottes-avec-dentelle-ms\/","url":"https:\/\/sp-dz.com\/produit\/lot-de-5-culottes-avec-dentelle-ms\/","name":"Lot de 5 culottes avec dentelle M&S - S\u00e9lection Priv\u00e9e","isPartOf":{"@id":"https:\/\/sp-dz.com\/fr\/#website"},"primaryImageOfPage":{"@id":"https:\/\/sp-dz.com\/produit\/lot-de-5-culottes-avec-dentelle-ms\/#primaryimage"},"image":{"@id":"https:\/\/sp-dz.com\/produit\/lot-de-5-culottes-avec-dentelle-ms\/#primaryimage"},"thumbnailUrl":"https:\/\/sp-dz.com\/wp-content\/uploads\/2024\/12\/culottes-F-1-1-scaled.jpg","datePublished":"2024-12-04T08:28:29+00:00","dateModified":"2024-12-04T08:47:09+00:00","breadcrumb":{"@id":"https:\/\/sp-dz.com\/produit\/lot-de-5-culottes-avec-dentelle-ms\/#breadcrumb"},"inLanguage":"ar","potentialAction":[{"@type":"ReadAction","target":["https:\/\/sp-dz.com\/produit\/lot-de-5-culottes-avec-dentelle-ms\/"]}]},{"@type":"ImageObject","inLanguage":"ar","@id":"https:\/\/sp-dz.com\/produit\/lot-de-5-culottes-avec-dentelle-ms\/#primaryimage","url":"https:\/\/sp-dz.com\/wp-content\/uploads\/2024\/12\/culottes-F-1-1-scaled.jpg","contentUrl":"https:\/\/sp-dz.com\/wp-content\/uploads\/2024\/12\/culottes-F-1-1-scaled.jpg","width":2133,"height":2560},{"@type":"BreadcrumbList","@id":"https:\/\/sp-dz.com\/produit\/lot-de-5-culottes-avec-dentelle-ms\/#breadcrumb","itemListElement":[{"@type":"ListItem","position":1,"name":"Accueil","item":"https:\/\/sp-dz.com\/fr\/"},{"@type":"ListItem","position":2,"name":"Boutique","item":"https:\/\/sp-dz.com\/fr\/boutique\/"},{"@type":"ListItem","position":3,"name":"Lot de 5 culottes avec dentelle M&#038;S"}]},{"@type":"WebSite","@id":"https:\/\/sp-dz.com\/fr\/#website","url":"https:\/\/sp-dz.com\/fr\/","name":"S\u00e9lection Priv\u00e9e","description":"Only for Members","potentialAction":[{"@type":"SearchAction","target":{"@type":"EntryPoint","urlTemplate":"https:\/\/sp-dz.com\/fr\/?s={search_term_string}"},"query-input":{"@type":"PropertyValueSpecification","valueRequired":true,"valueName":"search_term_string"}}],"inLanguage":"ar"}]}},"_links":{"self":[{"href":"https:\/\/sp-dz.com\/ar\/wp-json\/wp\/v2\/product\/14455","targetHints":{"allow":["GET"]}}],"collection":[{"href":"https:\/\/sp-dz.com\/ar\/wp-json\/wp\/v2\/product"}],"about":[{"href":"https:\/\/sp-dz.com\/ar\/wp-json\/wp\/v2\/types\/product"}],"version-history":[{"count":1,"href":"https:\/\/sp-dz.com\/ar\/wp-json\/wp\/v2\/product\/14455\/revisions"}],"predecessor-version":[{"id":14456,"href":"https:\/\/sp-dz.com\/ar\/wp-json\/wp\/v2\/product\/14455\/revisions\/14456"}],"wp:featuredmedia":[{"embeddable":true,"href":"https:\/\/sp-dz.com\/ar\/wp-json\/wp\/v2\/media\/14523"}],"wp:attachment":[{"href":"https:\/\/sp-dz.com\/ar\/wp-json\/wp\/v2\/media?parent=14455"}],"wp:term":[{"taxonomy":"product_brand","embeddable":true,"href":"https:\/\/sp-dz.com\/ar\/wp-json\/wp\/v2\/product_brand?post=14455"},{"taxonomy":"product_cat","embeddable":true,"href":"https:\/\/sp-dz.com\/ar\/wp-json\/wp\/v2\/product_cat?post=14455"},{"taxonomy":"product_tag","embeddable":true,"href":"https:\/\/sp-dz.com\/ar\/wp-json\/wp\/v2\/product_tag?post=14455"}],"curies":[{"name":"wp","href":"https:\/\/api.w.org\/{rel}","templated":true}]}}