{"id":14445,"date":"2024-12-08T09:34:24","date_gmt":"2024-12-08T08:34:24","guid":{"rendered":"https:\/\/sp.com.dz\/?post_type=product&#038;p=14445"},"modified":"2024-12-08T09:34:26","modified_gmt":"2024-12-08T08:34:26","slug":"bandeau-a-cheveux-s-olivier","status":"publish","type":"product","link":"https:\/\/sp-dz.com\/ar\/product\/bandeau-a-cheveux-s-olivier\/","title":{"rendered":"Bandeau \u00e0 cheveux S.Olivier"},"content":{"rendered":"<h3 class=\"text-s product-popup-subtitle\">Caract\u00e9ristiques de base<\/h3>\n<p>Bandeau \u00e0 cheveux au design chic et moderne, parfait pour ajouter une touche de fra\u00eecheur \u00e0 votre coiffure. Son effet crois\u00e9 \u00e0 l&rsquo;avant cr\u00e9e un look \u00e9l\u00e9gant et structur\u00e9, tandis que l&rsquo;\u00e9lastique \u00e0 l&rsquo;arri\u00e8re assure un ajustement confortable et s\u00e9curis\u00e9. Id\u00e9al pour sublimer vos cheveux ou pour compl\u00e9ter un look d\u00e9contract\u00e9, ce bandeau est \u00e0 la fois pratique et styl\u00e9. Avec ses combinaison de couleurs apaisantes, il s&rsquo;int\u00e8gre parfaitement dans une tenue casual ou plus habill\u00e9e, tout en apportant une touche de f\u00e9minit\u00e9.<\/p>\n<h3 class=\"text-s product-popup-subtitle\">Composition<\/h3>\n<p>100% Polyester<\/p>\n<h3 class=\"text-s product-popup-subtitle\">Code produit<\/h3>\n<p>51399148<\/p>\n<h3 class=\"text-s product-popup-subtitle\">Entretien<\/h3>\n<p>Lavage \u00e0 main.<\/p>","protected":false},"excerpt":{"rendered":"<p>Bandeau \u00e0 cheveux au design chic et moderne, parfait pour ajouter une touche de fra\u00eecheur \u00e0 votre coiffure. Son effet crois\u00e9 \u00e0 l&rsquo;avant cr\u00e9e un look \u00e9l\u00e9gant et structur\u00e9, tandis que l&rsquo;\u00e9lastique \u00e0 l&rsquo;arri\u00e8re assure un ajustement confortable et s\u00e9curis\u00e9. Id\u00e9al pour sublimer vos cheveux ou pour compl\u00e9ter un look d\u00e9contract\u00e9, ce bandeau est \u00e0 la fois pratique et styl\u00e9. Avec ses combinaison de couleurs apaisantes, il s&rsquo;int\u00e8gre parfaitement dans une tenue casual ou plus habill\u00e9e, tout en apportant une touche de f\u00e9minit\u00e9.<\/p>","protected":false},"featured_media":14543,"template":"","meta":[],"product_brand":[],"product_cat":[88,30],"product_tag":[],"class_list":{"0":"post-14445","1":"product","2":"type-product","3":"status-publish","4":"has-post-thumbnail","6":"product_cat-sac-accessoires","7":"product_cat-femme","9":"first","10":"instock","11":"shipping-taxable","12":"purchasable","13":"product-type-variable","14":"has-default-attributes"},"yoast_head":"<!-- This site is optimized with the Yoast SEO plugin v26.9 - https:\/\/yoast.com\/product\/yoast-seo-wordpress\/ -->\n<title>Bandeau \u00e0 cheveux S.Olivier - S\u00e9lection Priv\u00e9e<\/title>\n<meta name=\"robots\" content=\"index, follow, max-snippet:-1, max-image-preview:large, max-video-preview:-1\" \/>\n<link rel=\"canonical\" href=\"https:\/\/sp-dz.com\/ar\/product\/bandeau-a-cheveux-s-olivier\/\" \/>\n<meta property=\"og:locale\" content=\"ar_AR\" \/>\n<meta property=\"og:type\" content=\"article\" \/>\n<meta property=\"og:title\" content=\"Bandeau \u00e0 cheveux S.Olivier - S\u00e9lection Priv\u00e9e\" \/>\n<meta property=\"og:description\" content=\"Bandeau \u00e0 cheveux au design chic et moderne, parfait pour ajouter une touche de fra\u00eecheur \u00e0 votre coiffure. Son effet crois\u00e9 \u00e0 l&#039;avant cr\u00e9e un look \u00e9l\u00e9gant et structur\u00e9, tandis que l&#039;\u00e9lastique \u00e0 l&#039;arri\u00e8re assure un ajustement confortable et s\u00e9curis\u00e9. Id\u00e9al pour sublimer vos cheveux ou pour compl\u00e9ter un look d\u00e9contract\u00e9, ce bandeau est \u00e0 la fois pratique et styl\u00e9. Avec ses combinaison de couleurs apaisantes, il s&#039;int\u00e8gre parfaitement dans une tenue casual ou plus habill\u00e9e, tout en apportant une touche de f\u00e9minit\u00e9.\" \/>\n<meta property=\"og:url\" content=\"https:\/\/sp-dz.com\/ar\/product\/bandeau-a-cheveux-s-olivier\/\" \/>\n<meta property=\"og:site_name\" content=\"S\u00e9lection Priv\u00e9e\" \/>\n<meta property=\"article:modified_time\" content=\"2024-12-08T08:34:26+00:00\" \/>\n<meta property=\"og:image\" content=\"https:\/\/sp-dz.com\/wp-content\/uploads\/2024\/12\/foulard-1-scaled.jpg\" \/>\n\t<meta property=\"og:image:width\" content=\"2133\" \/>\n\t<meta property=\"og:image:height\" content=\"2560\" \/>\n\t<meta property=\"og:image:type\" content=\"image\/jpeg\" \/>\n<meta name=\"twitter:card\" content=\"summary_large_image\" \/>\n<meta name=\"twitter:label1\" content=\"\u0648\u0642\u062a \u0627\u0644\u0642\u0631\u0627\u0621\u0629 \u0627\u0644\u0645\u064f\u0642\u062f\u0651\u0631\" \/>\n\t<meta name=\"twitter:data1\" content=\"\u062f\u0642\u064a\u0642\u0629 \u0648\u0627\u062d\u062f\u0629\" \/>\n<script type=\"application\/ld+json\" class=\"yoast-schema-graph\">{\"@context\":\"https:\/\/schema.org\",\"@graph\":[{\"@type\":\"WebPage\",\"@id\":\"https:\/\/sp-dz.com\/produit\/bandeau-a-cheveux-s-olivier\/\",\"url\":\"https:\/\/sp-dz.com\/produit\/bandeau-a-cheveux-s-olivier\/\",\"name\":\"Bandeau \u00e0 cheveux S.Olivier - S\u00e9lection Priv\u00e9e\",\"isPartOf\":{\"@id\":\"https:\/\/sp-dz.com\/fr\/#website\"},\"primaryImageOfPage\":{\"@id\":\"https:\/\/sp-dz.com\/produit\/bandeau-a-cheveux-s-olivier\/#primaryimage\"},\"image\":{\"@id\":\"https:\/\/sp-dz.com\/produit\/bandeau-a-cheveux-s-olivier\/#primaryimage\"},\"thumbnailUrl\":\"https:\/\/sp-dz.com\/wp-content\/uploads\/2024\/12\/foulard-1-scaled.jpg\",\"datePublished\":\"2024-12-08T08:34:24+00:00\",\"dateModified\":\"2024-12-08T08:34:26+00:00\",\"breadcrumb\":{\"@id\":\"https:\/\/sp-dz.com\/produit\/bandeau-a-cheveux-s-olivier\/#breadcrumb\"},\"inLanguage\":\"ar\",\"potentialAction\":[{\"@type\":\"ReadAction\",\"target\":[\"https:\/\/sp-dz.com\/produit\/bandeau-a-cheveux-s-olivier\/\"]}]},{\"@type\":\"ImageObject\",\"inLanguage\":\"ar\",\"@id\":\"https:\/\/sp-dz.com\/produit\/bandeau-a-cheveux-s-olivier\/#primaryimage\",\"url\":\"https:\/\/sp-dz.com\/wp-content\/uploads\/2024\/12\/foulard-1-scaled.jpg\",\"contentUrl\":\"https:\/\/sp-dz.com\/wp-content\/uploads\/2024\/12\/foulard-1-scaled.jpg\",\"width\":2133,\"height\":2560},{\"@type\":\"BreadcrumbList\",\"@id\":\"https:\/\/sp-dz.com\/produit\/bandeau-a-cheveux-s-olivier\/#breadcrumb\",\"itemListElement\":[{\"@type\":\"ListItem\",\"position\":1,\"name\":\"Accueil\",\"item\":\"https:\/\/sp-dz.com\/fr\/\"},{\"@type\":\"ListItem\",\"position\":2,\"name\":\"Boutique\",\"item\":\"https:\/\/sp-dz.com\/fr\/boutique\/\"},{\"@type\":\"ListItem\",\"position\":3,\"name\":\"Bandeau \u00e0 cheveux S.Olivier\"}]},{\"@type\":\"WebSite\",\"@id\":\"https:\/\/sp-dz.com\/fr\/#website\",\"url\":\"https:\/\/sp-dz.com\/fr\/\",\"name\":\"S\u00e9lection Priv\u00e9e\",\"description\":\"Only for Members\",\"potentialAction\":[{\"@type\":\"SearchAction\",\"target\":{\"@type\":\"EntryPoint\",\"urlTemplate\":\"https:\/\/sp-dz.com\/fr\/?s={search_term_string}\"},\"query-input\":{\"@type\":\"PropertyValueSpecification\",\"valueRequired\":true,\"valueName\":\"search_term_string\"}}],\"inLanguage\":\"ar\"}]}<\/script>\n<!-- \/ Yoast SEO plugin. -->","yoast_head_json":{"title":"Bandeau \u00e0 cheveux S.Olivier - S\u00e9lection Priv\u00e9e","robots":{"index":"index","follow":"follow","max-snippet":"max-snippet:-1","max-image-preview":"max-image-preview:large","max-video-preview":"max-video-preview:-1"},"canonical":"https:\/\/sp-dz.com\/ar\/product\/bandeau-a-cheveux-s-olivier\/","og_locale":"ar_AR","og_type":"article","og_title":"Bandeau \u00e0 cheveux S.Olivier - S\u00e9lection Priv\u00e9e","og_description":"Bandeau \u00e0 cheveux au design chic et moderne, parfait pour ajouter une touche de fra\u00eecheur \u00e0 votre coiffure. Son effet crois\u00e9 \u00e0 l'avant cr\u00e9e un look \u00e9l\u00e9gant et structur\u00e9, tandis que l'\u00e9lastique \u00e0 l'arri\u00e8re assure un ajustement confortable et s\u00e9curis\u00e9. Id\u00e9al pour sublimer vos cheveux ou pour compl\u00e9ter un look d\u00e9contract\u00e9, ce bandeau est \u00e0 la fois pratique et styl\u00e9. Avec ses combinaison de couleurs apaisantes, il s'int\u00e8gre parfaitement dans une tenue casual ou plus habill\u00e9e, tout en apportant une touche de f\u00e9minit\u00e9.","og_url":"https:\/\/sp-dz.com\/ar\/product\/bandeau-a-cheveux-s-olivier\/","og_site_name":"S\u00e9lection Priv\u00e9e","article_modified_time":"2024-12-08T08:34:26+00:00","og_image":[{"width":2133,"height":2560,"url":"https:\/\/sp-dz.com\/wp-content\/uploads\/2024\/12\/foulard-1-scaled.jpg","type":"image\/jpeg"}],"twitter_card":"summary_large_image","twitter_misc":{"\u0648\u0642\u062a \u0627\u0644\u0642\u0631\u0627\u0621\u0629 \u0627\u0644\u0645\u064f\u0642\u062f\u0651\u0631":"\u062f\u0642\u064a\u0642\u0629 \u0648\u0627\u062d\u062f\u0629"},"schema":{"@context":"https:\/\/schema.org","@graph":[{"@type":"WebPage","@id":"https:\/\/sp-dz.com\/produit\/bandeau-a-cheveux-s-olivier\/","url":"https:\/\/sp-dz.com\/produit\/bandeau-a-cheveux-s-olivier\/","name":"Bandeau \u00e0 cheveux S.Olivier - S\u00e9lection Priv\u00e9e","isPartOf":{"@id":"https:\/\/sp-dz.com\/fr\/#website"},"primaryImageOfPage":{"@id":"https:\/\/sp-dz.com\/produit\/bandeau-a-cheveux-s-olivier\/#primaryimage"},"image":{"@id":"https:\/\/sp-dz.com\/produit\/bandeau-a-cheveux-s-olivier\/#primaryimage"},"thumbnailUrl":"https:\/\/sp-dz.com\/wp-content\/uploads\/2024\/12\/foulard-1-scaled.jpg","datePublished":"2024-12-08T08:34:24+00:00","dateModified":"2024-12-08T08:34:26+00:00","breadcrumb":{"@id":"https:\/\/sp-dz.com\/produit\/bandeau-a-cheveux-s-olivier\/#breadcrumb"},"inLanguage":"ar","potentialAction":[{"@type":"ReadAction","target":["https:\/\/sp-dz.com\/produit\/bandeau-a-cheveux-s-olivier\/"]}]},{"@type":"ImageObject","inLanguage":"ar","@id":"https:\/\/sp-dz.com\/produit\/bandeau-a-cheveux-s-olivier\/#primaryimage","url":"https:\/\/sp-dz.com\/wp-content\/uploads\/2024\/12\/foulard-1-scaled.jpg","contentUrl":"https:\/\/sp-dz.com\/wp-content\/uploads\/2024\/12\/foulard-1-scaled.jpg","width":2133,"height":2560},{"@type":"BreadcrumbList","@id":"https:\/\/sp-dz.com\/produit\/bandeau-a-cheveux-s-olivier\/#breadcrumb","itemListElement":[{"@type":"ListItem","position":1,"name":"Accueil","item":"https:\/\/sp-dz.com\/fr\/"},{"@type":"ListItem","position":2,"name":"Boutique","item":"https:\/\/sp-dz.com\/fr\/boutique\/"},{"@type":"ListItem","position":3,"name":"Bandeau \u00e0 cheveux S.Olivier"}]},{"@type":"WebSite","@id":"https:\/\/sp-dz.com\/fr\/#website","url":"https:\/\/sp-dz.com\/fr\/","name":"S\u00e9lection Priv\u00e9e","description":"Only for Members","potentialAction":[{"@type":"SearchAction","target":{"@type":"EntryPoint","urlTemplate":"https:\/\/sp-dz.com\/fr\/?s={search_term_string}"},"query-input":{"@type":"PropertyValueSpecification","valueRequired":true,"valueName":"search_term_string"}}],"inLanguage":"ar"}]}},"_links":{"self":[{"href":"https:\/\/sp-dz.com\/ar\/wp-json\/wp\/v2\/product\/14445","targetHints":{"allow":["GET"]}}],"collection":[{"href":"https:\/\/sp-dz.com\/ar\/wp-json\/wp\/v2\/product"}],"about":[{"href":"https:\/\/sp-dz.com\/ar\/wp-json\/wp\/v2\/types\/product"}],"version-history":[{"count":1,"href":"https:\/\/sp-dz.com\/ar\/wp-json\/wp\/v2\/product\/14445\/revisions"}],"predecessor-version":[{"id":14448,"href":"https:\/\/sp-dz.com\/ar\/wp-json\/wp\/v2\/product\/14445\/revisions\/14448"}],"wp:featuredmedia":[{"embeddable":true,"href":"https:\/\/sp-dz.com\/ar\/wp-json\/wp\/v2\/media\/14543"}],"wp:attachment":[{"href":"https:\/\/sp-dz.com\/ar\/wp-json\/wp\/v2\/media?parent=14445"}],"wp:term":[{"taxonomy":"product_brand","embeddable":true,"href":"https:\/\/sp-dz.com\/ar\/wp-json\/wp\/v2\/product_brand?post=14445"},{"taxonomy":"product_cat","embeddable":true,"href":"https:\/\/sp-dz.com\/ar\/wp-json\/wp\/v2\/product_cat?post=14445"},{"taxonomy":"product_tag","embeddable":true,"href":"https:\/\/sp-dz.com\/ar\/wp-json\/wp\/v2\/product_tag?post=14445"}],"curies":[{"name":"wp","href":"https:\/\/api.w.org\/{rel}","templated":true}]}}