{"id":14443,"date":"2024-12-16T11:15:37","date_gmt":"2024-12-16T10:15:37","guid":{"rendered":"https:\/\/sp.com.dz\/?post_type=product&#038;p=14443"},"modified":"2024-12-17T12:58:42","modified_gmt":"2024-12-17T11:58:42","slug":"blouse-aux-manches-bouffantes-voilees-new-look","status":"publish","type":"product","link":"https:\/\/sp-dz.com\/ar\/product\/blouse-aux-manches-bouffantes-voilees-new-look\/","title":{"rendered":"Blouse aux manches bouffantes voil\u00e9es New Look"},"content":{"rendered":"<h3 class=\"text-s product-popup-subtitle\">Caract\u00e9ristiques de base<\/h3>\n<p>Blouse blanche au style raffin\u00e9 et f\u00e9minin, id\u00e9ale pour une allure \u00e9l\u00e9gante en toute simplicit\u00e9. Son col rond s\u2019ouvre d\u00e9licatement sur un bouton au dos, ajoutant une touche discr\u00e8te et sophistiqu\u00e9e. Les demi-manches bouffantes, doubl\u00e9es de voile blanc orn\u00e9 de petits pois, apportent l\u00e9g\u00e8ret\u00e9 et charme. Confectionn\u00e9e dans un tissu fluide et agr\u00e9able, cette blouse est parfaite pour des occasions habill\u00e9es ou des looks quotidiens sophistiqu\u00e9s.<\/p>\n<h3 class=\"text-s product-popup-subtitle\">Composition<\/h3>\n<p>100% Polyester<\/p>\n<h3 class=\"text-s product-popup-subtitle\">Code produit<\/h3>\n<p>56234151<\/p>\n<h3 class=\"text-s product-popup-subtitle\">Entretien<\/h3>\n<p>Lavage en machine \u00e0 une temp\u00e9rature maximale de 30\u00b0C.<\/p>","protected":false},"excerpt":{"rendered":"<p>Blouse blanche au style raffin\u00e9 et f\u00e9minin, id\u00e9ale pour une allure \u00e9l\u00e9gante en toute simplicit\u00e9. Son col rond s\u2019ouvre d\u00e9licatement sur un bouton au dos, ajoutant une touche discr\u00e8te et sophistiqu\u00e9e. Les demi-manches bouffantes, doubl\u00e9es de voile blanc orn\u00e9 de petits pois, apportent l\u00e9g\u00e8ret\u00e9 et charme. Confectionn\u00e9e dans un tissu fluide et agr\u00e9able, cette blouse est parfaite pour des occasions habill\u00e9es ou des looks quotidiens sophistiqu\u00e9s.<\/p>","protected":false},"featured_media":14695,"template":"","meta":[],"product_brand":[],"product_cat":[77,30],"product_tag":[],"class_list":{"0":"post-14443","1":"product","2":"type-product","3":"status-publish","4":"has-post-thumbnail","6":"product_cat-chemisier-blouse","7":"product_cat-femme","9":"first","10":"instock","11":"shipping-taxable","12":"purchasable","13":"product-type-simple"},"yoast_head":"<!-- This site is optimized with the Yoast SEO plugin v26.9 - https:\/\/yoast.com\/product\/yoast-seo-wordpress\/ -->\n<title>Blouse aux manches bouffantes voil\u00e9es New Look - S\u00e9lection Priv\u00e9e<\/title>\n<meta name=\"robots\" content=\"index, follow, max-snippet:-1, max-image-preview:large, max-video-preview:-1\" \/>\n<link rel=\"canonical\" href=\"https:\/\/sp-dz.com\/ar\/product\/blouse-aux-manches-bouffantes-voilees-new-look\/\" \/>\n<meta property=\"og:locale\" content=\"ar_AR\" \/>\n<meta property=\"og:type\" content=\"article\" \/>\n<meta property=\"og:title\" content=\"Blouse aux manches bouffantes voil\u00e9es New Look - S\u00e9lection Priv\u00e9e\" \/>\n<meta property=\"og:description\" content=\"Blouse blanche au style raffin\u00e9 et f\u00e9minin, id\u00e9ale pour une allure \u00e9l\u00e9gante en toute simplicit\u00e9. Son col rond s\u2019ouvre d\u00e9licatement sur un bouton au dos, ajoutant une touche discr\u00e8te et sophistiqu\u00e9e. Les demi-manches bouffantes, doubl\u00e9es de voile blanc orn\u00e9 de petits pois, apportent l\u00e9g\u00e8ret\u00e9 et charme. Confectionn\u00e9e dans un tissu fluide et agr\u00e9able, cette blouse est parfaite pour des occasions habill\u00e9es ou des looks quotidiens sophistiqu\u00e9s.\" \/>\n<meta property=\"og:url\" content=\"https:\/\/sp-dz.com\/ar\/product\/blouse-aux-manches-bouffantes-voilees-new-look\/\" \/>\n<meta property=\"og:site_name\" content=\"S\u00e9lection Priv\u00e9e\" \/>\n<meta property=\"article:modified_time\" content=\"2024-12-17T11:58:42+00:00\" \/>\n<meta property=\"og:image\" content=\"https:\/\/sp-dz.com\/wp-content\/uploads\/2024\/12\/haut-f-blanc-1-av-1-scaled.jpg\" \/>\n\t<meta property=\"og:image:width\" content=\"2133\" \/>\n\t<meta property=\"og:image:height\" content=\"2560\" \/>\n\t<meta property=\"og:image:type\" content=\"image\/jpeg\" \/>\n<meta name=\"twitter:card\" content=\"summary_large_image\" \/>\n<meta name=\"twitter:label1\" content=\"\u0648\u0642\u062a \u0627\u0644\u0642\u0631\u0627\u0621\u0629 \u0627\u0644\u0645\u064f\u0642\u062f\u0651\u0631\" \/>\n\t<meta name=\"twitter:data1\" content=\"\u062f\u0642\u064a\u0642\u0629 \u0648\u0627\u062d\u062f\u0629\" \/>\n<script type=\"application\/ld+json\" class=\"yoast-schema-graph\">{\"@context\":\"https:\/\/schema.org\",\"@graph\":[{\"@type\":\"WebPage\",\"@id\":\"https:\/\/sp-dz.com\/fr\/produit\/blouse-aux-manches-bouffantes-voilees-new-look\/\",\"url\":\"https:\/\/sp-dz.com\/fr\/produit\/blouse-aux-manches-bouffantes-voilees-new-look\/\",\"name\":\"Blouse aux manches bouffantes voil\u00e9es New Look - S\u00e9lection Priv\u00e9e\",\"isPartOf\":{\"@id\":\"https:\/\/sp-dz.com\/fr\/#website\"},\"primaryImageOfPage\":{\"@id\":\"https:\/\/sp-dz.com\/fr\/produit\/blouse-aux-manches-bouffantes-voilees-new-look\/#primaryimage\"},\"image\":{\"@id\":\"https:\/\/sp-dz.com\/fr\/produit\/blouse-aux-manches-bouffantes-voilees-new-look\/#primaryimage\"},\"thumbnailUrl\":\"https:\/\/sp-dz.com\/wp-content\/uploads\/2024\/12\/haut-f-blanc-1-av-1-scaled.jpg\",\"datePublished\":\"2024-12-16T10:15:37+00:00\",\"dateModified\":\"2024-12-17T11:58:42+00:00\",\"breadcrumb\":{\"@id\":\"https:\/\/sp-dz.com\/fr\/produit\/blouse-aux-manches-bouffantes-voilees-new-look\/#breadcrumb\"},\"inLanguage\":\"ar\",\"potentialAction\":[{\"@type\":\"ReadAction\",\"target\":[\"https:\/\/sp-dz.com\/fr\/produit\/blouse-aux-manches-bouffantes-voilees-new-look\/\"]}]},{\"@type\":\"ImageObject\",\"inLanguage\":\"ar\",\"@id\":\"https:\/\/sp-dz.com\/fr\/produit\/blouse-aux-manches-bouffantes-voilees-new-look\/#primaryimage\",\"url\":\"https:\/\/sp-dz.com\/wp-content\/uploads\/2024\/12\/haut-f-blanc-1-av-1-scaled.jpg\",\"contentUrl\":\"https:\/\/sp-dz.com\/wp-content\/uploads\/2024\/12\/haut-f-blanc-1-av-1-scaled.jpg\",\"width\":2133,\"height\":2560},{\"@type\":\"BreadcrumbList\",\"@id\":\"https:\/\/sp-dz.com\/fr\/produit\/blouse-aux-manches-bouffantes-voilees-new-look\/#breadcrumb\",\"itemListElement\":[{\"@type\":\"ListItem\",\"position\":1,\"name\":\"Accueil\",\"item\":\"https:\/\/sp-dz.com\/fr\/\"},{\"@type\":\"ListItem\",\"position\":2,\"name\":\"Boutique\",\"item\":\"https:\/\/sp-dz.com\/fr\/boutique\/\"},{\"@type\":\"ListItem\",\"position\":3,\"name\":\"Blouse aux manches bouffantes voil\u00e9es New Look\"}]},{\"@type\":\"WebSite\",\"@id\":\"https:\/\/sp-dz.com\/fr\/#website\",\"url\":\"https:\/\/sp-dz.com\/fr\/\",\"name\":\"S\u00e9lection Priv\u00e9e\",\"description\":\"Only for Members\",\"potentialAction\":[{\"@type\":\"SearchAction\",\"target\":{\"@type\":\"EntryPoint\",\"urlTemplate\":\"https:\/\/sp-dz.com\/fr\/?s={search_term_string}\"},\"query-input\":{\"@type\":\"PropertyValueSpecification\",\"valueRequired\":true,\"valueName\":\"search_term_string\"}}],\"inLanguage\":\"ar\"}]}<\/script>\n<!-- \/ Yoast SEO plugin. -->","yoast_head_json":{"title":"Blouse aux manches bouffantes voil\u00e9es New Look - S\u00e9lection Priv\u00e9e","robots":{"index":"index","follow":"follow","max-snippet":"max-snippet:-1","max-image-preview":"max-image-preview:large","max-video-preview":"max-video-preview:-1"},"canonical":"https:\/\/sp-dz.com\/ar\/product\/blouse-aux-manches-bouffantes-voilees-new-look\/","og_locale":"ar_AR","og_type":"article","og_title":"Blouse aux manches bouffantes voil\u00e9es New Look - S\u00e9lection Priv\u00e9e","og_description":"Blouse blanche au style raffin\u00e9 et f\u00e9minin, id\u00e9ale pour une allure \u00e9l\u00e9gante en toute simplicit\u00e9. Son col rond s\u2019ouvre d\u00e9licatement sur un bouton au dos, ajoutant une touche discr\u00e8te et sophistiqu\u00e9e. Les demi-manches bouffantes, doubl\u00e9es de voile blanc orn\u00e9 de petits pois, apportent l\u00e9g\u00e8ret\u00e9 et charme. Confectionn\u00e9e dans un tissu fluide et agr\u00e9able, cette blouse est parfaite pour des occasions habill\u00e9es ou des looks quotidiens sophistiqu\u00e9s.","og_url":"https:\/\/sp-dz.com\/ar\/product\/blouse-aux-manches-bouffantes-voilees-new-look\/","og_site_name":"S\u00e9lection Priv\u00e9e","article_modified_time":"2024-12-17T11:58:42+00:00","og_image":[{"width":2133,"height":2560,"url":"https:\/\/sp-dz.com\/wp-content\/uploads\/2024\/12\/haut-f-blanc-1-av-1-scaled.jpg","type":"image\/jpeg"}],"twitter_card":"summary_large_image","twitter_misc":{"\u0648\u0642\u062a \u0627\u0644\u0642\u0631\u0627\u0621\u0629 \u0627\u0644\u0645\u064f\u0642\u062f\u0651\u0631":"\u062f\u0642\u064a\u0642\u0629 \u0648\u0627\u062d\u062f\u0629"},"schema":{"@context":"https:\/\/schema.org","@graph":[{"@type":"WebPage","@id":"https:\/\/sp-dz.com\/fr\/produit\/blouse-aux-manches-bouffantes-voilees-new-look\/","url":"https:\/\/sp-dz.com\/fr\/produit\/blouse-aux-manches-bouffantes-voilees-new-look\/","name":"Blouse aux manches bouffantes voil\u00e9es New Look - S\u00e9lection Priv\u00e9e","isPartOf":{"@id":"https:\/\/sp-dz.com\/fr\/#website"},"primaryImageOfPage":{"@id":"https:\/\/sp-dz.com\/fr\/produit\/blouse-aux-manches-bouffantes-voilees-new-look\/#primaryimage"},"image":{"@id":"https:\/\/sp-dz.com\/fr\/produit\/blouse-aux-manches-bouffantes-voilees-new-look\/#primaryimage"},"thumbnailUrl":"https:\/\/sp-dz.com\/wp-content\/uploads\/2024\/12\/haut-f-blanc-1-av-1-scaled.jpg","datePublished":"2024-12-16T10:15:37+00:00","dateModified":"2024-12-17T11:58:42+00:00","breadcrumb":{"@id":"https:\/\/sp-dz.com\/fr\/produit\/blouse-aux-manches-bouffantes-voilees-new-look\/#breadcrumb"},"inLanguage":"ar","potentialAction":[{"@type":"ReadAction","target":["https:\/\/sp-dz.com\/fr\/produit\/blouse-aux-manches-bouffantes-voilees-new-look\/"]}]},{"@type":"ImageObject","inLanguage":"ar","@id":"https:\/\/sp-dz.com\/fr\/produit\/blouse-aux-manches-bouffantes-voilees-new-look\/#primaryimage","url":"https:\/\/sp-dz.com\/wp-content\/uploads\/2024\/12\/haut-f-blanc-1-av-1-scaled.jpg","contentUrl":"https:\/\/sp-dz.com\/wp-content\/uploads\/2024\/12\/haut-f-blanc-1-av-1-scaled.jpg","width":2133,"height":2560},{"@type":"BreadcrumbList","@id":"https:\/\/sp-dz.com\/fr\/produit\/blouse-aux-manches-bouffantes-voilees-new-look\/#breadcrumb","itemListElement":[{"@type":"ListItem","position":1,"name":"Accueil","item":"https:\/\/sp-dz.com\/fr\/"},{"@type":"ListItem","position":2,"name":"Boutique","item":"https:\/\/sp-dz.com\/fr\/boutique\/"},{"@type":"ListItem","position":3,"name":"Blouse aux manches bouffantes voil\u00e9es New Look"}]},{"@type":"WebSite","@id":"https:\/\/sp-dz.com\/fr\/#website","url":"https:\/\/sp-dz.com\/fr\/","name":"S\u00e9lection Priv\u00e9e","description":"Only for Members","potentialAction":[{"@type":"SearchAction","target":{"@type":"EntryPoint","urlTemplate":"https:\/\/sp-dz.com\/fr\/?s={search_term_string}"},"query-input":{"@type":"PropertyValueSpecification","valueRequired":true,"valueName":"search_term_string"}}],"inLanguage":"ar"}]}},"_links":{"self":[{"href":"https:\/\/sp-dz.com\/ar\/wp-json\/wp\/v2\/product\/14443","targetHints":{"allow":["GET"]}}],"collection":[{"href":"https:\/\/sp-dz.com\/ar\/wp-json\/wp\/v2\/product"}],"about":[{"href":"https:\/\/sp-dz.com\/ar\/wp-json\/wp\/v2\/types\/product"}],"version-history":[{"count":1,"href":"https:\/\/sp-dz.com\/ar\/wp-json\/wp\/v2\/product\/14443\/revisions"}],"predecessor-version":[{"id":14444,"href":"https:\/\/sp-dz.com\/ar\/wp-json\/wp\/v2\/product\/14443\/revisions\/14444"}],"wp:featuredmedia":[{"embeddable":true,"href":"https:\/\/sp-dz.com\/ar\/wp-json\/wp\/v2\/media\/14695"}],"wp:attachment":[{"href":"https:\/\/sp-dz.com\/ar\/wp-json\/wp\/v2\/media?parent=14443"}],"wp:term":[{"taxonomy":"product_brand","embeddable":true,"href":"https:\/\/sp-dz.com\/ar\/wp-json\/wp\/v2\/product_brand?post=14443"},{"taxonomy":"product_cat","embeddable":true,"href":"https:\/\/sp-dz.com\/ar\/wp-json\/wp\/v2\/product_cat?post=14443"},{"taxonomy":"product_tag","embeddable":true,"href":"https:\/\/sp-dz.com\/ar\/wp-json\/wp\/v2\/product_tag?post=14443"}],"curies":[{"name":"wp","href":"https:\/\/api.w.org\/{rel}","templated":true}]}}