{"id":14439,"date":"2024-12-16T11:03:46","date_gmt":"2024-12-16T10:03:46","guid":{"rendered":"https:\/\/sp.com.dz\/?post_type=product&#038;p=14439"},"modified":"2024-12-16T11:04:29","modified_gmt":"2024-12-16T10:04:29","slug":"blouse-blanche-tu-women","status":"publish","type":"product","link":"https:\/\/sp-dz.com\/ar\/product\/blouse-blanche-tu-women\/","title":{"rendered":"Blouse blanche Tu Women"},"content":{"rendered":"<h3 class=\"text-s product-popup-subtitle\">Caract\u00e9ristiques de base<\/h3>\n<p>Blouse large et fluide au style boh\u00e8me, parfaite pour une allure \u00e0 la fois naturelle et \u00e9l\u00e9gante. Son col boutonn\u00e9 apporte une subtile sophistication, tandis que sa coupe ample offre l\u00e9g\u00e8ret\u00e9 et confort. Les demi-manches, orn\u00e9es de broderies d\u00e9licates, ajoutent une touche artisanale qui sublime l\u2019ensemble. Confectionn\u00e9e dans un tissu doux et a\u00e9rien, cette blouse incarne l\u2019esprit boh\u00e8me avec charme et simplicit\u00e9, id\u00e9ale pour des looks d\u00e9contract\u00e9s et inspirants.<\/p>\n<h3 class=\"text-s product-popup-subtitle\">Composition<\/h3>\n<p>100% Coton<\/p>\n<h3 class=\"text-s product-popup-subtitle\">Code produit<\/h3>\n<p>31136759<\/p>\n<h3 class=\"text-s product-popup-subtitle\">Entretien<\/h3>\n<p>Lavage en machine \u00e0 une temp\u00e9rature maximale de 30\u00b0C.<\/p>","protected":false},"excerpt":{"rendered":"<p>Blouse large et fluide au style boh\u00e8me, parfaite pour une allure \u00e0 la fois naturelle et \u00e9l\u00e9gante. Son col boutonn\u00e9 apporte une subtile sophistication, tandis que sa coupe ample offre l\u00e9g\u00e8ret\u00e9 et confort. Les demi-manches, orn\u00e9es de broderies d\u00e9licates, ajoutent une touche artisanale qui sublime l\u2019ensemble. Confectionn\u00e9e dans un tissu doux et a\u00e9rien, cette blouse incarne l\u2019esprit boh\u00e8me avec charme et simplicit\u00e9, id\u00e9ale pour des looks d\u00e9contract\u00e9s et inspirants.<\/p>","protected":false},"featured_media":14691,"template":"","meta":[],"product_brand":[],"product_cat":[77,30],"product_tag":[],"class_list":{"0":"post-14439","1":"product","2":"type-product","3":"status-publish","4":"has-post-thumbnail","6":"product_cat-chemisier-blouse","7":"product_cat-femme","9":"first","10":"instock","11":"shipping-taxable","12":"purchasable","13":"product-type-simple"},"yoast_head":"<!-- This site is optimized with the Yoast SEO plugin v26.9 - https:\/\/yoast.com\/product\/yoast-seo-wordpress\/ -->\n<title>Blouse blanche Tu Women - S\u00e9lection Priv\u00e9e<\/title>\n<meta name=\"robots\" content=\"index, follow, max-snippet:-1, max-image-preview:large, max-video-preview:-1\" \/>\n<link rel=\"canonical\" href=\"https:\/\/sp-dz.com\/ar\/product\/blouse-blanche-tu-women\/\" \/>\n<meta property=\"og:locale\" content=\"ar_AR\" \/>\n<meta property=\"og:type\" content=\"article\" \/>\n<meta property=\"og:title\" content=\"Blouse blanche Tu Women - S\u00e9lection Priv\u00e9e\" \/>\n<meta property=\"og:description\" content=\"Blouse large et fluide au style boh\u00e8me, parfaite pour une allure \u00e0 la fois naturelle et \u00e9l\u00e9gante. Son col boutonn\u00e9 apporte une subtile sophistication, tandis que sa coupe ample offre l\u00e9g\u00e8ret\u00e9 et confort. Les demi-manches, orn\u00e9es de broderies d\u00e9licates, ajoutent une touche artisanale qui sublime l\u2019ensemble. Confectionn\u00e9e dans un tissu doux et a\u00e9rien, cette blouse incarne l\u2019esprit boh\u00e8me avec charme et simplicit\u00e9, id\u00e9ale pour des looks d\u00e9contract\u00e9s et inspirants.\" \/>\n<meta property=\"og:url\" content=\"https:\/\/sp-dz.com\/ar\/product\/blouse-blanche-tu-women\/\" \/>\n<meta property=\"og:site_name\" content=\"S\u00e9lection Priv\u00e9e\" \/>\n<meta property=\"article:modified_time\" content=\"2024-12-16T10:04:29+00:00\" \/>\n<meta property=\"og:image\" content=\"https:\/\/sp-dz.com\/wp-content\/uploads\/2024\/12\/haut-f-blanc-4-av-scaled.jpg\" \/>\n\t<meta property=\"og:image:width\" content=\"2133\" \/>\n\t<meta property=\"og:image:height\" content=\"2560\" \/>\n\t<meta property=\"og:image:type\" content=\"image\/jpeg\" \/>\n<meta name=\"twitter:card\" content=\"summary_large_image\" \/>\n<meta name=\"twitter:label1\" content=\"\u0648\u0642\u062a \u0627\u0644\u0642\u0631\u0627\u0621\u0629 \u0627\u0644\u0645\u064f\u0642\u062f\u0651\u0631\" \/>\n\t<meta name=\"twitter:data1\" content=\"\u062f\u0642\u064a\u0642\u0629 \u0648\u0627\u062d\u062f\u0629\" \/>\n<script type=\"application\/ld+json\" class=\"yoast-schema-graph\">{\"@context\":\"https:\/\/schema.org\",\"@graph\":[{\"@type\":\"WebPage\",\"@id\":\"https:\/\/sp-dz.com\/produit\/blouse-blanche-tu-women\/\",\"url\":\"https:\/\/sp-dz.com\/produit\/blouse-blanche-tu-women\/\",\"name\":\"Blouse blanche Tu Women - S\u00e9lection Priv\u00e9e\",\"isPartOf\":{\"@id\":\"https:\/\/sp-dz.com\/fr\/#website\"},\"primaryImageOfPage\":{\"@id\":\"https:\/\/sp-dz.com\/produit\/blouse-blanche-tu-women\/#primaryimage\"},\"image\":{\"@id\":\"https:\/\/sp-dz.com\/produit\/blouse-blanche-tu-women\/#primaryimage\"},\"thumbnailUrl\":\"https:\/\/sp-dz.com\/wp-content\/uploads\/2024\/12\/haut-f-blanc-4-av-scaled.jpg\",\"datePublished\":\"2024-12-16T10:03:46+00:00\",\"dateModified\":\"2024-12-16T10:04:29+00:00\",\"breadcrumb\":{\"@id\":\"https:\/\/sp-dz.com\/produit\/blouse-blanche-tu-women\/#breadcrumb\"},\"inLanguage\":\"ar\",\"potentialAction\":[{\"@type\":\"ReadAction\",\"target\":[\"https:\/\/sp-dz.com\/produit\/blouse-blanche-tu-women\/\"]}]},{\"@type\":\"ImageObject\",\"inLanguage\":\"ar\",\"@id\":\"https:\/\/sp-dz.com\/produit\/blouse-blanche-tu-women\/#primaryimage\",\"url\":\"https:\/\/sp-dz.com\/wp-content\/uploads\/2024\/12\/haut-f-blanc-4-av-scaled.jpg\",\"contentUrl\":\"https:\/\/sp-dz.com\/wp-content\/uploads\/2024\/12\/haut-f-blanc-4-av-scaled.jpg\",\"width\":2133,\"height\":2560},{\"@type\":\"BreadcrumbList\",\"@id\":\"https:\/\/sp-dz.com\/produit\/blouse-blanche-tu-women\/#breadcrumb\",\"itemListElement\":[{\"@type\":\"ListItem\",\"position\":1,\"name\":\"Accueil\",\"item\":\"https:\/\/sp-dz.com\/fr\/\"},{\"@type\":\"ListItem\",\"position\":2,\"name\":\"Boutique\",\"item\":\"https:\/\/sp-dz.com\/fr\/boutique\/\"},{\"@type\":\"ListItem\",\"position\":3,\"name\":\"Blouse blanche Tu Women\"}]},{\"@type\":\"WebSite\",\"@id\":\"https:\/\/sp-dz.com\/fr\/#website\",\"url\":\"https:\/\/sp-dz.com\/fr\/\",\"name\":\"S\u00e9lection Priv\u00e9e\",\"description\":\"Only for Members\",\"potentialAction\":[{\"@type\":\"SearchAction\",\"target\":{\"@type\":\"EntryPoint\",\"urlTemplate\":\"https:\/\/sp-dz.com\/fr\/?s={search_term_string}\"},\"query-input\":{\"@type\":\"PropertyValueSpecification\",\"valueRequired\":true,\"valueName\":\"search_term_string\"}}],\"inLanguage\":\"ar\"}]}<\/script>\n<!-- \/ Yoast SEO plugin. -->","yoast_head_json":{"title":"Blouse blanche Tu Women - S\u00e9lection Priv\u00e9e","robots":{"index":"index","follow":"follow","max-snippet":"max-snippet:-1","max-image-preview":"max-image-preview:large","max-video-preview":"max-video-preview:-1"},"canonical":"https:\/\/sp-dz.com\/ar\/product\/blouse-blanche-tu-women\/","og_locale":"ar_AR","og_type":"article","og_title":"Blouse blanche Tu Women - S\u00e9lection Priv\u00e9e","og_description":"Blouse large et fluide au style boh\u00e8me, parfaite pour une allure \u00e0 la fois naturelle et \u00e9l\u00e9gante. Son col boutonn\u00e9 apporte une subtile sophistication, tandis que sa coupe ample offre l\u00e9g\u00e8ret\u00e9 et confort. Les demi-manches, orn\u00e9es de broderies d\u00e9licates, ajoutent une touche artisanale qui sublime l\u2019ensemble. Confectionn\u00e9e dans un tissu doux et a\u00e9rien, cette blouse incarne l\u2019esprit boh\u00e8me avec charme et simplicit\u00e9, id\u00e9ale pour des looks d\u00e9contract\u00e9s et inspirants.","og_url":"https:\/\/sp-dz.com\/ar\/product\/blouse-blanche-tu-women\/","og_site_name":"S\u00e9lection Priv\u00e9e","article_modified_time":"2024-12-16T10:04:29+00:00","og_image":[{"width":2133,"height":2560,"url":"https:\/\/sp-dz.com\/wp-content\/uploads\/2024\/12\/haut-f-blanc-4-av-scaled.jpg","type":"image\/jpeg"}],"twitter_card":"summary_large_image","twitter_misc":{"\u0648\u0642\u062a \u0627\u0644\u0642\u0631\u0627\u0621\u0629 \u0627\u0644\u0645\u064f\u0642\u062f\u0651\u0631":"\u062f\u0642\u064a\u0642\u0629 \u0648\u0627\u062d\u062f\u0629"},"schema":{"@context":"https:\/\/schema.org","@graph":[{"@type":"WebPage","@id":"https:\/\/sp-dz.com\/produit\/blouse-blanche-tu-women\/","url":"https:\/\/sp-dz.com\/produit\/blouse-blanche-tu-women\/","name":"Blouse blanche Tu Women - S\u00e9lection Priv\u00e9e","isPartOf":{"@id":"https:\/\/sp-dz.com\/fr\/#website"},"primaryImageOfPage":{"@id":"https:\/\/sp-dz.com\/produit\/blouse-blanche-tu-women\/#primaryimage"},"image":{"@id":"https:\/\/sp-dz.com\/produit\/blouse-blanche-tu-women\/#primaryimage"},"thumbnailUrl":"https:\/\/sp-dz.com\/wp-content\/uploads\/2024\/12\/haut-f-blanc-4-av-scaled.jpg","datePublished":"2024-12-16T10:03:46+00:00","dateModified":"2024-12-16T10:04:29+00:00","breadcrumb":{"@id":"https:\/\/sp-dz.com\/produit\/blouse-blanche-tu-women\/#breadcrumb"},"inLanguage":"ar","potentialAction":[{"@type":"ReadAction","target":["https:\/\/sp-dz.com\/produit\/blouse-blanche-tu-women\/"]}]},{"@type":"ImageObject","inLanguage":"ar","@id":"https:\/\/sp-dz.com\/produit\/blouse-blanche-tu-women\/#primaryimage","url":"https:\/\/sp-dz.com\/wp-content\/uploads\/2024\/12\/haut-f-blanc-4-av-scaled.jpg","contentUrl":"https:\/\/sp-dz.com\/wp-content\/uploads\/2024\/12\/haut-f-blanc-4-av-scaled.jpg","width":2133,"height":2560},{"@type":"BreadcrumbList","@id":"https:\/\/sp-dz.com\/produit\/blouse-blanche-tu-women\/#breadcrumb","itemListElement":[{"@type":"ListItem","position":1,"name":"Accueil","item":"https:\/\/sp-dz.com\/fr\/"},{"@type":"ListItem","position":2,"name":"Boutique","item":"https:\/\/sp-dz.com\/fr\/boutique\/"},{"@type":"ListItem","position":3,"name":"Blouse blanche Tu Women"}]},{"@type":"WebSite","@id":"https:\/\/sp-dz.com\/fr\/#website","url":"https:\/\/sp-dz.com\/fr\/","name":"S\u00e9lection Priv\u00e9e","description":"Only for Members","potentialAction":[{"@type":"SearchAction","target":{"@type":"EntryPoint","urlTemplate":"https:\/\/sp-dz.com\/fr\/?s={search_term_string}"},"query-input":{"@type":"PropertyValueSpecification","valueRequired":true,"valueName":"search_term_string"}}],"inLanguage":"ar"}]}},"_links":{"self":[{"href":"https:\/\/sp-dz.com\/ar\/wp-json\/wp\/v2\/product\/14439","targetHints":{"allow":["GET"]}}],"collection":[{"href":"https:\/\/sp-dz.com\/ar\/wp-json\/wp\/v2\/product"}],"about":[{"href":"https:\/\/sp-dz.com\/ar\/wp-json\/wp\/v2\/types\/product"}],"version-history":[{"count":1,"href":"https:\/\/sp-dz.com\/ar\/wp-json\/wp\/v2\/product\/14439\/revisions"}],"predecessor-version":[{"id":14440,"href":"https:\/\/sp-dz.com\/ar\/wp-json\/wp\/v2\/product\/14439\/revisions\/14440"}],"wp:featuredmedia":[{"embeddable":true,"href":"https:\/\/sp-dz.com\/ar\/wp-json\/wp\/v2\/media\/14691"}],"wp:attachment":[{"href":"https:\/\/sp-dz.com\/ar\/wp-json\/wp\/v2\/media?parent=14439"}],"wp:term":[{"taxonomy":"product_brand","embeddable":true,"href":"https:\/\/sp-dz.com\/ar\/wp-json\/wp\/v2\/product_brand?post=14439"},{"taxonomy":"product_cat","embeddable":true,"href":"https:\/\/sp-dz.com\/ar\/wp-json\/wp\/v2\/product_cat?post=14439"},{"taxonomy":"product_tag","embeddable":true,"href":"https:\/\/sp-dz.com\/ar\/wp-json\/wp\/v2\/product_tag?post=14439"}],"curies":[{"name":"wp","href":"https:\/\/api.w.org\/{rel}","templated":true}]}}