{"id":14436,"date":"2024-12-04T09:02:36","date_gmt":"2024-12-04T08:02:36","guid":{"rendered":"https:\/\/sp.com.dz\/?post_type=product&#038;p=14436"},"modified":"2024-12-04T09:07:53","modified_gmt":"2024-12-04T08:07:53","slug":"short-a-rayures-pour-femme","status":"publish","type":"product","link":"https:\/\/sp-dz.com\/ar\/product\/short-a-rayures-pour-femme\/","title":{"rendered":"Short \u00e0 rayures pour femme"},"content":{"rendered":"<h3 class=\"text-s product-popup-subtitle\">Caract\u00e9ristiques de base<\/h3>\n<p>Short \u00e0 rayures pour femme con\u00e7u pour allier style et confort. Son motif \u00e0 rayures verticales apporte une touche \u00e9l\u00e9gante tout en sublimant la silhouette. Il est dot\u00e9 de deux poches avant pratiques et de deux poches plaqu\u00e9es \u00e0 l\u2019arri\u00e8re, parfaites pour un look d\u00e9contract\u00e9. La fermeture \u00e0 glissi\u00e8re \u00e0 l\u2019avant, accompagn\u00e9e de deux boutons, assure un ajustement impeccable.<\/p>\n<p>Ce short est id\u00e9al pour les journ\u00e9es ensoleill\u00e9es et les occasions estivales.<\/p>\n<h3 class=\"text-s product-popup-subtitle\">Composition<\/h3>\n<p>98% Coton<\/p>\n<p>2% Elasthanne<\/p>\n<h3 class=\"text-s product-popup-subtitle\">Code produit<\/h3>\n<p>22565539<\/p>\n<h3 class=\"text-s product-popup-subtitle\">Entretien<\/h3>\n<p>Lavage en machine \u00e0 une temp\u00e9rature maximale de 30\u00b0C.<\/p>","protected":false},"excerpt":{"rendered":"<p>Short \u00e0 rayures pour femme con\u00e7u pour allier style et confort. Son motif \u00e0 rayures verticales apporte une touche \u00e9l\u00e9gante tout en sublimant la silhouette. Il est dot\u00e9 de deux poches avant pratiques et de deux poches plaqu\u00e9es \u00e0 l\u2019arri\u00e8re, parfaites pour un look d\u00e9contract\u00e9. La fermeture \u00e0 glissi\u00e8re \u00e0 l\u2019avant, accompagn\u00e9e de deux boutons, assure un ajustement impeccable.<\/p>\n<p>Ce short est id\u00e9al pour les journ\u00e9es ensoleill\u00e9es et les occasions estivales.<\/p>","protected":false},"featured_media":14517,"template":"","meta":[],"product_brand":[],"product_cat":[84,30],"product_tag":[],"class_list":{"0":"post-14436","1":"product","2":"type-product","3":"status-publish","4":"has-post-thumbnail","6":"product_cat-short-bermuda","7":"product_cat-femme","9":"first","10":"instock","11":"shipping-taxable","12":"purchasable","13":"product-type-variable","14":"has-default-attributes"},"yoast_head":"<!-- This site is optimized with the Yoast SEO plugin v26.9 - https:\/\/yoast.com\/product\/yoast-seo-wordpress\/ -->\n<title>Short \u00e0 rayures pour femme - S\u00e9lection Priv\u00e9e<\/title>\n<meta name=\"robots\" content=\"index, follow, max-snippet:-1, max-image-preview:large, max-video-preview:-1\" \/>\n<link rel=\"canonical\" href=\"https:\/\/sp-dz.com\/ar\/product\/short-a-rayures-pour-femme\/\" \/>\n<meta property=\"og:locale\" content=\"ar_AR\" \/>\n<meta property=\"og:type\" content=\"article\" \/>\n<meta property=\"og:title\" content=\"Short \u00e0 rayures pour femme - S\u00e9lection Priv\u00e9e\" \/>\n<meta property=\"og:description\" content=\"Short \u00e0 rayures pour femme con\u00e7u pour allier style et confort. Son motif \u00e0 rayures verticales apporte une touche \u00e9l\u00e9gante tout en sublimant la silhouette. Il est dot\u00e9 de deux poches avant pratiques et de deux poches plaqu\u00e9es \u00e0 l\u2019arri\u00e8re, parfaites pour un look d\u00e9contract\u00e9. La fermeture \u00e0 glissi\u00e8re \u00e0 l\u2019avant, accompagn\u00e9e de deux boutons, assure un ajustement impeccable.  Ce short est id\u00e9al pour les journ\u00e9es ensoleill\u00e9es et les occasions estivales.\" \/>\n<meta property=\"og:url\" content=\"https:\/\/sp-dz.com\/ar\/product\/short-a-rayures-pour-femme\/\" \/>\n<meta property=\"og:site_name\" content=\"S\u00e9lection Priv\u00e9e\" \/>\n<meta property=\"article:modified_time\" content=\"2024-12-04T08:07:53+00:00\" \/>\n<meta property=\"og:image\" content=\"https:\/\/sp-dz.com\/wp-content\/uploads\/2024\/12\/short-blanc-bleu-av-scaled.jpg\" \/>\n\t<meta property=\"og:image:width\" content=\"2133\" \/>\n\t<meta property=\"og:image:height\" content=\"2560\" \/>\n\t<meta property=\"og:image:type\" content=\"image\/jpeg\" \/>\n<meta name=\"twitter:card\" content=\"summary_large_image\" \/>\n<meta name=\"twitter:label1\" content=\"\u0648\u0642\u062a \u0627\u0644\u0642\u0631\u0627\u0621\u0629 \u0627\u0644\u0645\u064f\u0642\u062f\u0651\u0631\" \/>\n\t<meta name=\"twitter:data1\" content=\"\u062f\u0642\u064a\u0642\u0629 \u0648\u0627\u062d\u062f\u0629\" \/>\n<script type=\"application\/ld+json\" class=\"yoast-schema-graph\">{\"@context\":\"https:\/\/schema.org\",\"@graph\":[{\"@type\":\"WebPage\",\"@id\":\"https:\/\/sp-dz.com\/produit\/short-a-rayures-pour-femme\/\",\"url\":\"https:\/\/sp-dz.com\/produit\/short-a-rayures-pour-femme\/\",\"name\":\"Short \u00e0 rayures pour femme - S\u00e9lection Priv\u00e9e\",\"isPartOf\":{\"@id\":\"https:\/\/sp-dz.com\/fr\/#website\"},\"primaryImageOfPage\":{\"@id\":\"https:\/\/sp-dz.com\/produit\/short-a-rayures-pour-femme\/#primaryimage\"},\"image\":{\"@id\":\"https:\/\/sp-dz.com\/produit\/short-a-rayures-pour-femme\/#primaryimage\"},\"thumbnailUrl\":\"https:\/\/sp-dz.com\/wp-content\/uploads\/2024\/12\/short-blanc-bleu-av-scaled.jpg\",\"datePublished\":\"2024-12-04T08:02:36+00:00\",\"dateModified\":\"2024-12-04T08:07:53+00:00\",\"breadcrumb\":{\"@id\":\"https:\/\/sp-dz.com\/produit\/short-a-rayures-pour-femme\/#breadcrumb\"},\"inLanguage\":\"ar\",\"potentialAction\":[{\"@type\":\"ReadAction\",\"target\":[\"https:\/\/sp-dz.com\/produit\/short-a-rayures-pour-femme\/\"]}]},{\"@type\":\"ImageObject\",\"inLanguage\":\"ar\",\"@id\":\"https:\/\/sp-dz.com\/produit\/short-a-rayures-pour-femme\/#primaryimage\",\"url\":\"https:\/\/sp-dz.com\/wp-content\/uploads\/2024\/12\/short-blanc-bleu-av-scaled.jpg\",\"contentUrl\":\"https:\/\/sp-dz.com\/wp-content\/uploads\/2024\/12\/short-blanc-bleu-av-scaled.jpg\",\"width\":2133,\"height\":2560},{\"@type\":\"BreadcrumbList\",\"@id\":\"https:\/\/sp-dz.com\/produit\/short-a-rayures-pour-femme\/#breadcrumb\",\"itemListElement\":[{\"@type\":\"ListItem\",\"position\":1,\"name\":\"Accueil\",\"item\":\"https:\/\/sp-dz.com\/fr\/\"},{\"@type\":\"ListItem\",\"position\":2,\"name\":\"Boutique\",\"item\":\"https:\/\/sp-dz.com\/fr\/boutique\/\"},{\"@type\":\"ListItem\",\"position\":3,\"name\":\"Short \u00e0 rayures pour femme\"}]},{\"@type\":\"WebSite\",\"@id\":\"https:\/\/sp-dz.com\/fr\/#website\",\"url\":\"https:\/\/sp-dz.com\/fr\/\",\"name\":\"S\u00e9lection Priv\u00e9e\",\"description\":\"Only for Members\",\"potentialAction\":[{\"@type\":\"SearchAction\",\"target\":{\"@type\":\"EntryPoint\",\"urlTemplate\":\"https:\/\/sp-dz.com\/fr\/?s={search_term_string}\"},\"query-input\":{\"@type\":\"PropertyValueSpecification\",\"valueRequired\":true,\"valueName\":\"search_term_string\"}}],\"inLanguage\":\"ar\"}]}<\/script>\n<!-- \/ Yoast SEO plugin. -->","yoast_head_json":{"title":"Short \u00e0 rayures pour femme - S\u00e9lection Priv\u00e9e","robots":{"index":"index","follow":"follow","max-snippet":"max-snippet:-1","max-image-preview":"max-image-preview:large","max-video-preview":"max-video-preview:-1"},"canonical":"https:\/\/sp-dz.com\/ar\/product\/short-a-rayures-pour-femme\/","og_locale":"ar_AR","og_type":"article","og_title":"Short \u00e0 rayures pour femme - S\u00e9lection Priv\u00e9e","og_description":"Short \u00e0 rayures pour femme con\u00e7u pour allier style et confort. Son motif \u00e0 rayures verticales apporte une touche \u00e9l\u00e9gante tout en sublimant la silhouette. Il est dot\u00e9 de deux poches avant pratiques et de deux poches plaqu\u00e9es \u00e0 l\u2019arri\u00e8re, parfaites pour un look d\u00e9contract\u00e9. La fermeture \u00e0 glissi\u00e8re \u00e0 l\u2019avant, accompagn\u00e9e de deux boutons, assure un ajustement impeccable.  Ce short est id\u00e9al pour les journ\u00e9es ensoleill\u00e9es et les occasions estivales.","og_url":"https:\/\/sp-dz.com\/ar\/product\/short-a-rayures-pour-femme\/","og_site_name":"S\u00e9lection Priv\u00e9e","article_modified_time":"2024-12-04T08:07:53+00:00","og_image":[{"width":2133,"height":2560,"url":"https:\/\/sp-dz.com\/wp-content\/uploads\/2024\/12\/short-blanc-bleu-av-scaled.jpg","type":"image\/jpeg"}],"twitter_card":"summary_large_image","twitter_misc":{"\u0648\u0642\u062a \u0627\u0644\u0642\u0631\u0627\u0621\u0629 \u0627\u0644\u0645\u064f\u0642\u062f\u0651\u0631":"\u062f\u0642\u064a\u0642\u0629 \u0648\u0627\u062d\u062f\u0629"},"schema":{"@context":"https:\/\/schema.org","@graph":[{"@type":"WebPage","@id":"https:\/\/sp-dz.com\/produit\/short-a-rayures-pour-femme\/","url":"https:\/\/sp-dz.com\/produit\/short-a-rayures-pour-femme\/","name":"Short \u00e0 rayures pour femme - S\u00e9lection Priv\u00e9e","isPartOf":{"@id":"https:\/\/sp-dz.com\/fr\/#website"},"primaryImageOfPage":{"@id":"https:\/\/sp-dz.com\/produit\/short-a-rayures-pour-femme\/#primaryimage"},"image":{"@id":"https:\/\/sp-dz.com\/produit\/short-a-rayures-pour-femme\/#primaryimage"},"thumbnailUrl":"https:\/\/sp-dz.com\/wp-content\/uploads\/2024\/12\/short-blanc-bleu-av-scaled.jpg","datePublished":"2024-12-04T08:02:36+00:00","dateModified":"2024-12-04T08:07:53+00:00","breadcrumb":{"@id":"https:\/\/sp-dz.com\/produit\/short-a-rayures-pour-femme\/#breadcrumb"},"inLanguage":"ar","potentialAction":[{"@type":"ReadAction","target":["https:\/\/sp-dz.com\/produit\/short-a-rayures-pour-femme\/"]}]},{"@type":"ImageObject","inLanguage":"ar","@id":"https:\/\/sp-dz.com\/produit\/short-a-rayures-pour-femme\/#primaryimage","url":"https:\/\/sp-dz.com\/wp-content\/uploads\/2024\/12\/short-blanc-bleu-av-scaled.jpg","contentUrl":"https:\/\/sp-dz.com\/wp-content\/uploads\/2024\/12\/short-blanc-bleu-av-scaled.jpg","width":2133,"height":2560},{"@type":"BreadcrumbList","@id":"https:\/\/sp-dz.com\/produit\/short-a-rayures-pour-femme\/#breadcrumb","itemListElement":[{"@type":"ListItem","position":1,"name":"Accueil","item":"https:\/\/sp-dz.com\/fr\/"},{"@type":"ListItem","position":2,"name":"Boutique","item":"https:\/\/sp-dz.com\/fr\/boutique\/"},{"@type":"ListItem","position":3,"name":"Short \u00e0 rayures pour femme"}]},{"@type":"WebSite","@id":"https:\/\/sp-dz.com\/fr\/#website","url":"https:\/\/sp-dz.com\/fr\/","name":"S\u00e9lection Priv\u00e9e","description":"Only for Members","potentialAction":[{"@type":"SearchAction","target":{"@type":"EntryPoint","urlTemplate":"https:\/\/sp-dz.com\/fr\/?s={search_term_string}"},"query-input":{"@type":"PropertyValueSpecification","valueRequired":true,"valueName":"search_term_string"}}],"inLanguage":"ar"}]}},"_links":{"self":[{"href":"https:\/\/sp-dz.com\/ar\/wp-json\/wp\/v2\/product\/14436","targetHints":{"allow":["GET"]}}],"collection":[{"href":"https:\/\/sp-dz.com\/ar\/wp-json\/wp\/v2\/product"}],"about":[{"href":"https:\/\/sp-dz.com\/ar\/wp-json\/wp\/v2\/types\/product"}],"version-history":[{"count":1,"href":"https:\/\/sp-dz.com\/ar\/wp-json\/wp\/v2\/product\/14436\/revisions"}],"predecessor-version":[{"id":14438,"href":"https:\/\/sp-dz.com\/ar\/wp-json\/wp\/v2\/product\/14436\/revisions\/14438"}],"wp:featuredmedia":[{"embeddable":true,"href":"https:\/\/sp-dz.com\/ar\/wp-json\/wp\/v2\/media\/14517"}],"wp:attachment":[{"href":"https:\/\/sp-dz.com\/ar\/wp-json\/wp\/v2\/media?parent=14436"}],"wp:term":[{"taxonomy":"product_brand","embeddable":true,"href":"https:\/\/sp-dz.com\/ar\/wp-json\/wp\/v2\/product_brand?post=14436"},{"taxonomy":"product_cat","embeddable":true,"href":"https:\/\/sp-dz.com\/ar\/wp-json\/wp\/v2\/product_cat?post=14436"},{"taxonomy":"product_tag","embeddable":true,"href":"https:\/\/sp-dz.com\/ar\/wp-json\/wp\/v2\/product_tag?post=14436"}],"curies":[{"name":"wp","href":"https:\/\/api.w.org\/{rel}","templated":true}]}}