{"id":14432,"date":"2024-12-12T12:57:40","date_gmt":"2024-12-12T11:57:40","guid":{"rendered":"https:\/\/sp.com.dz\/?post_type=product&#038;p=14432"},"modified":"2024-12-12T12:57:44","modified_gmt":"2024-12-12T11:57:44","slug":"pantalon-en-toile-pour-fille-primigi","status":"publish","type":"product","link":"https:\/\/sp-dz.com\/ar\/product\/pantalon-en-toile-pour-fille-primigi\/","title":{"rendered":"Pantalon en toile pour fille Primigi"},"content":{"rendered":"<h3 class=\"text-s product-popup-subtitle\">Caract\u00e9ristiques de base<\/h3>\n<p>Pantalon en toile doux et l\u00e9ger est con\u00e7u pour offrir \u00e0 votre b\u00e9b\u00e9 fille un confort optimal tout au long de la journ\u00e9e. Il est \u00e9quip\u00e9 de deux poches avant discr\u00e8tes, ajoutant une touche de style sans compromettre la simplicit\u00e9 du design. La ceinture \u00e9lastique, douce et ajustable, assure un maintien agr\u00e9able, tandis que la d\u00e9licate fleur ornant la ceinture apporte une note de fra\u00eecheur et de f\u00e9minit\u00e9. L\u00e9ger et confortable.<\/p>\n<p>Il s&rsquo;associe facilement avec diff\u00e9rents tops pour cr\u00e9er une tenue d\u00e9contract\u00e9e et \u00e9l\u00e9gante pour votre b\u00e9b\u00e9.<\/p>\n<h3 class=\"text-s product-popup-subtitle\">Composition<\/h3>\n<p>97% Coton<\/p>\n<p>3% Elasthanne<\/p>\n<h3 class=\"text-s product-popup-subtitle\">Code produit<\/h3>\n<p>66533725<\/p>\n<h3 class=\"text-s product-popup-subtitle\">Entretien<\/h3>\n<p>Lavage en machine \u00e0 une temp\u00e9rature maximale de 30\u00b0C.<\/p>","protected":false},"excerpt":{"rendered":"<p>Pantalon en toile doux et l\u00e9ger est con\u00e7u pour offrir \u00e0 votre b\u00e9b\u00e9 fille un confort optimal tout au long de la journ\u00e9e. Il est \u00e9quip\u00e9 de deux poches avant discr\u00e8tes, ajoutant une touche de style sans compromettre la simplicit\u00e9 du design. La ceinture \u00e9lastique, douce et ajustable, assure un maintien agr\u00e9able, tandis que la d\u00e9licate fleur ornant la ceinture apporte une note de fra\u00eecheur et de f\u00e9minit\u00e9. L\u00e9ger et confortable.<\/p>\n<p>Il s&rsquo;associe facilement avec diff\u00e9rents tops pour cr\u00e9er une tenue d\u00e9contract\u00e9e et \u00e9l\u00e9gante pour votre b\u00e9b\u00e9.<\/p>","protected":false},"featured_media":14603,"template":"","meta":[],"product_brand":[],"product_cat":[107,105,31],"product_tag":[],"class_list":{"0":"post-14432","1":"product","2":"type-product","3":"status-publish","4":"has-post-thumbnail","6":"product_cat-bebe","7":"product_cat-fille","8":"product_cat-enfant","10":"first","11":"instock","12":"shipping-taxable","13":"purchasable","14":"product-type-variable"},"yoast_head":"<!-- This site is optimized with the Yoast SEO plugin v26.9 - https:\/\/yoast.com\/product\/yoast-seo-wordpress\/ -->\n<title>Pantalon en toile pour fille Primigi - S\u00e9lection Priv\u00e9e<\/title>\n<meta name=\"robots\" content=\"index, follow, max-snippet:-1, max-image-preview:large, max-video-preview:-1\" \/>\n<link rel=\"canonical\" href=\"https:\/\/sp-dz.com\/ar\/product\/pantalon-en-toile-pour-fille-primigi\/\" \/>\n<meta property=\"og:locale\" content=\"ar_AR\" \/>\n<meta property=\"og:type\" content=\"article\" \/>\n<meta property=\"og:title\" content=\"Pantalon en toile pour fille Primigi - S\u00e9lection Priv\u00e9e\" \/>\n<meta property=\"og:description\" content=\"Pantalon en toile doux et l\u00e9ger est con\u00e7u pour offrir \u00e0 votre b\u00e9b\u00e9 fille un confort optimal tout au long de la journ\u00e9e. Il est \u00e9quip\u00e9 de deux poches avant discr\u00e8tes, ajoutant une touche de style sans compromettre la simplicit\u00e9 du design. La ceinture \u00e9lastique, douce et ajustable, assure un maintien agr\u00e9able, tandis que la d\u00e9licate fleur ornant la ceinture apporte une note de fra\u00eecheur et de f\u00e9minit\u00e9. L\u00e9ger et confortable.  Il s&#039;associe facilement avec diff\u00e9rents tops pour cr\u00e9er une tenue d\u00e9contract\u00e9e et \u00e9l\u00e9gante pour votre b\u00e9b\u00e9.\" \/>\n<meta property=\"og:url\" content=\"https:\/\/sp-dz.com\/ar\/product\/pantalon-en-toile-pour-fille-primigi\/\" \/>\n<meta property=\"og:site_name\" content=\"S\u00e9lection Priv\u00e9e\" \/>\n<meta property=\"article:modified_time\" content=\"2024-12-12T11:57:44+00:00\" \/>\n<meta property=\"og:image\" content=\"https:\/\/sp-dz.com\/wp-content\/uploads\/2024\/12\/P-enfant-av-scaled.jpg\" \/>\n\t<meta property=\"og:image:width\" content=\"2133\" \/>\n\t<meta property=\"og:image:height\" content=\"2560\" \/>\n\t<meta property=\"og:image:type\" content=\"image\/jpeg\" \/>\n<meta name=\"twitter:card\" content=\"summary_large_image\" \/>\n<meta name=\"twitter:label1\" content=\"\u0648\u0642\u062a \u0627\u0644\u0642\u0631\u0627\u0621\u0629 \u0627\u0644\u0645\u064f\u0642\u062f\u0651\u0631\" \/>\n\t<meta name=\"twitter:data1\" content=\"\u062f\u0642\u064a\u0642\u0629 \u0648\u0627\u062d\u062f\u0629\" \/>\n<script type=\"application\/ld+json\" class=\"yoast-schema-graph\">{\"@context\":\"https:\/\/schema.org\",\"@graph\":[{\"@type\":\"WebPage\",\"@id\":\"https:\/\/sp-dz.com\/produit\/pantalon-en-toile-pour-fille-primigi\/\",\"url\":\"https:\/\/sp-dz.com\/produit\/pantalon-en-toile-pour-fille-primigi\/\",\"name\":\"Pantalon en toile pour fille Primigi - S\u00e9lection Priv\u00e9e\",\"isPartOf\":{\"@id\":\"https:\/\/sp-dz.com\/fr\/#website\"},\"primaryImageOfPage\":{\"@id\":\"https:\/\/sp-dz.com\/produit\/pantalon-en-toile-pour-fille-primigi\/#primaryimage\"},\"image\":{\"@id\":\"https:\/\/sp-dz.com\/produit\/pantalon-en-toile-pour-fille-primigi\/#primaryimage\"},\"thumbnailUrl\":\"https:\/\/sp-dz.com\/wp-content\/uploads\/2024\/12\/P-enfant-av-scaled.jpg\",\"datePublished\":\"2024-12-12T11:57:40+00:00\",\"dateModified\":\"2024-12-12T11:57:44+00:00\",\"breadcrumb\":{\"@id\":\"https:\/\/sp-dz.com\/produit\/pantalon-en-toile-pour-fille-primigi\/#breadcrumb\"},\"inLanguage\":\"ar\",\"potentialAction\":[{\"@type\":\"ReadAction\",\"target\":[\"https:\/\/sp-dz.com\/produit\/pantalon-en-toile-pour-fille-primigi\/\"]}]},{\"@type\":\"ImageObject\",\"inLanguage\":\"ar\",\"@id\":\"https:\/\/sp-dz.com\/produit\/pantalon-en-toile-pour-fille-primigi\/#primaryimage\",\"url\":\"https:\/\/sp-dz.com\/wp-content\/uploads\/2024\/12\/P-enfant-av-scaled.jpg\",\"contentUrl\":\"https:\/\/sp-dz.com\/wp-content\/uploads\/2024\/12\/P-enfant-av-scaled.jpg\",\"width\":2133,\"height\":2560},{\"@type\":\"BreadcrumbList\",\"@id\":\"https:\/\/sp-dz.com\/produit\/pantalon-en-toile-pour-fille-primigi\/#breadcrumb\",\"itemListElement\":[{\"@type\":\"ListItem\",\"position\":1,\"name\":\"Accueil\",\"item\":\"https:\/\/sp-dz.com\/fr\/\"},{\"@type\":\"ListItem\",\"position\":2,\"name\":\"Boutique\",\"item\":\"https:\/\/sp-dz.com\/fr\/boutique\/\"},{\"@type\":\"ListItem\",\"position\":3,\"name\":\"Pantalon en toile pour fille Primigi\"}]},{\"@type\":\"WebSite\",\"@id\":\"https:\/\/sp-dz.com\/fr\/#website\",\"url\":\"https:\/\/sp-dz.com\/fr\/\",\"name\":\"S\u00e9lection Priv\u00e9e\",\"description\":\"Only for Members\",\"potentialAction\":[{\"@type\":\"SearchAction\",\"target\":{\"@type\":\"EntryPoint\",\"urlTemplate\":\"https:\/\/sp-dz.com\/fr\/?s={search_term_string}\"},\"query-input\":{\"@type\":\"PropertyValueSpecification\",\"valueRequired\":true,\"valueName\":\"search_term_string\"}}],\"inLanguage\":\"ar\"}]}<\/script>\n<!-- \/ Yoast SEO plugin. -->","yoast_head_json":{"title":"Pantalon en toile pour fille Primigi - S\u00e9lection Priv\u00e9e","robots":{"index":"index","follow":"follow","max-snippet":"max-snippet:-1","max-image-preview":"max-image-preview:large","max-video-preview":"max-video-preview:-1"},"canonical":"https:\/\/sp-dz.com\/ar\/product\/pantalon-en-toile-pour-fille-primigi\/","og_locale":"ar_AR","og_type":"article","og_title":"Pantalon en toile pour fille Primigi - S\u00e9lection Priv\u00e9e","og_description":"Pantalon en toile doux et l\u00e9ger est con\u00e7u pour offrir \u00e0 votre b\u00e9b\u00e9 fille un confort optimal tout au long de la journ\u00e9e. Il est \u00e9quip\u00e9 de deux poches avant discr\u00e8tes, ajoutant une touche de style sans compromettre la simplicit\u00e9 du design. La ceinture \u00e9lastique, douce et ajustable, assure un maintien agr\u00e9able, tandis que la d\u00e9licate fleur ornant la ceinture apporte une note de fra\u00eecheur et de f\u00e9minit\u00e9. L\u00e9ger et confortable.  Il s'associe facilement avec diff\u00e9rents tops pour cr\u00e9er une tenue d\u00e9contract\u00e9e et \u00e9l\u00e9gante pour votre b\u00e9b\u00e9.","og_url":"https:\/\/sp-dz.com\/ar\/product\/pantalon-en-toile-pour-fille-primigi\/","og_site_name":"S\u00e9lection Priv\u00e9e","article_modified_time":"2024-12-12T11:57:44+00:00","og_image":[{"width":2133,"height":2560,"url":"https:\/\/sp-dz.com\/wp-content\/uploads\/2024\/12\/P-enfant-av-scaled.jpg","type":"image\/jpeg"}],"twitter_card":"summary_large_image","twitter_misc":{"\u0648\u0642\u062a \u0627\u0644\u0642\u0631\u0627\u0621\u0629 \u0627\u0644\u0645\u064f\u0642\u062f\u0651\u0631":"\u062f\u0642\u064a\u0642\u0629 \u0648\u0627\u062d\u062f\u0629"},"schema":{"@context":"https:\/\/schema.org","@graph":[{"@type":"WebPage","@id":"https:\/\/sp-dz.com\/produit\/pantalon-en-toile-pour-fille-primigi\/","url":"https:\/\/sp-dz.com\/produit\/pantalon-en-toile-pour-fille-primigi\/","name":"Pantalon en toile pour fille Primigi - S\u00e9lection Priv\u00e9e","isPartOf":{"@id":"https:\/\/sp-dz.com\/fr\/#website"},"primaryImageOfPage":{"@id":"https:\/\/sp-dz.com\/produit\/pantalon-en-toile-pour-fille-primigi\/#primaryimage"},"image":{"@id":"https:\/\/sp-dz.com\/produit\/pantalon-en-toile-pour-fille-primigi\/#primaryimage"},"thumbnailUrl":"https:\/\/sp-dz.com\/wp-content\/uploads\/2024\/12\/P-enfant-av-scaled.jpg","datePublished":"2024-12-12T11:57:40+00:00","dateModified":"2024-12-12T11:57:44+00:00","breadcrumb":{"@id":"https:\/\/sp-dz.com\/produit\/pantalon-en-toile-pour-fille-primigi\/#breadcrumb"},"inLanguage":"ar","potentialAction":[{"@type":"ReadAction","target":["https:\/\/sp-dz.com\/produit\/pantalon-en-toile-pour-fille-primigi\/"]}]},{"@type":"ImageObject","inLanguage":"ar","@id":"https:\/\/sp-dz.com\/produit\/pantalon-en-toile-pour-fille-primigi\/#primaryimage","url":"https:\/\/sp-dz.com\/wp-content\/uploads\/2024\/12\/P-enfant-av-scaled.jpg","contentUrl":"https:\/\/sp-dz.com\/wp-content\/uploads\/2024\/12\/P-enfant-av-scaled.jpg","width":2133,"height":2560},{"@type":"BreadcrumbList","@id":"https:\/\/sp-dz.com\/produit\/pantalon-en-toile-pour-fille-primigi\/#breadcrumb","itemListElement":[{"@type":"ListItem","position":1,"name":"Accueil","item":"https:\/\/sp-dz.com\/fr\/"},{"@type":"ListItem","position":2,"name":"Boutique","item":"https:\/\/sp-dz.com\/fr\/boutique\/"},{"@type":"ListItem","position":3,"name":"Pantalon en toile pour fille Primigi"}]},{"@type":"WebSite","@id":"https:\/\/sp-dz.com\/fr\/#website","url":"https:\/\/sp-dz.com\/fr\/","name":"S\u00e9lection Priv\u00e9e","description":"Only for Members","potentialAction":[{"@type":"SearchAction","target":{"@type":"EntryPoint","urlTemplate":"https:\/\/sp-dz.com\/fr\/?s={search_term_string}"},"query-input":{"@type":"PropertyValueSpecification","valueRequired":true,"valueName":"search_term_string"}}],"inLanguage":"ar"}]}},"_links":{"self":[{"href":"https:\/\/sp-dz.com\/ar\/wp-json\/wp\/v2\/product\/14432","targetHints":{"allow":["GET"]}}],"collection":[{"href":"https:\/\/sp-dz.com\/ar\/wp-json\/wp\/v2\/product"}],"about":[{"href":"https:\/\/sp-dz.com\/ar\/wp-json\/wp\/v2\/types\/product"}],"version-history":[{"count":1,"href":"https:\/\/sp-dz.com\/ar\/wp-json\/wp\/v2\/product\/14432\/revisions"}],"predecessor-version":[{"id":14435,"href":"https:\/\/sp-dz.com\/ar\/wp-json\/wp\/v2\/product\/14432\/revisions\/14435"}],"wp:featuredmedia":[{"embeddable":true,"href":"https:\/\/sp-dz.com\/ar\/wp-json\/wp\/v2\/media\/14603"}],"wp:attachment":[{"href":"https:\/\/sp-dz.com\/ar\/wp-json\/wp\/v2\/media?parent=14432"}],"wp:term":[{"taxonomy":"product_brand","embeddable":true,"href":"https:\/\/sp-dz.com\/ar\/wp-json\/wp\/v2\/product_brand?post=14432"},{"taxonomy":"product_cat","embeddable":true,"href":"https:\/\/sp-dz.com\/ar\/wp-json\/wp\/v2\/product_cat?post=14432"},{"taxonomy":"product_tag","embeddable":true,"href":"https:\/\/sp-dz.com\/ar\/wp-json\/wp\/v2\/product_tag?post=14432"}],"curies":[{"name":"wp","href":"https:\/\/api.w.org\/{rel}","templated":true}]}}