{"id":14429,"date":"2024-12-15T14:35:16","date_gmt":"2024-12-15T13:35:16","guid":{"rendered":"https:\/\/sp.com.dz\/?post_type=product&#038;p=14429"},"modified":"2024-12-15T14:48:36","modified_gmt":"2024-12-15T13:48:36","slug":"chemise-pour-homme-en-lin-a-manches-longues-ms","status":"publish","type":"product","link":"https:\/\/sp-dz.com\/ar\/product\/chemise-pour-homme-en-lin-a-manches-longues-ms\/","title":{"rendered":"Chemise pour homme en lin \u00e0 manches longues M&#038;S"},"content":{"rendered":"<h3 class=\"text-s product-popup-subtitle\">Caract\u00e9ristiques de base<\/h3>\n<p>Chemise \u00e9l\u00e9gante en lin, offre une coupe parfaite et un confort incomparable. Dot\u00e9e de manches longues, elle est agr\u00e9ment\u00e9e de sept boutons sur le devant, permettant un ajustement pr\u00e9cis et raffin\u00e9. Le d\u00e9tail unique se trouve au niveau des poignets, o\u00f9 un bouton suppl\u00e9mentaire vient apporter une touche de sophistication et de praticit\u00e9. Ce mod\u00e8le, \u00e0 la fois l\u00e9ger et respirant.<\/p>\n<p>Son tissu en lin naturel assure une sensation agr\u00e9able sur la peau. Cette chemise peut \u00eatre port\u00e9e aussi bien lors d&rsquo;occasions formelles que d\u00e9contract\u00e9es, s\u2019adaptant ainsi \u00e0 diff\u00e9rents styles et besoins.<\/p>\n<p>.<\/p>\n<h3 class=\"text-s product-popup-subtitle\">Composition<\/h3>\n<p>100% Lin<\/p>\n<h3 class=\"text-s product-popup-subtitle\">Code produit<\/h3>\n<p>56681124<\/p>\n<h3 class=\"text-s product-popup-subtitle\">Entretien<\/h3>\n<p>Lavage en machine \u00e0 une temp\u00e9rature maximale de 40\u00b0C.<\/p>","protected":false},"excerpt":{"rendered":"<p>Chemise \u00e9l\u00e9gante en lin, offre une coupe parfaite et un confort incomparable. Dot\u00e9e de manches longues, elle est agr\u00e9ment\u00e9e de sept boutons sur le devant, permettant un ajustement pr\u00e9cis et raffin\u00e9. Le d\u00e9tail unique se trouve au niveau des poignets, o\u00f9 un bouton suppl\u00e9mentaire vient apporter une touche de sophistication et de praticit\u00e9. Ce mod\u00e8le, \u00e0 la fois l\u00e9ger et respirant.<\/p>\n<p>Son tissu en lin naturel assure une sensation agr\u00e9able sur la peau. Cette chemise peut \u00eatre port\u00e9e aussi bien lors d&rsquo;occasions formelles que d\u00e9contract\u00e9es, s\u2019adaptant ainsi \u00e0 diff\u00e9rents styles et besoins.<\/p>","protected":false},"featured_media":14680,"template":"","meta":[],"product_brand":[],"product_cat":[94,22],"product_tag":[],"class_list":{"0":"post-14429","1":"product","2":"type-product","3":"status-publish","4":"has-post-thumbnail","6":"product_cat-chemise","7":"product_cat-homme","9":"first","10":"instock","11":"shipping-taxable","12":"purchasable","13":"product-type-simple"},"yoast_head":"<!-- This site is optimized with the Yoast SEO plugin v26.9 - https:\/\/yoast.com\/product\/yoast-seo-wordpress\/ -->\n<title>Chemise pour homme en lin \u00e0 manches longues M&amp;S - S\u00e9lection Priv\u00e9e<\/title>\n<meta name=\"robots\" content=\"index, follow, max-snippet:-1, max-image-preview:large, max-video-preview:-1\" \/>\n<link rel=\"canonical\" href=\"https:\/\/sp-dz.com\/ar\/product\/chemise-pour-homme-en-lin-a-manches-longues-ms\/\" \/>\n<meta property=\"og:locale\" content=\"ar_AR\" \/>\n<meta property=\"og:type\" content=\"article\" \/>\n<meta property=\"og:title\" content=\"Chemise pour homme en lin \u00e0 manches longues M&amp;S - S\u00e9lection Priv\u00e9e\" \/>\n<meta property=\"og:description\" content=\"Chemise \u00e9l\u00e9gante en lin, offre une coupe parfaite et un confort incomparable. Dot\u00e9e de manches longues, elle est agr\u00e9ment\u00e9e de sept boutons sur le devant, permettant un ajustement pr\u00e9cis et raffin\u00e9. Le d\u00e9tail unique se trouve au niveau des poignets, o\u00f9 un bouton suppl\u00e9mentaire vient apporter une touche de sophistication et de praticit\u00e9. Ce mod\u00e8le, \u00e0 la fois l\u00e9ger et respirant.  Son tissu en lin naturel assure une sensation agr\u00e9able sur la peau. Cette chemise peut \u00eatre port\u00e9e aussi bien lors d&#039;occasions formelles que d\u00e9contract\u00e9es, s\u2019adaptant ainsi \u00e0 diff\u00e9rents styles et besoins.\" \/>\n<meta property=\"og:url\" content=\"https:\/\/sp-dz.com\/ar\/product\/chemise-pour-homme-en-lin-a-manches-longues-ms\/\" \/>\n<meta property=\"og:site_name\" content=\"S\u00e9lection Priv\u00e9e\" \/>\n<meta property=\"article:modified_time\" content=\"2024-12-15T13:48:36+00:00\" \/>\n<meta property=\"og:image\" content=\"https:\/\/sp-dz.com\/wp-content\/uploads\/2024\/12\/chemise-jaune-h-av-scaled.jpg\" \/>\n\t<meta property=\"og:image:width\" content=\"2133\" \/>\n\t<meta property=\"og:image:height\" content=\"2560\" \/>\n\t<meta property=\"og:image:type\" content=\"image\/jpeg\" \/>\n<meta name=\"twitter:card\" content=\"summary_large_image\" \/>\n<meta name=\"twitter:label1\" content=\"\u0648\u0642\u062a \u0627\u0644\u0642\u0631\u0627\u0621\u0629 \u0627\u0644\u0645\u064f\u0642\u062f\u0651\u0631\" \/>\n\t<meta name=\"twitter:data1\" content=\"\u062f\u0642\u064a\u0642\u0629 \u0648\u0627\u062d\u062f\u0629\" \/>\n<script type=\"application\/ld+json\" class=\"yoast-schema-graph\">{\"@context\":\"https:\/\/schema.org\",\"@graph\":[{\"@type\":\"WebPage\",\"@id\":\"https:\/\/sp-dz.com\/produit\/chemise-pour-homme-en-lin-a-manches-longues-ms\/\",\"url\":\"https:\/\/sp-dz.com\/produit\/chemise-pour-homme-en-lin-a-manches-longues-ms\/\",\"name\":\"Chemise pour homme en lin \u00e0 manches longues M&S - S\u00e9lection Priv\u00e9e\",\"isPartOf\":{\"@id\":\"https:\/\/sp-dz.com\/fr\/#website\"},\"primaryImageOfPage\":{\"@id\":\"https:\/\/sp-dz.com\/produit\/chemise-pour-homme-en-lin-a-manches-longues-ms\/#primaryimage\"},\"image\":{\"@id\":\"https:\/\/sp-dz.com\/produit\/chemise-pour-homme-en-lin-a-manches-longues-ms\/#primaryimage\"},\"thumbnailUrl\":\"https:\/\/sp-dz.com\/wp-content\/uploads\/2024\/12\/chemise-jaune-h-av-scaled.jpg\",\"datePublished\":\"2024-12-15T13:35:16+00:00\",\"dateModified\":\"2024-12-15T13:48:36+00:00\",\"breadcrumb\":{\"@id\":\"https:\/\/sp-dz.com\/produit\/chemise-pour-homme-en-lin-a-manches-longues-ms\/#breadcrumb\"},\"inLanguage\":\"ar\",\"potentialAction\":[{\"@type\":\"ReadAction\",\"target\":[\"https:\/\/sp-dz.com\/produit\/chemise-pour-homme-en-lin-a-manches-longues-ms\/\"]}]},{\"@type\":\"ImageObject\",\"inLanguage\":\"ar\",\"@id\":\"https:\/\/sp-dz.com\/produit\/chemise-pour-homme-en-lin-a-manches-longues-ms\/#primaryimage\",\"url\":\"https:\/\/sp-dz.com\/wp-content\/uploads\/2024\/12\/chemise-jaune-h-av-scaled.jpg\",\"contentUrl\":\"https:\/\/sp-dz.com\/wp-content\/uploads\/2024\/12\/chemise-jaune-h-av-scaled.jpg\",\"width\":2133,\"height\":2560},{\"@type\":\"BreadcrumbList\",\"@id\":\"https:\/\/sp-dz.com\/produit\/chemise-pour-homme-en-lin-a-manches-longues-ms\/#breadcrumb\",\"itemListElement\":[{\"@type\":\"ListItem\",\"position\":1,\"name\":\"Accueil\",\"item\":\"https:\/\/sp-dz.com\/fr\/\"},{\"@type\":\"ListItem\",\"position\":2,\"name\":\"Boutique\",\"item\":\"https:\/\/sp-dz.com\/fr\/boutique\/\"},{\"@type\":\"ListItem\",\"position\":3,\"name\":\"Chemise pour homme en lin \u00e0 manches longues M&#038;S\"}]},{\"@type\":\"WebSite\",\"@id\":\"https:\/\/sp-dz.com\/fr\/#website\",\"url\":\"https:\/\/sp-dz.com\/fr\/\",\"name\":\"S\u00e9lection Priv\u00e9e\",\"description\":\"Only for Members\",\"potentialAction\":[{\"@type\":\"SearchAction\",\"target\":{\"@type\":\"EntryPoint\",\"urlTemplate\":\"https:\/\/sp-dz.com\/fr\/?s={search_term_string}\"},\"query-input\":{\"@type\":\"PropertyValueSpecification\",\"valueRequired\":true,\"valueName\":\"search_term_string\"}}],\"inLanguage\":\"ar\"}]}<\/script>\n<!-- \/ Yoast SEO plugin. -->","yoast_head_json":{"title":"Chemise pour homme en lin \u00e0 manches longues M&S - S\u00e9lection Priv\u00e9e","robots":{"index":"index","follow":"follow","max-snippet":"max-snippet:-1","max-image-preview":"max-image-preview:large","max-video-preview":"max-video-preview:-1"},"canonical":"https:\/\/sp-dz.com\/ar\/product\/chemise-pour-homme-en-lin-a-manches-longues-ms\/","og_locale":"ar_AR","og_type":"article","og_title":"Chemise pour homme en lin \u00e0 manches longues M&S - S\u00e9lection Priv\u00e9e","og_description":"Chemise \u00e9l\u00e9gante en lin, offre une coupe parfaite et un confort incomparable. Dot\u00e9e de manches longues, elle est agr\u00e9ment\u00e9e de sept boutons sur le devant, permettant un ajustement pr\u00e9cis et raffin\u00e9. Le d\u00e9tail unique se trouve au niveau des poignets, o\u00f9 un bouton suppl\u00e9mentaire vient apporter une touche de sophistication et de praticit\u00e9. Ce mod\u00e8le, \u00e0 la fois l\u00e9ger et respirant.  Son tissu en lin naturel assure une sensation agr\u00e9able sur la peau. Cette chemise peut \u00eatre port\u00e9e aussi bien lors d'occasions formelles que d\u00e9contract\u00e9es, s\u2019adaptant ainsi \u00e0 diff\u00e9rents styles et besoins.","og_url":"https:\/\/sp-dz.com\/ar\/product\/chemise-pour-homme-en-lin-a-manches-longues-ms\/","og_site_name":"S\u00e9lection Priv\u00e9e","article_modified_time":"2024-12-15T13:48:36+00:00","og_image":[{"width":2133,"height":2560,"url":"https:\/\/sp-dz.com\/wp-content\/uploads\/2024\/12\/chemise-jaune-h-av-scaled.jpg","type":"image\/jpeg"}],"twitter_card":"summary_large_image","twitter_misc":{"\u0648\u0642\u062a \u0627\u0644\u0642\u0631\u0627\u0621\u0629 \u0627\u0644\u0645\u064f\u0642\u062f\u0651\u0631":"\u062f\u0642\u064a\u0642\u0629 \u0648\u0627\u062d\u062f\u0629"},"schema":{"@context":"https:\/\/schema.org","@graph":[{"@type":"WebPage","@id":"https:\/\/sp-dz.com\/produit\/chemise-pour-homme-en-lin-a-manches-longues-ms\/","url":"https:\/\/sp-dz.com\/produit\/chemise-pour-homme-en-lin-a-manches-longues-ms\/","name":"Chemise pour homme en lin \u00e0 manches longues M&S - S\u00e9lection Priv\u00e9e","isPartOf":{"@id":"https:\/\/sp-dz.com\/fr\/#website"},"primaryImageOfPage":{"@id":"https:\/\/sp-dz.com\/produit\/chemise-pour-homme-en-lin-a-manches-longues-ms\/#primaryimage"},"image":{"@id":"https:\/\/sp-dz.com\/produit\/chemise-pour-homme-en-lin-a-manches-longues-ms\/#primaryimage"},"thumbnailUrl":"https:\/\/sp-dz.com\/wp-content\/uploads\/2024\/12\/chemise-jaune-h-av-scaled.jpg","datePublished":"2024-12-15T13:35:16+00:00","dateModified":"2024-12-15T13:48:36+00:00","breadcrumb":{"@id":"https:\/\/sp-dz.com\/produit\/chemise-pour-homme-en-lin-a-manches-longues-ms\/#breadcrumb"},"inLanguage":"ar","potentialAction":[{"@type":"ReadAction","target":["https:\/\/sp-dz.com\/produit\/chemise-pour-homme-en-lin-a-manches-longues-ms\/"]}]},{"@type":"ImageObject","inLanguage":"ar","@id":"https:\/\/sp-dz.com\/produit\/chemise-pour-homme-en-lin-a-manches-longues-ms\/#primaryimage","url":"https:\/\/sp-dz.com\/wp-content\/uploads\/2024\/12\/chemise-jaune-h-av-scaled.jpg","contentUrl":"https:\/\/sp-dz.com\/wp-content\/uploads\/2024\/12\/chemise-jaune-h-av-scaled.jpg","width":2133,"height":2560},{"@type":"BreadcrumbList","@id":"https:\/\/sp-dz.com\/produit\/chemise-pour-homme-en-lin-a-manches-longues-ms\/#breadcrumb","itemListElement":[{"@type":"ListItem","position":1,"name":"Accueil","item":"https:\/\/sp-dz.com\/fr\/"},{"@type":"ListItem","position":2,"name":"Boutique","item":"https:\/\/sp-dz.com\/fr\/boutique\/"},{"@type":"ListItem","position":3,"name":"Chemise pour homme en lin \u00e0 manches longues M&#038;S"}]},{"@type":"WebSite","@id":"https:\/\/sp-dz.com\/fr\/#website","url":"https:\/\/sp-dz.com\/fr\/","name":"S\u00e9lection Priv\u00e9e","description":"Only for Members","potentialAction":[{"@type":"SearchAction","target":{"@type":"EntryPoint","urlTemplate":"https:\/\/sp-dz.com\/fr\/?s={search_term_string}"},"query-input":{"@type":"PropertyValueSpecification","valueRequired":true,"valueName":"search_term_string"}}],"inLanguage":"ar"}]}},"_links":{"self":[{"href":"https:\/\/sp-dz.com\/ar\/wp-json\/wp\/v2\/product\/14429","targetHints":{"allow":["GET"]}}],"collection":[{"href":"https:\/\/sp-dz.com\/ar\/wp-json\/wp\/v2\/product"}],"about":[{"href":"https:\/\/sp-dz.com\/ar\/wp-json\/wp\/v2\/types\/product"}],"version-history":[{"count":1,"href":"https:\/\/sp-dz.com\/ar\/wp-json\/wp\/v2\/product\/14429\/revisions"}],"predecessor-version":[{"id":14431,"href":"https:\/\/sp-dz.com\/ar\/wp-json\/wp\/v2\/product\/14429\/revisions\/14431"}],"wp:featuredmedia":[{"embeddable":true,"href":"https:\/\/sp-dz.com\/ar\/wp-json\/wp\/v2\/media\/14680"}],"wp:attachment":[{"href":"https:\/\/sp-dz.com\/ar\/wp-json\/wp\/v2\/media?parent=14429"}],"wp:term":[{"taxonomy":"product_brand","embeddable":true,"href":"https:\/\/sp-dz.com\/ar\/wp-json\/wp\/v2\/product_brand?post=14429"},{"taxonomy":"product_cat","embeddable":true,"href":"https:\/\/sp-dz.com\/ar\/wp-json\/wp\/v2\/product_cat?post=14429"},{"taxonomy":"product_tag","embeddable":true,"href":"https:\/\/sp-dz.com\/ar\/wp-json\/wp\/v2\/product_tag?post=14429"}],"curies":[{"name":"wp","href":"https:\/\/api.w.org\/{rel}","templated":true}]}}