{"id":14406,"date":"2024-12-01T09:26:32","date_gmt":"2024-12-01T08:26:32","guid":{"rendered":"https:\/\/sp.com.dz\/?post_type=product&#038;p=14406"},"modified":"2024-12-01T12:54:01","modified_gmt":"2024-12-01T11:54:01","slug":"gilet-de-costume-ms","status":"publish","type":"product","link":"https:\/\/sp-dz.com\/ar\/product\/gilet-de-costume-ms\/","title":{"rendered":"Gilet de costume bleu M&#038;S"},"content":{"rendered":"<h3 class=\"text-s product-popup-subtitle\">Caract\u00e9ristiques de base<\/h3>\n<p>Gilet de costume bleu fonc\u00e9 incarne le style classique et raffin\u00e9, id\u00e9al pour compl\u00e9ter une tenue formelle ou semi-formelle. Avec ses cinq boutons sur le devant, il offre une allure \u00e9l\u00e9gante et soign\u00e9e. Les deux fausses poches ajoutent une touche de sophistication discr\u00e8te, renfor\u00e7ant son design intemporel.<\/p>\n<p>Au dos, une patte ajustable permet de personnaliser l&rsquo;ajustement pour un confort optimal et une silhouette impeccable. Con\u00e7u dans des mati\u00e8res de qualit\u00e9, ce gilet est une pi\u00e8ce polyvalente qui s&rsquo;adapte \u00e0 diverses occasions, des \u00e9v\u00e9nements professionnels aux c\u00e9r\u00e9monies \u00e9l\u00e9gantes.<\/p>\n<h3 class=\"text-s product-popup-subtitle\">Composition<\/h3>\n<p>66% Polyester<\/p>\n<p>32% Viscose<\/p>\n<p>2% Elasthanne<\/p>\n<p>Doublure: 52% Polyester, 48% Viscose<\/p>\n<h3 class=\"text-s product-popup-subtitle\">Code produit<\/h3>\n<p>27122392<\/p>\n<h3 class=\"text-s product-popup-subtitle\">Entretien<\/h3>\n<p>nettoyage \u00e0 sec.<\/p>","protected":false},"excerpt":{"rendered":"<p>Gilet de costume bleu fonc\u00e9 incarne le style classique et raffin\u00e9, id\u00e9al pour compl\u00e9ter une tenue formelle ou semi-formelle. Avec ses cinq boutons sur le devant, il offre une allure \u00e9l\u00e9gante et soign\u00e9e. Les deux fausses poches ajoutent une touche de sophistication discr\u00e8te, renfor\u00e7ant son design intemporel.<\/p>\n<p>Au dos, une patte ajustable permet de personnaliser l&rsquo;ajustement pour un confort optimal et une silhouette impeccable. Con\u00e7u dans des mati\u00e8res de qualit\u00e9, ce gilet est une pi\u00e8ce polyvalente qui s&rsquo;adapte \u00e0 diverses occasions, des \u00e9v\u00e9nements professionnels aux c\u00e9r\u00e9monies \u00e9l\u00e9gantes.<\/p>","protected":false},"featured_media":14409,"template":"","meta":[],"product_brand":[],"product_cat":[90,22],"product_tag":[],"class_list":{"0":"post-14406","1":"product","2":"type-product","3":"status-publish","4":"has-post-thumbnail","6":"product_cat-pull-gilet-sweat","7":"product_cat-homme","9":"first","10":"instock","11":"shipping-taxable","12":"purchasable","13":"product-type-variable"},"yoast_head":"<!-- This site is optimized with the Yoast SEO plugin v26.9 - https:\/\/yoast.com\/product\/yoast-seo-wordpress\/ -->\n<title>Gilet de costume bleu M&amp;S - S\u00e9lection Priv\u00e9e<\/title>\n<meta name=\"robots\" content=\"index, follow, max-snippet:-1, max-image-preview:large, max-video-preview:-1\" \/>\n<link rel=\"canonical\" href=\"https:\/\/sp-dz.com\/ar\/product\/gilet-de-costume-ms\/\" \/>\n<meta property=\"og:locale\" content=\"ar_AR\" \/>\n<meta property=\"og:type\" content=\"article\" \/>\n<meta property=\"og:title\" content=\"Gilet de costume bleu M&amp;S - S\u00e9lection Priv\u00e9e\" \/>\n<meta property=\"og:description\" content=\"Gilet de costume bleu fonc\u00e9 incarne le style classique et raffin\u00e9, id\u00e9al pour compl\u00e9ter une tenue formelle ou semi-formelle. Avec ses cinq boutons sur le devant, il offre une allure \u00e9l\u00e9gante et soign\u00e9e. Les deux fausses poches ajoutent une touche de sophistication discr\u00e8te, renfor\u00e7ant son design intemporel.  Au dos, une patte ajustable permet de personnaliser l&#039;ajustement pour un confort optimal et une silhouette impeccable. Con\u00e7u dans des mati\u00e8res de qualit\u00e9, ce gilet est une pi\u00e8ce polyvalente qui s&#039;adapte \u00e0 diverses occasions, des \u00e9v\u00e9nements professionnels aux c\u00e9r\u00e9monies \u00e9l\u00e9gantes.\" \/>\n<meta property=\"og:url\" content=\"https:\/\/sp-dz.com\/ar\/product\/gilet-de-costume-ms\/\" \/>\n<meta property=\"og:site_name\" content=\"S\u00e9lection Priv\u00e9e\" \/>\n<meta property=\"article:modified_time\" content=\"2024-12-01T11:54:01+00:00\" \/>\n<meta property=\"og:image\" content=\"https:\/\/sp-dz.com\/wp-content\/uploads\/2024\/12\/Gilet-H-av-scaled.jpg\" \/>\n\t<meta property=\"og:image:width\" content=\"2133\" \/>\n\t<meta property=\"og:image:height\" content=\"2560\" \/>\n\t<meta property=\"og:image:type\" content=\"image\/jpeg\" \/>\n<meta name=\"twitter:card\" content=\"summary_large_image\" \/>\n<meta name=\"twitter:label1\" content=\"\u0648\u0642\u062a \u0627\u0644\u0642\u0631\u0627\u0621\u0629 \u0627\u0644\u0645\u064f\u0642\u062f\u0651\u0631\" \/>\n\t<meta name=\"twitter:data1\" content=\"\u062f\u0642\u064a\u0642\u0629 \u0648\u0627\u062d\u062f\u0629\" \/>\n<script type=\"application\/ld+json\" class=\"yoast-schema-graph\">{\"@context\":\"https:\/\/schema.org\",\"@graph\":[{\"@type\":\"WebPage\",\"@id\":\"https:\/\/sp-dz.com\/produit\/gilet-de-costume-ms\/\",\"url\":\"https:\/\/sp-dz.com\/produit\/gilet-de-costume-ms\/\",\"name\":\"Gilet de costume bleu M&S - S\u00e9lection Priv\u00e9e\",\"isPartOf\":{\"@id\":\"https:\/\/sp-dz.com\/fr\/#website\"},\"primaryImageOfPage\":{\"@id\":\"https:\/\/sp-dz.com\/produit\/gilet-de-costume-ms\/#primaryimage\"},\"image\":{\"@id\":\"https:\/\/sp-dz.com\/produit\/gilet-de-costume-ms\/#primaryimage\"},\"thumbnailUrl\":\"https:\/\/sp-dz.com\/wp-content\/uploads\/2024\/12\/Gilet-H-av-scaled.jpg\",\"datePublished\":\"2024-12-01T08:26:32+00:00\",\"dateModified\":\"2024-12-01T11:54:01+00:00\",\"breadcrumb\":{\"@id\":\"https:\/\/sp-dz.com\/produit\/gilet-de-costume-ms\/#breadcrumb\"},\"inLanguage\":\"ar\",\"potentialAction\":[{\"@type\":\"ReadAction\",\"target\":[\"https:\/\/sp-dz.com\/produit\/gilet-de-costume-ms\/\"]}]},{\"@type\":\"ImageObject\",\"inLanguage\":\"ar\",\"@id\":\"https:\/\/sp-dz.com\/produit\/gilet-de-costume-ms\/#primaryimage\",\"url\":\"https:\/\/sp-dz.com\/wp-content\/uploads\/2024\/12\/Gilet-H-av-scaled.jpg\",\"contentUrl\":\"https:\/\/sp-dz.com\/wp-content\/uploads\/2024\/12\/Gilet-H-av-scaled.jpg\",\"width\":2133,\"height\":2560},{\"@type\":\"BreadcrumbList\",\"@id\":\"https:\/\/sp-dz.com\/produit\/gilet-de-costume-ms\/#breadcrumb\",\"itemListElement\":[{\"@type\":\"ListItem\",\"position\":1,\"name\":\"Accueil\",\"item\":\"https:\/\/sp-dz.com\/fr\/\"},{\"@type\":\"ListItem\",\"position\":2,\"name\":\"Boutique\",\"item\":\"https:\/\/sp-dz.com\/fr\/boutique\/\"},{\"@type\":\"ListItem\",\"position\":3,\"name\":\"Gilet de costume bleu M&#038;S\"}]},{\"@type\":\"WebSite\",\"@id\":\"https:\/\/sp-dz.com\/fr\/#website\",\"url\":\"https:\/\/sp-dz.com\/fr\/\",\"name\":\"S\u00e9lection Priv\u00e9e\",\"description\":\"Only for Members\",\"potentialAction\":[{\"@type\":\"SearchAction\",\"target\":{\"@type\":\"EntryPoint\",\"urlTemplate\":\"https:\/\/sp-dz.com\/fr\/?s={search_term_string}\"},\"query-input\":{\"@type\":\"PropertyValueSpecification\",\"valueRequired\":true,\"valueName\":\"search_term_string\"}}],\"inLanguage\":\"ar\"}]}<\/script>\n<!-- \/ Yoast SEO plugin. -->","yoast_head_json":{"title":"Gilet de costume bleu M&S - S\u00e9lection Priv\u00e9e","robots":{"index":"index","follow":"follow","max-snippet":"max-snippet:-1","max-image-preview":"max-image-preview:large","max-video-preview":"max-video-preview:-1"},"canonical":"https:\/\/sp-dz.com\/ar\/product\/gilet-de-costume-ms\/","og_locale":"ar_AR","og_type":"article","og_title":"Gilet de costume bleu M&S - S\u00e9lection Priv\u00e9e","og_description":"Gilet de costume bleu fonc\u00e9 incarne le style classique et raffin\u00e9, id\u00e9al pour compl\u00e9ter une tenue formelle ou semi-formelle. Avec ses cinq boutons sur le devant, il offre une allure \u00e9l\u00e9gante et soign\u00e9e. Les deux fausses poches ajoutent une touche de sophistication discr\u00e8te, renfor\u00e7ant son design intemporel.  Au dos, une patte ajustable permet de personnaliser l'ajustement pour un confort optimal et une silhouette impeccable. Con\u00e7u dans des mati\u00e8res de qualit\u00e9, ce gilet est une pi\u00e8ce polyvalente qui s'adapte \u00e0 diverses occasions, des \u00e9v\u00e9nements professionnels aux c\u00e9r\u00e9monies \u00e9l\u00e9gantes.","og_url":"https:\/\/sp-dz.com\/ar\/product\/gilet-de-costume-ms\/","og_site_name":"S\u00e9lection Priv\u00e9e","article_modified_time":"2024-12-01T11:54:01+00:00","og_image":[{"width":2133,"height":2560,"url":"https:\/\/sp-dz.com\/wp-content\/uploads\/2024\/12\/Gilet-H-av-scaled.jpg","type":"image\/jpeg"}],"twitter_card":"summary_large_image","twitter_misc":{"\u0648\u0642\u062a \u0627\u0644\u0642\u0631\u0627\u0621\u0629 \u0627\u0644\u0645\u064f\u0642\u062f\u0651\u0631":"\u062f\u0642\u064a\u0642\u0629 \u0648\u0627\u062d\u062f\u0629"},"schema":{"@context":"https:\/\/schema.org","@graph":[{"@type":"WebPage","@id":"https:\/\/sp-dz.com\/produit\/gilet-de-costume-ms\/","url":"https:\/\/sp-dz.com\/produit\/gilet-de-costume-ms\/","name":"Gilet de costume bleu M&S - S\u00e9lection Priv\u00e9e","isPartOf":{"@id":"https:\/\/sp-dz.com\/fr\/#website"},"primaryImageOfPage":{"@id":"https:\/\/sp-dz.com\/produit\/gilet-de-costume-ms\/#primaryimage"},"image":{"@id":"https:\/\/sp-dz.com\/produit\/gilet-de-costume-ms\/#primaryimage"},"thumbnailUrl":"https:\/\/sp-dz.com\/wp-content\/uploads\/2024\/12\/Gilet-H-av-scaled.jpg","datePublished":"2024-12-01T08:26:32+00:00","dateModified":"2024-12-01T11:54:01+00:00","breadcrumb":{"@id":"https:\/\/sp-dz.com\/produit\/gilet-de-costume-ms\/#breadcrumb"},"inLanguage":"ar","potentialAction":[{"@type":"ReadAction","target":["https:\/\/sp-dz.com\/produit\/gilet-de-costume-ms\/"]}]},{"@type":"ImageObject","inLanguage":"ar","@id":"https:\/\/sp-dz.com\/produit\/gilet-de-costume-ms\/#primaryimage","url":"https:\/\/sp-dz.com\/wp-content\/uploads\/2024\/12\/Gilet-H-av-scaled.jpg","contentUrl":"https:\/\/sp-dz.com\/wp-content\/uploads\/2024\/12\/Gilet-H-av-scaled.jpg","width":2133,"height":2560},{"@type":"BreadcrumbList","@id":"https:\/\/sp-dz.com\/produit\/gilet-de-costume-ms\/#breadcrumb","itemListElement":[{"@type":"ListItem","position":1,"name":"Accueil","item":"https:\/\/sp-dz.com\/fr\/"},{"@type":"ListItem","position":2,"name":"Boutique","item":"https:\/\/sp-dz.com\/fr\/boutique\/"},{"@type":"ListItem","position":3,"name":"Gilet de costume bleu M&#038;S"}]},{"@type":"WebSite","@id":"https:\/\/sp-dz.com\/fr\/#website","url":"https:\/\/sp-dz.com\/fr\/","name":"S\u00e9lection Priv\u00e9e","description":"Only for Members","potentialAction":[{"@type":"SearchAction","target":{"@type":"EntryPoint","urlTemplate":"https:\/\/sp-dz.com\/fr\/?s={search_term_string}"},"query-input":{"@type":"PropertyValueSpecification","valueRequired":true,"valueName":"search_term_string"}}],"inLanguage":"ar"}]}},"_links":{"self":[{"href":"https:\/\/sp-dz.com\/ar\/wp-json\/wp\/v2\/product\/14406","targetHints":{"allow":["GET"]}}],"collection":[{"href":"https:\/\/sp-dz.com\/ar\/wp-json\/wp\/v2\/product"}],"about":[{"href":"https:\/\/sp-dz.com\/ar\/wp-json\/wp\/v2\/types\/product"}],"version-history":[{"count":4,"href":"https:\/\/sp-dz.com\/ar\/wp-json\/wp\/v2\/product\/14406\/revisions"}],"predecessor-version":[{"id":14416,"href":"https:\/\/sp-dz.com\/ar\/wp-json\/wp\/v2\/product\/14406\/revisions\/14416"}],"wp:featuredmedia":[{"embeddable":true,"href":"https:\/\/sp-dz.com\/ar\/wp-json\/wp\/v2\/media\/14409"}],"wp:attachment":[{"href":"https:\/\/sp-dz.com\/ar\/wp-json\/wp\/v2\/media?parent=14406"}],"wp:term":[{"taxonomy":"product_brand","embeddable":true,"href":"https:\/\/sp-dz.com\/ar\/wp-json\/wp\/v2\/product_brand?post=14406"},{"taxonomy":"product_cat","embeddable":true,"href":"https:\/\/sp-dz.com\/ar\/wp-json\/wp\/v2\/product_cat?post=14406"},{"taxonomy":"product_tag","embeddable":true,"href":"https:\/\/sp-dz.com\/ar\/wp-json\/wp\/v2\/product_tag?post=14406"}],"curies":[{"name":"wp","href":"https:\/\/api.w.org\/{rel}","templated":true}]}}