{"id":14384,"date":"2024-11-27T10:20:06","date_gmt":"2024-11-27T09:20:06","guid":{"rendered":"https:\/\/sp.com.dz\/?post_type=product&#038;p=14384"},"modified":"2024-12-01T09:32:57","modified_gmt":"2024-12-01T08:32:57","slug":"t-shirt-hm","status":"publish","type":"product","link":"https:\/\/sp-dz.com\/ar\/product\/t-shirt-hm\/","title":{"rendered":"T-shirt H&#038;M"},"content":{"rendered":"<h3 class=\"text-s product-popup-subtitle\">Caract\u00e9ristiques de base<\/h3>\n<p>T-shirt noir basique, ajust\u00e9 \u00e0 la coupe pr\u00e8s du corps, avec un col rond classique. Sa couleur sobre et son design \u00e9pur\u00e9 en font une pi\u00e8ce incontournable et polyvalente, facile \u00e0 associer avec tous types de tenues, du plus casual au plus sophistiqu\u00e9. Confortable et intemporel, il se distingue par sa simplicit\u00e9, offrant un style \u00e0 la fois minimaliste et moderne.<\/p>\n<h3 class=\"text-s product-popup-subtitle\">Composition<\/h3>\n<p>100% Coton<\/p>\n<h3 class=\"text-s product-popup-subtitle\">Code produit<\/h3>\n<p>37267139<\/p>\n<h3 class=\"text-s product-popup-subtitle\">Entretien<\/h3>\n<p>Lavage en machine \u00e0 une temp\u00e9rature maximale de 40\u00b0C.<\/p>","protected":false},"excerpt":{"rendered":"<p>T-shirt noir basique, ajust\u00e9 \u00e0 la coupe pr\u00e8s du corps, avec un col rond classique. Sa couleur sobre et son design \u00e9pur\u00e9 en font une pi\u00e8ce incontournable et polyvalente, facile \u00e0 associer avec tous types de tenues, du plus casual au plus sophistiqu\u00e9. Confortable et intemporel, il se distingue par sa simplicit\u00e9, offrant un style \u00e0 la fois minimaliste et moderne.<\/p>","protected":false},"featured_media":14385,"template":"","meta":[],"product_brand":[],"product_cat":[78,30],"product_tag":[],"class_list":{"0":"post-14384","1":"product","2":"type-product","3":"status-publish","4":"has-post-thumbnail","6":"product_cat-t-shirt-top","7":"product_cat-femme","9":"first","10":"instock","11":"shipping-taxable","12":"purchasable","13":"product-type-simple"},"yoast_head":"<!-- This site is optimized with the Yoast SEO plugin v26.9 - https:\/\/yoast.com\/product\/yoast-seo-wordpress\/ -->\n<title>T-shirt H&amp;M - S\u00e9lection Priv\u00e9e<\/title>\n<meta name=\"robots\" content=\"index, follow, max-snippet:-1, max-image-preview:large, max-video-preview:-1\" \/>\n<link rel=\"canonical\" href=\"https:\/\/sp-dz.com\/ar\/product\/t-shirt-hm\/\" \/>\n<meta property=\"og:locale\" content=\"ar_AR\" \/>\n<meta property=\"og:type\" content=\"article\" \/>\n<meta property=\"og:title\" content=\"T-shirt H&amp;M - S\u00e9lection Priv\u00e9e\" \/>\n<meta property=\"og:description\" content=\"T-shirt noir basique, ajust\u00e9 \u00e0 la coupe pr\u00e8s du corps, avec un col rond classique. Sa couleur sobre et son design \u00e9pur\u00e9 en font une pi\u00e8ce incontournable et polyvalente, facile \u00e0 associer avec tous types de tenues, du plus casual au plus sophistiqu\u00e9. Confortable et intemporel, il se distingue par sa simplicit\u00e9, offrant un style \u00e0 la fois minimaliste et moderne.\" \/>\n<meta property=\"og:url\" content=\"https:\/\/sp-dz.com\/ar\/product\/t-shirt-hm\/\" \/>\n<meta property=\"og:site_name\" content=\"S\u00e9lection Priv\u00e9e\" \/>\n<meta property=\"article:modified_time\" content=\"2024-12-01T08:32:57+00:00\" \/>\n<meta property=\"og:image\" content=\"https:\/\/sp-dz.com\/wp-content\/uploads\/2024\/11\/t-shirt-noir-f-av-scaled.jpg\" \/>\n\t<meta property=\"og:image:width\" content=\"2133\" \/>\n\t<meta property=\"og:image:height\" content=\"2560\" \/>\n\t<meta property=\"og:image:type\" content=\"image\/jpeg\" \/>\n<meta name=\"twitter:card\" content=\"summary_large_image\" \/>\n<meta name=\"twitter:label1\" content=\"\u0648\u0642\u062a \u0627\u0644\u0642\u0631\u0627\u0621\u0629 \u0627\u0644\u0645\u064f\u0642\u062f\u0651\u0631\" \/>\n\t<meta name=\"twitter:data1\" content=\"\u062f\u0642\u064a\u0642\u0629 \u0648\u0627\u062d\u062f\u0629\" \/>\n<script type=\"application\/ld+json\" class=\"yoast-schema-graph\">{\"@context\":\"https:\/\/schema.org\",\"@graph\":[{\"@type\":\"WebPage\",\"@id\":\"https:\/\/sp-dz.com\/produit\/t-shirt-hm\/\",\"url\":\"https:\/\/sp-dz.com\/produit\/t-shirt-hm\/\",\"name\":\"T-shirt H&M - S\u00e9lection Priv\u00e9e\",\"isPartOf\":{\"@id\":\"https:\/\/sp-dz.com\/fr\/#website\"},\"primaryImageOfPage\":{\"@id\":\"https:\/\/sp-dz.com\/produit\/t-shirt-hm\/#primaryimage\"},\"image\":{\"@id\":\"https:\/\/sp-dz.com\/produit\/t-shirt-hm\/#primaryimage\"},\"thumbnailUrl\":\"https:\/\/sp-dz.com\/wp-content\/uploads\/2024\/11\/t-shirt-noir-f-av-scaled.jpg\",\"datePublished\":\"2024-11-27T09:20:06+00:00\",\"dateModified\":\"2024-12-01T08:32:57+00:00\",\"breadcrumb\":{\"@id\":\"https:\/\/sp-dz.com\/produit\/t-shirt-hm\/#breadcrumb\"},\"inLanguage\":\"ar\",\"potentialAction\":[{\"@type\":\"ReadAction\",\"target\":[\"https:\/\/sp-dz.com\/produit\/t-shirt-hm\/\"]}]},{\"@type\":\"ImageObject\",\"inLanguage\":\"ar\",\"@id\":\"https:\/\/sp-dz.com\/produit\/t-shirt-hm\/#primaryimage\",\"url\":\"https:\/\/sp-dz.com\/wp-content\/uploads\/2024\/11\/t-shirt-noir-f-av-scaled.jpg\",\"contentUrl\":\"https:\/\/sp-dz.com\/wp-content\/uploads\/2024\/11\/t-shirt-noir-f-av-scaled.jpg\",\"width\":2133,\"height\":2560},{\"@type\":\"BreadcrumbList\",\"@id\":\"https:\/\/sp-dz.com\/produit\/t-shirt-hm\/#breadcrumb\",\"itemListElement\":[{\"@type\":\"ListItem\",\"position\":1,\"name\":\"Accueil\",\"item\":\"https:\/\/sp-dz.com\/fr\/\"},{\"@type\":\"ListItem\",\"position\":2,\"name\":\"Boutique\",\"item\":\"https:\/\/sp-dz.com\/fr\/boutique\/\"},{\"@type\":\"ListItem\",\"position\":3,\"name\":\"T-shirt H&#038;M\"}]},{\"@type\":\"WebSite\",\"@id\":\"https:\/\/sp-dz.com\/fr\/#website\",\"url\":\"https:\/\/sp-dz.com\/fr\/\",\"name\":\"S\u00e9lection Priv\u00e9e\",\"description\":\"Only for Members\",\"potentialAction\":[{\"@type\":\"SearchAction\",\"target\":{\"@type\":\"EntryPoint\",\"urlTemplate\":\"https:\/\/sp-dz.com\/fr\/?s={search_term_string}\"},\"query-input\":{\"@type\":\"PropertyValueSpecification\",\"valueRequired\":true,\"valueName\":\"search_term_string\"}}],\"inLanguage\":\"ar\"}]}<\/script>\n<!-- \/ Yoast SEO plugin. -->","yoast_head_json":{"title":"T-shirt H&M - S\u00e9lection Priv\u00e9e","robots":{"index":"index","follow":"follow","max-snippet":"max-snippet:-1","max-image-preview":"max-image-preview:large","max-video-preview":"max-video-preview:-1"},"canonical":"https:\/\/sp-dz.com\/ar\/product\/t-shirt-hm\/","og_locale":"ar_AR","og_type":"article","og_title":"T-shirt H&M - S\u00e9lection Priv\u00e9e","og_description":"T-shirt noir basique, ajust\u00e9 \u00e0 la coupe pr\u00e8s du corps, avec un col rond classique. Sa couleur sobre et son design \u00e9pur\u00e9 en font une pi\u00e8ce incontournable et polyvalente, facile \u00e0 associer avec tous types de tenues, du plus casual au plus sophistiqu\u00e9. Confortable et intemporel, il se distingue par sa simplicit\u00e9, offrant un style \u00e0 la fois minimaliste et moderne.","og_url":"https:\/\/sp-dz.com\/ar\/product\/t-shirt-hm\/","og_site_name":"S\u00e9lection Priv\u00e9e","article_modified_time":"2024-12-01T08:32:57+00:00","og_image":[{"width":2133,"height":2560,"url":"https:\/\/sp-dz.com\/wp-content\/uploads\/2024\/11\/t-shirt-noir-f-av-scaled.jpg","type":"image\/jpeg"}],"twitter_card":"summary_large_image","twitter_misc":{"\u0648\u0642\u062a \u0627\u0644\u0642\u0631\u0627\u0621\u0629 \u0627\u0644\u0645\u064f\u0642\u062f\u0651\u0631":"\u062f\u0642\u064a\u0642\u0629 \u0648\u0627\u062d\u062f\u0629"},"schema":{"@context":"https:\/\/schema.org","@graph":[{"@type":"WebPage","@id":"https:\/\/sp-dz.com\/produit\/t-shirt-hm\/","url":"https:\/\/sp-dz.com\/produit\/t-shirt-hm\/","name":"T-shirt H&M - S\u00e9lection Priv\u00e9e","isPartOf":{"@id":"https:\/\/sp-dz.com\/fr\/#website"},"primaryImageOfPage":{"@id":"https:\/\/sp-dz.com\/produit\/t-shirt-hm\/#primaryimage"},"image":{"@id":"https:\/\/sp-dz.com\/produit\/t-shirt-hm\/#primaryimage"},"thumbnailUrl":"https:\/\/sp-dz.com\/wp-content\/uploads\/2024\/11\/t-shirt-noir-f-av-scaled.jpg","datePublished":"2024-11-27T09:20:06+00:00","dateModified":"2024-12-01T08:32:57+00:00","breadcrumb":{"@id":"https:\/\/sp-dz.com\/produit\/t-shirt-hm\/#breadcrumb"},"inLanguage":"ar","potentialAction":[{"@type":"ReadAction","target":["https:\/\/sp-dz.com\/produit\/t-shirt-hm\/"]}]},{"@type":"ImageObject","inLanguage":"ar","@id":"https:\/\/sp-dz.com\/produit\/t-shirt-hm\/#primaryimage","url":"https:\/\/sp-dz.com\/wp-content\/uploads\/2024\/11\/t-shirt-noir-f-av-scaled.jpg","contentUrl":"https:\/\/sp-dz.com\/wp-content\/uploads\/2024\/11\/t-shirt-noir-f-av-scaled.jpg","width":2133,"height":2560},{"@type":"BreadcrumbList","@id":"https:\/\/sp-dz.com\/produit\/t-shirt-hm\/#breadcrumb","itemListElement":[{"@type":"ListItem","position":1,"name":"Accueil","item":"https:\/\/sp-dz.com\/fr\/"},{"@type":"ListItem","position":2,"name":"Boutique","item":"https:\/\/sp-dz.com\/fr\/boutique\/"},{"@type":"ListItem","position":3,"name":"T-shirt H&#038;M"}]},{"@type":"WebSite","@id":"https:\/\/sp-dz.com\/fr\/#website","url":"https:\/\/sp-dz.com\/fr\/","name":"S\u00e9lection Priv\u00e9e","description":"Only for Members","potentialAction":[{"@type":"SearchAction","target":{"@type":"EntryPoint","urlTemplate":"https:\/\/sp-dz.com\/fr\/?s={search_term_string}"},"query-input":{"@type":"PropertyValueSpecification","valueRequired":true,"valueName":"search_term_string"}}],"inLanguage":"ar"}]}},"_links":{"self":[{"href":"https:\/\/sp-dz.com\/ar\/wp-json\/wp\/v2\/product\/14384","targetHints":{"allow":["GET"]}}],"collection":[{"href":"https:\/\/sp-dz.com\/ar\/wp-json\/wp\/v2\/product"}],"about":[{"href":"https:\/\/sp-dz.com\/ar\/wp-json\/wp\/v2\/types\/product"}],"version-history":[{"count":2,"href":"https:\/\/sp-dz.com\/ar\/wp-json\/wp\/v2\/product\/14384\/revisions"}],"predecessor-version":[{"id":14392,"href":"https:\/\/sp-dz.com\/ar\/wp-json\/wp\/v2\/product\/14384\/revisions\/14392"}],"wp:featuredmedia":[{"embeddable":true,"href":"https:\/\/sp-dz.com\/ar\/wp-json\/wp\/v2\/media\/14385"}],"wp:attachment":[{"href":"https:\/\/sp-dz.com\/ar\/wp-json\/wp\/v2\/media?parent=14384"}],"wp:term":[{"taxonomy":"product_brand","embeddable":true,"href":"https:\/\/sp-dz.com\/ar\/wp-json\/wp\/v2\/product_brand?post=14384"},{"taxonomy":"product_cat","embeddable":true,"href":"https:\/\/sp-dz.com\/ar\/wp-json\/wp\/v2\/product_cat?post=14384"},{"taxonomy":"product_tag","embeddable":true,"href":"https:\/\/sp-dz.com\/ar\/wp-json\/wp\/v2\/product_tag?post=14384"}],"curies":[{"name":"wp","href":"https:\/\/api.w.org\/{rel}","templated":true}]}}