{"id":14362,"date":"2024-11-27T08:59:04","date_gmt":"2024-11-27T07:59:04","guid":{"rendered":"https:\/\/sp.com.dz\/?post_type=product&#038;p=14362"},"modified":"2024-12-04T14:56:36","modified_gmt":"2024-12-04T13:56:36","slug":"haut-croise-new-look","status":"publish","type":"product","link":"https:\/\/sp-dz.com\/ar\/product\/haut-croise-new-look\/","title":{"rendered":"Haut crois\u00e9 New Look"},"content":{"rendered":"<h3 class=\"text-s product-popup-subtitle\">Caract\u00e9ristiques de base<\/h3>\n<p>Haut rose poudr\u00e9 \u00e9l\u00e9gant, avec un d\u00e9collet\u00e9 crois\u00e9 fa\u00e7on cache-c\u0153ur qui cr\u00e9e un effet drap\u00e9 d\u00e9licat sur le buste. Les demi-manches ajoutent une touche de raffinement tout en offrant une silhouette subtilement structur\u00e9e. Ce mod\u00e8le combine f\u00e9minit\u00e9 et sophistication, id\u00e9al pour une tenue chic et glamour.<\/p>\n<h3 class=\"text-s product-popup-subtitle\">Composition<\/h3>\n<p>91% Polyester<\/p>\n<p>9% Elastahnne<\/p>\n<h3 class=\"text-s product-popup-subtitle\">Code produit<\/h3>\n<p>35463873<\/p>\n<h3 class=\"text-s product-popup-subtitle\">Entretien<\/h3>\n<p>Lavage en machine \u00e0 une temp\u00e9rature maximale de 30\u00b0C.<\/p>","protected":false},"excerpt":{"rendered":"<p>Haut rose poudr\u00e9 \u00e9l\u00e9gant, avec un d\u00e9collet\u00e9 crois\u00e9 fa\u00e7on cache-c\u0153ur qui cr\u00e9e un effet drap\u00e9 d\u00e9licat sur le buste. Les demi-manches ajoutent une touche de raffinement tout en offrant une silhouette subtilement structur\u00e9e. Ce mod\u00e8le combine f\u00e9minit\u00e9 et sophistication, id\u00e9al pour une tenue chic et glamour.<\/p>","protected":false},"featured_media":14365,"template":"","meta":[],"product_brand":[],"product_cat":[77,78,30],"product_tag":[],"class_list":{"0":"post-14362","1":"product","2":"type-product","3":"status-publish","4":"has-post-thumbnail","6":"product_cat-chemisier-blouse","7":"product_cat-t-shirt-top","8":"product_cat-femme","10":"first","11":"instock","12":"shipping-taxable","13":"purchasable","14":"product-type-variable","15":"has-default-attributes"},"yoast_head":"<!-- This site is optimized with the Yoast SEO plugin v26.9 - https:\/\/yoast.com\/product\/yoast-seo-wordpress\/ -->\n<title>Haut crois\u00e9 New Look - S\u00e9lection Priv\u00e9e<\/title>\n<meta name=\"robots\" content=\"index, follow, max-snippet:-1, max-image-preview:large, max-video-preview:-1\" \/>\n<link rel=\"canonical\" href=\"https:\/\/sp-dz.com\/ar\/product\/haut-croise-new-look\/\" \/>\n<meta property=\"og:locale\" content=\"ar_AR\" \/>\n<meta property=\"og:type\" content=\"article\" \/>\n<meta property=\"og:title\" content=\"Haut crois\u00e9 New Look - S\u00e9lection Priv\u00e9e\" \/>\n<meta property=\"og:description\" content=\"Haut rose poudr\u00e9 \u00e9l\u00e9gant, avec un d\u00e9collet\u00e9 crois\u00e9 fa\u00e7on cache-c\u0153ur qui cr\u00e9e un effet drap\u00e9 d\u00e9licat sur le buste. Les demi-manches ajoutent une touche de raffinement tout en offrant une silhouette subtilement structur\u00e9e. Ce mod\u00e8le combine f\u00e9minit\u00e9 et sophistication, id\u00e9al pour une tenue chic et glamour.\" \/>\n<meta property=\"og:url\" content=\"https:\/\/sp-dz.com\/ar\/product\/haut-croise-new-look\/\" \/>\n<meta property=\"og:site_name\" content=\"S\u00e9lection Priv\u00e9e\" \/>\n<meta property=\"article:modified_time\" content=\"2024-12-04T13:56:36+00:00\" \/>\n<meta property=\"og:image\" content=\"https:\/\/sp-dz.com\/wp-content\/uploads\/2024\/11\/robe-coeur-av-scaled.jpg\" \/>\n\t<meta property=\"og:image:width\" content=\"2133\" \/>\n\t<meta property=\"og:image:height\" content=\"2560\" \/>\n\t<meta property=\"og:image:type\" content=\"image\/jpeg\" \/>\n<meta name=\"twitter:card\" content=\"summary_large_image\" \/>\n<meta name=\"twitter:label1\" content=\"\u0648\u0642\u062a \u0627\u0644\u0642\u0631\u0627\u0621\u0629 \u0627\u0644\u0645\u064f\u0642\u062f\u0651\u0631\" \/>\n\t<meta name=\"twitter:data1\" content=\"\u062f\u0642\u064a\u0642\u0629 \u0648\u0627\u062d\u062f\u0629\" \/>\n<script type=\"application\/ld+json\" class=\"yoast-schema-graph\">{\"@context\":\"https:\/\/schema.org\",\"@graph\":[{\"@type\":\"WebPage\",\"@id\":\"https:\/\/sp-dz.com\/produit\/haut-croise-new-look\/\",\"url\":\"https:\/\/sp-dz.com\/produit\/haut-croise-new-look\/\",\"name\":\"Haut crois\u00e9 New Look - S\u00e9lection Priv\u00e9e\",\"isPartOf\":{\"@id\":\"https:\/\/sp-dz.com\/fr\/#website\"},\"primaryImageOfPage\":{\"@id\":\"https:\/\/sp-dz.com\/produit\/haut-croise-new-look\/#primaryimage\"},\"image\":{\"@id\":\"https:\/\/sp-dz.com\/produit\/haut-croise-new-look\/#primaryimage\"},\"thumbnailUrl\":\"https:\/\/sp-dz.com\/wp-content\/uploads\/2024\/11\/robe-coeur-av-scaled.jpg\",\"datePublished\":\"2024-11-27T07:59:04+00:00\",\"dateModified\":\"2024-12-04T13:56:36+00:00\",\"breadcrumb\":{\"@id\":\"https:\/\/sp-dz.com\/produit\/haut-croise-new-look\/#breadcrumb\"},\"inLanguage\":\"ar\",\"potentialAction\":[{\"@type\":\"ReadAction\",\"target\":[\"https:\/\/sp-dz.com\/produit\/haut-croise-new-look\/\"]}]},{\"@type\":\"ImageObject\",\"inLanguage\":\"ar\",\"@id\":\"https:\/\/sp-dz.com\/produit\/haut-croise-new-look\/#primaryimage\",\"url\":\"https:\/\/sp-dz.com\/wp-content\/uploads\/2024\/11\/robe-coeur-av-scaled.jpg\",\"contentUrl\":\"https:\/\/sp-dz.com\/wp-content\/uploads\/2024\/11\/robe-coeur-av-scaled.jpg\",\"width\":2133,\"height\":2560},{\"@type\":\"BreadcrumbList\",\"@id\":\"https:\/\/sp-dz.com\/produit\/haut-croise-new-look\/#breadcrumb\",\"itemListElement\":[{\"@type\":\"ListItem\",\"position\":1,\"name\":\"Accueil\",\"item\":\"https:\/\/sp-dz.com\/fr\/\"},{\"@type\":\"ListItem\",\"position\":2,\"name\":\"Boutique\",\"item\":\"https:\/\/sp-dz.com\/fr\/boutique\/\"},{\"@type\":\"ListItem\",\"position\":3,\"name\":\"Haut crois\u00e9 New Look\"}]},{\"@type\":\"WebSite\",\"@id\":\"https:\/\/sp-dz.com\/fr\/#website\",\"url\":\"https:\/\/sp-dz.com\/fr\/\",\"name\":\"S\u00e9lection Priv\u00e9e\",\"description\":\"Only for Members\",\"potentialAction\":[{\"@type\":\"SearchAction\",\"target\":{\"@type\":\"EntryPoint\",\"urlTemplate\":\"https:\/\/sp-dz.com\/fr\/?s={search_term_string}\"},\"query-input\":{\"@type\":\"PropertyValueSpecification\",\"valueRequired\":true,\"valueName\":\"search_term_string\"}}],\"inLanguage\":\"ar\"}]}<\/script>\n<!-- \/ Yoast SEO plugin. -->","yoast_head_json":{"title":"Haut crois\u00e9 New Look - S\u00e9lection Priv\u00e9e","robots":{"index":"index","follow":"follow","max-snippet":"max-snippet:-1","max-image-preview":"max-image-preview:large","max-video-preview":"max-video-preview:-1"},"canonical":"https:\/\/sp-dz.com\/ar\/product\/haut-croise-new-look\/","og_locale":"ar_AR","og_type":"article","og_title":"Haut crois\u00e9 New Look - S\u00e9lection Priv\u00e9e","og_description":"Haut rose poudr\u00e9 \u00e9l\u00e9gant, avec un d\u00e9collet\u00e9 crois\u00e9 fa\u00e7on cache-c\u0153ur qui cr\u00e9e un effet drap\u00e9 d\u00e9licat sur le buste. Les demi-manches ajoutent une touche de raffinement tout en offrant une silhouette subtilement structur\u00e9e. Ce mod\u00e8le combine f\u00e9minit\u00e9 et sophistication, id\u00e9al pour une tenue chic et glamour.","og_url":"https:\/\/sp-dz.com\/ar\/product\/haut-croise-new-look\/","og_site_name":"S\u00e9lection Priv\u00e9e","article_modified_time":"2024-12-04T13:56:36+00:00","og_image":[{"width":2133,"height":2560,"url":"https:\/\/sp-dz.com\/wp-content\/uploads\/2024\/11\/robe-coeur-av-scaled.jpg","type":"image\/jpeg"}],"twitter_card":"summary_large_image","twitter_misc":{"\u0648\u0642\u062a \u0627\u0644\u0642\u0631\u0627\u0621\u0629 \u0627\u0644\u0645\u064f\u0642\u062f\u0651\u0631":"\u062f\u0642\u064a\u0642\u0629 \u0648\u0627\u062d\u062f\u0629"},"schema":{"@context":"https:\/\/schema.org","@graph":[{"@type":"WebPage","@id":"https:\/\/sp-dz.com\/produit\/haut-croise-new-look\/","url":"https:\/\/sp-dz.com\/produit\/haut-croise-new-look\/","name":"Haut crois\u00e9 New Look - S\u00e9lection Priv\u00e9e","isPartOf":{"@id":"https:\/\/sp-dz.com\/fr\/#website"},"primaryImageOfPage":{"@id":"https:\/\/sp-dz.com\/produit\/haut-croise-new-look\/#primaryimage"},"image":{"@id":"https:\/\/sp-dz.com\/produit\/haut-croise-new-look\/#primaryimage"},"thumbnailUrl":"https:\/\/sp-dz.com\/wp-content\/uploads\/2024\/11\/robe-coeur-av-scaled.jpg","datePublished":"2024-11-27T07:59:04+00:00","dateModified":"2024-12-04T13:56:36+00:00","breadcrumb":{"@id":"https:\/\/sp-dz.com\/produit\/haut-croise-new-look\/#breadcrumb"},"inLanguage":"ar","potentialAction":[{"@type":"ReadAction","target":["https:\/\/sp-dz.com\/produit\/haut-croise-new-look\/"]}]},{"@type":"ImageObject","inLanguage":"ar","@id":"https:\/\/sp-dz.com\/produit\/haut-croise-new-look\/#primaryimage","url":"https:\/\/sp-dz.com\/wp-content\/uploads\/2024\/11\/robe-coeur-av-scaled.jpg","contentUrl":"https:\/\/sp-dz.com\/wp-content\/uploads\/2024\/11\/robe-coeur-av-scaled.jpg","width":2133,"height":2560},{"@type":"BreadcrumbList","@id":"https:\/\/sp-dz.com\/produit\/haut-croise-new-look\/#breadcrumb","itemListElement":[{"@type":"ListItem","position":1,"name":"Accueil","item":"https:\/\/sp-dz.com\/fr\/"},{"@type":"ListItem","position":2,"name":"Boutique","item":"https:\/\/sp-dz.com\/fr\/boutique\/"},{"@type":"ListItem","position":3,"name":"Haut crois\u00e9 New Look"}]},{"@type":"WebSite","@id":"https:\/\/sp-dz.com\/fr\/#website","url":"https:\/\/sp-dz.com\/fr\/","name":"S\u00e9lection Priv\u00e9e","description":"Only for Members","potentialAction":[{"@type":"SearchAction","target":{"@type":"EntryPoint","urlTemplate":"https:\/\/sp-dz.com\/fr\/?s={search_term_string}"},"query-input":{"@type":"PropertyValueSpecification","valueRequired":true,"valueName":"search_term_string"}}],"inLanguage":"ar"}]}},"_links":{"self":[{"href":"https:\/\/sp-dz.com\/ar\/wp-json\/wp\/v2\/product\/14362","targetHints":{"allow":["GET"]}}],"collection":[{"href":"https:\/\/sp-dz.com\/ar\/wp-json\/wp\/v2\/product"}],"about":[{"href":"https:\/\/sp-dz.com\/ar\/wp-json\/wp\/v2\/types\/product"}],"version-history":[{"count":2,"href":"https:\/\/sp-dz.com\/ar\/wp-json\/wp\/v2\/product\/14362\/revisions"}],"predecessor-version":[{"id":14529,"href":"https:\/\/sp-dz.com\/ar\/wp-json\/wp\/v2\/product\/14362\/revisions\/14529"}],"wp:featuredmedia":[{"embeddable":true,"href":"https:\/\/sp-dz.com\/ar\/wp-json\/wp\/v2\/media\/14365"}],"wp:attachment":[{"href":"https:\/\/sp-dz.com\/ar\/wp-json\/wp\/v2\/media?parent=14362"}],"wp:term":[{"taxonomy":"product_brand","embeddable":true,"href":"https:\/\/sp-dz.com\/ar\/wp-json\/wp\/v2\/product_brand?post=14362"},{"taxonomy":"product_cat","embeddable":true,"href":"https:\/\/sp-dz.com\/ar\/wp-json\/wp\/v2\/product_cat?post=14362"},{"taxonomy":"product_tag","embeddable":true,"href":"https:\/\/sp-dz.com\/ar\/wp-json\/wp\/v2\/product_tag?post=14362"}],"curies":[{"name":"wp","href":"https:\/\/api.w.org\/{rel}","templated":true}]}}