{"id":14326,"date":"2024-11-26T10:39:45","date_gmt":"2024-11-26T09:39:45","guid":{"rendered":"https:\/\/sp.com.dz\/?post_type=product&#038;p=14326"},"modified":"2024-11-27T08:42:15","modified_gmt":"2024-11-27T07:42:15","slug":"haut-noir-lame-dore-new-look","status":"publish","type":"product","link":"https:\/\/sp-dz.com\/ar\/product\/haut-noir-lame-dore-new-look\/","title":{"rendered":"Haut noir lam\u00e9 dor\u00e9 New Look"},"content":{"rendered":"<h3 class=\"text-s product-popup-subtitle\">Caract\u00e9ristiques de base<\/h3>\n<p>Haut \u00e9l\u00e9gant, en tissu noir lam\u00e9 dor\u00e9, capte la lumi\u00e8re et apporte une touche de sophistication \u00e0 chaque mouvement. Son col ras du cou simple et \u00e9pur\u00e9 contraste harmonieusement avec l&rsquo;effet lumineux du lam\u00e9, tandis que les manches longues offrent une couverture \u00e9l\u00e9gante. Les c\u00f4t\u00e9s de la taille sont subtilement drap\u00e9s, cr\u00e9ant une silhouette flatteuse et dynamique qui \u00e9pouse d\u00e9licatement les formes. Ce haut est id\u00e9al pour une soir\u00e9e chic ou une occasion sp\u00e9ciale, apportant un \u00e9quilibre parfait entre style moderne et raffinement. Facile \u00e0 associer avec un pantalon ou une jupe \u00e9l\u00e9gante, il devient un incontournable pour un look \u00e0 la fois tendance et glamour.<\/p>\n<h3 class=\"text-s product-popup-subtitle\">Composition<\/h3>\n<p>100% Polyester<\/p>\n<h3 class=\"text-s product-popup-subtitle\">Code produit<\/h3>\n<p>43254612<\/p>\n<h3 class=\"text-s product-popup-subtitle\">Entretien<\/h3>\n<p>Lavage en machine \u00e0 une temp\u00e9rature maximale de 30\u00b0C.<\/p>","protected":false},"excerpt":{"rendered":"<p>Haut \u00e9l\u00e9gant, en tissu noir lam\u00e9 dor\u00e9, capte la lumi\u00e8re et apporte une touche de sophistication \u00e0 chaque mouvement. Son col ras du cou simple et \u00e9pur\u00e9 contraste harmonieusement avec l&rsquo;effet lumineux du lam\u00e9, tandis que les manches longues offrent une couverture \u00e9l\u00e9gante. Les c\u00f4t\u00e9s de la taille sont subtilement drap\u00e9s, cr\u00e9ant une silhouette flatteuse et dynamique qui \u00e9pouse d\u00e9licatement les formes. Ce haut est id\u00e9al pour une soir\u00e9e chic ou une occasion sp\u00e9ciale, apportant un \u00e9quilibre parfait entre style moderne et raffinement. Facile \u00e0 associer avec un pantalon ou une jupe \u00e9l\u00e9gante, il devient un incontournable pour un look \u00e0 la fois tendance et glamour.<\/p>","protected":false},"featured_media":14354,"template":"","meta":[],"product_brand":[],"product_cat":[77,30],"product_tag":[],"class_list":{"0":"post-14326","1":"product","2":"type-product","3":"status-publish","4":"has-post-thumbnail","6":"product_cat-chemisier-blouse","7":"product_cat-femme","9":"first","10":"instock","11":"shipping-taxable","12":"purchasable","13":"product-type-variable"},"yoast_head":"<!-- This site is optimized with the Yoast SEO plugin v26.9 - https:\/\/yoast.com\/product\/yoast-seo-wordpress\/ -->\n<title>Haut noir lam\u00e9 dor\u00e9 New Look - S\u00e9lection Priv\u00e9e<\/title>\n<meta name=\"robots\" content=\"index, follow, max-snippet:-1, max-image-preview:large, max-video-preview:-1\" \/>\n<link rel=\"canonical\" href=\"https:\/\/sp-dz.com\/ar\/product\/haut-noir-lame-dore-new-look\/\" \/>\n<meta property=\"og:locale\" content=\"ar_AR\" \/>\n<meta property=\"og:type\" content=\"article\" \/>\n<meta property=\"og:title\" content=\"Haut noir lam\u00e9 dor\u00e9 New Look - S\u00e9lection Priv\u00e9e\" \/>\n<meta property=\"og:description\" content=\"Haut \u00e9l\u00e9gant, en tissu noir lam\u00e9 dor\u00e9, capte la lumi\u00e8re et apporte une touche de sophistication \u00e0 chaque mouvement. Son col ras du cou simple et \u00e9pur\u00e9 contraste harmonieusement avec l&#039;effet lumineux du lam\u00e9, tandis que les manches longues offrent une couverture \u00e9l\u00e9gante. Les c\u00f4t\u00e9s de la taille sont subtilement drap\u00e9s, cr\u00e9ant une silhouette flatteuse et dynamique qui \u00e9pouse d\u00e9licatement les formes. Ce haut est id\u00e9al pour une soir\u00e9e chic ou une occasion sp\u00e9ciale, apportant un \u00e9quilibre parfait entre style moderne et raffinement. Facile \u00e0 associer avec un pantalon ou une jupe \u00e9l\u00e9gante, il devient un incontournable pour un look \u00e0 la fois tendance et glamour.\" \/>\n<meta property=\"og:url\" content=\"https:\/\/sp-dz.com\/ar\/product\/haut-noir-lame-dore-new-look\/\" \/>\n<meta property=\"og:site_name\" content=\"S\u00e9lection Priv\u00e9e\" \/>\n<meta property=\"article:modified_time\" content=\"2024-11-27T07:42:15+00:00\" \/>\n<meta property=\"og:image\" content=\"https:\/\/sp-dz.com\/wp-content\/uploads\/2024\/11\/haut-paillettes-av-1-scaled.jpg\" \/>\n\t<meta property=\"og:image:width\" content=\"2133\" \/>\n\t<meta property=\"og:image:height\" content=\"2560\" \/>\n\t<meta property=\"og:image:type\" content=\"image\/jpeg\" \/>\n<meta name=\"twitter:card\" content=\"summary_large_image\" \/>\n<meta name=\"twitter:label1\" content=\"\u0648\u0642\u062a \u0627\u0644\u0642\u0631\u0627\u0621\u0629 \u0627\u0644\u0645\u064f\u0642\u062f\u0651\u0631\" \/>\n\t<meta name=\"twitter:data1\" content=\"\u062f\u0642\u064a\u0642\u0629 \u0648\u0627\u062d\u062f\u0629\" \/>\n<script type=\"application\/ld+json\" class=\"yoast-schema-graph\">{\"@context\":\"https:\/\/schema.org\",\"@graph\":[{\"@type\":\"WebPage\",\"@id\":\"https:\/\/sp-dz.com\/produit\/haut-noir-lame-dore-new-look\/\",\"url\":\"https:\/\/sp-dz.com\/produit\/haut-noir-lame-dore-new-look\/\",\"name\":\"Haut noir lam\u00e9 dor\u00e9 New Look - S\u00e9lection Priv\u00e9e\",\"isPartOf\":{\"@id\":\"https:\/\/sp-dz.com\/fr\/#website\"},\"primaryImageOfPage\":{\"@id\":\"https:\/\/sp-dz.com\/produit\/haut-noir-lame-dore-new-look\/#primaryimage\"},\"image\":{\"@id\":\"https:\/\/sp-dz.com\/produit\/haut-noir-lame-dore-new-look\/#primaryimage\"},\"thumbnailUrl\":\"https:\/\/sp-dz.com\/wp-content\/uploads\/2024\/11\/haut-paillettes-av-1-scaled.jpg\",\"datePublished\":\"2024-11-26T09:39:45+00:00\",\"dateModified\":\"2024-11-27T07:42:15+00:00\",\"breadcrumb\":{\"@id\":\"https:\/\/sp-dz.com\/produit\/haut-noir-lame-dore-new-look\/#breadcrumb\"},\"inLanguage\":\"ar\",\"potentialAction\":[{\"@type\":\"ReadAction\",\"target\":[\"https:\/\/sp-dz.com\/produit\/haut-noir-lame-dore-new-look\/\"]}]},{\"@type\":\"ImageObject\",\"inLanguage\":\"ar\",\"@id\":\"https:\/\/sp-dz.com\/produit\/haut-noir-lame-dore-new-look\/#primaryimage\",\"url\":\"https:\/\/sp-dz.com\/wp-content\/uploads\/2024\/11\/haut-paillettes-av-1-scaled.jpg\",\"contentUrl\":\"https:\/\/sp-dz.com\/wp-content\/uploads\/2024\/11\/haut-paillettes-av-1-scaled.jpg\",\"width\":2133,\"height\":2560},{\"@type\":\"BreadcrumbList\",\"@id\":\"https:\/\/sp-dz.com\/produit\/haut-noir-lame-dore-new-look\/#breadcrumb\",\"itemListElement\":[{\"@type\":\"ListItem\",\"position\":1,\"name\":\"Accueil\",\"item\":\"https:\/\/sp-dz.com\/fr\/\"},{\"@type\":\"ListItem\",\"position\":2,\"name\":\"Boutique\",\"item\":\"https:\/\/sp-dz.com\/fr\/boutique\/\"},{\"@type\":\"ListItem\",\"position\":3,\"name\":\"Haut noir lam\u00e9 dor\u00e9 New Look\"}]},{\"@type\":\"WebSite\",\"@id\":\"https:\/\/sp-dz.com\/fr\/#website\",\"url\":\"https:\/\/sp-dz.com\/fr\/\",\"name\":\"S\u00e9lection Priv\u00e9e\",\"description\":\"Only for Members\",\"potentialAction\":[{\"@type\":\"SearchAction\",\"target\":{\"@type\":\"EntryPoint\",\"urlTemplate\":\"https:\/\/sp-dz.com\/fr\/?s={search_term_string}\"},\"query-input\":{\"@type\":\"PropertyValueSpecification\",\"valueRequired\":true,\"valueName\":\"search_term_string\"}}],\"inLanguage\":\"ar\"}]}<\/script>\n<!-- \/ Yoast SEO plugin. -->","yoast_head_json":{"title":"Haut noir lam\u00e9 dor\u00e9 New Look - S\u00e9lection Priv\u00e9e","robots":{"index":"index","follow":"follow","max-snippet":"max-snippet:-1","max-image-preview":"max-image-preview:large","max-video-preview":"max-video-preview:-1"},"canonical":"https:\/\/sp-dz.com\/ar\/product\/haut-noir-lame-dore-new-look\/","og_locale":"ar_AR","og_type":"article","og_title":"Haut noir lam\u00e9 dor\u00e9 New Look - S\u00e9lection Priv\u00e9e","og_description":"Haut \u00e9l\u00e9gant, en tissu noir lam\u00e9 dor\u00e9, capte la lumi\u00e8re et apporte une touche de sophistication \u00e0 chaque mouvement. Son col ras du cou simple et \u00e9pur\u00e9 contraste harmonieusement avec l'effet lumineux du lam\u00e9, tandis que les manches longues offrent une couverture \u00e9l\u00e9gante. Les c\u00f4t\u00e9s de la taille sont subtilement drap\u00e9s, cr\u00e9ant une silhouette flatteuse et dynamique qui \u00e9pouse d\u00e9licatement les formes. Ce haut est id\u00e9al pour une soir\u00e9e chic ou une occasion sp\u00e9ciale, apportant un \u00e9quilibre parfait entre style moderne et raffinement. Facile \u00e0 associer avec un pantalon ou une jupe \u00e9l\u00e9gante, il devient un incontournable pour un look \u00e0 la fois tendance et glamour.","og_url":"https:\/\/sp-dz.com\/ar\/product\/haut-noir-lame-dore-new-look\/","og_site_name":"S\u00e9lection Priv\u00e9e","article_modified_time":"2024-11-27T07:42:15+00:00","og_image":[{"width":2133,"height":2560,"url":"https:\/\/sp-dz.com\/wp-content\/uploads\/2024\/11\/haut-paillettes-av-1-scaled.jpg","type":"image\/jpeg"}],"twitter_card":"summary_large_image","twitter_misc":{"\u0648\u0642\u062a \u0627\u0644\u0642\u0631\u0627\u0621\u0629 \u0627\u0644\u0645\u064f\u0642\u062f\u0651\u0631":"\u062f\u0642\u064a\u0642\u0629 \u0648\u0627\u062d\u062f\u0629"},"schema":{"@context":"https:\/\/schema.org","@graph":[{"@type":"WebPage","@id":"https:\/\/sp-dz.com\/produit\/haut-noir-lame-dore-new-look\/","url":"https:\/\/sp-dz.com\/produit\/haut-noir-lame-dore-new-look\/","name":"Haut noir lam\u00e9 dor\u00e9 New Look - S\u00e9lection Priv\u00e9e","isPartOf":{"@id":"https:\/\/sp-dz.com\/fr\/#website"},"primaryImageOfPage":{"@id":"https:\/\/sp-dz.com\/produit\/haut-noir-lame-dore-new-look\/#primaryimage"},"image":{"@id":"https:\/\/sp-dz.com\/produit\/haut-noir-lame-dore-new-look\/#primaryimage"},"thumbnailUrl":"https:\/\/sp-dz.com\/wp-content\/uploads\/2024\/11\/haut-paillettes-av-1-scaled.jpg","datePublished":"2024-11-26T09:39:45+00:00","dateModified":"2024-11-27T07:42:15+00:00","breadcrumb":{"@id":"https:\/\/sp-dz.com\/produit\/haut-noir-lame-dore-new-look\/#breadcrumb"},"inLanguage":"ar","potentialAction":[{"@type":"ReadAction","target":["https:\/\/sp-dz.com\/produit\/haut-noir-lame-dore-new-look\/"]}]},{"@type":"ImageObject","inLanguage":"ar","@id":"https:\/\/sp-dz.com\/produit\/haut-noir-lame-dore-new-look\/#primaryimage","url":"https:\/\/sp-dz.com\/wp-content\/uploads\/2024\/11\/haut-paillettes-av-1-scaled.jpg","contentUrl":"https:\/\/sp-dz.com\/wp-content\/uploads\/2024\/11\/haut-paillettes-av-1-scaled.jpg","width":2133,"height":2560},{"@type":"BreadcrumbList","@id":"https:\/\/sp-dz.com\/produit\/haut-noir-lame-dore-new-look\/#breadcrumb","itemListElement":[{"@type":"ListItem","position":1,"name":"Accueil","item":"https:\/\/sp-dz.com\/fr\/"},{"@type":"ListItem","position":2,"name":"Boutique","item":"https:\/\/sp-dz.com\/fr\/boutique\/"},{"@type":"ListItem","position":3,"name":"Haut noir lam\u00e9 dor\u00e9 New Look"}]},{"@type":"WebSite","@id":"https:\/\/sp-dz.com\/fr\/#website","url":"https:\/\/sp-dz.com\/fr\/","name":"S\u00e9lection Priv\u00e9e","description":"Only for Members","potentialAction":[{"@type":"SearchAction","target":{"@type":"EntryPoint","urlTemplate":"https:\/\/sp-dz.com\/fr\/?s={search_term_string}"},"query-input":{"@type":"PropertyValueSpecification","valueRequired":true,"valueName":"search_term_string"}}],"inLanguage":"ar"}]}},"_links":{"self":[{"href":"https:\/\/sp-dz.com\/ar\/wp-json\/wp\/v2\/product\/14326","targetHints":{"allow":["GET"]}}],"collection":[{"href":"https:\/\/sp-dz.com\/ar\/wp-json\/wp\/v2\/product"}],"about":[{"href":"https:\/\/sp-dz.com\/ar\/wp-json\/wp\/v2\/types\/product"}],"version-history":[{"count":2,"href":"https:\/\/sp-dz.com\/ar\/wp-json\/wp\/v2\/product\/14326\/revisions"}],"predecessor-version":[{"id":14351,"href":"https:\/\/sp-dz.com\/ar\/wp-json\/wp\/v2\/product\/14326\/revisions\/14351"}],"wp:featuredmedia":[{"embeddable":true,"href":"https:\/\/sp-dz.com\/ar\/wp-json\/wp\/v2\/media\/14354"}],"wp:attachment":[{"href":"https:\/\/sp-dz.com\/ar\/wp-json\/wp\/v2\/media?parent=14326"}],"wp:term":[{"taxonomy":"product_brand","embeddable":true,"href":"https:\/\/sp-dz.com\/ar\/wp-json\/wp\/v2\/product_brand?post=14326"},{"taxonomy":"product_cat","embeddable":true,"href":"https:\/\/sp-dz.com\/ar\/wp-json\/wp\/v2\/product_cat?post=14326"},{"taxonomy":"product_tag","embeddable":true,"href":"https:\/\/sp-dz.com\/ar\/wp-json\/wp\/v2\/product_tag?post=14326"}],"curies":[{"name":"wp","href":"https:\/\/api.w.org\/{rel}","templated":true}]}}