{"id":14235,"date":"2024-11-25T13:39:12","date_gmt":"2024-11-25T12:39:12","guid":{"rendered":"https:\/\/sp.com.dz\/?post_type=product&#038;p=14235"},"modified":"2024-11-26T09:58:31","modified_gmt":"2024-11-26T08:58:31","slug":"doudoune-fille-primigi-2","status":"publish","type":"product","link":"https:\/\/sp-dz.com\/ar\/product\/doudoune-fille-primigi-2\/","title":{"rendered":"Doudoune fille Primigi"},"content":{"rendered":"<h3 class=\"text-s product-popup-subtitle\">Caract\u00e9ristiques de base<\/h3>\n<p>Doudoune l\u00e9g\u00e8re, sp\u00e9cialement con\u00e7ue pour les enfants, allie confort et praticit\u00e9. Son matelassage bien pens\u00e9 offre une excellente isolation contre le froid tout en restant suffisamment l\u00e9g\u00e8re pour garantir une grande libert\u00e9 de mouvement. La capuche int\u00e9gr\u00e9e prot\u00e8ge la t\u00eate des intemp\u00e9ries, tandis que la fermeture \u00e0 glissi\u00e8re permet un enfilage facile et rapide. Les poignets \u00e9lastiqu\u00e9s assurent un ajustement parfait, emp\u00eachant le vent de p\u00e9n\u00e9trer et offrant un maintien optimal. Id\u00e9ale pour les journ\u00e9es fra\u00eeches, cette doudoune est un choix parfait pour allier chaleur, style et confort pendant les sorties hivernales.<\/p>\n<h3 class=\"text-s product-popup-subtitle\">Composition<\/h3>\n<p>100% Nylon<br \/>\nDoublure avec isolation<br \/>\nRembourrage 100% polyester<br \/>\nDoublure 100% polyester<\/p>\n<h3 class=\"text-s product-popup-subtitle\">Code produit<\/h3>\n<p>86167331<\/p>\n<h3 class=\"text-s product-popup-subtitle\">Entretien<\/h3>\n<p>Lavage en machine \u00e0 une temp\u00e9rature maximale de 30\u00b0C ou lavage \u00e0 main.<\/p>","protected":false},"excerpt":{"rendered":"<p>Doudoune l\u00e9g\u00e8re, sp\u00e9cialement con\u00e7ue pour les enfants, allie confort et praticit\u00e9. Son matelassage bien pens\u00e9 offre une excellente isolation contre le froid tout en restant suffisamment l\u00e9g\u00e8re pour garantir une grande libert\u00e9 de mouvement. La capuche int\u00e9gr\u00e9e prot\u00e8ge la t\u00eate des intemp\u00e9ries, tandis que la fermeture \u00e0 glissi\u00e8re permet un enfilage facile et rapide. Les poignets \u00e9lastiqu\u00e9s assurent un ajustement parfait, emp\u00eachant le vent de p\u00e9n\u00e9trer et offrant un maintien optimal. Id\u00e9ale pour les journ\u00e9es fra\u00eeches, cette doudoune est un choix parfait pour allier chaleur, style et confort pendant les sorties hivernales.<\/p>","protected":false},"featured_media":14238,"template":"","meta":[],"product_brand":[],"product_cat":[105,31],"product_tag":[],"class_list":{"0":"post-14235","1":"product","2":"type-product","3":"status-publish","4":"has-post-thumbnail","6":"product_cat-fille","7":"product_cat-enfant","9":"first","10":"instock","11":"shipping-taxable","12":"purchasable","13":"product-type-variable","14":"has-default-attributes"},"yoast_head":"<!-- This site is optimized with the Yoast SEO plugin v26.9 - https:\/\/yoast.com\/product\/yoast-seo-wordpress\/ -->\n<title>Doudoune fille Primigi - S\u00e9lection Priv\u00e9e<\/title>\n<meta name=\"robots\" content=\"index, follow, max-snippet:-1, max-image-preview:large, max-video-preview:-1\" \/>\n<link rel=\"canonical\" href=\"https:\/\/sp-dz.com\/ar\/product\/doudoune-fille-primigi-2\/\" \/>\n<meta property=\"og:locale\" content=\"ar_AR\" \/>\n<meta property=\"og:type\" content=\"article\" \/>\n<meta property=\"og:title\" content=\"Doudoune fille Primigi - S\u00e9lection Priv\u00e9e\" \/>\n<meta property=\"og:description\" content=\"Doudoune l\u00e9g\u00e8re, sp\u00e9cialement con\u00e7ue pour les enfants, allie confort et praticit\u00e9. Son matelassage bien pens\u00e9 offre une excellente isolation contre le froid tout en restant suffisamment l\u00e9g\u00e8re pour garantir une grande libert\u00e9 de mouvement. La capuche int\u00e9gr\u00e9e prot\u00e8ge la t\u00eate des intemp\u00e9ries, tandis que la fermeture \u00e0 glissi\u00e8re permet un enfilage facile et rapide. Les poignets \u00e9lastiqu\u00e9s assurent un ajustement parfait, emp\u00eachant le vent de p\u00e9n\u00e9trer et offrant un maintien optimal. Id\u00e9ale pour les journ\u00e9es fra\u00eeches, cette doudoune est un choix parfait pour allier chaleur, style et confort pendant les sorties hivernales.\" \/>\n<meta property=\"og:url\" content=\"https:\/\/sp-dz.com\/ar\/product\/doudoune-fille-primigi-2\/\" \/>\n<meta property=\"og:site_name\" content=\"S\u00e9lection Priv\u00e9e\" \/>\n<meta property=\"article:modified_time\" content=\"2024-11-26T08:58:31+00:00\" \/>\n<meta property=\"og:image\" content=\"https:\/\/sp-dz.com\/wp-content\/uploads\/2024\/11\/doudoune-noir-1.jpg\" \/>\n\t<meta property=\"og:image:width\" content=\"1000\" \/>\n\t<meta property=\"og:image:height\" content=\"1142\" \/>\n\t<meta property=\"og:image:type\" content=\"image\/jpeg\" \/>\n<meta name=\"twitter:card\" content=\"summary_large_image\" \/>\n<meta name=\"twitter:label1\" content=\"\u0648\u0642\u062a \u0627\u0644\u0642\u0631\u0627\u0621\u0629 \u0627\u0644\u0645\u064f\u0642\u062f\u0651\u0631\" \/>\n\t<meta name=\"twitter:data1\" content=\"\u062f\u0642\u064a\u0642\u0629 \u0648\u0627\u062d\u062f\u0629\" \/>\n<script type=\"application\/ld+json\" class=\"yoast-schema-graph\">{\"@context\":\"https:\/\/schema.org\",\"@graph\":[{\"@type\":\"WebPage\",\"@id\":\"https:\/\/sp-dz.com\/produit\/doudoune-fille-primigi-2\/\",\"url\":\"https:\/\/sp-dz.com\/produit\/doudoune-fille-primigi-2\/\",\"name\":\"Doudoune fille Primigi - S\u00e9lection Priv\u00e9e\",\"isPartOf\":{\"@id\":\"https:\/\/sp-dz.com\/fr\/#website\"},\"primaryImageOfPage\":{\"@id\":\"https:\/\/sp-dz.com\/produit\/doudoune-fille-primigi-2\/#primaryimage\"},\"image\":{\"@id\":\"https:\/\/sp-dz.com\/produit\/doudoune-fille-primigi-2\/#primaryimage\"},\"thumbnailUrl\":\"https:\/\/sp-dz.com\/wp-content\/uploads\/2024\/11\/doudoune-noir-1.jpg\",\"datePublished\":\"2024-11-25T12:39:12+00:00\",\"dateModified\":\"2024-11-26T08:58:31+00:00\",\"breadcrumb\":{\"@id\":\"https:\/\/sp-dz.com\/produit\/doudoune-fille-primigi-2\/#breadcrumb\"},\"inLanguage\":\"ar\",\"potentialAction\":[{\"@type\":\"ReadAction\",\"target\":[\"https:\/\/sp-dz.com\/produit\/doudoune-fille-primigi-2\/\"]}]},{\"@type\":\"ImageObject\",\"inLanguage\":\"ar\",\"@id\":\"https:\/\/sp-dz.com\/produit\/doudoune-fille-primigi-2\/#primaryimage\",\"url\":\"https:\/\/sp-dz.com\/wp-content\/uploads\/2024\/11\/doudoune-noir-1.jpg\",\"contentUrl\":\"https:\/\/sp-dz.com\/wp-content\/uploads\/2024\/11\/doudoune-noir-1.jpg\",\"width\":1000,\"height\":1142},{\"@type\":\"BreadcrumbList\",\"@id\":\"https:\/\/sp-dz.com\/produit\/doudoune-fille-primigi-2\/#breadcrumb\",\"itemListElement\":[{\"@type\":\"ListItem\",\"position\":1,\"name\":\"Accueil\",\"item\":\"https:\/\/sp-dz.com\/fr\/\"},{\"@type\":\"ListItem\",\"position\":2,\"name\":\"Boutique\",\"item\":\"https:\/\/sp-dz.com\/fr\/boutique\/\"},{\"@type\":\"ListItem\",\"position\":3,\"name\":\"Doudoune fille Primigi\"}]},{\"@type\":\"WebSite\",\"@id\":\"https:\/\/sp-dz.com\/fr\/#website\",\"url\":\"https:\/\/sp-dz.com\/fr\/\",\"name\":\"S\u00e9lection Priv\u00e9e\",\"description\":\"Only for Members\",\"potentialAction\":[{\"@type\":\"SearchAction\",\"target\":{\"@type\":\"EntryPoint\",\"urlTemplate\":\"https:\/\/sp-dz.com\/fr\/?s={search_term_string}\"},\"query-input\":{\"@type\":\"PropertyValueSpecification\",\"valueRequired\":true,\"valueName\":\"search_term_string\"}}],\"inLanguage\":\"ar\"}]}<\/script>\n<!-- \/ Yoast SEO plugin. -->","yoast_head_json":{"title":"Doudoune fille Primigi - S\u00e9lection Priv\u00e9e","robots":{"index":"index","follow":"follow","max-snippet":"max-snippet:-1","max-image-preview":"max-image-preview:large","max-video-preview":"max-video-preview:-1"},"canonical":"https:\/\/sp-dz.com\/ar\/product\/doudoune-fille-primigi-2\/","og_locale":"ar_AR","og_type":"article","og_title":"Doudoune fille Primigi - S\u00e9lection Priv\u00e9e","og_description":"Doudoune l\u00e9g\u00e8re, sp\u00e9cialement con\u00e7ue pour les enfants, allie confort et praticit\u00e9. Son matelassage bien pens\u00e9 offre une excellente isolation contre le froid tout en restant suffisamment l\u00e9g\u00e8re pour garantir une grande libert\u00e9 de mouvement. La capuche int\u00e9gr\u00e9e prot\u00e8ge la t\u00eate des intemp\u00e9ries, tandis que la fermeture \u00e0 glissi\u00e8re permet un enfilage facile et rapide. Les poignets \u00e9lastiqu\u00e9s assurent un ajustement parfait, emp\u00eachant le vent de p\u00e9n\u00e9trer et offrant un maintien optimal. Id\u00e9ale pour les journ\u00e9es fra\u00eeches, cette doudoune est un choix parfait pour allier chaleur, style et confort pendant les sorties hivernales.","og_url":"https:\/\/sp-dz.com\/ar\/product\/doudoune-fille-primigi-2\/","og_site_name":"S\u00e9lection Priv\u00e9e","article_modified_time":"2024-11-26T08:58:31+00:00","og_image":[{"width":1000,"height":1142,"url":"https:\/\/sp-dz.com\/wp-content\/uploads\/2024\/11\/doudoune-noir-1.jpg","type":"image\/jpeg"}],"twitter_card":"summary_large_image","twitter_misc":{"\u0648\u0642\u062a \u0627\u0644\u0642\u0631\u0627\u0621\u0629 \u0627\u0644\u0645\u064f\u0642\u062f\u0651\u0631":"\u062f\u0642\u064a\u0642\u0629 \u0648\u0627\u062d\u062f\u0629"},"schema":{"@context":"https:\/\/schema.org","@graph":[{"@type":"WebPage","@id":"https:\/\/sp-dz.com\/produit\/doudoune-fille-primigi-2\/","url":"https:\/\/sp-dz.com\/produit\/doudoune-fille-primigi-2\/","name":"Doudoune fille Primigi - S\u00e9lection Priv\u00e9e","isPartOf":{"@id":"https:\/\/sp-dz.com\/fr\/#website"},"primaryImageOfPage":{"@id":"https:\/\/sp-dz.com\/produit\/doudoune-fille-primigi-2\/#primaryimage"},"image":{"@id":"https:\/\/sp-dz.com\/produit\/doudoune-fille-primigi-2\/#primaryimage"},"thumbnailUrl":"https:\/\/sp-dz.com\/wp-content\/uploads\/2024\/11\/doudoune-noir-1.jpg","datePublished":"2024-11-25T12:39:12+00:00","dateModified":"2024-11-26T08:58:31+00:00","breadcrumb":{"@id":"https:\/\/sp-dz.com\/produit\/doudoune-fille-primigi-2\/#breadcrumb"},"inLanguage":"ar","potentialAction":[{"@type":"ReadAction","target":["https:\/\/sp-dz.com\/produit\/doudoune-fille-primigi-2\/"]}]},{"@type":"ImageObject","inLanguage":"ar","@id":"https:\/\/sp-dz.com\/produit\/doudoune-fille-primigi-2\/#primaryimage","url":"https:\/\/sp-dz.com\/wp-content\/uploads\/2024\/11\/doudoune-noir-1.jpg","contentUrl":"https:\/\/sp-dz.com\/wp-content\/uploads\/2024\/11\/doudoune-noir-1.jpg","width":1000,"height":1142},{"@type":"BreadcrumbList","@id":"https:\/\/sp-dz.com\/produit\/doudoune-fille-primigi-2\/#breadcrumb","itemListElement":[{"@type":"ListItem","position":1,"name":"Accueil","item":"https:\/\/sp-dz.com\/fr\/"},{"@type":"ListItem","position":2,"name":"Boutique","item":"https:\/\/sp-dz.com\/fr\/boutique\/"},{"@type":"ListItem","position":3,"name":"Doudoune fille Primigi"}]},{"@type":"WebSite","@id":"https:\/\/sp-dz.com\/fr\/#website","url":"https:\/\/sp-dz.com\/fr\/","name":"S\u00e9lection Priv\u00e9e","description":"Only for Members","potentialAction":[{"@type":"SearchAction","target":{"@type":"EntryPoint","urlTemplate":"https:\/\/sp-dz.com\/fr\/?s={search_term_string}"},"query-input":{"@type":"PropertyValueSpecification","valueRequired":true,"valueName":"search_term_string"}}],"inLanguage":"ar"}]}},"_links":{"self":[{"href":"https:\/\/sp-dz.com\/ar\/wp-json\/wp\/v2\/product\/14235","targetHints":{"allow":["GET"]}}],"collection":[{"href":"https:\/\/sp-dz.com\/ar\/wp-json\/wp\/v2\/product"}],"about":[{"href":"https:\/\/sp-dz.com\/ar\/wp-json\/wp\/v2\/types\/product"}],"version-history":[{"count":3,"href":"https:\/\/sp-dz.com\/ar\/wp-json\/wp\/v2\/product\/14235\/revisions"}],"predecessor-version":[{"id":14300,"href":"https:\/\/sp-dz.com\/ar\/wp-json\/wp\/v2\/product\/14235\/revisions\/14300"}],"wp:featuredmedia":[{"embeddable":true,"href":"https:\/\/sp-dz.com\/ar\/wp-json\/wp\/v2\/media\/14238"}],"wp:attachment":[{"href":"https:\/\/sp-dz.com\/ar\/wp-json\/wp\/v2\/media?parent=14235"}],"wp:term":[{"taxonomy":"product_brand","embeddable":true,"href":"https:\/\/sp-dz.com\/ar\/wp-json\/wp\/v2\/product_brand?post=14235"},{"taxonomy":"product_cat","embeddable":true,"href":"https:\/\/sp-dz.com\/ar\/wp-json\/wp\/v2\/product_cat?post=14235"},{"taxonomy":"product_tag","embeddable":true,"href":"https:\/\/sp-dz.com\/ar\/wp-json\/wp\/v2\/product_tag?post=14235"}],"curies":[{"name":"wp","href":"https:\/\/api.w.org\/{rel}","templated":true}]}}