{"id":14203,"date":"2024-11-25T13:00:14","date_gmt":"2024-11-25T12:00:14","guid":{"rendered":"https:\/\/sp.com.dz\/?post_type=product&#038;p=14203"},"modified":"2024-11-26T10:02:34","modified_gmt":"2024-11-26T09:02:34","slug":"robe-dhiver-fillette-primigi","status":"publish","type":"product","link":"https:\/\/sp-dz.com\/ar\/product\/robe-dhiver-fillette-primigi\/","title":{"rendered":"Robe d&rsquo;hiver fillette Primigi"},"content":{"rendered":"<h3 class=\"text-s product-popup-subtitle\">Caract\u00e9ristiques de base<\/h3>\n<p>Robe d&rsquo;hiver \u00e9l\u00e9gante et confortable est parfaite pour garder les petites filles au chaud pendant la saison froide. Dot\u00e9e de manches longues, elle prot\u00e8ge efficacement contre le froid tout en offrant une coupe agr\u00e9able \u00e0 porter. Le col rond ajoute une touche de simplicit\u00e9 et de douceur. \u00c0 l&rsquo;avant, deux poches pratiques permettent de garder les mains bien au chaud ou de ranger de petits tr\u00e9sors. L&rsquo;\u00e9lastique \u00e0 la taille assure un ajustement flatteur et met en valeur la silhouette tout en offrant une grande libert\u00e9 de mouvement. Id\u00e9ale pour les journ\u00e9es fra\u00eeches, cette robe allie confort, praticit\u00e9 et style, parfaite pour les occasions quotidiennes ou un look plus habill\u00e9.<\/p>\n<h3 class=\"text-s product-popup-subtitle\">Composition<\/h3>\n<p>53% Coton<\/p>\n<p>45% Polyester<\/p>\n<p>2% Elasthanne<\/p>\n<h3 class=\"text-s product-popup-subtitle\">Code produit<\/h3>\n<p>58438717<\/p>\n<h3 class=\"text-s product-popup-subtitle\">Entretien<\/h3>\n<p>Lavage en machine \u00e0 une temp\u00e9rature maximale de 30\u00b0C ou lavage \u00e0 main.<\/p>","protected":false},"excerpt":{"rendered":"<p>Robe d&rsquo;hiver \u00e9l\u00e9gante et confortable est parfaite pour garder les petites filles au chaud pendant la saison froide. Dot\u00e9e de manches longues, elle prot\u00e8ge efficacement contre le froid tout en offrant une coupe agr\u00e9able \u00e0 porter. Le col rond ajoute une touche de simplicit\u00e9 et de douceur. \u00c0 l&rsquo;avant, deux poches pratiques permettent de garder les mains bien au chaud ou de ranger de petits tr\u00e9sors. L&rsquo;\u00e9lastique \u00e0 la taille assure un ajustement flatteur et met en valeur la silhouette tout en offrant une grande libert\u00e9 de mouvement. Id\u00e9ale pour les journ\u00e9es fra\u00eeches, cette robe allie confort, praticit\u00e9 et style, parfaite pour les occasions quotidiennes ou un look plus habill\u00e9.<\/p>","protected":false},"featured_media":14205,"template":"","meta":[],"product_brand":[],"product_cat":[105,31],"product_tag":[],"class_list":{"0":"post-14203","1":"product","2":"type-product","3":"status-publish","4":"has-post-thumbnail","6":"product_cat-fille","7":"product_cat-enfant","9":"first","10":"instock","11":"shipping-taxable","12":"purchasable","13":"product-type-simple"},"yoast_head":"<!-- This site is optimized with the Yoast SEO plugin v26.9 - https:\/\/yoast.com\/product\/yoast-seo-wordpress\/ -->\n<title>Robe d&#039;hiver fillette Primigi - S\u00e9lection Priv\u00e9e<\/title>\n<meta name=\"robots\" content=\"index, follow, max-snippet:-1, max-image-preview:large, max-video-preview:-1\" \/>\n<link rel=\"canonical\" href=\"https:\/\/sp-dz.com\/ar\/product\/robe-dhiver-fillette-primigi\/\" \/>\n<meta property=\"og:locale\" content=\"ar_AR\" \/>\n<meta property=\"og:type\" content=\"article\" \/>\n<meta property=\"og:title\" content=\"Robe d&#039;hiver fillette Primigi - S\u00e9lection Priv\u00e9e\" \/>\n<meta property=\"og:description\" content=\"Robe d&#039;hiver \u00e9l\u00e9gante et confortable est parfaite pour garder les petites filles au chaud pendant la saison froide. Dot\u00e9e de manches longues, elle prot\u00e8ge efficacement contre le froid tout en offrant une coupe agr\u00e9able \u00e0 porter. Le col rond ajoute une touche de simplicit\u00e9 et de douceur. \u00c0 l&#039;avant, deux poches pratiques permettent de garder les mains bien au chaud ou de ranger de petits tr\u00e9sors. L&#039;\u00e9lastique \u00e0 la taille assure un ajustement flatteur et met en valeur la silhouette tout en offrant une grande libert\u00e9 de mouvement. Id\u00e9ale pour les journ\u00e9es fra\u00eeches, cette robe allie confort, praticit\u00e9 et style, parfaite pour les occasions quotidiennes ou un look plus habill\u00e9.\" \/>\n<meta property=\"og:url\" content=\"https:\/\/sp-dz.com\/ar\/product\/robe-dhiver-fillette-primigi\/\" \/>\n<meta property=\"og:site_name\" content=\"S\u00e9lection Priv\u00e9e\" \/>\n<meta property=\"article:modified_time\" content=\"2024-11-26T09:02:34+00:00\" \/>\n<meta property=\"og:image\" content=\"https:\/\/sp-dz.com\/wp-content\/uploads\/2024\/11\/robe-2.jpg\" \/>\n\t<meta property=\"og:image:width\" content=\"700\" \/>\n\t<meta property=\"og:image:height\" content=\"800\" \/>\n\t<meta property=\"og:image:type\" content=\"image\/jpeg\" \/>\n<meta name=\"twitter:card\" content=\"summary_large_image\" \/>\n<meta name=\"twitter:label1\" content=\"\u0648\u0642\u062a \u0627\u0644\u0642\u0631\u0627\u0621\u0629 \u0627\u0644\u0645\u064f\u0642\u062f\u0651\u0631\" \/>\n\t<meta name=\"twitter:data1\" content=\"\u062f\u0642\u064a\u0642\u0629 \u0648\u0627\u062d\u062f\u0629\" \/>\n<script type=\"application\/ld+json\" class=\"yoast-schema-graph\">{\"@context\":\"https:\/\/schema.org\",\"@graph\":[{\"@type\":\"WebPage\",\"@id\":\"https:\/\/sp-dz.com\/produit\/robe-dhiver-fillette-primigi\/\",\"url\":\"https:\/\/sp-dz.com\/produit\/robe-dhiver-fillette-primigi\/\",\"name\":\"Robe d'hiver fillette Primigi - S\u00e9lection Priv\u00e9e\",\"isPartOf\":{\"@id\":\"https:\/\/sp-dz.com\/fr\/#website\"},\"primaryImageOfPage\":{\"@id\":\"https:\/\/sp-dz.com\/produit\/robe-dhiver-fillette-primigi\/#primaryimage\"},\"image\":{\"@id\":\"https:\/\/sp-dz.com\/produit\/robe-dhiver-fillette-primigi\/#primaryimage\"},\"thumbnailUrl\":\"https:\/\/sp-dz.com\/wp-content\/uploads\/2024\/11\/robe-2.jpg\",\"datePublished\":\"2024-11-25T12:00:14+00:00\",\"dateModified\":\"2024-11-26T09:02:34+00:00\",\"breadcrumb\":{\"@id\":\"https:\/\/sp-dz.com\/produit\/robe-dhiver-fillette-primigi\/#breadcrumb\"},\"inLanguage\":\"ar\",\"potentialAction\":[{\"@type\":\"ReadAction\",\"target\":[\"https:\/\/sp-dz.com\/produit\/robe-dhiver-fillette-primigi\/\"]}]},{\"@type\":\"ImageObject\",\"inLanguage\":\"ar\",\"@id\":\"https:\/\/sp-dz.com\/produit\/robe-dhiver-fillette-primigi\/#primaryimage\",\"url\":\"https:\/\/sp-dz.com\/wp-content\/uploads\/2024\/11\/robe-2.jpg\",\"contentUrl\":\"https:\/\/sp-dz.com\/wp-content\/uploads\/2024\/11\/robe-2.jpg\",\"width\":700,\"height\":800},{\"@type\":\"BreadcrumbList\",\"@id\":\"https:\/\/sp-dz.com\/produit\/robe-dhiver-fillette-primigi\/#breadcrumb\",\"itemListElement\":[{\"@type\":\"ListItem\",\"position\":1,\"name\":\"Accueil\",\"item\":\"https:\/\/sp-dz.com\/fr\/\"},{\"@type\":\"ListItem\",\"position\":2,\"name\":\"Boutique\",\"item\":\"https:\/\/sp-dz.com\/fr\/boutique\/\"},{\"@type\":\"ListItem\",\"position\":3,\"name\":\"Robe d&rsquo;hiver fillette Primigi\"}]},{\"@type\":\"WebSite\",\"@id\":\"https:\/\/sp-dz.com\/fr\/#website\",\"url\":\"https:\/\/sp-dz.com\/fr\/\",\"name\":\"S\u00e9lection Priv\u00e9e\",\"description\":\"Only for Members\",\"potentialAction\":[{\"@type\":\"SearchAction\",\"target\":{\"@type\":\"EntryPoint\",\"urlTemplate\":\"https:\/\/sp-dz.com\/fr\/?s={search_term_string}\"},\"query-input\":{\"@type\":\"PropertyValueSpecification\",\"valueRequired\":true,\"valueName\":\"search_term_string\"}}],\"inLanguage\":\"ar\"}]}<\/script>\n<!-- \/ Yoast SEO plugin. -->","yoast_head_json":{"title":"Robe d'hiver fillette Primigi - S\u00e9lection Priv\u00e9e","robots":{"index":"index","follow":"follow","max-snippet":"max-snippet:-1","max-image-preview":"max-image-preview:large","max-video-preview":"max-video-preview:-1"},"canonical":"https:\/\/sp-dz.com\/ar\/product\/robe-dhiver-fillette-primigi\/","og_locale":"ar_AR","og_type":"article","og_title":"Robe d'hiver fillette Primigi - S\u00e9lection Priv\u00e9e","og_description":"Robe d'hiver \u00e9l\u00e9gante et confortable est parfaite pour garder les petites filles au chaud pendant la saison froide. Dot\u00e9e de manches longues, elle prot\u00e8ge efficacement contre le froid tout en offrant une coupe agr\u00e9able \u00e0 porter. Le col rond ajoute une touche de simplicit\u00e9 et de douceur. \u00c0 l'avant, deux poches pratiques permettent de garder les mains bien au chaud ou de ranger de petits tr\u00e9sors. L'\u00e9lastique \u00e0 la taille assure un ajustement flatteur et met en valeur la silhouette tout en offrant une grande libert\u00e9 de mouvement. Id\u00e9ale pour les journ\u00e9es fra\u00eeches, cette robe allie confort, praticit\u00e9 et style, parfaite pour les occasions quotidiennes ou un look plus habill\u00e9.","og_url":"https:\/\/sp-dz.com\/ar\/product\/robe-dhiver-fillette-primigi\/","og_site_name":"S\u00e9lection Priv\u00e9e","article_modified_time":"2024-11-26T09:02:34+00:00","og_image":[{"width":700,"height":800,"url":"https:\/\/sp-dz.com\/wp-content\/uploads\/2024\/11\/robe-2.jpg","type":"image\/jpeg"}],"twitter_card":"summary_large_image","twitter_misc":{"\u0648\u0642\u062a \u0627\u0644\u0642\u0631\u0627\u0621\u0629 \u0627\u0644\u0645\u064f\u0642\u062f\u0651\u0631":"\u062f\u0642\u064a\u0642\u0629 \u0648\u0627\u062d\u062f\u0629"},"schema":{"@context":"https:\/\/schema.org","@graph":[{"@type":"WebPage","@id":"https:\/\/sp-dz.com\/produit\/robe-dhiver-fillette-primigi\/","url":"https:\/\/sp-dz.com\/produit\/robe-dhiver-fillette-primigi\/","name":"Robe d'hiver fillette Primigi - S\u00e9lection Priv\u00e9e","isPartOf":{"@id":"https:\/\/sp-dz.com\/fr\/#website"},"primaryImageOfPage":{"@id":"https:\/\/sp-dz.com\/produit\/robe-dhiver-fillette-primigi\/#primaryimage"},"image":{"@id":"https:\/\/sp-dz.com\/produit\/robe-dhiver-fillette-primigi\/#primaryimage"},"thumbnailUrl":"https:\/\/sp-dz.com\/wp-content\/uploads\/2024\/11\/robe-2.jpg","datePublished":"2024-11-25T12:00:14+00:00","dateModified":"2024-11-26T09:02:34+00:00","breadcrumb":{"@id":"https:\/\/sp-dz.com\/produit\/robe-dhiver-fillette-primigi\/#breadcrumb"},"inLanguage":"ar","potentialAction":[{"@type":"ReadAction","target":["https:\/\/sp-dz.com\/produit\/robe-dhiver-fillette-primigi\/"]}]},{"@type":"ImageObject","inLanguage":"ar","@id":"https:\/\/sp-dz.com\/produit\/robe-dhiver-fillette-primigi\/#primaryimage","url":"https:\/\/sp-dz.com\/wp-content\/uploads\/2024\/11\/robe-2.jpg","contentUrl":"https:\/\/sp-dz.com\/wp-content\/uploads\/2024\/11\/robe-2.jpg","width":700,"height":800},{"@type":"BreadcrumbList","@id":"https:\/\/sp-dz.com\/produit\/robe-dhiver-fillette-primigi\/#breadcrumb","itemListElement":[{"@type":"ListItem","position":1,"name":"Accueil","item":"https:\/\/sp-dz.com\/fr\/"},{"@type":"ListItem","position":2,"name":"Boutique","item":"https:\/\/sp-dz.com\/fr\/boutique\/"},{"@type":"ListItem","position":3,"name":"Robe d&rsquo;hiver fillette Primigi"}]},{"@type":"WebSite","@id":"https:\/\/sp-dz.com\/fr\/#website","url":"https:\/\/sp-dz.com\/fr\/","name":"S\u00e9lection Priv\u00e9e","description":"Only for Members","potentialAction":[{"@type":"SearchAction","target":{"@type":"EntryPoint","urlTemplate":"https:\/\/sp-dz.com\/fr\/?s={search_term_string}"},"query-input":{"@type":"PropertyValueSpecification","valueRequired":true,"valueName":"search_term_string"}}],"inLanguage":"ar"}]}},"_links":{"self":[{"href":"https:\/\/sp-dz.com\/ar\/wp-json\/wp\/v2\/product\/14203","targetHints":{"allow":["GET"]}}],"collection":[{"href":"https:\/\/sp-dz.com\/ar\/wp-json\/wp\/v2\/product"}],"about":[{"href":"https:\/\/sp-dz.com\/ar\/wp-json\/wp\/v2\/types\/product"}],"version-history":[{"count":3,"href":"https:\/\/sp-dz.com\/ar\/wp-json\/wp\/v2\/product\/14203\/revisions"}],"predecessor-version":[{"id":14303,"href":"https:\/\/sp-dz.com\/ar\/wp-json\/wp\/v2\/product\/14203\/revisions\/14303"}],"wp:featuredmedia":[{"embeddable":true,"href":"https:\/\/sp-dz.com\/ar\/wp-json\/wp\/v2\/media\/14205"}],"wp:attachment":[{"href":"https:\/\/sp-dz.com\/ar\/wp-json\/wp\/v2\/media?parent=14203"}],"wp:term":[{"taxonomy":"product_brand","embeddable":true,"href":"https:\/\/sp-dz.com\/ar\/wp-json\/wp\/v2\/product_brand?post=14203"},{"taxonomy":"product_cat","embeddable":true,"href":"https:\/\/sp-dz.com\/ar\/wp-json\/wp\/v2\/product_cat?post=14203"},{"taxonomy":"product_tag","embeddable":true,"href":"https:\/\/sp-dz.com\/ar\/wp-json\/wp\/v2\/product_tag?post=14203"}],"curies":[{"name":"wp","href":"https:\/\/api.w.org\/{rel}","templated":true}]}}