{"id":14187,"date":"2024-11-25T09:50:11","date_gmt":"2024-11-25T08:50:11","guid":{"rendered":"https:\/\/sp.com.dz\/?post_type=product&#038;p=14187"},"modified":"2024-11-26T10:11:17","modified_gmt":"2024-11-26T09:11:17","slug":"blouse-jeune-fille-primigi","status":"publish","type":"product","link":"https:\/\/sp-dz.com\/ar\/product\/blouse-jeune-fille-primigi\/","title":{"rendered":"Blouse jeune fille Primigi"},"content":{"rendered":"<h3 class=\"text-s product-popup-subtitle\">Caract\u00e9ristiques de base<\/h3>\n<p>Blouse d\u00e9licate pour fillette se distingue par sa couleur moutarde chaleureuse, rehauss\u00e9e de petites fleurs discr\u00e8tes qui lui apportent une touche de fra\u00eecheur et de charme. Sa coupe l\u00e9g\u00e8re et confortable est id\u00e9ale pour les journ\u00e9es fra\u00eeches, avec un boutonnage sur le devant qui ajoute une note pratique et styl\u00e9e. Les manches longues sont orn\u00e9es de boutons au niveau des poignets, permettant un ajustement parfait et une finition soign\u00e9e. Cette blouse est une pi\u00e8ce polyvalente qui se marie facilement avec diff\u00e9rents pantalons ou jupes, apportant une touche \u00e0 la fois douce et \u00e9l\u00e9gante \u00e0 la garde-robe de votre petite fille.<\/p>\n<h3 class=\"text-s product-popup-subtitle\">Composition<\/h3>\n<p>100% Viscose<\/p>\n<h3 class=\"text-s product-popup-subtitle\">Code produit<\/h3>\n<p>28264465<\/p>\n<h3 class=\"text-s product-popup-subtitle\">Entretien<\/h3>\n<p>Lavage en machine \u00e0 une temp\u00e9rature maximale de 30\u00b0C.<\/p>","protected":false},"excerpt":{"rendered":"<p>Blouse d\u00e9licate pour fillette se distingue par sa couleur moutarde chaleureuse, rehauss\u00e9e de petites fleurs discr\u00e8tes qui lui apportent une touche de fra\u00eecheur et de charme. Sa coupe l\u00e9g\u00e8re et confortable est id\u00e9ale pour les journ\u00e9es fra\u00eeches, avec un boutonnage sur le devant qui ajoute une note pratique et styl\u00e9e. Les manches longues sont orn\u00e9es de boutons au niveau des poignets, permettant un ajustement parfait et une finition soign\u00e9e. Cette blouse est une pi\u00e8ce polyvalente qui se marie facilement avec diff\u00e9rents pantalons ou jupes, apportant une touche \u00e0 la fois douce et \u00e9l\u00e9gante \u00e0 la garde-robe de votre petite fille.<\/p>","protected":false},"featured_media":14311,"template":"","meta":[],"product_brand":[],"product_cat":[105,31],"product_tag":[],"class_list":{"0":"post-14187","1":"product","2":"type-product","3":"status-publish","4":"has-post-thumbnail","6":"product_cat-fille","7":"product_cat-enfant","9":"first","10":"instock","11":"shipping-taxable","12":"purchasable","13":"product-type-simple"},"yoast_head":"<!-- This site is optimized with the Yoast SEO plugin v26.9 - https:\/\/yoast.com\/product\/yoast-seo-wordpress\/ -->\n<title>Blouse jeune fille Primigi - S\u00e9lection Priv\u00e9e<\/title>\n<meta name=\"robots\" content=\"index, follow, max-snippet:-1, max-image-preview:large, max-video-preview:-1\" \/>\n<link rel=\"canonical\" href=\"https:\/\/sp-dz.com\/ar\/product\/blouse-jeune-fille-primigi\/\" \/>\n<meta property=\"og:locale\" content=\"ar_AR\" \/>\n<meta property=\"og:type\" content=\"article\" \/>\n<meta property=\"og:title\" content=\"Blouse jeune fille Primigi - S\u00e9lection Priv\u00e9e\" \/>\n<meta property=\"og:description\" content=\"Blouse d\u00e9licate pour fillette se distingue par sa couleur moutarde chaleureuse, rehauss\u00e9e de petites fleurs discr\u00e8tes qui lui apportent une touche de fra\u00eecheur et de charme. Sa coupe l\u00e9g\u00e8re et confortable est id\u00e9ale pour les journ\u00e9es fra\u00eeches, avec un boutonnage sur le devant qui ajoute une note pratique et styl\u00e9e. Les manches longues sont orn\u00e9es de boutons au niveau des poignets, permettant un ajustement parfait et une finition soign\u00e9e. Cette blouse est une pi\u00e8ce polyvalente qui se marie facilement avec diff\u00e9rents pantalons ou jupes, apportant une touche \u00e0 la fois douce et \u00e9l\u00e9gante \u00e0 la garde-robe de votre petite fille.\" \/>\n<meta property=\"og:url\" content=\"https:\/\/sp-dz.com\/ar\/product\/blouse-jeune-fille-primigi\/\" \/>\n<meta property=\"og:site_name\" content=\"S\u00e9lection Priv\u00e9e\" \/>\n<meta property=\"article:modified_time\" content=\"2024-11-26T09:11:17+00:00\" \/>\n<meta property=\"og:image\" content=\"https:\/\/sp-dz.com\/wp-content\/uploads\/2024\/11\/haut-fleur-F-av.jpg\" \/>\n\t<meta property=\"og:image:width\" content=\"500\" \/>\n\t<meta property=\"og:image:height\" content=\"600\" \/>\n\t<meta property=\"og:image:type\" content=\"image\/jpeg\" \/>\n<meta name=\"twitter:card\" content=\"summary_large_image\" \/>\n<meta name=\"twitter:label1\" content=\"\u0648\u0642\u062a \u0627\u0644\u0642\u0631\u0627\u0621\u0629 \u0627\u0644\u0645\u064f\u0642\u062f\u0651\u0631\" \/>\n\t<meta name=\"twitter:data1\" content=\"\u062f\u0642\u064a\u0642\u0629 \u0648\u0627\u062d\u062f\u0629\" \/>\n<script type=\"application\/ld+json\" class=\"yoast-schema-graph\">{\"@context\":\"https:\/\/schema.org\",\"@graph\":[{\"@type\":\"WebPage\",\"@id\":\"https:\/\/sp-dz.com\/produit\/blouse-jeune-fille-primigi\/\",\"url\":\"https:\/\/sp-dz.com\/produit\/blouse-jeune-fille-primigi\/\",\"name\":\"Blouse jeune fille Primigi - S\u00e9lection Priv\u00e9e\",\"isPartOf\":{\"@id\":\"https:\/\/sp-dz.com\/fr\/#website\"},\"primaryImageOfPage\":{\"@id\":\"https:\/\/sp-dz.com\/produit\/blouse-jeune-fille-primigi\/#primaryimage\"},\"image\":{\"@id\":\"https:\/\/sp-dz.com\/produit\/blouse-jeune-fille-primigi\/#primaryimage\"},\"thumbnailUrl\":\"https:\/\/sp-dz.com\/wp-content\/uploads\/2024\/11\/haut-fleur-F-av.jpg\",\"datePublished\":\"2024-11-25T08:50:11+00:00\",\"dateModified\":\"2024-11-26T09:11:17+00:00\",\"breadcrumb\":{\"@id\":\"https:\/\/sp-dz.com\/produit\/blouse-jeune-fille-primigi\/#breadcrumb\"},\"inLanguage\":\"ar\",\"potentialAction\":[{\"@type\":\"ReadAction\",\"target\":[\"https:\/\/sp-dz.com\/produit\/blouse-jeune-fille-primigi\/\"]}]},{\"@type\":\"ImageObject\",\"inLanguage\":\"ar\",\"@id\":\"https:\/\/sp-dz.com\/produit\/blouse-jeune-fille-primigi\/#primaryimage\",\"url\":\"https:\/\/sp-dz.com\/wp-content\/uploads\/2024\/11\/haut-fleur-F-av.jpg\",\"contentUrl\":\"https:\/\/sp-dz.com\/wp-content\/uploads\/2024\/11\/haut-fleur-F-av.jpg\",\"width\":500,\"height\":600},{\"@type\":\"BreadcrumbList\",\"@id\":\"https:\/\/sp-dz.com\/produit\/blouse-jeune-fille-primigi\/#breadcrumb\",\"itemListElement\":[{\"@type\":\"ListItem\",\"position\":1,\"name\":\"Accueil\",\"item\":\"https:\/\/sp-dz.com\/fr\/\"},{\"@type\":\"ListItem\",\"position\":2,\"name\":\"Boutique\",\"item\":\"https:\/\/sp-dz.com\/fr\/boutique\/\"},{\"@type\":\"ListItem\",\"position\":3,\"name\":\"Blouse jeune fille Primigi\"}]},{\"@type\":\"WebSite\",\"@id\":\"https:\/\/sp-dz.com\/fr\/#website\",\"url\":\"https:\/\/sp-dz.com\/fr\/\",\"name\":\"S\u00e9lection Priv\u00e9e\",\"description\":\"Only for Members\",\"potentialAction\":[{\"@type\":\"SearchAction\",\"target\":{\"@type\":\"EntryPoint\",\"urlTemplate\":\"https:\/\/sp-dz.com\/fr\/?s={search_term_string}\"},\"query-input\":{\"@type\":\"PropertyValueSpecification\",\"valueRequired\":true,\"valueName\":\"search_term_string\"}}],\"inLanguage\":\"ar\"}]}<\/script>\n<!-- \/ Yoast SEO plugin. -->","yoast_head_json":{"title":"Blouse jeune fille Primigi - S\u00e9lection Priv\u00e9e","robots":{"index":"index","follow":"follow","max-snippet":"max-snippet:-1","max-image-preview":"max-image-preview:large","max-video-preview":"max-video-preview:-1"},"canonical":"https:\/\/sp-dz.com\/ar\/product\/blouse-jeune-fille-primigi\/","og_locale":"ar_AR","og_type":"article","og_title":"Blouse jeune fille Primigi - S\u00e9lection Priv\u00e9e","og_description":"Blouse d\u00e9licate pour fillette se distingue par sa couleur moutarde chaleureuse, rehauss\u00e9e de petites fleurs discr\u00e8tes qui lui apportent une touche de fra\u00eecheur et de charme. Sa coupe l\u00e9g\u00e8re et confortable est id\u00e9ale pour les journ\u00e9es fra\u00eeches, avec un boutonnage sur le devant qui ajoute une note pratique et styl\u00e9e. Les manches longues sont orn\u00e9es de boutons au niveau des poignets, permettant un ajustement parfait et une finition soign\u00e9e. Cette blouse est une pi\u00e8ce polyvalente qui se marie facilement avec diff\u00e9rents pantalons ou jupes, apportant une touche \u00e0 la fois douce et \u00e9l\u00e9gante \u00e0 la garde-robe de votre petite fille.","og_url":"https:\/\/sp-dz.com\/ar\/product\/blouse-jeune-fille-primigi\/","og_site_name":"S\u00e9lection Priv\u00e9e","article_modified_time":"2024-11-26T09:11:17+00:00","og_image":[{"width":500,"height":600,"url":"https:\/\/sp-dz.com\/wp-content\/uploads\/2024\/11\/haut-fleur-F-av.jpg","type":"image\/jpeg"}],"twitter_card":"summary_large_image","twitter_misc":{"\u0648\u0642\u062a \u0627\u0644\u0642\u0631\u0627\u0621\u0629 \u0627\u0644\u0645\u064f\u0642\u062f\u0651\u0631":"\u062f\u0642\u064a\u0642\u0629 \u0648\u0627\u062d\u062f\u0629"},"schema":{"@context":"https:\/\/schema.org","@graph":[{"@type":"WebPage","@id":"https:\/\/sp-dz.com\/produit\/blouse-jeune-fille-primigi\/","url":"https:\/\/sp-dz.com\/produit\/blouse-jeune-fille-primigi\/","name":"Blouse jeune fille Primigi - S\u00e9lection Priv\u00e9e","isPartOf":{"@id":"https:\/\/sp-dz.com\/fr\/#website"},"primaryImageOfPage":{"@id":"https:\/\/sp-dz.com\/produit\/blouse-jeune-fille-primigi\/#primaryimage"},"image":{"@id":"https:\/\/sp-dz.com\/produit\/blouse-jeune-fille-primigi\/#primaryimage"},"thumbnailUrl":"https:\/\/sp-dz.com\/wp-content\/uploads\/2024\/11\/haut-fleur-F-av.jpg","datePublished":"2024-11-25T08:50:11+00:00","dateModified":"2024-11-26T09:11:17+00:00","breadcrumb":{"@id":"https:\/\/sp-dz.com\/produit\/blouse-jeune-fille-primigi\/#breadcrumb"},"inLanguage":"ar","potentialAction":[{"@type":"ReadAction","target":["https:\/\/sp-dz.com\/produit\/blouse-jeune-fille-primigi\/"]}]},{"@type":"ImageObject","inLanguage":"ar","@id":"https:\/\/sp-dz.com\/produit\/blouse-jeune-fille-primigi\/#primaryimage","url":"https:\/\/sp-dz.com\/wp-content\/uploads\/2024\/11\/haut-fleur-F-av.jpg","contentUrl":"https:\/\/sp-dz.com\/wp-content\/uploads\/2024\/11\/haut-fleur-F-av.jpg","width":500,"height":600},{"@type":"BreadcrumbList","@id":"https:\/\/sp-dz.com\/produit\/blouse-jeune-fille-primigi\/#breadcrumb","itemListElement":[{"@type":"ListItem","position":1,"name":"Accueil","item":"https:\/\/sp-dz.com\/fr\/"},{"@type":"ListItem","position":2,"name":"Boutique","item":"https:\/\/sp-dz.com\/fr\/boutique\/"},{"@type":"ListItem","position":3,"name":"Blouse jeune fille Primigi"}]},{"@type":"WebSite","@id":"https:\/\/sp-dz.com\/fr\/#website","url":"https:\/\/sp-dz.com\/fr\/","name":"S\u00e9lection Priv\u00e9e","description":"Only for Members","potentialAction":[{"@type":"SearchAction","target":{"@type":"EntryPoint","urlTemplate":"https:\/\/sp-dz.com\/fr\/?s={search_term_string}"},"query-input":{"@type":"PropertyValueSpecification","valueRequired":true,"valueName":"search_term_string"}}],"inLanguage":"ar"}]}},"_links":{"self":[{"href":"https:\/\/sp-dz.com\/ar\/wp-json\/wp\/v2\/product\/14187","targetHints":{"allow":["GET"]}}],"collection":[{"href":"https:\/\/sp-dz.com\/ar\/wp-json\/wp\/v2\/product"}],"about":[{"href":"https:\/\/sp-dz.com\/ar\/wp-json\/wp\/v2\/types\/product"}],"version-history":[{"count":3,"href":"https:\/\/sp-dz.com\/ar\/wp-json\/wp\/v2\/product\/14187\/revisions"}],"predecessor-version":[{"id":14315,"href":"https:\/\/sp-dz.com\/ar\/wp-json\/wp\/v2\/product\/14187\/revisions\/14315"}],"wp:featuredmedia":[{"embeddable":true,"href":"https:\/\/sp-dz.com\/ar\/wp-json\/wp\/v2\/media\/14311"}],"wp:attachment":[{"href":"https:\/\/sp-dz.com\/ar\/wp-json\/wp\/v2\/media?parent=14187"}],"wp:term":[{"taxonomy":"product_brand","embeddable":true,"href":"https:\/\/sp-dz.com\/ar\/wp-json\/wp\/v2\/product_brand?post=14187"},{"taxonomy":"product_cat","embeddable":true,"href":"https:\/\/sp-dz.com\/ar\/wp-json\/wp\/v2\/product_cat?post=14187"},{"taxonomy":"product_tag","embeddable":true,"href":"https:\/\/sp-dz.com\/ar\/wp-json\/wp\/v2\/product_tag?post=14187"}],"curies":[{"name":"wp","href":"https:\/\/api.w.org\/{rel}","templated":true}]}}