{"id":14169,"date":"2024-11-25T09:18:49","date_gmt":"2024-11-25T08:18:49","guid":{"rendered":"https:\/\/sp.com.dz\/?post_type=product&#038;p=14169"},"modified":"2024-11-26T10:16:23","modified_gmt":"2024-11-26T09:16:23","slug":"t-shirt-a-petits-pois-tu-women","status":"publish","type":"product","link":"https:\/\/sp-dz.com\/ar\/product\/t-shirt-a-petits-pois-tu-women\/","title":{"rendered":"T-shirt \u00e0 petits pois Tu Women"},"content":{"rendered":"<h3 class=\"text-s product-popup-subtitle\">Caract\u00e9ristiques de base<\/h3>\n<p>T-shirt l\u00e9ger et fluide, orn\u00e9 de petits pois, combine confort et \u00e9l\u00e9gance avec sa coupe agr\u00e9able \u00e0 porter. Son col rond claudine, \u00e0 la fois d\u00e9licat et sophistiqu\u00e9, est boutonn\u00e9 sur le devant, ajoutant une touche de charme et de d\u00e9tail \u00e0 la pi\u00e8ce. Les demi-manches offrent une belle couverture tout en permettant une grande libert\u00e9 de mouvement. Une broderie subtile au niveau de l&rsquo;\u00e9paule apporte une finition d\u00e9licate et f\u00e9minine \u00e0 ce mod\u00e8le. Ce T-shirt se marie facilement avec une vari\u00e9t\u00e9 de tenues.<\/p>\n<h3 class=\"text-s product-popup-subtitle\">Composition<\/h3>\n<p>95% Modal<\/p>\n<p>5% Elasthanne<\/p>\n<h3 class=\"text-s product-popup-subtitle\">Code produit<\/h3>\n<p>45482219<\/p>\n<h3 class=\"text-s product-popup-subtitle\">Entretien<\/h3>\n<p>Lavage en machine \u00e0 une temp\u00e9rature maximale de 40\u00b0C.<\/p>","protected":false},"excerpt":{"rendered":"<p>T-shirt l\u00e9ger et fluide, orn\u00e9 de petits pois, combine confort et \u00e9l\u00e9gance avec sa coupe agr\u00e9able \u00e0 porter. Son col rond claudine, \u00e0 la fois d\u00e9licat et sophistiqu\u00e9, est boutonn\u00e9 sur le devant, ajoutant une touche de charme et de d\u00e9tail \u00e0 la pi\u00e8ce. Les demi-manches offrent une belle couverture tout en permettant une grande libert\u00e9 de mouvement. Une broderie subtile au niveau de l&rsquo;\u00e9paule apporte une finition d\u00e9licate et f\u00e9minine \u00e0 ce mod\u00e8le. Ce T-shirt se marie facilement avec une vari\u00e9t\u00e9 de tenues.<\/p>","protected":false},"featured_media":14171,"template":"","meta":[],"product_brand":[],"product_cat":[78,30],"product_tag":[],"class_list":{"0":"post-14169","1":"product","2":"type-product","3":"status-publish","4":"has-post-thumbnail","6":"product_cat-t-shirt-top","7":"product_cat-femme","9":"first","10":"instock","11":"shipping-taxable","12":"purchasable","13":"product-type-variable"},"yoast_head":"<!-- This site is optimized with the Yoast SEO plugin v26.9 - https:\/\/yoast.com\/product\/yoast-seo-wordpress\/ -->\n<title>T-shirt \u00e0 petits pois Tu Women - S\u00e9lection Priv\u00e9e<\/title>\n<meta name=\"robots\" content=\"index, follow, max-snippet:-1, max-image-preview:large, max-video-preview:-1\" \/>\n<link rel=\"canonical\" href=\"https:\/\/sp-dz.com\/ar\/product\/t-shirt-a-petits-pois-tu-women\/\" \/>\n<meta property=\"og:locale\" content=\"ar_AR\" \/>\n<meta property=\"og:type\" content=\"article\" \/>\n<meta property=\"og:title\" content=\"T-shirt \u00e0 petits pois Tu Women - S\u00e9lection Priv\u00e9e\" \/>\n<meta property=\"og:description\" content=\"T-shirt l\u00e9ger et fluide, orn\u00e9 de petits pois, combine confort et \u00e9l\u00e9gance avec sa coupe agr\u00e9able \u00e0 porter. Son col rond claudine, \u00e0 la fois d\u00e9licat et sophistiqu\u00e9, est boutonn\u00e9 sur le devant, ajoutant une touche de charme et de d\u00e9tail \u00e0 la pi\u00e8ce. Les demi-manches offrent une belle couverture tout en permettant une grande libert\u00e9 de mouvement. Une broderie subtile au niveau de l&#039;\u00e9paule apporte une finition d\u00e9licate et f\u00e9minine \u00e0 ce mod\u00e8le. Ce T-shirt se marie facilement avec une vari\u00e9t\u00e9 de tenues.\" \/>\n<meta property=\"og:url\" content=\"https:\/\/sp-dz.com\/ar\/product\/t-shirt-a-petits-pois-tu-women\/\" \/>\n<meta property=\"og:site_name\" content=\"S\u00e9lection Priv\u00e9e\" \/>\n<meta property=\"article:modified_time\" content=\"2024-11-26T09:16:23+00:00\" \/>\n<meta property=\"og:image\" content=\"https:\/\/sp-dz.com\/wp-content\/uploads\/2024\/11\/t-shirt-fille.jpg\" \/>\n\t<meta property=\"og:image:width\" content=\"834\" \/>\n\t<meta property=\"og:image:height\" content=\"1000\" \/>\n\t<meta property=\"og:image:type\" content=\"image\/jpeg\" \/>\n<meta name=\"twitter:card\" content=\"summary_large_image\" \/>\n<meta name=\"twitter:label1\" content=\"\u0648\u0642\u062a \u0627\u0644\u0642\u0631\u0627\u0621\u0629 \u0627\u0644\u0645\u064f\u0642\u062f\u0651\u0631\" \/>\n\t<meta name=\"twitter:data1\" content=\"\u062f\u0642\u064a\u0642\u0629 \u0648\u0627\u062d\u062f\u0629\" \/>\n<script type=\"application\/ld+json\" class=\"yoast-schema-graph\">{\"@context\":\"https:\/\/schema.org\",\"@graph\":[{\"@type\":\"WebPage\",\"@id\":\"https:\/\/sp-dz.com\/produit\/t-shirt-a-petits-pois-tu-women\/\",\"url\":\"https:\/\/sp-dz.com\/produit\/t-shirt-a-petits-pois-tu-women\/\",\"name\":\"T-shirt \u00e0 petits pois Tu Women - S\u00e9lection Priv\u00e9e\",\"isPartOf\":{\"@id\":\"https:\/\/sp-dz.com\/fr\/#website\"},\"primaryImageOfPage\":{\"@id\":\"https:\/\/sp-dz.com\/produit\/t-shirt-a-petits-pois-tu-women\/#primaryimage\"},\"image\":{\"@id\":\"https:\/\/sp-dz.com\/produit\/t-shirt-a-petits-pois-tu-women\/#primaryimage\"},\"thumbnailUrl\":\"https:\/\/sp-dz.com\/wp-content\/uploads\/2024\/11\/t-shirt-fille.jpg\",\"datePublished\":\"2024-11-25T08:18:49+00:00\",\"dateModified\":\"2024-11-26T09:16:23+00:00\",\"breadcrumb\":{\"@id\":\"https:\/\/sp-dz.com\/produit\/t-shirt-a-petits-pois-tu-women\/#breadcrumb\"},\"inLanguage\":\"ar\",\"potentialAction\":[{\"@type\":\"ReadAction\",\"target\":[\"https:\/\/sp-dz.com\/produit\/t-shirt-a-petits-pois-tu-women\/\"]}]},{\"@type\":\"ImageObject\",\"inLanguage\":\"ar\",\"@id\":\"https:\/\/sp-dz.com\/produit\/t-shirt-a-petits-pois-tu-women\/#primaryimage\",\"url\":\"https:\/\/sp-dz.com\/wp-content\/uploads\/2024\/11\/t-shirt-fille.jpg\",\"contentUrl\":\"https:\/\/sp-dz.com\/wp-content\/uploads\/2024\/11\/t-shirt-fille.jpg\",\"width\":834,\"height\":1000},{\"@type\":\"BreadcrumbList\",\"@id\":\"https:\/\/sp-dz.com\/produit\/t-shirt-a-petits-pois-tu-women\/#breadcrumb\",\"itemListElement\":[{\"@type\":\"ListItem\",\"position\":1,\"name\":\"Accueil\",\"item\":\"https:\/\/sp-dz.com\/fr\/\"},{\"@type\":\"ListItem\",\"position\":2,\"name\":\"Boutique\",\"item\":\"https:\/\/sp-dz.com\/fr\/boutique\/\"},{\"@type\":\"ListItem\",\"position\":3,\"name\":\"T-shirt \u00e0 petits pois Tu Women\"}]},{\"@type\":\"WebSite\",\"@id\":\"https:\/\/sp-dz.com\/fr\/#website\",\"url\":\"https:\/\/sp-dz.com\/fr\/\",\"name\":\"S\u00e9lection Priv\u00e9e\",\"description\":\"Only for Members\",\"potentialAction\":[{\"@type\":\"SearchAction\",\"target\":{\"@type\":\"EntryPoint\",\"urlTemplate\":\"https:\/\/sp-dz.com\/fr\/?s={search_term_string}\"},\"query-input\":{\"@type\":\"PropertyValueSpecification\",\"valueRequired\":true,\"valueName\":\"search_term_string\"}}],\"inLanguage\":\"ar\"}]}<\/script>\n<!-- \/ Yoast SEO plugin. -->","yoast_head_json":{"title":"T-shirt \u00e0 petits pois Tu Women - S\u00e9lection Priv\u00e9e","robots":{"index":"index","follow":"follow","max-snippet":"max-snippet:-1","max-image-preview":"max-image-preview:large","max-video-preview":"max-video-preview:-1"},"canonical":"https:\/\/sp-dz.com\/ar\/product\/t-shirt-a-petits-pois-tu-women\/","og_locale":"ar_AR","og_type":"article","og_title":"T-shirt \u00e0 petits pois Tu Women - S\u00e9lection Priv\u00e9e","og_description":"T-shirt l\u00e9ger et fluide, orn\u00e9 de petits pois, combine confort et \u00e9l\u00e9gance avec sa coupe agr\u00e9able \u00e0 porter. Son col rond claudine, \u00e0 la fois d\u00e9licat et sophistiqu\u00e9, est boutonn\u00e9 sur le devant, ajoutant une touche de charme et de d\u00e9tail \u00e0 la pi\u00e8ce. Les demi-manches offrent une belle couverture tout en permettant une grande libert\u00e9 de mouvement. Une broderie subtile au niveau de l'\u00e9paule apporte une finition d\u00e9licate et f\u00e9minine \u00e0 ce mod\u00e8le. Ce T-shirt se marie facilement avec une vari\u00e9t\u00e9 de tenues.","og_url":"https:\/\/sp-dz.com\/ar\/product\/t-shirt-a-petits-pois-tu-women\/","og_site_name":"S\u00e9lection Priv\u00e9e","article_modified_time":"2024-11-26T09:16:23+00:00","og_image":[{"width":834,"height":1000,"url":"https:\/\/sp-dz.com\/wp-content\/uploads\/2024\/11\/t-shirt-fille.jpg","type":"image\/jpeg"}],"twitter_card":"summary_large_image","twitter_misc":{"\u0648\u0642\u062a \u0627\u0644\u0642\u0631\u0627\u0621\u0629 \u0627\u0644\u0645\u064f\u0642\u062f\u0651\u0631":"\u062f\u0642\u064a\u0642\u0629 \u0648\u0627\u062d\u062f\u0629"},"schema":{"@context":"https:\/\/schema.org","@graph":[{"@type":"WebPage","@id":"https:\/\/sp-dz.com\/produit\/t-shirt-a-petits-pois-tu-women\/","url":"https:\/\/sp-dz.com\/produit\/t-shirt-a-petits-pois-tu-women\/","name":"T-shirt \u00e0 petits pois Tu Women - S\u00e9lection Priv\u00e9e","isPartOf":{"@id":"https:\/\/sp-dz.com\/fr\/#website"},"primaryImageOfPage":{"@id":"https:\/\/sp-dz.com\/produit\/t-shirt-a-petits-pois-tu-women\/#primaryimage"},"image":{"@id":"https:\/\/sp-dz.com\/produit\/t-shirt-a-petits-pois-tu-women\/#primaryimage"},"thumbnailUrl":"https:\/\/sp-dz.com\/wp-content\/uploads\/2024\/11\/t-shirt-fille.jpg","datePublished":"2024-11-25T08:18:49+00:00","dateModified":"2024-11-26T09:16:23+00:00","breadcrumb":{"@id":"https:\/\/sp-dz.com\/produit\/t-shirt-a-petits-pois-tu-women\/#breadcrumb"},"inLanguage":"ar","potentialAction":[{"@type":"ReadAction","target":["https:\/\/sp-dz.com\/produit\/t-shirt-a-petits-pois-tu-women\/"]}]},{"@type":"ImageObject","inLanguage":"ar","@id":"https:\/\/sp-dz.com\/produit\/t-shirt-a-petits-pois-tu-women\/#primaryimage","url":"https:\/\/sp-dz.com\/wp-content\/uploads\/2024\/11\/t-shirt-fille.jpg","contentUrl":"https:\/\/sp-dz.com\/wp-content\/uploads\/2024\/11\/t-shirt-fille.jpg","width":834,"height":1000},{"@type":"BreadcrumbList","@id":"https:\/\/sp-dz.com\/produit\/t-shirt-a-petits-pois-tu-women\/#breadcrumb","itemListElement":[{"@type":"ListItem","position":1,"name":"Accueil","item":"https:\/\/sp-dz.com\/fr\/"},{"@type":"ListItem","position":2,"name":"Boutique","item":"https:\/\/sp-dz.com\/fr\/boutique\/"},{"@type":"ListItem","position":3,"name":"T-shirt \u00e0 petits pois Tu Women"}]},{"@type":"WebSite","@id":"https:\/\/sp-dz.com\/fr\/#website","url":"https:\/\/sp-dz.com\/fr\/","name":"S\u00e9lection Priv\u00e9e","description":"Only for Members","potentialAction":[{"@type":"SearchAction","target":{"@type":"EntryPoint","urlTemplate":"https:\/\/sp-dz.com\/fr\/?s={search_term_string}"},"query-input":{"@type":"PropertyValueSpecification","valueRequired":true,"valueName":"search_term_string"}}],"inLanguage":"ar"}]}},"_links":{"self":[{"href":"https:\/\/sp-dz.com\/ar\/wp-json\/wp\/v2\/product\/14169","targetHints":{"allow":["GET"]}}],"collection":[{"href":"https:\/\/sp-dz.com\/ar\/wp-json\/wp\/v2\/product"}],"about":[{"href":"https:\/\/sp-dz.com\/ar\/wp-json\/wp\/v2\/types\/product"}],"version-history":[{"count":3,"href":"https:\/\/sp-dz.com\/ar\/wp-json\/wp\/v2\/product\/14169\/revisions"}],"predecessor-version":[{"id":14319,"href":"https:\/\/sp-dz.com\/ar\/wp-json\/wp\/v2\/product\/14169\/revisions\/14319"}],"wp:featuredmedia":[{"embeddable":true,"href":"https:\/\/sp-dz.com\/ar\/wp-json\/wp\/v2\/media\/14171"}],"wp:attachment":[{"href":"https:\/\/sp-dz.com\/ar\/wp-json\/wp\/v2\/media?parent=14169"}],"wp:term":[{"taxonomy":"product_brand","embeddable":true,"href":"https:\/\/sp-dz.com\/ar\/wp-json\/wp\/v2\/product_brand?post=14169"},{"taxonomy":"product_cat","embeddable":true,"href":"https:\/\/sp-dz.com\/ar\/wp-json\/wp\/v2\/product_cat?post=14169"},{"taxonomy":"product_tag","embeddable":true,"href":"https:\/\/sp-dz.com\/ar\/wp-json\/wp\/v2\/product_tag?post=14169"}],"curies":[{"name":"wp","href":"https:\/\/api.w.org\/{rel}","templated":true}]}}