{"id":13218,"date":"2024-09-16T21:48:28","date_gmt":"2024-09-16T20:48:28","guid":{"rendered":"https:\/\/sp.com.dz\/?post_type=product&#038;p=13218"},"modified":"2024-11-26T10:21:29","modified_gmt":"2024-11-26T09:21:29","slug":"kimono-s-oliver","status":"publish","type":"product","link":"https:\/\/sp-dz.com\/ar\/product\/kimono-s-oliver\/","title":{"rendered":"Kimono S.Oliver"},"content":{"rendered":"<h3 class=\"text-s product-popup-subtitle\">Caract\u00e9ristiques de base<\/h3>\n<p>Kimono fluide, confectionn\u00e9 dans un voile l\u00e9ger et fluide, offre une sensation de confort et de libert\u00e9 gr\u00e2ce \u00e0 sa coupe d\u00e9licate. L&rsquo;\u00e9l\u00e9gante ouverture lat\u00e9rale ajoute un d\u00e9tail raffin\u00e9 qui laisse entrevoir une touche de modernit\u00e9 tout en apportant de la fluidit\u00e9 au mouvement. Il se ferme \u00e0 l&rsquo;avant \u00e0 l&rsquo;aide d&rsquo;un cordon ajustable, permettant de personnaliser la coupe et d&rsquo;assurer un maintien confortable. Ce kimono est parfait pour un look d\u00e9contract\u00e9 et chic, id\u00e9al \u00e0 superposer sur un maillot de bain, une robe ou m\u00eame un simple t-shirt\/jean, pour ajouter une touche d&rsquo;\u00e9l\u00e9gance subtile \u00e0 n&rsquo;importe quelle tenue.<\/p>\n<h3 class=\"text-s product-popup-subtitle\">Composition<\/h3>\n<p>100% Polyester<\/p>\n<h3 class=\"text-s product-popup-subtitle\">Code produit<\/h3>\n<p>2SPPU6F4<\/p>\n<h3 class=\"text-s product-popup-subtitle\">Entretien<\/h3>\n<p>Lavage en machine \u00e0 une temp\u00e9rature maximale de 30\u00b0C.<\/p>","protected":false},"excerpt":{"rendered":"<p>Kimono fluide, confectionn\u00e9 dans un voile l\u00e9ger et fluide, offre une sensation de confort et de libert\u00e9 gr\u00e2ce \u00e0 sa coupe d\u00e9licate. L&rsquo;\u00e9l\u00e9gante ouverture lat\u00e9rale ajoute un d\u00e9tail raffin\u00e9 qui laisse entrevoir une touche de modernit\u00e9 tout en apportant de la fluidit\u00e9 au mouvement. Il se ferme \u00e0 l&rsquo;avant \u00e0 l&rsquo;aide d&rsquo;un cordon ajustable, permettant de personnaliser la coupe et d&rsquo;assurer un maintien confortable. Ce kimono est parfait pour un look d\u00e9contract\u00e9 et chic, id\u00e9al \u00e0 superposer sur un maillot de bain, une robe ou m\u00eame un simple t-shirt\/jean, pour ajouter une touche d&rsquo;\u00e9l\u00e9gance subtile \u00e0 n&rsquo;importe quelle tenue.<\/p>","protected":false},"featured_media":13219,"template":"","meta":[],"product_brand":[],"product_cat":[77,30],"product_tag":[],"class_list":{"0":"post-13218","1":"product","2":"type-product","3":"status-publish","4":"has-post-thumbnail","6":"product_cat-chemisier-blouse","7":"product_cat-femme","9":"first","10":"instock","11":"shipping-taxable","12":"purchasable","13":"product-type-simple"},"yoast_head":"<!-- This site is optimized with the Yoast SEO plugin v26.9 - https:\/\/yoast.com\/product\/yoast-seo-wordpress\/ -->\n<title>Kimono S.Oliver - S\u00e9lection Priv\u00e9e<\/title>\n<meta name=\"robots\" content=\"index, follow, max-snippet:-1, max-image-preview:large, max-video-preview:-1\" \/>\n<link rel=\"canonical\" href=\"https:\/\/sp-dz.com\/ar\/product\/kimono-s-oliver\/\" \/>\n<meta property=\"og:locale\" content=\"ar_AR\" \/>\n<meta property=\"og:type\" content=\"article\" \/>\n<meta property=\"og:title\" content=\"Kimono S.Oliver - S\u00e9lection Priv\u00e9e\" \/>\n<meta property=\"og:description\" content=\"Kimono fluide, confectionn\u00e9 dans un voile l\u00e9ger et fluide, offre une sensation de confort et de libert\u00e9 gr\u00e2ce \u00e0 sa coupe d\u00e9licate. L&#039;\u00e9l\u00e9gante ouverture lat\u00e9rale ajoute un d\u00e9tail raffin\u00e9 qui laisse entrevoir une touche de modernit\u00e9 tout en apportant de la fluidit\u00e9 au mouvement. Il se ferme \u00e0 l&#039;avant \u00e0 l&#039;aide d&#039;un cordon ajustable, permettant de personnaliser la coupe et d&#039;assurer un maintien confortable. Ce kimono est parfait pour un look d\u00e9contract\u00e9 et chic, id\u00e9al \u00e0 superposer sur un maillot de bain, une robe ou m\u00eame un simple t-shirt\/jean, pour ajouter une touche d&#039;\u00e9l\u00e9gance subtile \u00e0 n&#039;importe quelle tenue.\" \/>\n<meta property=\"og:url\" content=\"https:\/\/sp-dz.com\/ar\/product\/kimono-s-oliver\/\" \/>\n<meta property=\"og:site_name\" content=\"S\u00e9lection Priv\u00e9e\" \/>\n<meta property=\"article:modified_time\" content=\"2024-11-26T09:21:29+00:00\" \/>\n<meta property=\"og:image\" content=\"https:\/\/sp-dz.com\/wp-content\/uploads\/2024\/09\/1-63.jpg\" \/>\n\t<meta property=\"og:image:width\" content=\"1166\" \/>\n\t<meta property=\"og:image:height\" content=\"1400\" \/>\n\t<meta property=\"og:image:type\" content=\"image\/jpeg\" \/>\n<meta name=\"twitter:card\" content=\"summary_large_image\" \/>\n<meta name=\"twitter:label1\" content=\"\u0648\u0642\u062a \u0627\u0644\u0642\u0631\u0627\u0621\u0629 \u0627\u0644\u0645\u064f\u0642\u062f\u0651\u0631\" \/>\n\t<meta name=\"twitter:data1\" content=\"\u062f\u0642\u064a\u0642\u0629 \u0648\u0627\u062d\u062f\u0629\" \/>\n<script type=\"application\/ld+json\" class=\"yoast-schema-graph\">{\"@context\":\"https:\/\/schema.org\",\"@graph\":[{\"@type\":\"WebPage\",\"@id\":\"https:\/\/sp-dz.com\/produit\/kimono-s-oliver\/\",\"url\":\"https:\/\/sp-dz.com\/produit\/kimono-s-oliver\/\",\"name\":\"Kimono S.Oliver - S\u00e9lection Priv\u00e9e\",\"isPartOf\":{\"@id\":\"https:\/\/sp-dz.com\/fr\/#website\"},\"primaryImageOfPage\":{\"@id\":\"https:\/\/sp-dz.com\/produit\/kimono-s-oliver\/#primaryimage\"},\"image\":{\"@id\":\"https:\/\/sp-dz.com\/produit\/kimono-s-oliver\/#primaryimage\"},\"thumbnailUrl\":\"https:\/\/sp-dz.com\/wp-content\/uploads\/2024\/09\/1-63.jpg\",\"datePublished\":\"2024-09-16T20:48:28+00:00\",\"dateModified\":\"2024-11-26T09:21:29+00:00\",\"breadcrumb\":{\"@id\":\"https:\/\/sp-dz.com\/produit\/kimono-s-oliver\/#breadcrumb\"},\"inLanguage\":\"ar\",\"potentialAction\":[{\"@type\":\"ReadAction\",\"target\":[\"https:\/\/sp-dz.com\/produit\/kimono-s-oliver\/\"]}]},{\"@type\":\"ImageObject\",\"inLanguage\":\"ar\",\"@id\":\"https:\/\/sp-dz.com\/produit\/kimono-s-oliver\/#primaryimage\",\"url\":\"https:\/\/sp-dz.com\/wp-content\/uploads\/2024\/09\/1-63.jpg\",\"contentUrl\":\"https:\/\/sp-dz.com\/wp-content\/uploads\/2024\/09\/1-63.jpg\",\"width\":1166,\"height\":1400},{\"@type\":\"BreadcrumbList\",\"@id\":\"https:\/\/sp-dz.com\/produit\/kimono-s-oliver\/#breadcrumb\",\"itemListElement\":[{\"@type\":\"ListItem\",\"position\":1,\"name\":\"Accueil\",\"item\":\"https:\/\/sp-dz.com\/fr\/\"},{\"@type\":\"ListItem\",\"position\":2,\"name\":\"Boutique\",\"item\":\"https:\/\/sp-dz.com\/fr\/boutique\/\"},{\"@type\":\"ListItem\",\"position\":3,\"name\":\"Kimono S.Oliver\"}]},{\"@type\":\"WebSite\",\"@id\":\"https:\/\/sp-dz.com\/fr\/#website\",\"url\":\"https:\/\/sp-dz.com\/fr\/\",\"name\":\"S\u00e9lection Priv\u00e9e\",\"description\":\"Only for Members\",\"potentialAction\":[{\"@type\":\"SearchAction\",\"target\":{\"@type\":\"EntryPoint\",\"urlTemplate\":\"https:\/\/sp-dz.com\/fr\/?s={search_term_string}\"},\"query-input\":{\"@type\":\"PropertyValueSpecification\",\"valueRequired\":true,\"valueName\":\"search_term_string\"}}],\"inLanguage\":\"ar\"}]}<\/script>\n<!-- \/ Yoast SEO plugin. -->","yoast_head_json":{"title":"Kimono S.Oliver - S\u00e9lection Priv\u00e9e","robots":{"index":"index","follow":"follow","max-snippet":"max-snippet:-1","max-image-preview":"max-image-preview:large","max-video-preview":"max-video-preview:-1"},"canonical":"https:\/\/sp-dz.com\/ar\/product\/kimono-s-oliver\/","og_locale":"ar_AR","og_type":"article","og_title":"Kimono S.Oliver - S\u00e9lection Priv\u00e9e","og_description":"Kimono fluide, confectionn\u00e9 dans un voile l\u00e9ger et fluide, offre une sensation de confort et de libert\u00e9 gr\u00e2ce \u00e0 sa coupe d\u00e9licate. L'\u00e9l\u00e9gante ouverture lat\u00e9rale ajoute un d\u00e9tail raffin\u00e9 qui laisse entrevoir une touche de modernit\u00e9 tout en apportant de la fluidit\u00e9 au mouvement. Il se ferme \u00e0 l'avant \u00e0 l'aide d'un cordon ajustable, permettant de personnaliser la coupe et d'assurer un maintien confortable. Ce kimono est parfait pour un look d\u00e9contract\u00e9 et chic, id\u00e9al \u00e0 superposer sur un maillot de bain, une robe ou m\u00eame un simple t-shirt\/jean, pour ajouter une touche d'\u00e9l\u00e9gance subtile \u00e0 n'importe quelle tenue.","og_url":"https:\/\/sp-dz.com\/ar\/product\/kimono-s-oliver\/","og_site_name":"S\u00e9lection Priv\u00e9e","article_modified_time":"2024-11-26T09:21:29+00:00","og_image":[{"width":1166,"height":1400,"url":"https:\/\/sp-dz.com\/wp-content\/uploads\/2024\/09\/1-63.jpg","type":"image\/jpeg"}],"twitter_card":"summary_large_image","twitter_misc":{"\u0648\u0642\u062a \u0627\u0644\u0642\u0631\u0627\u0621\u0629 \u0627\u0644\u0645\u064f\u0642\u062f\u0651\u0631":"\u062f\u0642\u064a\u0642\u0629 \u0648\u0627\u062d\u062f\u0629"},"schema":{"@context":"https:\/\/schema.org","@graph":[{"@type":"WebPage","@id":"https:\/\/sp-dz.com\/produit\/kimono-s-oliver\/","url":"https:\/\/sp-dz.com\/produit\/kimono-s-oliver\/","name":"Kimono S.Oliver - S\u00e9lection Priv\u00e9e","isPartOf":{"@id":"https:\/\/sp-dz.com\/fr\/#website"},"primaryImageOfPage":{"@id":"https:\/\/sp-dz.com\/produit\/kimono-s-oliver\/#primaryimage"},"image":{"@id":"https:\/\/sp-dz.com\/produit\/kimono-s-oliver\/#primaryimage"},"thumbnailUrl":"https:\/\/sp-dz.com\/wp-content\/uploads\/2024\/09\/1-63.jpg","datePublished":"2024-09-16T20:48:28+00:00","dateModified":"2024-11-26T09:21:29+00:00","breadcrumb":{"@id":"https:\/\/sp-dz.com\/produit\/kimono-s-oliver\/#breadcrumb"},"inLanguage":"ar","potentialAction":[{"@type":"ReadAction","target":["https:\/\/sp-dz.com\/produit\/kimono-s-oliver\/"]}]},{"@type":"ImageObject","inLanguage":"ar","@id":"https:\/\/sp-dz.com\/produit\/kimono-s-oliver\/#primaryimage","url":"https:\/\/sp-dz.com\/wp-content\/uploads\/2024\/09\/1-63.jpg","contentUrl":"https:\/\/sp-dz.com\/wp-content\/uploads\/2024\/09\/1-63.jpg","width":1166,"height":1400},{"@type":"BreadcrumbList","@id":"https:\/\/sp-dz.com\/produit\/kimono-s-oliver\/#breadcrumb","itemListElement":[{"@type":"ListItem","position":1,"name":"Accueil","item":"https:\/\/sp-dz.com\/fr\/"},{"@type":"ListItem","position":2,"name":"Boutique","item":"https:\/\/sp-dz.com\/fr\/boutique\/"},{"@type":"ListItem","position":3,"name":"Kimono S.Oliver"}]},{"@type":"WebSite","@id":"https:\/\/sp-dz.com\/fr\/#website","url":"https:\/\/sp-dz.com\/fr\/","name":"S\u00e9lection Priv\u00e9e","description":"Only for Members","potentialAction":[{"@type":"SearchAction","target":{"@type":"EntryPoint","urlTemplate":"https:\/\/sp-dz.com\/fr\/?s={search_term_string}"},"query-input":{"@type":"PropertyValueSpecification","valueRequired":true,"valueName":"search_term_string"}}],"inLanguage":"ar"}]}},"_links":{"self":[{"href":"https:\/\/sp-dz.com\/ar\/wp-json\/wp\/v2\/product\/13218","targetHints":{"allow":["GET"]}}],"collection":[{"href":"https:\/\/sp-dz.com\/ar\/wp-json\/wp\/v2\/product"}],"about":[{"href":"https:\/\/sp-dz.com\/ar\/wp-json\/wp\/v2\/types\/product"}],"version-history":[{"count":3,"href":"https:\/\/sp-dz.com\/ar\/wp-json\/wp\/v2\/product\/13218\/revisions"}],"predecessor-version":[{"id":13403,"href":"https:\/\/sp-dz.com\/ar\/wp-json\/wp\/v2\/product\/13218\/revisions\/13403"}],"wp:featuredmedia":[{"embeddable":true,"href":"https:\/\/sp-dz.com\/ar\/wp-json\/wp\/v2\/media\/13219"}],"wp:attachment":[{"href":"https:\/\/sp-dz.com\/ar\/wp-json\/wp\/v2\/media?parent=13218"}],"wp:term":[{"taxonomy":"product_brand","embeddable":true,"href":"https:\/\/sp-dz.com\/ar\/wp-json\/wp\/v2\/product_brand?post=13218"},{"taxonomy":"product_cat","embeddable":true,"href":"https:\/\/sp-dz.com\/ar\/wp-json\/wp\/v2\/product_cat?post=13218"},{"taxonomy":"product_tag","embeddable":true,"href":"https:\/\/sp-dz.com\/ar\/wp-json\/wp\/v2\/product_tag?post=13218"}],"curies":[{"name":"wp","href":"https:\/\/api.w.org\/{rel}","templated":true}]}}