{"id":13213,"date":"2024-09-16T21:37:38","date_gmt":"2024-09-16T20:37:38","guid":{"rendered":"https:\/\/sp.com.dz\/?post_type=product&#038;p=13213"},"modified":"2024-11-26T10:24:21","modified_gmt":"2024-11-26T09:24:21","slug":"jean-wide-high-hm","status":"publish","type":"product","link":"https:\/\/sp-dz.com\/ar\/product\/jean-wide-high-hm\/","title":{"rendered":"Jean Wide High H&#038;M"},"content":{"rendered":"<h3 class=\"text-s product-popup-subtitle\">Caract\u00e9ristiques de base<\/h3>\n<p>Jean en denim de coton \u00e9pais allie solidit\u00e9 et confort, offrant une coupe \u00e0 la fois moderne et intemporelle. Sa taille haute met en valeur la silhouette tout en garantissant un maintien optimal, tandis que les jambes droites et larges cr\u00e9ent un look fluide et d\u00e9contract\u00e9. Les cinq poches classiques ajoutent \u00e0 la fois fonctionnalit\u00e9 et un esprit utilitaire \u00e0 ce mod\u00e8le. Parfait pour un style \u00e0 la fois tendance et confortable, ce jean se porte facilement au quotidien et s\u2019associe aussi bien \u00e0 des hauts casuals qu\u2019\u00e0 des pi\u00e8ces plus habill\u00e9es pour un look versatile et styl\u00e9.<\/p>\n<h3 class=\"text-s product-popup-subtitle\">Composition<\/h3>\n<p>100% Coton<\/p>\n<h3 class=\"text-s product-popup-subtitle\">Code produit<\/h3>\n<p>R76H26GI<\/p>\n<h3 class=\"text-s product-popup-subtitle\">Entretien<\/h3>\n<p>Lavage en machine \u00e0 une temp\u00e9rature maximale de 30\u00b0C.<\/p>","protected":false},"excerpt":{"rendered":"<p>Jean en denim de coton \u00e9pais allie solidit\u00e9 et confort, offrant une coupe \u00e0 la fois moderne et intemporelle. Sa taille haute met en valeur la silhouette tout en garantissant un maintien optimal, tandis que les jambes droites et larges cr\u00e9ent un look fluide et d\u00e9contract\u00e9. Les cinq poches classiques ajoutent \u00e0 la fois fonctionnalit\u00e9 et un esprit utilitaire \u00e0 ce mod\u00e8le. Parfait pour un style \u00e0 la fois tendance et confortable, ce jean se porte facilement au quotidien et s\u2019associe aussi bien \u00e0 des hauts casuals qu\u2019\u00e0 des pi\u00e8ces plus habill\u00e9es pour un look versatile et styl\u00e9.<\/p>","protected":false},"featured_media":13214,"template":"","meta":[],"product_brand":[],"product_cat":[80,30],"product_tag":[],"class_list":{"0":"post-13213","1":"product","2":"type-product","3":"status-publish","4":"has-post-thumbnail","6":"product_cat-jean","7":"product_cat-femme","9":"first","10":"instock","11":"shipping-taxable","12":"purchasable","13":"product-type-simple"},"yoast_head":"<!-- This site is optimized with the Yoast SEO plugin v26.9 - https:\/\/yoast.com\/product\/yoast-seo-wordpress\/ -->\n<title>Jean Wide High H&amp;M - S\u00e9lection Priv\u00e9e<\/title>\n<meta name=\"robots\" content=\"index, follow, max-snippet:-1, max-image-preview:large, max-video-preview:-1\" \/>\n<link rel=\"canonical\" href=\"https:\/\/sp-dz.com\/ar\/product\/jean-wide-high-hm\/\" \/>\n<meta property=\"og:locale\" content=\"ar_AR\" \/>\n<meta property=\"og:type\" content=\"article\" \/>\n<meta property=\"og:title\" content=\"Jean Wide High H&amp;M - S\u00e9lection Priv\u00e9e\" \/>\n<meta property=\"og:description\" content=\"Jean en denim de coton \u00e9pais allie solidit\u00e9 et confort, offrant une coupe \u00e0 la fois moderne et intemporelle. Sa taille haute met en valeur la silhouette tout en garantissant un maintien optimal, tandis que les jambes droites et larges cr\u00e9ent un look fluide et d\u00e9contract\u00e9. Les cinq poches classiques ajoutent \u00e0 la fois fonctionnalit\u00e9 et un esprit utilitaire \u00e0 ce mod\u00e8le. Parfait pour un style \u00e0 la fois tendance et confortable, ce jean se porte facilement au quotidien et s\u2019associe aussi bien \u00e0 des hauts casuals qu\u2019\u00e0 des pi\u00e8ces plus habill\u00e9es pour un look versatile et styl\u00e9.\" \/>\n<meta property=\"og:url\" content=\"https:\/\/sp-dz.com\/ar\/product\/jean-wide-high-hm\/\" \/>\n<meta property=\"og:site_name\" content=\"S\u00e9lection Priv\u00e9e\" \/>\n<meta property=\"article:modified_time\" content=\"2024-11-26T09:24:21+00:00\" \/>\n<meta property=\"og:image\" content=\"https:\/\/sp-dz.com\/wp-content\/uploads\/2024\/09\/35.jpg\" \/>\n\t<meta property=\"og:image:width\" content=\"1920\" \/>\n\t<meta property=\"og:image:height\" content=\"2304\" \/>\n\t<meta property=\"og:image:type\" content=\"image\/jpeg\" \/>\n<meta name=\"twitter:card\" content=\"summary_large_image\" \/>\n<meta name=\"twitter:label1\" content=\"\u0648\u0642\u062a \u0627\u0644\u0642\u0631\u0627\u0621\u0629 \u0627\u0644\u0645\u064f\u0642\u062f\u0651\u0631\" \/>\n\t<meta name=\"twitter:data1\" content=\"\u062f\u0642\u064a\u0642\u0629 \u0648\u0627\u062d\u062f\u0629\" \/>\n<script type=\"application\/ld+json\" class=\"yoast-schema-graph\">{\"@context\":\"https:\/\/schema.org\",\"@graph\":[{\"@type\":\"WebPage\",\"@id\":\"https:\/\/sp-dz.com\/produit\/jean-wide-high-hm\/\",\"url\":\"https:\/\/sp-dz.com\/produit\/jean-wide-high-hm\/\",\"name\":\"Jean Wide High H&M - S\u00e9lection Priv\u00e9e\",\"isPartOf\":{\"@id\":\"https:\/\/sp-dz.com\/fr\/#website\"},\"primaryImageOfPage\":{\"@id\":\"https:\/\/sp-dz.com\/produit\/jean-wide-high-hm\/#primaryimage\"},\"image\":{\"@id\":\"https:\/\/sp-dz.com\/produit\/jean-wide-high-hm\/#primaryimage\"},\"thumbnailUrl\":\"https:\/\/sp-dz.com\/wp-content\/uploads\/2024\/09\/35.jpg\",\"datePublished\":\"2024-09-16T20:37:38+00:00\",\"dateModified\":\"2024-11-26T09:24:21+00:00\",\"breadcrumb\":{\"@id\":\"https:\/\/sp-dz.com\/produit\/jean-wide-high-hm\/#breadcrumb\"},\"inLanguage\":\"ar\",\"potentialAction\":[{\"@type\":\"ReadAction\",\"target\":[\"https:\/\/sp-dz.com\/produit\/jean-wide-high-hm\/\"]}]},{\"@type\":\"ImageObject\",\"inLanguage\":\"ar\",\"@id\":\"https:\/\/sp-dz.com\/produit\/jean-wide-high-hm\/#primaryimage\",\"url\":\"https:\/\/sp-dz.com\/wp-content\/uploads\/2024\/09\/35.jpg\",\"contentUrl\":\"https:\/\/sp-dz.com\/wp-content\/uploads\/2024\/09\/35.jpg\",\"width\":1920,\"height\":2304},{\"@type\":\"BreadcrumbList\",\"@id\":\"https:\/\/sp-dz.com\/produit\/jean-wide-high-hm\/#breadcrumb\",\"itemListElement\":[{\"@type\":\"ListItem\",\"position\":1,\"name\":\"Accueil\",\"item\":\"https:\/\/sp-dz.com\/fr\/\"},{\"@type\":\"ListItem\",\"position\":2,\"name\":\"Boutique\",\"item\":\"https:\/\/sp-dz.com\/fr\/boutique\/\"},{\"@type\":\"ListItem\",\"position\":3,\"name\":\"Jean Wide High H&#038;M\"}]},{\"@type\":\"WebSite\",\"@id\":\"https:\/\/sp-dz.com\/fr\/#website\",\"url\":\"https:\/\/sp-dz.com\/fr\/\",\"name\":\"S\u00e9lection Priv\u00e9e\",\"description\":\"Only for Members\",\"potentialAction\":[{\"@type\":\"SearchAction\",\"target\":{\"@type\":\"EntryPoint\",\"urlTemplate\":\"https:\/\/sp-dz.com\/fr\/?s={search_term_string}\"},\"query-input\":{\"@type\":\"PropertyValueSpecification\",\"valueRequired\":true,\"valueName\":\"search_term_string\"}}],\"inLanguage\":\"ar\"}]}<\/script>\n<!-- \/ Yoast SEO plugin. -->","yoast_head_json":{"title":"Jean Wide High H&M - S\u00e9lection Priv\u00e9e","robots":{"index":"index","follow":"follow","max-snippet":"max-snippet:-1","max-image-preview":"max-image-preview:large","max-video-preview":"max-video-preview:-1"},"canonical":"https:\/\/sp-dz.com\/ar\/product\/jean-wide-high-hm\/","og_locale":"ar_AR","og_type":"article","og_title":"Jean Wide High H&M - S\u00e9lection Priv\u00e9e","og_description":"Jean en denim de coton \u00e9pais allie solidit\u00e9 et confort, offrant une coupe \u00e0 la fois moderne et intemporelle. Sa taille haute met en valeur la silhouette tout en garantissant un maintien optimal, tandis que les jambes droites et larges cr\u00e9ent un look fluide et d\u00e9contract\u00e9. Les cinq poches classiques ajoutent \u00e0 la fois fonctionnalit\u00e9 et un esprit utilitaire \u00e0 ce mod\u00e8le. Parfait pour un style \u00e0 la fois tendance et confortable, ce jean se porte facilement au quotidien et s\u2019associe aussi bien \u00e0 des hauts casuals qu\u2019\u00e0 des pi\u00e8ces plus habill\u00e9es pour un look versatile et styl\u00e9.","og_url":"https:\/\/sp-dz.com\/ar\/product\/jean-wide-high-hm\/","og_site_name":"S\u00e9lection Priv\u00e9e","article_modified_time":"2024-11-26T09:24:21+00:00","og_image":[{"width":1920,"height":2304,"url":"https:\/\/sp-dz.com\/wp-content\/uploads\/2024\/09\/35.jpg","type":"image\/jpeg"}],"twitter_card":"summary_large_image","twitter_misc":{"\u0648\u0642\u062a \u0627\u0644\u0642\u0631\u0627\u0621\u0629 \u0627\u0644\u0645\u064f\u0642\u062f\u0651\u0631":"\u062f\u0642\u064a\u0642\u0629 \u0648\u0627\u062d\u062f\u0629"},"schema":{"@context":"https:\/\/schema.org","@graph":[{"@type":"WebPage","@id":"https:\/\/sp-dz.com\/produit\/jean-wide-high-hm\/","url":"https:\/\/sp-dz.com\/produit\/jean-wide-high-hm\/","name":"Jean Wide High H&M - S\u00e9lection Priv\u00e9e","isPartOf":{"@id":"https:\/\/sp-dz.com\/fr\/#website"},"primaryImageOfPage":{"@id":"https:\/\/sp-dz.com\/produit\/jean-wide-high-hm\/#primaryimage"},"image":{"@id":"https:\/\/sp-dz.com\/produit\/jean-wide-high-hm\/#primaryimage"},"thumbnailUrl":"https:\/\/sp-dz.com\/wp-content\/uploads\/2024\/09\/35.jpg","datePublished":"2024-09-16T20:37:38+00:00","dateModified":"2024-11-26T09:24:21+00:00","breadcrumb":{"@id":"https:\/\/sp-dz.com\/produit\/jean-wide-high-hm\/#breadcrumb"},"inLanguage":"ar","potentialAction":[{"@type":"ReadAction","target":["https:\/\/sp-dz.com\/produit\/jean-wide-high-hm\/"]}]},{"@type":"ImageObject","inLanguage":"ar","@id":"https:\/\/sp-dz.com\/produit\/jean-wide-high-hm\/#primaryimage","url":"https:\/\/sp-dz.com\/wp-content\/uploads\/2024\/09\/35.jpg","contentUrl":"https:\/\/sp-dz.com\/wp-content\/uploads\/2024\/09\/35.jpg","width":1920,"height":2304},{"@type":"BreadcrumbList","@id":"https:\/\/sp-dz.com\/produit\/jean-wide-high-hm\/#breadcrumb","itemListElement":[{"@type":"ListItem","position":1,"name":"Accueil","item":"https:\/\/sp-dz.com\/fr\/"},{"@type":"ListItem","position":2,"name":"Boutique","item":"https:\/\/sp-dz.com\/fr\/boutique\/"},{"@type":"ListItem","position":3,"name":"Jean Wide High H&#038;M"}]},{"@type":"WebSite","@id":"https:\/\/sp-dz.com\/fr\/#website","url":"https:\/\/sp-dz.com\/fr\/","name":"S\u00e9lection Priv\u00e9e","description":"Only for Members","potentialAction":[{"@type":"SearchAction","target":{"@type":"EntryPoint","urlTemplate":"https:\/\/sp-dz.com\/fr\/?s={search_term_string}"},"query-input":{"@type":"PropertyValueSpecification","valueRequired":true,"valueName":"search_term_string"}}],"inLanguage":"ar"}]}},"_links":{"self":[{"href":"https:\/\/sp-dz.com\/ar\/wp-json\/wp\/v2\/product\/13213","targetHints":{"allow":["GET"]}}],"collection":[{"href":"https:\/\/sp-dz.com\/ar\/wp-json\/wp\/v2\/product"}],"about":[{"href":"https:\/\/sp-dz.com\/ar\/wp-json\/wp\/v2\/types\/product"}],"version-history":[{"count":3,"href":"https:\/\/sp-dz.com\/ar\/wp-json\/wp\/v2\/product\/13213\/revisions"}],"predecessor-version":[{"id":14323,"href":"https:\/\/sp-dz.com\/ar\/wp-json\/wp\/v2\/product\/13213\/revisions\/14323"}],"wp:featuredmedia":[{"embeddable":true,"href":"https:\/\/sp-dz.com\/ar\/wp-json\/wp\/v2\/media\/13214"}],"wp:attachment":[{"href":"https:\/\/sp-dz.com\/ar\/wp-json\/wp\/v2\/media?parent=13213"}],"wp:term":[{"taxonomy":"product_brand","embeddable":true,"href":"https:\/\/sp-dz.com\/ar\/wp-json\/wp\/v2\/product_brand?post=13213"},{"taxonomy":"product_cat","embeddable":true,"href":"https:\/\/sp-dz.com\/ar\/wp-json\/wp\/v2\/product_cat?post=13213"},{"taxonomy":"product_tag","embeddable":true,"href":"https:\/\/sp-dz.com\/ar\/wp-json\/wp\/v2\/product_tag?post=13213"}],"curies":[{"name":"wp","href":"https:\/\/api.w.org\/{rel}","templated":true}]}}