{"id":13199,"date":"2024-09-16T21:20:18","date_gmt":"2024-09-16T20:20:18","guid":{"rendered":"https:\/\/sp.com.dz\/?post_type=product&#038;p=13199"},"modified":"2024-11-26T10:26:25","modified_gmt":"2024-11-26T09:26:25","slug":"blouse-a-fleurs-s-oliver","status":"publish","type":"product","link":"https:\/\/sp-dz.com\/ar\/product\/blouse-a-fleurs-s-oliver\/","title":{"rendered":"Blouse \u00e0 fleurs S.Oliver"},"content":{"rendered":"<h3 class=\"text-s product-popup-subtitle\">Caract\u00e9ristiques de base<\/h3>\n<p>Blouse fleurie incarne la l\u00e9g\u00e8ret\u00e9 et le raffinement. Son imprim\u00e9 floral d\u00e9licat apporte une touche de fra\u00eecheur et de f\u00e9minit\u00e9, tandis que les manches courtes offrent confort et fluidit\u00e9. Le col en dentelle, \u00e9l\u00e9gant et raffin\u00e9, ajoute une dimension sophistiqu\u00e9e \u00e0 cette pi\u00e8ce, soulignant son caract\u00e8re tout en douceur. La fermeture \u00e0 nouer \u00e0 l&rsquo;avant apporte une finition d\u00e9licate et personnalisable, permettant d&rsquo;ajuster la blouse \u00e0 la silhouette. Parfaite pour un look \u00e0 la fois romantique et moderne, cette blouse s&rsquo;associe facilement \u00e0 des jeans, jupes ou pantalons pour une tenue l\u00e9g\u00e8re et \u00e9l\u00e9gante en toutes occasions.<\/p>\n<h3 class=\"text-s product-popup-subtitle\">Composition<\/h3>\n<p>100% Viscose<\/p>\n<h3 class=\"text-s product-popup-subtitle\">Code produit<\/h3>\n<p>2Z846EE1<\/p>\n<h3 class=\"text-s product-popup-subtitle\">Entretien<\/h3>\n<p>Lavage en machine \u00e0 une temp\u00e9rature maximale de 30\u00b0C.<\/p>","protected":false},"excerpt":{"rendered":"<p>Blouse fleurie incarne la l\u00e9g\u00e8ret\u00e9 et le raffinement. Son imprim\u00e9 floral d\u00e9licat apporte une touche de fra\u00eecheur et de f\u00e9minit\u00e9, tandis que les manches courtes offrent confort et fluidit\u00e9. Le col en dentelle, \u00e9l\u00e9gant et raffin\u00e9, ajoute une dimension sophistiqu\u00e9e \u00e0 cette pi\u00e8ce, soulignant son caract\u00e8re tout en douceur. La fermeture \u00e0 nouer \u00e0 l&rsquo;avant apporte une finition d\u00e9licate et personnalisable, permettant d&rsquo;ajuster la blouse \u00e0 la silhouette. Parfaite pour un look \u00e0 la fois romantique et moderne, cette blouse s&rsquo;associe facilement \u00e0 des jeans, jupes ou pantalons pour une tenue l\u00e9g\u00e8re et \u00e9l\u00e9gante en toutes occasions.<\/p>","protected":false},"featured_media":13204,"template":"","meta":[],"product_brand":[],"product_cat":[77,30],"product_tag":[],"class_list":{"0":"post-13199","1":"product","2":"type-product","3":"status-publish","4":"has-post-thumbnail","6":"product_cat-chemisier-blouse","7":"product_cat-femme","9":"first","10":"instock","11":"shipping-taxable","12":"purchasable","13":"product-type-variable"},"yoast_head":"<!-- This site is optimized with the Yoast SEO plugin v26.9 - https:\/\/yoast.com\/product\/yoast-seo-wordpress\/ -->\n<title>Blouse \u00e0 fleurs S.Oliver - S\u00e9lection Priv\u00e9e<\/title>\n<meta name=\"robots\" content=\"index, follow, max-snippet:-1, max-image-preview:large, max-video-preview:-1\" \/>\n<link rel=\"canonical\" href=\"https:\/\/sp-dz.com\/ar\/product\/blouse-a-fleurs-s-oliver\/\" \/>\n<meta property=\"og:locale\" content=\"ar_AR\" \/>\n<meta property=\"og:type\" content=\"article\" \/>\n<meta property=\"og:title\" content=\"Blouse \u00e0 fleurs S.Oliver - S\u00e9lection Priv\u00e9e\" \/>\n<meta property=\"og:description\" content=\"Blouse fleurie incarne la l\u00e9g\u00e8ret\u00e9 et le raffinement. Son imprim\u00e9 floral d\u00e9licat apporte une touche de fra\u00eecheur et de f\u00e9minit\u00e9, tandis que les manches courtes offrent confort et fluidit\u00e9. Le col en dentelle, \u00e9l\u00e9gant et raffin\u00e9, ajoute une dimension sophistiqu\u00e9e \u00e0 cette pi\u00e8ce, soulignant son caract\u00e8re tout en douceur. La fermeture \u00e0 nouer \u00e0 l&#039;avant apporte une finition d\u00e9licate et personnalisable, permettant d&#039;ajuster la blouse \u00e0 la silhouette. Parfaite pour un look \u00e0 la fois romantique et moderne, cette blouse s&#039;associe facilement \u00e0 des jeans, jupes ou pantalons pour une tenue l\u00e9g\u00e8re et \u00e9l\u00e9gante en toutes occasions.\" \/>\n<meta property=\"og:url\" content=\"https:\/\/sp-dz.com\/ar\/product\/blouse-a-fleurs-s-oliver\/\" \/>\n<meta property=\"og:site_name\" content=\"S\u00e9lection Priv\u00e9e\" \/>\n<meta property=\"article:modified_time\" content=\"2024-11-26T09:26:25+00:00\" \/>\n<meta property=\"og:image\" content=\"https:\/\/sp-dz.com\/wp-content\/uploads\/2024\/09\/1-61.jpg\" \/>\n\t<meta property=\"og:image:width\" content=\"1666\" \/>\n\t<meta property=\"og:image:height\" content=\"2000\" \/>\n\t<meta property=\"og:image:type\" content=\"image\/jpeg\" \/>\n<meta name=\"twitter:card\" content=\"summary_large_image\" \/>\n<meta name=\"twitter:label1\" content=\"\u0648\u0642\u062a \u0627\u0644\u0642\u0631\u0627\u0621\u0629 \u0627\u0644\u0645\u064f\u0642\u062f\u0651\u0631\" \/>\n\t<meta name=\"twitter:data1\" content=\"\u062f\u0642\u064a\u0642\u0629 \u0648\u0627\u062d\u062f\u0629\" \/>\n<script type=\"application\/ld+json\" class=\"yoast-schema-graph\">{\"@context\":\"https:\/\/schema.org\",\"@graph\":[{\"@type\":\"WebPage\",\"@id\":\"https:\/\/sp-dz.com\/produit\/blouse-a-fleurs-s-oliver\/\",\"url\":\"https:\/\/sp-dz.com\/produit\/blouse-a-fleurs-s-oliver\/\",\"name\":\"Blouse \u00e0 fleurs S.Oliver - S\u00e9lection Priv\u00e9e\",\"isPartOf\":{\"@id\":\"https:\/\/sp-dz.com\/fr\/#website\"},\"primaryImageOfPage\":{\"@id\":\"https:\/\/sp-dz.com\/produit\/blouse-a-fleurs-s-oliver\/#primaryimage\"},\"image\":{\"@id\":\"https:\/\/sp-dz.com\/produit\/blouse-a-fleurs-s-oliver\/#primaryimage\"},\"thumbnailUrl\":\"https:\/\/sp-dz.com\/wp-content\/uploads\/2024\/09\/1-61.jpg\",\"datePublished\":\"2024-09-16T20:20:18+00:00\",\"dateModified\":\"2024-11-26T09:26:25+00:00\",\"breadcrumb\":{\"@id\":\"https:\/\/sp-dz.com\/produit\/blouse-a-fleurs-s-oliver\/#breadcrumb\"},\"inLanguage\":\"ar\",\"potentialAction\":[{\"@type\":\"ReadAction\",\"target\":[\"https:\/\/sp-dz.com\/produit\/blouse-a-fleurs-s-oliver\/\"]}]},{\"@type\":\"ImageObject\",\"inLanguage\":\"ar\",\"@id\":\"https:\/\/sp-dz.com\/produit\/blouse-a-fleurs-s-oliver\/#primaryimage\",\"url\":\"https:\/\/sp-dz.com\/wp-content\/uploads\/2024\/09\/1-61.jpg\",\"contentUrl\":\"https:\/\/sp-dz.com\/wp-content\/uploads\/2024\/09\/1-61.jpg\",\"width\":1666,\"height\":2000},{\"@type\":\"BreadcrumbList\",\"@id\":\"https:\/\/sp-dz.com\/produit\/blouse-a-fleurs-s-oliver\/#breadcrumb\",\"itemListElement\":[{\"@type\":\"ListItem\",\"position\":1,\"name\":\"Accueil\",\"item\":\"https:\/\/sp-dz.com\/fr\/\"},{\"@type\":\"ListItem\",\"position\":2,\"name\":\"Boutique\",\"item\":\"https:\/\/sp-dz.com\/fr\/boutique\/\"},{\"@type\":\"ListItem\",\"position\":3,\"name\":\"Blouse \u00e0 fleurs S.Oliver\"}]},{\"@type\":\"WebSite\",\"@id\":\"https:\/\/sp-dz.com\/fr\/#website\",\"url\":\"https:\/\/sp-dz.com\/fr\/\",\"name\":\"S\u00e9lection Priv\u00e9e\",\"description\":\"Only for Members\",\"potentialAction\":[{\"@type\":\"SearchAction\",\"target\":{\"@type\":\"EntryPoint\",\"urlTemplate\":\"https:\/\/sp-dz.com\/fr\/?s={search_term_string}\"},\"query-input\":{\"@type\":\"PropertyValueSpecification\",\"valueRequired\":true,\"valueName\":\"search_term_string\"}}],\"inLanguage\":\"ar\"}]}<\/script>\n<!-- \/ Yoast SEO plugin. -->","yoast_head_json":{"title":"Blouse \u00e0 fleurs S.Oliver - S\u00e9lection Priv\u00e9e","robots":{"index":"index","follow":"follow","max-snippet":"max-snippet:-1","max-image-preview":"max-image-preview:large","max-video-preview":"max-video-preview:-1"},"canonical":"https:\/\/sp-dz.com\/ar\/product\/blouse-a-fleurs-s-oliver\/","og_locale":"ar_AR","og_type":"article","og_title":"Blouse \u00e0 fleurs S.Oliver - S\u00e9lection Priv\u00e9e","og_description":"Blouse fleurie incarne la l\u00e9g\u00e8ret\u00e9 et le raffinement. Son imprim\u00e9 floral d\u00e9licat apporte une touche de fra\u00eecheur et de f\u00e9minit\u00e9, tandis que les manches courtes offrent confort et fluidit\u00e9. Le col en dentelle, \u00e9l\u00e9gant et raffin\u00e9, ajoute une dimension sophistiqu\u00e9e \u00e0 cette pi\u00e8ce, soulignant son caract\u00e8re tout en douceur. La fermeture \u00e0 nouer \u00e0 l'avant apporte une finition d\u00e9licate et personnalisable, permettant d'ajuster la blouse \u00e0 la silhouette. Parfaite pour un look \u00e0 la fois romantique et moderne, cette blouse s'associe facilement \u00e0 des jeans, jupes ou pantalons pour une tenue l\u00e9g\u00e8re et \u00e9l\u00e9gante en toutes occasions.","og_url":"https:\/\/sp-dz.com\/ar\/product\/blouse-a-fleurs-s-oliver\/","og_site_name":"S\u00e9lection Priv\u00e9e","article_modified_time":"2024-11-26T09:26:25+00:00","og_image":[{"width":1666,"height":2000,"url":"https:\/\/sp-dz.com\/wp-content\/uploads\/2024\/09\/1-61.jpg","type":"image\/jpeg"}],"twitter_card":"summary_large_image","twitter_misc":{"\u0648\u0642\u062a \u0627\u0644\u0642\u0631\u0627\u0621\u0629 \u0627\u0644\u0645\u064f\u0642\u062f\u0651\u0631":"\u062f\u0642\u064a\u0642\u0629 \u0648\u0627\u062d\u062f\u0629"},"schema":{"@context":"https:\/\/schema.org","@graph":[{"@type":"WebPage","@id":"https:\/\/sp-dz.com\/produit\/blouse-a-fleurs-s-oliver\/","url":"https:\/\/sp-dz.com\/produit\/blouse-a-fleurs-s-oliver\/","name":"Blouse \u00e0 fleurs S.Oliver - S\u00e9lection Priv\u00e9e","isPartOf":{"@id":"https:\/\/sp-dz.com\/fr\/#website"},"primaryImageOfPage":{"@id":"https:\/\/sp-dz.com\/produit\/blouse-a-fleurs-s-oliver\/#primaryimage"},"image":{"@id":"https:\/\/sp-dz.com\/produit\/blouse-a-fleurs-s-oliver\/#primaryimage"},"thumbnailUrl":"https:\/\/sp-dz.com\/wp-content\/uploads\/2024\/09\/1-61.jpg","datePublished":"2024-09-16T20:20:18+00:00","dateModified":"2024-11-26T09:26:25+00:00","breadcrumb":{"@id":"https:\/\/sp-dz.com\/produit\/blouse-a-fleurs-s-oliver\/#breadcrumb"},"inLanguage":"ar","potentialAction":[{"@type":"ReadAction","target":["https:\/\/sp-dz.com\/produit\/blouse-a-fleurs-s-oliver\/"]}]},{"@type":"ImageObject","inLanguage":"ar","@id":"https:\/\/sp-dz.com\/produit\/blouse-a-fleurs-s-oliver\/#primaryimage","url":"https:\/\/sp-dz.com\/wp-content\/uploads\/2024\/09\/1-61.jpg","contentUrl":"https:\/\/sp-dz.com\/wp-content\/uploads\/2024\/09\/1-61.jpg","width":1666,"height":2000},{"@type":"BreadcrumbList","@id":"https:\/\/sp-dz.com\/produit\/blouse-a-fleurs-s-oliver\/#breadcrumb","itemListElement":[{"@type":"ListItem","position":1,"name":"Accueil","item":"https:\/\/sp-dz.com\/fr\/"},{"@type":"ListItem","position":2,"name":"Boutique","item":"https:\/\/sp-dz.com\/fr\/boutique\/"},{"@type":"ListItem","position":3,"name":"Blouse \u00e0 fleurs S.Oliver"}]},{"@type":"WebSite","@id":"https:\/\/sp-dz.com\/fr\/#website","url":"https:\/\/sp-dz.com\/fr\/","name":"S\u00e9lection Priv\u00e9e","description":"Only for Members","potentialAction":[{"@type":"SearchAction","target":{"@type":"EntryPoint","urlTemplate":"https:\/\/sp-dz.com\/fr\/?s={search_term_string}"},"query-input":{"@type":"PropertyValueSpecification","valueRequired":true,"valueName":"search_term_string"}}],"inLanguage":"ar"}]}},"_links":{"self":[{"href":"https:\/\/sp-dz.com\/ar\/wp-json\/wp\/v2\/product\/13199","targetHints":{"allow":["GET"]}}],"collection":[{"href":"https:\/\/sp-dz.com\/ar\/wp-json\/wp\/v2\/product"}],"about":[{"href":"https:\/\/sp-dz.com\/ar\/wp-json\/wp\/v2\/types\/product"}],"version-history":[{"count":3,"href":"https:\/\/sp-dz.com\/ar\/wp-json\/wp\/v2\/product\/13199\/revisions"}],"predecessor-version":[{"id":14325,"href":"https:\/\/sp-dz.com\/ar\/wp-json\/wp\/v2\/product\/13199\/revisions\/14325"}],"wp:featuredmedia":[{"embeddable":true,"href":"https:\/\/sp-dz.com\/ar\/wp-json\/wp\/v2\/media\/13204"}],"wp:attachment":[{"href":"https:\/\/sp-dz.com\/ar\/wp-json\/wp\/v2\/media?parent=13199"}],"wp:term":[{"taxonomy":"product_brand","embeddable":true,"href":"https:\/\/sp-dz.com\/ar\/wp-json\/wp\/v2\/product_brand?post=13199"},{"taxonomy":"product_cat","embeddable":true,"href":"https:\/\/sp-dz.com\/ar\/wp-json\/wp\/v2\/product_cat?post=13199"},{"taxonomy":"product_tag","embeddable":true,"href":"https:\/\/sp-dz.com\/ar\/wp-json\/wp\/v2\/product_tag?post=13199"}],"curies":[{"name":"wp","href":"https:\/\/api.w.org\/{rel}","templated":true}]}}