{"id":13113,"date":"2024-09-14T23:21:16","date_gmt":"2024-09-14T22:21:16","guid":{"rendered":"https:\/\/sp.com.dz\/?post_type=product&#038;p=13113"},"modified":"2024-09-18T11:01:05","modified_gmt":"2024-09-18T10:01:05","slug":"blouse-hm","status":"publish","type":"product","link":"https:\/\/sp-dz.com\/ar\/product\/blouse-hm\/","title":{"rendered":"Blouse H&#038;M"},"content":{"rendered":"<h3 class=\"text-s product-popup-subtitle\">Caract\u00e9ristiques de base<\/h3>\n<p>Blouse ample en tissu de coton l\u00e9ger, avec un petit col droit et une ouverture orn\u00e9e de liens \u00e0 nouer \u00e0 l&rsquo;avant. Des plis nervur\u00e9s d\u00e9corent le haut de la blouse, tandis qu&rsquo;un galon de pompons orne l&rsquo;encolure et le devant. Les emmanchures l\u00e9g\u00e8rement descendues et les manches courtes et amples se terminent par un bord festonn\u00e9. La blouse n&rsquo;est pas doubl\u00e9e.<\/p>\n<h3 class=\"text-s product-popup-subtitle\">Composition<\/h3>\n<p>100% Coton<\/p>\n<h3 class=\"text-s product-popup-subtitle\">Code produit<\/h3>\n<p>QH24F4F4<\/p>\n<h3 class=\"text-s product-popup-subtitle\">Entretien<\/h3>\n<p>Lavage en machine \u00e0 une temp\u00e9rature maximale de 30\u00b0C.<\/p>","protected":false},"excerpt":{"rendered":"<p>Blouse ample en tissu de coton l\u00e9ger, avec un petit col droit et une ouverture orn\u00e9e de liens \u00e0 nouer \u00e0 l&rsquo;avant. Des plis nervur\u00e9s d\u00e9corent le haut de la blouse, tandis qu&rsquo;un galon de pompons orne l&rsquo;encolure et le devant. Les emmanchures l\u00e9g\u00e8rement descendues et les manches courtes et amples se terminent par un bord festonn\u00e9. La blouse n&rsquo;est pas doubl\u00e9e.<\/p>","protected":false},"featured_media":13114,"template":"","meta":[],"product_brand":[],"product_cat":[77,30],"product_tag":[],"class_list":{"0":"post-13113","1":"product","2":"type-product","3":"status-publish","4":"has-post-thumbnail","6":"product_cat-chemisier-blouse","7":"product_cat-femme","9":"first","10":"instock","11":"shipping-taxable","12":"purchasable","13":"product-type-simple"},"yoast_head":"<!-- This site is optimized with the Yoast SEO plugin v26.9 - https:\/\/yoast.com\/product\/yoast-seo-wordpress\/ -->\n<title>Blouse H&amp;M - S\u00e9lection Priv\u00e9e<\/title>\n<meta name=\"robots\" content=\"index, follow, max-snippet:-1, max-image-preview:large, max-video-preview:-1\" \/>\n<link rel=\"canonical\" href=\"https:\/\/sp-dz.com\/ar\/product\/blouse-hm\/\" \/>\n<meta property=\"og:locale\" content=\"ar_AR\" \/>\n<meta property=\"og:type\" content=\"article\" \/>\n<meta property=\"og:title\" content=\"Blouse H&amp;M - S\u00e9lection Priv\u00e9e\" \/>\n<meta property=\"og:description\" content=\"Blouse ample en tissu de coton l\u00e9ger, avec un petit col droit et une ouverture orn\u00e9e de liens \u00e0 nouer \u00e0 l&#039;avant. Des plis nervur\u00e9s d\u00e9corent le haut de la blouse, tandis qu&#039;un galon de pompons orne l&#039;encolure et le devant. Les emmanchures l\u00e9g\u00e8rement descendues et les manches courtes et amples se terminent par un bord festonn\u00e9. La blouse n&#039;est pas doubl\u00e9e.\" \/>\n<meta property=\"og:url\" content=\"https:\/\/sp-dz.com\/ar\/product\/blouse-hm\/\" \/>\n<meta property=\"og:site_name\" content=\"S\u00e9lection Priv\u00e9e\" \/>\n<meta property=\"article:modified_time\" content=\"2024-09-18T10:01:05+00:00\" \/>\n<meta property=\"og:image\" content=\"https:\/\/sp-dz.com\/wp-content\/uploads\/2024\/09\/1-52.jpg\" \/>\n\t<meta property=\"og:image:width\" content=\"1536\" \/>\n\t<meta property=\"og:image:height\" content=\"1844\" \/>\n\t<meta property=\"og:image:type\" content=\"image\/jpeg\" \/>\n<meta name=\"twitter:card\" content=\"summary_large_image\" \/>\n<meta name=\"twitter:label1\" content=\"\u0648\u0642\u062a \u0627\u0644\u0642\u0631\u0627\u0621\u0629 \u0627\u0644\u0645\u064f\u0642\u062f\u0651\u0631\" \/>\n\t<meta name=\"twitter:data1\" content=\"\u062f\u0642\u064a\u0642\u0629 \u0648\u0627\u062d\u062f\u0629\" \/>\n<script type=\"application\/ld+json\" class=\"yoast-schema-graph\">{\"@context\":\"https:\/\/schema.org\",\"@graph\":[{\"@type\":\"WebPage\",\"@id\":\"https:\/\/sp-dz.com\/produit\/blouse-hm\/\",\"url\":\"https:\/\/sp-dz.com\/produit\/blouse-hm\/\",\"name\":\"Blouse H&M - S\u00e9lection Priv\u00e9e\",\"isPartOf\":{\"@id\":\"https:\/\/sp-dz.com\/fr\/#website\"},\"primaryImageOfPage\":{\"@id\":\"https:\/\/sp-dz.com\/produit\/blouse-hm\/#primaryimage\"},\"image\":{\"@id\":\"https:\/\/sp-dz.com\/produit\/blouse-hm\/#primaryimage\"},\"thumbnailUrl\":\"https:\/\/sp-dz.com\/wp-content\/uploads\/2024\/09\/1-52.jpg\",\"datePublished\":\"2024-09-14T22:21:16+00:00\",\"dateModified\":\"2024-09-18T10:01:05+00:00\",\"breadcrumb\":{\"@id\":\"https:\/\/sp-dz.com\/produit\/blouse-hm\/#breadcrumb\"},\"inLanguage\":\"ar\",\"potentialAction\":[{\"@type\":\"ReadAction\",\"target\":[\"https:\/\/sp-dz.com\/produit\/blouse-hm\/\"]}]},{\"@type\":\"ImageObject\",\"inLanguage\":\"ar\",\"@id\":\"https:\/\/sp-dz.com\/produit\/blouse-hm\/#primaryimage\",\"url\":\"https:\/\/sp-dz.com\/wp-content\/uploads\/2024\/09\/1-52.jpg\",\"contentUrl\":\"https:\/\/sp-dz.com\/wp-content\/uploads\/2024\/09\/1-52.jpg\",\"width\":1536,\"height\":1844},{\"@type\":\"BreadcrumbList\",\"@id\":\"https:\/\/sp-dz.com\/produit\/blouse-hm\/#breadcrumb\",\"itemListElement\":[{\"@type\":\"ListItem\",\"position\":1,\"name\":\"Accueil\",\"item\":\"https:\/\/sp-dz.com\/fr\/\"},{\"@type\":\"ListItem\",\"position\":2,\"name\":\"Boutique\",\"item\":\"https:\/\/sp-dz.com\/fr\/boutique\/\"},{\"@type\":\"ListItem\",\"position\":3,\"name\":\"Blouse H&#038;M\"}]},{\"@type\":\"WebSite\",\"@id\":\"https:\/\/sp-dz.com\/fr\/#website\",\"url\":\"https:\/\/sp-dz.com\/fr\/\",\"name\":\"S\u00e9lection Priv\u00e9e\",\"description\":\"Only for Members\",\"potentialAction\":[{\"@type\":\"SearchAction\",\"target\":{\"@type\":\"EntryPoint\",\"urlTemplate\":\"https:\/\/sp-dz.com\/fr\/?s={search_term_string}\"},\"query-input\":{\"@type\":\"PropertyValueSpecification\",\"valueRequired\":true,\"valueName\":\"search_term_string\"}}],\"inLanguage\":\"ar\"}]}<\/script>\n<!-- \/ Yoast SEO plugin. -->","yoast_head_json":{"title":"Blouse H&M - S\u00e9lection Priv\u00e9e","robots":{"index":"index","follow":"follow","max-snippet":"max-snippet:-1","max-image-preview":"max-image-preview:large","max-video-preview":"max-video-preview:-1"},"canonical":"https:\/\/sp-dz.com\/ar\/product\/blouse-hm\/","og_locale":"ar_AR","og_type":"article","og_title":"Blouse H&M - S\u00e9lection Priv\u00e9e","og_description":"Blouse ample en tissu de coton l\u00e9ger, avec un petit col droit et une ouverture orn\u00e9e de liens \u00e0 nouer \u00e0 l'avant. Des plis nervur\u00e9s d\u00e9corent le haut de la blouse, tandis qu'un galon de pompons orne l'encolure et le devant. Les emmanchures l\u00e9g\u00e8rement descendues et les manches courtes et amples se terminent par un bord festonn\u00e9. La blouse n'est pas doubl\u00e9e.","og_url":"https:\/\/sp-dz.com\/ar\/product\/blouse-hm\/","og_site_name":"S\u00e9lection Priv\u00e9e","article_modified_time":"2024-09-18T10:01:05+00:00","og_image":[{"width":1536,"height":1844,"url":"https:\/\/sp-dz.com\/wp-content\/uploads\/2024\/09\/1-52.jpg","type":"image\/jpeg"}],"twitter_card":"summary_large_image","twitter_misc":{"\u0648\u0642\u062a \u0627\u0644\u0642\u0631\u0627\u0621\u0629 \u0627\u0644\u0645\u064f\u0642\u062f\u0651\u0631":"\u062f\u0642\u064a\u0642\u0629 \u0648\u0627\u062d\u062f\u0629"},"schema":{"@context":"https:\/\/schema.org","@graph":[{"@type":"WebPage","@id":"https:\/\/sp-dz.com\/produit\/blouse-hm\/","url":"https:\/\/sp-dz.com\/produit\/blouse-hm\/","name":"Blouse H&M - S\u00e9lection Priv\u00e9e","isPartOf":{"@id":"https:\/\/sp-dz.com\/fr\/#website"},"primaryImageOfPage":{"@id":"https:\/\/sp-dz.com\/produit\/blouse-hm\/#primaryimage"},"image":{"@id":"https:\/\/sp-dz.com\/produit\/blouse-hm\/#primaryimage"},"thumbnailUrl":"https:\/\/sp-dz.com\/wp-content\/uploads\/2024\/09\/1-52.jpg","datePublished":"2024-09-14T22:21:16+00:00","dateModified":"2024-09-18T10:01:05+00:00","breadcrumb":{"@id":"https:\/\/sp-dz.com\/produit\/blouse-hm\/#breadcrumb"},"inLanguage":"ar","potentialAction":[{"@type":"ReadAction","target":["https:\/\/sp-dz.com\/produit\/blouse-hm\/"]}]},{"@type":"ImageObject","inLanguage":"ar","@id":"https:\/\/sp-dz.com\/produit\/blouse-hm\/#primaryimage","url":"https:\/\/sp-dz.com\/wp-content\/uploads\/2024\/09\/1-52.jpg","contentUrl":"https:\/\/sp-dz.com\/wp-content\/uploads\/2024\/09\/1-52.jpg","width":1536,"height":1844},{"@type":"BreadcrumbList","@id":"https:\/\/sp-dz.com\/produit\/blouse-hm\/#breadcrumb","itemListElement":[{"@type":"ListItem","position":1,"name":"Accueil","item":"https:\/\/sp-dz.com\/fr\/"},{"@type":"ListItem","position":2,"name":"Boutique","item":"https:\/\/sp-dz.com\/fr\/boutique\/"},{"@type":"ListItem","position":3,"name":"Blouse H&#038;M"}]},{"@type":"WebSite","@id":"https:\/\/sp-dz.com\/fr\/#website","url":"https:\/\/sp-dz.com\/fr\/","name":"S\u00e9lection Priv\u00e9e","description":"Only for Members","potentialAction":[{"@type":"SearchAction","target":{"@type":"EntryPoint","urlTemplate":"https:\/\/sp-dz.com\/fr\/?s={search_term_string}"},"query-input":{"@type":"PropertyValueSpecification","valueRequired":true,"valueName":"search_term_string"}}],"inLanguage":"ar"}]}},"_links":{"self":[{"href":"https:\/\/sp-dz.com\/ar\/wp-json\/wp\/v2\/product\/13113","targetHints":{"allow":["GET"]}}],"collection":[{"href":"https:\/\/sp-dz.com\/ar\/wp-json\/wp\/v2\/product"}],"about":[{"href":"https:\/\/sp-dz.com\/ar\/wp-json\/wp\/v2\/types\/product"}],"version-history":[{"count":4,"href":"https:\/\/sp-dz.com\/ar\/wp-json\/wp\/v2\/product\/13113\/revisions"}],"predecessor-version":[{"id":13247,"href":"https:\/\/sp-dz.com\/ar\/wp-json\/wp\/v2\/product\/13113\/revisions\/13247"}],"wp:featuredmedia":[{"embeddable":true,"href":"https:\/\/sp-dz.com\/ar\/wp-json\/wp\/v2\/media\/13114"}],"wp:attachment":[{"href":"https:\/\/sp-dz.com\/ar\/wp-json\/wp\/v2\/media?parent=13113"}],"wp:term":[{"taxonomy":"product_brand","embeddable":true,"href":"https:\/\/sp-dz.com\/ar\/wp-json\/wp\/v2\/product_brand?post=13113"},{"taxonomy":"product_cat","embeddable":true,"href":"https:\/\/sp-dz.com\/ar\/wp-json\/wp\/v2\/product_cat?post=13113"},{"taxonomy":"product_tag","embeddable":true,"href":"https:\/\/sp-dz.com\/ar\/wp-json\/wp\/v2\/product_tag?post=13113"}],"curies":[{"name":"wp","href":"https:\/\/api.w.org\/{rel}","templated":true}]}}