{"id":12730,"date":"2024-09-11T22:46:34","date_gmt":"2024-09-11T21:46:34","guid":{"rendered":"https:\/\/sp.com.dz\/?post_type=product&#038;p=12730"},"modified":"2024-11-18T15:52:31","modified_gmt":"2024-11-18T14:52:31","slug":"olimpica-sols","status":"publish","type":"product","link":"https:\/\/sp-dz.com\/ar\/product\/olimpica-sols\/","title":{"rendered":"Olimpico Sol&rsquo;s"},"content":{"rendered":"<h3 class=\"text-s product-popup-subtitle\">Caract\u00e9ristiques de base<\/h3>\n<p>Short contrast\u00e9 avec ceinture \u00e9lastiqu\u00e9e, \u00e9quip\u00e9 d&rsquo;un cordon de serrage pour un ajustement personnalis\u00e9. Ce mod\u00e8le se distingue par des empi\u00e8cements en mesh contrast\u00e9s sur les c\u00f4t\u00e9s, apportant une touche de style et de respirabilit\u00e9.<\/p>\n<p>*Photo non contractuelle<\/p>\n<h3 class=\"text-s product-popup-subtitle\">Composition<\/h3>\n<p>100% Polyester effet respirant<\/p>\n<h3 class=\"text-s product-popup-subtitle\">Code produit<\/h3>\n<p>4ES694FY<\/p>\n<h3 class=\"text-s product-popup-subtitle\">Entretien<\/h3>\n<p>Lavage en machine \u00e0 une temp\u00e9rature maximale de 40\u00b0C.<\/p>","protected":false},"excerpt":{"rendered":"<p>Short contrast\u00e9 avec ceinture \u00e9lastiqu\u00e9e, \u00e9quip\u00e9 d&rsquo;un cordon de serrage pour un ajustement personnalis\u00e9. Ce mod\u00e8le se distingue par des empi\u00e8cements en mesh contrast\u00e9s sur les c\u00f4t\u00e9s, apportant une touche de style et de respirabilit\u00e9.<\/p>","protected":false},"featured_media":12745,"template":"","meta":[],"product_brand":[],"product_cat":[100,22,34],"product_tag":[],"class_list":{"0":"post-12730","1":"product","2":"type-product","3":"status-publish","4":"has-post-thumbnail","6":"product_cat-pantacourt-short-bermuda","7":"product_cat-homme","8":"product_cat-sport","10":"first","11":"instock","12":"shipping-taxable","13":"purchasable","14":"product-type-variable","15":"has-default-attributes"},"yoast_head":"<!-- This site is optimized with the Yoast SEO plugin v26.9 - https:\/\/yoast.com\/product\/yoast-seo-wordpress\/ -->\n<title>Olimpico Sol&#039;s - S\u00e9lection Priv\u00e9e<\/title>\n<meta name=\"robots\" content=\"index, follow, max-snippet:-1, max-image-preview:large, max-video-preview:-1\" \/>\n<link rel=\"canonical\" href=\"https:\/\/sp-dz.com\/ar\/product\/olimpica-sols\/\" \/>\n<meta property=\"og:locale\" content=\"ar_AR\" \/>\n<meta property=\"og:type\" content=\"article\" \/>\n<meta property=\"og:title\" content=\"Olimpico Sol&#039;s - S\u00e9lection Priv\u00e9e\" \/>\n<meta property=\"og:description\" content=\"Short contrast\u00e9 avec ceinture \u00e9lastiqu\u00e9e, \u00e9quip\u00e9 d&#039;un cordon de serrage pour un ajustement personnalis\u00e9. Ce mod\u00e8le se distingue par des empi\u00e8cements en mesh contrast\u00e9s sur les c\u00f4t\u00e9s, apportant une touche de style et de respirabilit\u00e9.\" \/>\n<meta property=\"og:url\" content=\"https:\/\/sp-dz.com\/ar\/product\/olimpica-sols\/\" \/>\n<meta property=\"og:site_name\" content=\"S\u00e9lection Priv\u00e9e\" \/>\n<meta property=\"article:modified_time\" content=\"2024-11-18T14:52:31+00:00\" \/>\n<meta property=\"og:image\" content=\"https:\/\/sp-dz.com\/wp-content\/uploads\/2024\/09\/1-16.jpg\" \/>\n\t<meta property=\"og:image:width\" content=\"1828\" \/>\n\t<meta property=\"og:image:height\" content=\"2194\" \/>\n\t<meta property=\"og:image:type\" content=\"image\/jpeg\" \/>\n<meta name=\"twitter:card\" content=\"summary_large_image\" \/>\n<meta name=\"twitter:label1\" content=\"\u0648\u0642\u062a \u0627\u0644\u0642\u0631\u0627\u0621\u0629 \u0627\u0644\u0645\u064f\u0642\u062f\u0651\u0631\" \/>\n\t<meta name=\"twitter:data1\" content=\"\u062f\u0642\u064a\u0642\u0629 \u0648\u0627\u062d\u062f\u0629\" \/>\n<script type=\"application\/ld+json\" class=\"yoast-schema-graph\">{\"@context\":\"https:\/\/schema.org\",\"@graph\":[{\"@type\":\"WebPage\",\"@id\":\"https:\/\/sp-dz.com\/produit\/olimpica-sols\/\",\"url\":\"https:\/\/sp-dz.com\/produit\/olimpica-sols\/\",\"name\":\"Olimpico Sol's - S\u00e9lection Priv\u00e9e\",\"isPartOf\":{\"@id\":\"https:\/\/sp-dz.com\/fr\/#website\"},\"primaryImageOfPage\":{\"@id\":\"https:\/\/sp-dz.com\/produit\/olimpica-sols\/#primaryimage\"},\"image\":{\"@id\":\"https:\/\/sp-dz.com\/produit\/olimpica-sols\/#primaryimage\"},\"thumbnailUrl\":\"https:\/\/sp-dz.com\/wp-content\/uploads\/2024\/09\/1-16.jpg\",\"datePublished\":\"2024-09-11T21:46:34+00:00\",\"dateModified\":\"2024-11-18T14:52:31+00:00\",\"breadcrumb\":{\"@id\":\"https:\/\/sp-dz.com\/produit\/olimpica-sols\/#breadcrumb\"},\"inLanguage\":\"ar\",\"potentialAction\":[{\"@type\":\"ReadAction\",\"target\":[\"https:\/\/sp-dz.com\/produit\/olimpica-sols\/\"]}]},{\"@type\":\"ImageObject\",\"inLanguage\":\"ar\",\"@id\":\"https:\/\/sp-dz.com\/produit\/olimpica-sols\/#primaryimage\",\"url\":\"https:\/\/sp-dz.com\/wp-content\/uploads\/2024\/09\/1-16.jpg\",\"contentUrl\":\"https:\/\/sp-dz.com\/wp-content\/uploads\/2024\/09\/1-16.jpg\",\"width\":1828,\"height\":2194},{\"@type\":\"BreadcrumbList\",\"@id\":\"https:\/\/sp-dz.com\/produit\/olimpica-sols\/#breadcrumb\",\"itemListElement\":[{\"@type\":\"ListItem\",\"position\":1,\"name\":\"Accueil\",\"item\":\"https:\/\/sp-dz.com\/fr\/\"},{\"@type\":\"ListItem\",\"position\":2,\"name\":\"Boutique\",\"item\":\"https:\/\/sp-dz.com\/fr\/boutique\/\"},{\"@type\":\"ListItem\",\"position\":3,\"name\":\"Olimpico Sol&rsquo;s\"}]},{\"@type\":\"WebSite\",\"@id\":\"https:\/\/sp-dz.com\/fr\/#website\",\"url\":\"https:\/\/sp-dz.com\/fr\/\",\"name\":\"S\u00e9lection Priv\u00e9e\",\"description\":\"Only for Members\",\"potentialAction\":[{\"@type\":\"SearchAction\",\"target\":{\"@type\":\"EntryPoint\",\"urlTemplate\":\"https:\/\/sp-dz.com\/fr\/?s={search_term_string}\"},\"query-input\":{\"@type\":\"PropertyValueSpecification\",\"valueRequired\":true,\"valueName\":\"search_term_string\"}}],\"inLanguage\":\"ar\"}]}<\/script>\n<!-- \/ Yoast SEO plugin. -->","yoast_head_json":{"title":"Olimpico Sol's - S\u00e9lection Priv\u00e9e","robots":{"index":"index","follow":"follow","max-snippet":"max-snippet:-1","max-image-preview":"max-image-preview:large","max-video-preview":"max-video-preview:-1"},"canonical":"https:\/\/sp-dz.com\/ar\/product\/olimpica-sols\/","og_locale":"ar_AR","og_type":"article","og_title":"Olimpico Sol's - S\u00e9lection Priv\u00e9e","og_description":"Short contrast\u00e9 avec ceinture \u00e9lastiqu\u00e9e, \u00e9quip\u00e9 d'un cordon de serrage pour un ajustement personnalis\u00e9. Ce mod\u00e8le se distingue par des empi\u00e8cements en mesh contrast\u00e9s sur les c\u00f4t\u00e9s, apportant une touche de style et de respirabilit\u00e9.","og_url":"https:\/\/sp-dz.com\/ar\/product\/olimpica-sols\/","og_site_name":"S\u00e9lection Priv\u00e9e","article_modified_time":"2024-11-18T14:52:31+00:00","og_image":[{"width":1828,"height":2194,"url":"https:\/\/sp-dz.com\/wp-content\/uploads\/2024\/09\/1-16.jpg","type":"image\/jpeg"}],"twitter_card":"summary_large_image","twitter_misc":{"\u0648\u0642\u062a \u0627\u0644\u0642\u0631\u0627\u0621\u0629 \u0627\u0644\u0645\u064f\u0642\u062f\u0651\u0631":"\u062f\u0642\u064a\u0642\u0629 \u0648\u0627\u062d\u062f\u0629"},"schema":{"@context":"https:\/\/schema.org","@graph":[{"@type":"WebPage","@id":"https:\/\/sp-dz.com\/produit\/olimpica-sols\/","url":"https:\/\/sp-dz.com\/produit\/olimpica-sols\/","name":"Olimpico Sol's - S\u00e9lection Priv\u00e9e","isPartOf":{"@id":"https:\/\/sp-dz.com\/fr\/#website"},"primaryImageOfPage":{"@id":"https:\/\/sp-dz.com\/produit\/olimpica-sols\/#primaryimage"},"image":{"@id":"https:\/\/sp-dz.com\/produit\/olimpica-sols\/#primaryimage"},"thumbnailUrl":"https:\/\/sp-dz.com\/wp-content\/uploads\/2024\/09\/1-16.jpg","datePublished":"2024-09-11T21:46:34+00:00","dateModified":"2024-11-18T14:52:31+00:00","breadcrumb":{"@id":"https:\/\/sp-dz.com\/produit\/olimpica-sols\/#breadcrumb"},"inLanguage":"ar","potentialAction":[{"@type":"ReadAction","target":["https:\/\/sp-dz.com\/produit\/olimpica-sols\/"]}]},{"@type":"ImageObject","inLanguage":"ar","@id":"https:\/\/sp-dz.com\/produit\/olimpica-sols\/#primaryimage","url":"https:\/\/sp-dz.com\/wp-content\/uploads\/2024\/09\/1-16.jpg","contentUrl":"https:\/\/sp-dz.com\/wp-content\/uploads\/2024\/09\/1-16.jpg","width":1828,"height":2194},{"@type":"BreadcrumbList","@id":"https:\/\/sp-dz.com\/produit\/olimpica-sols\/#breadcrumb","itemListElement":[{"@type":"ListItem","position":1,"name":"Accueil","item":"https:\/\/sp-dz.com\/fr\/"},{"@type":"ListItem","position":2,"name":"Boutique","item":"https:\/\/sp-dz.com\/fr\/boutique\/"},{"@type":"ListItem","position":3,"name":"Olimpico Sol&rsquo;s"}]},{"@type":"WebSite","@id":"https:\/\/sp-dz.com\/fr\/#website","url":"https:\/\/sp-dz.com\/fr\/","name":"S\u00e9lection Priv\u00e9e","description":"Only for Members","potentialAction":[{"@type":"SearchAction","target":{"@type":"EntryPoint","urlTemplate":"https:\/\/sp-dz.com\/fr\/?s={search_term_string}"},"query-input":{"@type":"PropertyValueSpecification","valueRequired":true,"valueName":"search_term_string"}}],"inLanguage":"ar"}]}},"_links":{"self":[{"href":"https:\/\/sp-dz.com\/ar\/wp-json\/wp\/v2\/product\/12730","targetHints":{"allow":["GET"]}}],"collection":[{"href":"https:\/\/sp-dz.com\/ar\/wp-json\/wp\/v2\/product"}],"about":[{"href":"https:\/\/sp-dz.com\/ar\/wp-json\/wp\/v2\/types\/product"}],"version-history":[{"count":5,"href":"https:\/\/sp-dz.com\/ar\/wp-json\/wp\/v2\/product\/12730\/revisions"}],"predecessor-version":[{"id":13822,"href":"https:\/\/sp-dz.com\/ar\/wp-json\/wp\/v2\/product\/12730\/revisions\/13822"}],"wp:featuredmedia":[{"embeddable":true,"href":"https:\/\/sp-dz.com\/ar\/wp-json\/wp\/v2\/media\/12745"}],"wp:attachment":[{"href":"https:\/\/sp-dz.com\/ar\/wp-json\/wp\/v2\/media?parent=12730"}],"wp:term":[{"taxonomy":"product_brand","embeddable":true,"href":"https:\/\/sp-dz.com\/ar\/wp-json\/wp\/v2\/product_brand?post=12730"},{"taxonomy":"product_cat","embeddable":true,"href":"https:\/\/sp-dz.com\/ar\/wp-json\/wp\/v2\/product_cat?post=12730"},{"taxonomy":"product_tag","embeddable":true,"href":"https:\/\/sp-dz.com\/ar\/wp-json\/wp\/v2\/product_tag?post=12730"}],"curies":[{"name":"wp","href":"https:\/\/api.w.org\/{rel}","templated":true}]}}