{"id":12572,"date":"2024-09-11T07:37:37","date_gmt":"2024-09-11T06:37:37","guid":{"rendered":"https:\/\/sp.com.dz\/?post_type=product&#038;p=12572"},"modified":"2024-11-14T10:15:59","modified_gmt":"2024-11-14T09:15:59","slug":"sporty-women-sols","status":"publish","type":"product","link":"https:\/\/sp-dz.com\/ar\/product\/sporty-women-sols\/","title":{"rendered":"sporty Women Sol&rsquo;s"},"content":{"rendered":"<h3 class=\"text-s product-popup-subtitle\">Caract\u00e9ristiques de base<\/h3>\n<p>T-shirt \u00e0 manches courtes raglan, con\u00e7u pour un confort optimal. Il est dot\u00e9 d&rsquo;un col avec un colletage soign\u00e9, offrant une finition propre et \u00e9l\u00e9gante autour du cou.<\/p>\n<p>*Photo non contractuelle<\/p>\n<h3 class=\"text-s product-popup-subtitle\">Composition<\/h3>\n<p>100% Polyester effet respirant<\/p>\n<h3 class=\"text-s product-popup-subtitle\">Code produit<\/h3>\n<p>AQCL9HE5<\/p>\n<h3 class=\"text-s product-popup-subtitle\">Entretien<\/h3>\n<p>Lavage en machine \u00e0 une temp\u00e9rature maximale de 40\u00b0C.<\/p>","protected":false},"excerpt":{"rendered":"<p>T-shirt \u00e0 manches courtes raglan, con\u00e7u pour un confort optimal. Il est dot\u00e9 d&rsquo;un col avec un colletage soign\u00e9, offrant une finition propre et \u00e9l\u00e9gante autour du cou.<\/p>","protected":false},"featured_media":12575,"template":"","meta":[],"product_brand":[],"product_cat":[78,30,34],"product_tag":[],"class_list":{"0":"post-12572","1":"product","2":"type-product","3":"status-publish","4":"has-post-thumbnail","6":"product_cat-t-shirt-top","7":"product_cat-femme","8":"product_cat-sport","10":"first","11":"instock","12":"shipping-taxable","13":"purchasable","14":"product-type-variable"},"yoast_head":"<!-- This site is optimized with the Yoast SEO plugin v26.9 - https:\/\/yoast.com\/product\/yoast-seo-wordpress\/ -->\n<title>sporty Women Sol&#039;s - S\u00e9lection Priv\u00e9e<\/title>\n<meta name=\"robots\" content=\"index, follow, max-snippet:-1, max-image-preview:large, max-video-preview:-1\" \/>\n<link rel=\"canonical\" href=\"https:\/\/sp-dz.com\/ar\/product\/sporty-women-sols\/\" \/>\n<meta property=\"og:locale\" content=\"ar_AR\" \/>\n<meta property=\"og:type\" content=\"article\" \/>\n<meta property=\"og:title\" content=\"sporty Women Sol&#039;s - S\u00e9lection Priv\u00e9e\" \/>\n<meta property=\"og:description\" content=\"T-shirt \u00e0 manches courtes raglan, con\u00e7u pour un confort optimal. Il est dot\u00e9 d&#039;un col avec un colletage soign\u00e9, offrant une finition propre et \u00e9l\u00e9gante autour du cou.\" \/>\n<meta property=\"og:url\" content=\"https:\/\/sp-dz.com\/ar\/product\/sporty-women-sols\/\" \/>\n<meta property=\"og:site_name\" content=\"S\u00e9lection Priv\u00e9e\" \/>\n<meta property=\"article:modified_time\" content=\"2024-11-14T09:15:59+00:00\" \/>\n<meta property=\"og:image\" content=\"https:\/\/sp-dz.com\/wp-content\/uploads\/2024\/09\/1-6.jpg\" \/>\n\t<meta property=\"og:image:width\" content=\"1700\" \/>\n\t<meta property=\"og:image:height\" content=\"2040\" \/>\n\t<meta property=\"og:image:type\" content=\"image\/jpeg\" \/>\n<meta name=\"twitter:card\" content=\"summary_large_image\" \/>\n<meta name=\"twitter:label1\" content=\"\u0648\u0642\u062a \u0627\u0644\u0642\u0631\u0627\u0621\u0629 \u0627\u0644\u0645\u064f\u0642\u062f\u0651\u0631\" \/>\n\t<meta name=\"twitter:data1\" content=\"\u062f\u0642\u064a\u0642\u0629 \u0648\u0627\u062d\u062f\u0629\" \/>\n<script type=\"application\/ld+json\" class=\"yoast-schema-graph\">{\"@context\":\"https:\/\/schema.org\",\"@graph\":[{\"@type\":\"WebPage\",\"@id\":\"https:\/\/sp-dz.com\/produit\/sporty-women-sols\/\",\"url\":\"https:\/\/sp-dz.com\/produit\/sporty-women-sols\/\",\"name\":\"sporty Women Sol's - S\u00e9lection Priv\u00e9e\",\"isPartOf\":{\"@id\":\"https:\/\/sp-dz.com\/fr\/#website\"},\"primaryImageOfPage\":{\"@id\":\"https:\/\/sp-dz.com\/produit\/sporty-women-sols\/#primaryimage\"},\"image\":{\"@id\":\"https:\/\/sp-dz.com\/produit\/sporty-women-sols\/#primaryimage\"},\"thumbnailUrl\":\"https:\/\/sp-dz.com\/wp-content\/uploads\/2024\/09\/1-6.jpg\",\"datePublished\":\"2024-09-11T06:37:37+00:00\",\"dateModified\":\"2024-11-14T09:15:59+00:00\",\"breadcrumb\":{\"@id\":\"https:\/\/sp-dz.com\/produit\/sporty-women-sols\/#breadcrumb\"},\"inLanguage\":\"ar\",\"potentialAction\":[{\"@type\":\"ReadAction\",\"target\":[\"https:\/\/sp-dz.com\/produit\/sporty-women-sols\/\"]}]},{\"@type\":\"ImageObject\",\"inLanguage\":\"ar\",\"@id\":\"https:\/\/sp-dz.com\/produit\/sporty-women-sols\/#primaryimage\",\"url\":\"https:\/\/sp-dz.com\/wp-content\/uploads\/2024\/09\/1-6.jpg\",\"contentUrl\":\"https:\/\/sp-dz.com\/wp-content\/uploads\/2024\/09\/1-6.jpg\",\"width\":1700,\"height\":2040},{\"@type\":\"BreadcrumbList\",\"@id\":\"https:\/\/sp-dz.com\/produit\/sporty-women-sols\/#breadcrumb\",\"itemListElement\":[{\"@type\":\"ListItem\",\"position\":1,\"name\":\"Accueil\",\"item\":\"https:\/\/sp-dz.com\/fr\/\"},{\"@type\":\"ListItem\",\"position\":2,\"name\":\"Boutique\",\"item\":\"https:\/\/sp-dz.com\/fr\/boutique\/\"},{\"@type\":\"ListItem\",\"position\":3,\"name\":\"sporty Women Sol&rsquo;s\"}]},{\"@type\":\"WebSite\",\"@id\":\"https:\/\/sp-dz.com\/fr\/#website\",\"url\":\"https:\/\/sp-dz.com\/fr\/\",\"name\":\"S\u00e9lection Priv\u00e9e\",\"description\":\"Only for Members\",\"potentialAction\":[{\"@type\":\"SearchAction\",\"target\":{\"@type\":\"EntryPoint\",\"urlTemplate\":\"https:\/\/sp-dz.com\/fr\/?s={search_term_string}\"},\"query-input\":{\"@type\":\"PropertyValueSpecification\",\"valueRequired\":true,\"valueName\":\"search_term_string\"}}],\"inLanguage\":\"ar\"}]}<\/script>\n<!-- \/ Yoast SEO plugin. -->","yoast_head_json":{"title":"sporty Women Sol's - S\u00e9lection Priv\u00e9e","robots":{"index":"index","follow":"follow","max-snippet":"max-snippet:-1","max-image-preview":"max-image-preview:large","max-video-preview":"max-video-preview:-1"},"canonical":"https:\/\/sp-dz.com\/ar\/product\/sporty-women-sols\/","og_locale":"ar_AR","og_type":"article","og_title":"sporty Women Sol's - S\u00e9lection Priv\u00e9e","og_description":"T-shirt \u00e0 manches courtes raglan, con\u00e7u pour un confort optimal. Il est dot\u00e9 d'un col avec un colletage soign\u00e9, offrant une finition propre et \u00e9l\u00e9gante autour du cou.","og_url":"https:\/\/sp-dz.com\/ar\/product\/sporty-women-sols\/","og_site_name":"S\u00e9lection Priv\u00e9e","article_modified_time":"2024-11-14T09:15:59+00:00","og_image":[{"width":1700,"height":2040,"url":"https:\/\/sp-dz.com\/wp-content\/uploads\/2024\/09\/1-6.jpg","type":"image\/jpeg"}],"twitter_card":"summary_large_image","twitter_misc":{"\u0648\u0642\u062a \u0627\u0644\u0642\u0631\u0627\u0621\u0629 \u0627\u0644\u0645\u064f\u0642\u062f\u0651\u0631":"\u062f\u0642\u064a\u0642\u0629 \u0648\u0627\u062d\u062f\u0629"},"schema":{"@context":"https:\/\/schema.org","@graph":[{"@type":"WebPage","@id":"https:\/\/sp-dz.com\/produit\/sporty-women-sols\/","url":"https:\/\/sp-dz.com\/produit\/sporty-women-sols\/","name":"sporty Women Sol's - S\u00e9lection Priv\u00e9e","isPartOf":{"@id":"https:\/\/sp-dz.com\/fr\/#website"},"primaryImageOfPage":{"@id":"https:\/\/sp-dz.com\/produit\/sporty-women-sols\/#primaryimage"},"image":{"@id":"https:\/\/sp-dz.com\/produit\/sporty-women-sols\/#primaryimage"},"thumbnailUrl":"https:\/\/sp-dz.com\/wp-content\/uploads\/2024\/09\/1-6.jpg","datePublished":"2024-09-11T06:37:37+00:00","dateModified":"2024-11-14T09:15:59+00:00","breadcrumb":{"@id":"https:\/\/sp-dz.com\/produit\/sporty-women-sols\/#breadcrumb"},"inLanguage":"ar","potentialAction":[{"@type":"ReadAction","target":["https:\/\/sp-dz.com\/produit\/sporty-women-sols\/"]}]},{"@type":"ImageObject","inLanguage":"ar","@id":"https:\/\/sp-dz.com\/produit\/sporty-women-sols\/#primaryimage","url":"https:\/\/sp-dz.com\/wp-content\/uploads\/2024\/09\/1-6.jpg","contentUrl":"https:\/\/sp-dz.com\/wp-content\/uploads\/2024\/09\/1-6.jpg","width":1700,"height":2040},{"@type":"BreadcrumbList","@id":"https:\/\/sp-dz.com\/produit\/sporty-women-sols\/#breadcrumb","itemListElement":[{"@type":"ListItem","position":1,"name":"Accueil","item":"https:\/\/sp-dz.com\/fr\/"},{"@type":"ListItem","position":2,"name":"Boutique","item":"https:\/\/sp-dz.com\/fr\/boutique\/"},{"@type":"ListItem","position":3,"name":"sporty Women Sol&rsquo;s"}]},{"@type":"WebSite","@id":"https:\/\/sp-dz.com\/fr\/#website","url":"https:\/\/sp-dz.com\/fr\/","name":"S\u00e9lection Priv\u00e9e","description":"Only for Members","potentialAction":[{"@type":"SearchAction","target":{"@type":"EntryPoint","urlTemplate":"https:\/\/sp-dz.com\/fr\/?s={search_term_string}"},"query-input":{"@type":"PropertyValueSpecification","valueRequired":true,"valueName":"search_term_string"}}],"inLanguage":"ar"}]}},"_links":{"self":[{"href":"https:\/\/sp-dz.com\/ar\/wp-json\/wp\/v2\/product\/12572","targetHints":{"allow":["GET"]}}],"collection":[{"href":"https:\/\/sp-dz.com\/ar\/wp-json\/wp\/v2\/product"}],"about":[{"href":"https:\/\/sp-dz.com\/ar\/wp-json\/wp\/v2\/types\/product"}],"version-history":[{"count":4,"href":"https:\/\/sp-dz.com\/ar\/wp-json\/wp\/v2\/product\/12572\/revisions"}],"predecessor-version":[{"id":13267,"href":"https:\/\/sp-dz.com\/ar\/wp-json\/wp\/v2\/product\/12572\/revisions\/13267"}],"wp:featuredmedia":[{"embeddable":true,"href":"https:\/\/sp-dz.com\/ar\/wp-json\/wp\/v2\/media\/12575"}],"wp:attachment":[{"href":"https:\/\/sp-dz.com\/ar\/wp-json\/wp\/v2\/media?parent=12572"}],"wp:term":[{"taxonomy":"product_brand","embeddable":true,"href":"https:\/\/sp-dz.com\/ar\/wp-json\/wp\/v2\/product_brand?post=12572"},{"taxonomy":"product_cat","embeddable":true,"href":"https:\/\/sp-dz.com\/ar\/wp-json\/wp\/v2\/product_cat?post=12572"},{"taxonomy":"product_tag","embeddable":true,"href":"https:\/\/sp-dz.com\/ar\/wp-json\/wp\/v2\/product_tag?post=12572"}],"curies":[{"name":"wp","href":"https:\/\/api.w.org\/{rel}","templated":true}]}}