{"id":12472,"date":"2024-09-10T18:50:25","date_gmt":"2024-09-10T17:50:25","guid":{"rendered":"https:\/\/sp.com.dz\/?post_type=product&#038;p=12472"},"modified":"2024-12-04T15:57:57","modified_gmt":"2024-12-04T14:57:57","slug":"london-women-sols","status":"publish","type":"product","link":"https:\/\/sp-dz.com\/ar\/product\/london-women-sols\/","title":{"rendered":"London Women Sol&rsquo;s"},"content":{"rendered":"<h3 class=\"text-s product-popup-subtitle\">Caract\u00e9ristiques de base<\/h3>\n<p>Legging de running avec taille \u00e9lastiqu\u00e9e et cordon de serrage. Coutures plates pour un confort optimal. Empi\u00e8cements en mesh derri\u00e8re les genoux et \u00e0 l&rsquo;entrejambe pour une meilleure ventilation. D\u00e9tails r\u00e9fl\u00e9chissants pour plus de s\u00e9curit\u00e9. Poche int\u00e9rieure pour le rangement des cl\u00e9s.<\/p>\n<p>*Photo non contractuelle<\/p>\n<h3 class=\"text-s product-popup-subtitle\">Composition<\/h3>\n<p>90% Polyester<\/p>\n<p>10% Elasthanne<\/p>\n<h3 class=\"text-s product-popup-subtitle\">Code produit<\/h3>\n<p>9ORJ922Y<\/p>\n<h3 class=\"text-s product-popup-subtitle\">Entretien<\/h3>\n<p>Lavage en machine \u00e0 une temp\u00e9rature maximale de 40\u00b0C.<\/p>","protected":false},"excerpt":{"rendered":"<p>Legging de running avec taille \u00e9lastiqu\u00e9e et cordon de serrage. Coutures plates pour un confort optimal. Empi\u00e8cements en mesh derri\u00e8re les genoux et \u00e0 l&rsquo;entrejambe pour une meilleure ventilation. D\u00e9tails r\u00e9fl\u00e9chissants pour plus de s\u00e9curit\u00e9. Poche int\u00e9rieure pour le rangement des cl\u00e9s.<\/p>","protected":false},"featured_media":12677,"template":"","meta":[],"product_brand":[],"product_cat":[85,30,34],"product_tag":[],"class_list":{"0":"post-12472","1":"product","2":"type-product","3":"status-publish","4":"has-post-thumbnail","6":"product_cat-legging","7":"product_cat-femme","8":"product_cat-sport","10":"first","11":"instock","12":"shipping-taxable","13":"purchasable","14":"product-type-variable","15":"has-default-attributes"},"yoast_head":"<!-- This site is optimized with the Yoast SEO plugin v26.9 - https:\/\/yoast.com\/product\/yoast-seo-wordpress\/ -->\n<title>London Women Sol&#039;s - S\u00e9lection Priv\u00e9e<\/title>\n<meta name=\"robots\" content=\"index, follow, max-snippet:-1, max-image-preview:large, max-video-preview:-1\" \/>\n<link rel=\"canonical\" href=\"https:\/\/sp-dz.com\/ar\/product\/london-women-sols\/\" \/>\n<meta property=\"og:locale\" content=\"ar_AR\" \/>\n<meta property=\"og:type\" content=\"article\" \/>\n<meta property=\"og:title\" content=\"London Women Sol&#039;s - S\u00e9lection Priv\u00e9e\" \/>\n<meta property=\"og:description\" content=\"Legging de running avec taille \u00e9lastiqu\u00e9e et cordon de serrage. Coutures plates pour un confort optimal. Empi\u00e8cements en mesh derri\u00e8re les genoux et \u00e0 l&#039;entrejambe pour une meilleure ventilation. D\u00e9tails r\u00e9fl\u00e9chissants pour plus de s\u00e9curit\u00e9. Poche int\u00e9rieure pour le rangement des cl\u00e9s.\" \/>\n<meta property=\"og:url\" content=\"https:\/\/sp-dz.com\/ar\/product\/london-women-sols\/\" \/>\n<meta property=\"og:site_name\" content=\"S\u00e9lection Priv\u00e9e\" \/>\n<meta property=\"article:modified_time\" content=\"2024-12-04T14:57:57+00:00\" \/>\n<meta property=\"og:image\" content=\"https:\/\/sp-dz.com\/wp-content\/uploads\/2024\/09\/0549_a3.jpg\" \/>\n\t<meta property=\"og:image:width\" content=\"1674\" \/>\n\t<meta property=\"og:image:height\" content=\"2008\" \/>\n\t<meta property=\"og:image:type\" content=\"image\/jpeg\" \/>\n<meta name=\"twitter:card\" content=\"summary_large_image\" \/>\n<meta name=\"twitter:label1\" content=\"\u0648\u0642\u062a \u0627\u0644\u0642\u0631\u0627\u0621\u0629 \u0627\u0644\u0645\u064f\u0642\u062f\u0651\u0631\" \/>\n\t<meta name=\"twitter:data1\" content=\"\u062f\u0642\u064a\u0642\u0629 \u0648\u0627\u062d\u062f\u0629\" \/>\n<script type=\"application\/ld+json\" class=\"yoast-schema-graph\">{\"@context\":\"https:\/\/schema.org\",\"@graph\":[{\"@type\":\"WebPage\",\"@id\":\"https:\/\/sp-dz.com\/produit\/london-women-sols\/\",\"url\":\"https:\/\/sp-dz.com\/produit\/london-women-sols\/\",\"name\":\"London Women Sol's - S\u00e9lection Priv\u00e9e\",\"isPartOf\":{\"@id\":\"https:\/\/sp-dz.com\/fr\/#website\"},\"primaryImageOfPage\":{\"@id\":\"https:\/\/sp-dz.com\/produit\/london-women-sols\/#primaryimage\"},\"image\":{\"@id\":\"https:\/\/sp-dz.com\/produit\/london-women-sols\/#primaryimage\"},\"thumbnailUrl\":\"https:\/\/sp-dz.com\/wp-content\/uploads\/2024\/09\/0549_a3.jpg\",\"datePublished\":\"2024-09-10T17:50:25+00:00\",\"dateModified\":\"2024-12-04T14:57:57+00:00\",\"breadcrumb\":{\"@id\":\"https:\/\/sp-dz.com\/produit\/london-women-sols\/#breadcrumb\"},\"inLanguage\":\"ar\",\"potentialAction\":[{\"@type\":\"ReadAction\",\"target\":[\"https:\/\/sp-dz.com\/produit\/london-women-sols\/\"]}]},{\"@type\":\"ImageObject\",\"inLanguage\":\"ar\",\"@id\":\"https:\/\/sp-dz.com\/produit\/london-women-sols\/#primaryimage\",\"url\":\"https:\/\/sp-dz.com\/wp-content\/uploads\/2024\/09\/0549_a3.jpg\",\"contentUrl\":\"https:\/\/sp-dz.com\/wp-content\/uploads\/2024\/09\/0549_a3.jpg\",\"width\":1674,\"height\":2008},{\"@type\":\"BreadcrumbList\",\"@id\":\"https:\/\/sp-dz.com\/produit\/london-women-sols\/#breadcrumb\",\"itemListElement\":[{\"@type\":\"ListItem\",\"position\":1,\"name\":\"Accueil\",\"item\":\"https:\/\/sp-dz.com\/fr\/\"},{\"@type\":\"ListItem\",\"position\":2,\"name\":\"Boutique\",\"item\":\"https:\/\/sp-dz.com\/fr\/boutique\/\"},{\"@type\":\"ListItem\",\"position\":3,\"name\":\"London Women Sol&rsquo;s\"}]},{\"@type\":\"WebSite\",\"@id\":\"https:\/\/sp-dz.com\/fr\/#website\",\"url\":\"https:\/\/sp-dz.com\/fr\/\",\"name\":\"S\u00e9lection Priv\u00e9e\",\"description\":\"Only for Members\",\"potentialAction\":[{\"@type\":\"SearchAction\",\"target\":{\"@type\":\"EntryPoint\",\"urlTemplate\":\"https:\/\/sp-dz.com\/fr\/?s={search_term_string}\"},\"query-input\":{\"@type\":\"PropertyValueSpecification\",\"valueRequired\":true,\"valueName\":\"search_term_string\"}}],\"inLanguage\":\"ar\"}]}<\/script>\n<!-- \/ Yoast SEO plugin. -->","yoast_head_json":{"title":"London Women Sol's - S\u00e9lection Priv\u00e9e","robots":{"index":"index","follow":"follow","max-snippet":"max-snippet:-1","max-image-preview":"max-image-preview:large","max-video-preview":"max-video-preview:-1"},"canonical":"https:\/\/sp-dz.com\/ar\/product\/london-women-sols\/","og_locale":"ar_AR","og_type":"article","og_title":"London Women Sol's - S\u00e9lection Priv\u00e9e","og_description":"Legging de running avec taille \u00e9lastiqu\u00e9e et cordon de serrage. Coutures plates pour un confort optimal. Empi\u00e8cements en mesh derri\u00e8re les genoux et \u00e0 l'entrejambe pour une meilleure ventilation. D\u00e9tails r\u00e9fl\u00e9chissants pour plus de s\u00e9curit\u00e9. Poche int\u00e9rieure pour le rangement des cl\u00e9s.","og_url":"https:\/\/sp-dz.com\/ar\/product\/london-women-sols\/","og_site_name":"S\u00e9lection Priv\u00e9e","article_modified_time":"2024-12-04T14:57:57+00:00","og_image":[{"width":1674,"height":2008,"url":"https:\/\/sp-dz.com\/wp-content\/uploads\/2024\/09\/0549_a3.jpg","type":"image\/jpeg"}],"twitter_card":"summary_large_image","twitter_misc":{"\u0648\u0642\u062a \u0627\u0644\u0642\u0631\u0627\u0621\u0629 \u0627\u0644\u0645\u064f\u0642\u062f\u0651\u0631":"\u062f\u0642\u064a\u0642\u0629 \u0648\u0627\u062d\u062f\u0629"},"schema":{"@context":"https:\/\/schema.org","@graph":[{"@type":"WebPage","@id":"https:\/\/sp-dz.com\/produit\/london-women-sols\/","url":"https:\/\/sp-dz.com\/produit\/london-women-sols\/","name":"London Women Sol's - S\u00e9lection Priv\u00e9e","isPartOf":{"@id":"https:\/\/sp-dz.com\/fr\/#website"},"primaryImageOfPage":{"@id":"https:\/\/sp-dz.com\/produit\/london-women-sols\/#primaryimage"},"image":{"@id":"https:\/\/sp-dz.com\/produit\/london-women-sols\/#primaryimage"},"thumbnailUrl":"https:\/\/sp-dz.com\/wp-content\/uploads\/2024\/09\/0549_a3.jpg","datePublished":"2024-09-10T17:50:25+00:00","dateModified":"2024-12-04T14:57:57+00:00","breadcrumb":{"@id":"https:\/\/sp-dz.com\/produit\/london-women-sols\/#breadcrumb"},"inLanguage":"ar","potentialAction":[{"@type":"ReadAction","target":["https:\/\/sp-dz.com\/produit\/london-women-sols\/"]}]},{"@type":"ImageObject","inLanguage":"ar","@id":"https:\/\/sp-dz.com\/produit\/london-women-sols\/#primaryimage","url":"https:\/\/sp-dz.com\/wp-content\/uploads\/2024\/09\/0549_a3.jpg","contentUrl":"https:\/\/sp-dz.com\/wp-content\/uploads\/2024\/09\/0549_a3.jpg","width":1674,"height":2008},{"@type":"BreadcrumbList","@id":"https:\/\/sp-dz.com\/produit\/london-women-sols\/#breadcrumb","itemListElement":[{"@type":"ListItem","position":1,"name":"Accueil","item":"https:\/\/sp-dz.com\/fr\/"},{"@type":"ListItem","position":2,"name":"Boutique","item":"https:\/\/sp-dz.com\/fr\/boutique\/"},{"@type":"ListItem","position":3,"name":"London Women Sol&rsquo;s"}]},{"@type":"WebSite","@id":"https:\/\/sp-dz.com\/fr\/#website","url":"https:\/\/sp-dz.com\/fr\/","name":"S\u00e9lection Priv\u00e9e","description":"Only for Members","potentialAction":[{"@type":"SearchAction","target":{"@type":"EntryPoint","urlTemplate":"https:\/\/sp-dz.com\/fr\/?s={search_term_string}"},"query-input":{"@type":"PropertyValueSpecification","valueRequired":true,"valueName":"search_term_string"}}],"inLanguage":"ar"}]}},"_links":{"self":[{"href":"https:\/\/sp-dz.com\/ar\/wp-json\/wp\/v2\/product\/12472","targetHints":{"allow":["GET"]}}],"collection":[{"href":"https:\/\/sp-dz.com\/ar\/wp-json\/wp\/v2\/product"}],"about":[{"href":"https:\/\/sp-dz.com\/ar\/wp-json\/wp\/v2\/types\/product"}],"version-history":[{"count":6,"href":"https:\/\/sp-dz.com\/ar\/wp-json\/wp\/v2\/product\/12472\/revisions"}],"predecessor-version":[{"id":13270,"href":"https:\/\/sp-dz.com\/ar\/wp-json\/wp\/v2\/product\/12472\/revisions\/13270"}],"wp:featuredmedia":[{"embeddable":true,"href":"https:\/\/sp-dz.com\/ar\/wp-json\/wp\/v2\/media\/12677"}],"wp:attachment":[{"href":"https:\/\/sp-dz.com\/ar\/wp-json\/wp\/v2\/media?parent=12472"}],"wp:term":[{"taxonomy":"product_brand","embeddable":true,"href":"https:\/\/sp-dz.com\/ar\/wp-json\/wp\/v2\/product_brand?post=12472"},{"taxonomy":"product_cat","embeddable":true,"href":"https:\/\/sp-dz.com\/ar\/wp-json\/wp\/v2\/product_cat?post=12472"},{"taxonomy":"product_tag","embeddable":true,"href":"https:\/\/sp-dz.com\/ar\/wp-json\/wp\/v2\/product_tag?post=12472"}],"curies":[{"name":"wp","href":"https:\/\/api.w.org\/{rel}","templated":true}]}}