{"id":14088,"date":"2024-11-23T13:09:40","date_gmt":"2024-11-23T12:09:40","guid":{"rendered":"https:\/\/sp.com.dz\/?page_id=14088"},"modified":"2024-12-18T12:47:22","modified_gmt":"2024-12-18T11:47:22","slug":"livraison","status":"publish","type":"page","link":"https:\/\/sp-dz.com\/ar\/nos-services\/livraison\/","title":{"rendered":"Livraison"},"content":{"rendered":"<div data-elementor-type=\"wp-page\" data-elementor-id=\"14088\" class=\"elementor elementor-14088\">\n\t\t\t\t\t\t\t\t\t<section class=\"wd-negative-gap elementor-section elementor-top-section elementor-element elementor-element-7addd12f elementor-section-boxed elementor-section-height-default elementor-section-height-default wd-section-disabled\" data-id=\"7addd12f\" data-element_type=\"section\">\n\t\t\t\t\t\t<div class=\"elementor-container elementor-column-gap-default\">\n\t\t\t\t\t<div class=\"elementor-column elementor-col-100 elementor-top-column elementor-element elementor-element-295c74db\" data-id=\"295c74db\" data-element_type=\"column\">\n\t\t\t<div class=\"elementor-widget-wrap elementor-element-populated\">\n\t\t\t\t\t\t\t\t<div class=\"elementor-element elementor-element-2a3f5236 elementor-widget__width-initial color-scheme-inherit text-left elementor-widget elementor-widget-text-editor\" data-id=\"2a3f5236\" data-element_type=\"widget\" data-widget_type=\"text-editor.default\">\n\t\t\t\t<div class=\"elementor-widget-container\">\n\t\t\t<style>\/*! elementor - v3.15.0 - 09-08-2023 *\/\n.elementor-widget-text-editor.elementor-drop-cap-view-stacked .elementor-drop-cap{background-color:#69727d;color:#fff}.elementor-widget-text-editor.elementor-drop-cap-view-framed .elementor-drop-cap{color:#69727d;border:3px solid;background-color:transparent}.elementor-widget-text-editor:not(.elementor-drop-cap-view-default) .elementor-drop-cap{margin-top:8px}.elementor-widget-text-editor:not(.elementor-drop-cap-view-default) .elementor-drop-cap-letter{width:1em;height:1em}.elementor-widget-text-editor .elementor-drop-cap{float:left;text-align:center;line-height:1;font-size:50px}.elementor-widget-text-editor .elementor-drop-cap-letter{display:inline-block}<\/style>\t\t\t\t<p><span style=\"color: #000000;\"><!-- wp:paragraph --><\/span><\/p>\n<h3><span style=\"color: #000000;\"><strong>Livraison avec UPS Alg\u00e9rie<\/strong><\/span><\/h3>\n<p><span style=\"color: #000000;\">Nous nous engageons \u00e0 vous offrir un service de livraison rapide, fiable et s\u00e9curis\u00e9 gr\u00e2ce \u00e0 notre partenariat avec <strong>UPS Alg\u00e9rie<\/strong>, un leader mondial dans le transport et la logistique. Voici tout ce que vous devez savoir sur nos options et politiques de livraison :<\/span><\/p>\n<p><span style=\"color: #000000;\"><!-- \/wp:paragraph --><\/span><\/p>\t\t\t\t\t\t<\/div>\n\t\t\t\t<\/div>\n\t\t\t\t<div class=\"elementor-element elementor-element-23559f7 elementor-widget-divider--view-line elementor-widget elementor-widget-divider\" data-id=\"23559f7\" data-element_type=\"widget\" data-widget_type=\"divider.default\">\n\t\t\t\t<div class=\"elementor-widget-container\">\n\t\t\t<style>\/*! elementor - v3.15.0 - 09-08-2023 *\/\n.elementor-widget-divider{--divider-border-style:none;--divider-border-width:1px;--divider-color:#0c0d0e;--divider-icon-size:20px;--divider-element-spacing:10px;--divider-pattern-height:24px;--divider-pattern-size:20px;--divider-pattern-url:none;--divider-pattern-repeat:repeat-x}.elementor-widget-divider .elementor-divider{display:flex}.elementor-widget-divider .elementor-divider__text{font-size:15px;line-height:1;max-width:95%}.elementor-widget-divider .elementor-divider__element{margin:0 var(--divider-element-spacing);flex-shrink:0}.elementor-widget-divider .elementor-icon{font-size:var(--divider-icon-size)}.elementor-widget-divider .elementor-divider-separator{display:flex;margin:0;direction:ltr}.elementor-widget-divider--view-line_icon .elementor-divider-separator,.elementor-widget-divider--view-line_text .elementor-divider-separator{align-items:center}.elementor-widget-divider--view-line_icon .elementor-divider-separator:after,.elementor-widget-divider--view-line_icon .elementor-divider-separator:before,.elementor-widget-divider--view-line_text .elementor-divider-separator:after,.elementor-widget-divider--view-line_text .elementor-divider-separator:before{display:block;content:\"\";border-bottom:0;flex-grow:1;border-top:var(--divider-border-width) var(--divider-border-style) var(--divider-color)}.elementor-widget-divider--element-align-left .elementor-divider .elementor-divider-separator>.elementor-divider__svg:first-of-type{flex-grow:0;flex-shrink:100}.elementor-widget-divider--element-align-left .elementor-divider-separator:before{content:none}.elementor-widget-divider--element-align-left .elementor-divider__element{margin-left:0}.elementor-widget-divider--element-align-right .elementor-divider .elementor-divider-separator>.elementor-divider__svg:last-of-type{flex-grow:0;flex-shrink:100}.elementor-widget-divider--element-align-right .elementor-divider-separator:after{content:none}.elementor-widget-divider--element-align-right .elementor-divider__element{margin-right:0}.elementor-widget-divider:not(.elementor-widget-divider--view-line_text):not(.elementor-widget-divider--view-line_icon) .elementor-divider-separator{border-top:var(--divider-border-width) var(--divider-border-style) var(--divider-color)}.elementor-widget-divider--separator-type-pattern{--divider-border-style:none}.elementor-widget-divider--separator-type-pattern.elementor-widget-divider--view-line .elementor-divider-separator,.elementor-widget-divider--separator-type-pattern:not(.elementor-widget-divider--view-line) .elementor-divider-separator:after,.elementor-widget-divider--separator-type-pattern:not(.elementor-widget-divider--view-line) .elementor-divider-separator:before,.elementor-widget-divider--separator-type-pattern:not([class*=elementor-widget-divider--view]) .elementor-divider-separator{width:100%;min-height:var(--divider-pattern-height);-webkit-mask-size:var(--divider-pattern-size) 100%;mask-size:var(--divider-pattern-size) 100%;-webkit-mask-repeat:var(--divider-pattern-repeat);mask-repeat:var(--divider-pattern-repeat);background-color:var(--divider-color);-webkit-mask-image:var(--divider-pattern-url);mask-image:var(--divider-pattern-url)}.elementor-widget-divider--no-spacing{--divider-pattern-size:auto}.elementor-widget-divider--bg-round{--divider-pattern-repeat:round}.rtl .elementor-widget-divider .elementor-divider__text{direction:rtl}.e-con-inner>.elementor-widget-divider,.e-con>.elementor-widget-divider{width:var(--container-widget-width,100%);--flex-grow:var(--container-widget-flex-grow)}<\/style>\t\t<div class=\"elementor-divider\">\n\t\t\t<span class=\"elementor-divider-separator\">\n\t\t\t\t\t\t<\/span>\n\t\t<\/div>\n\t\t\t\t<\/div>\n\t\t\t\t<\/div>\n\t\t\t\t<div class=\"elementor-element elementor-element-6ecf388 elementor-widget__width-initial color-scheme-inherit text-left elementor-widget elementor-widget-text-editor\" data-id=\"6ecf388\" data-element_type=\"widget\" data-widget_type=\"text-editor.default\">\n\t\t\t\t<div class=\"elementor-widget-container\">\n\t\t\t\t\t\t\t<p><span style=\"color: #000000;\"><!-- wp:paragraph --><\/span><\/p>\n<h4><span style=\"color: #000000;\"><strong>Zones de Livraison<\/strong><\/span><\/h4>\n<p><span style=\"color: #000000;\">Nous livrons \u00e0 travers toute l&rsquo;Alg\u00e9rie gr\u00e2ce au vaste r\u00e9seau d&rsquo;UPS Alg\u00e9rie, couvrant aussi bien les grandes villes que les zones rurales.<\/span><\/p>\n<p><span style=\"color: #000000;\"><!-- \/wp:paragraph --><\/span><\/p>\t\t\t\t\t\t<\/div>\n\t\t\t\t<\/div>\n\t\t\t\t<div class=\"elementor-element elementor-element-46f7be4 elementor-widget-divider--view-line elementor-widget elementor-widget-divider\" data-id=\"46f7be4\" data-element_type=\"widget\" data-widget_type=\"divider.default\">\n\t\t\t\t<div class=\"elementor-widget-container\">\n\t\t\t\t\t<div class=\"elementor-divider\">\n\t\t\t<span class=\"elementor-divider-separator\">\n\t\t\t\t\t\t<\/span>\n\t\t<\/div>\n\t\t\t\t<\/div>\n\t\t\t\t<\/div>\n\t\t\t\t<div class=\"elementor-element elementor-element-5150db4 elementor-widget__width-initial color-scheme-inherit text-left elementor-widget elementor-widget-text-editor\" data-id=\"5150db4\" data-element_type=\"widget\" data-widget_type=\"text-editor.default\">\n\t\t\t\t<div class=\"elementor-widget-container\">\n\t\t\t\t\t\t\t<p><span style=\"color: #000000;\"><!-- wp:paragraph --><\/span><\/p>\n<h4><span style=\"color: #000000;\"><strong>D\u00e9lais de Livraison<\/strong><\/span><\/h4>\n<ul>\n<li><span style=\"color: #000000;\"><strong>Grandes Villes<\/strong> (Alger, Oran, Constantine, etc.) : Livraison sous <strong>1 \u00e0 3 jours ouvrables<\/strong> apr\u00e8s confirmation de votre commande.<\/span><\/li>\n<li><span style=\"color: #000000;\"><strong>Autres R\u00e9gions<\/strong> : Livraison sous <strong>3 \u00e0 5 jours ouvrables<\/strong>, en fonction de la distance et de l\u2019accessibilit\u00e9.<\/span><\/li>\n<\/ul>\n<p><span style=\"color: #000000;\">Les d\u00e9lais peuvent varier l\u00e9g\u00e8rement en fonction des conditions climatiques ou logistiques locales.<\/span><\/p>\n<p><span style=\"color: #000000;\"><!-- \/wp:paragraph --><\/span><\/p>\t\t\t\t\t\t<\/div>\n\t\t\t\t<\/div>\n\t\t\t\t<div class=\"elementor-element elementor-element-9a0b94b elementor-widget-divider--view-line elementor-widget elementor-widget-divider\" data-id=\"9a0b94b\" data-element_type=\"widget\" data-widget_type=\"divider.default\">\n\t\t\t\t<div class=\"elementor-widget-container\">\n\t\t\t\t\t<div class=\"elementor-divider\">\n\t\t\t<span class=\"elementor-divider-separator\">\n\t\t\t\t\t\t<\/span>\n\t\t<\/div>\n\t\t\t\t<\/div>\n\t\t\t\t<\/div>\n\t\t\t\t<div class=\"elementor-element elementor-element-241d2b7 elementor-widget__width-initial color-scheme-inherit text-left elementor-widget elementor-widget-text-editor\" data-id=\"241d2b7\" data-element_type=\"widget\" data-widget_type=\"text-editor.default\">\n\t\t\t\t<div class=\"elementor-widget-container\">\n\t\t\t\t\t\t\t<p><span style=\"color: #000000;\"><!-- wp:paragraph --><\/span><\/p>\n<h4><span style=\"color: #000000;\"><strong>Suivi de Commande<\/strong><\/span><\/h4>\n<p><span style=\"color: #000000;\">Une fois votre commande confirm\u00e9e , vous recevrez un <strong>num\u00e9ro de suivi UPS Alg\u00e9rie<\/strong> directement par e-mail. Ce num\u00e9ro vous permettra de suivre en temps r\u00e9el votre colis.<\/span><\/p>\n<p><span style=\"color: #000000;\">Pour plus de commodit\u00e9, vous pouvez \u00e9galement acc\u00e9der \u00e0 toutes les informations relatives au suivi de votre colis en vous connectant \u00e0 votre <strong>compte client<\/strong> sur notre site. Depuis votre espace personnel, vous aurez une visibilit\u00e9 compl\u00e8te sur l\u2019\u00e9tat d\u2019avancement de votre livraison.<\/span><\/p>\n<p><span style=\"color: #000000;\"><!-- \/wp:paragraph --><\/span><\/p>\t\t\t\t\t\t<\/div>\n\t\t\t\t<\/div>\n\t\t\t\t<div class=\"elementor-element elementor-element-250e3a8 elementor-widget-divider--view-line elementor-widget elementor-widget-divider\" data-id=\"250e3a8\" data-element_type=\"widget\" data-widget_type=\"divider.default\">\n\t\t\t\t<div class=\"elementor-widget-container\">\n\t\t\t\t\t<div class=\"elementor-divider\">\n\t\t\t<span class=\"elementor-divider-separator\">\n\t\t\t\t\t\t<\/span>\n\t\t<\/div>\n\t\t\t\t<\/div>\n\t\t\t\t<\/div>\n\t\t\t\t<div class=\"elementor-element elementor-element-cf7941e elementor-widget__width-initial color-scheme-inherit text-left elementor-widget elementor-widget-text-editor\" data-id=\"cf7941e\" data-element_type=\"widget\" data-widget_type=\"text-editor.default\">\n\t\t\t\t<div class=\"elementor-widget-container\">\n\t\t\t\t\t\t\t<p><span style=\"color: #000000;\"><!-- wp:paragraph --><\/span><\/p>\n<h4><span style=\"color: #000000;\"><strong>Livraison S\u00e9curis\u00e9e<\/strong><\/span><\/h4>\n<p><span style=\"color: #000000;\">Nous comprenons l&rsquo;importance de recevoir vos produits dans un \u00e9tat impeccable. C&rsquo;est pourquoi nous prenons un soin particulier \u00e0 pr\u00e9parer et emballer chaque commande.<\/span><\/p>\n<p><span style=\"color: #000000;\">Tous nos articles sont soigneusement pli\u00e9s, prot\u00e9g\u00e9s et emball\u00e9s, afin de garantir qu\u2019ils vous parviennent en parfait \u00e9tat, sans risque de dommage pendant le transport. Gr\u00e2ce \u00e0 notre partenariat avec <strong>UPS Alg\u00e9rie<\/strong>, vos commandes b\u00e9n\u00e9ficient d\u2019un traitement s\u00e9curis\u00e9 et professionnel \u00e0 chaque \u00e9tape de leur acheminement.<\/span><\/p>\n<p><span style=\"color: #000000;\"><!-- \/wp:paragraph --><\/span><\/p>\t\t\t\t\t\t<\/div>\n\t\t\t\t<\/div>\n\t\t\t\t<div class=\"elementor-element elementor-element-6a7bc20 elementor-widget-divider--view-line elementor-widget elementor-widget-divider\" data-id=\"6a7bc20\" data-element_type=\"widget\" data-widget_type=\"divider.default\">\n\t\t\t\t<div class=\"elementor-widget-container\">\n\t\t\t\t\t<div class=\"elementor-divider\">\n\t\t\t<span class=\"elementor-divider-separator\">\n\t\t\t\t\t\t<\/span>\n\t\t<\/div>\n\t\t\t\t<\/div>\n\t\t\t\t<\/div>\n\t\t\t\t<div class=\"elementor-element elementor-element-273263c elementor-widget__width-initial color-scheme-inherit text-left elementor-widget elementor-widget-text-editor\" data-id=\"273263c\" data-element_type=\"widget\" data-widget_type=\"text-editor.default\">\n\t\t\t\t<div class=\"elementor-widget-container\">\n\t\t\t\t\t\t\t<p><span style=\"color: #000000;\"><!-- wp:paragraph --><\/span><\/p>\n<p><span style=\"color: #000000;\">Si vous avez des questions suppl\u00e9mentaires sur notre service de livraison, n&rsquo;h\u00e9sitez pas \u00e0 nous contacter via :<\/span><\/p>\n<ul>\n<li><span style=\"color: #000000;\"><strong>E-mail<\/strong> : contact@sp-dz.com<\/span><\/li>\n<li><span style=\"color: #000000;\"><strong>T\u00e9l\u00e9phone<\/strong> : +213 (0)77 00 44 48<\/span><\/li>\n<\/ul>\n<p><span style=\"color: #000000;\">Avec <strong>UPS Alg\u00e9rie<\/strong>, nous vous garantissons une exp\u00e9rience d&rsquo;achat en ligne sereine et professionnelle !<\/span><\/p>\n<p><span style=\"color: #000000;\"><!-- \/wp:paragraph --><\/span><\/p>\t\t\t\t\t\t<\/div>\n\t\t\t\t<\/div>\n\t\t\t\t\t<\/div>\n\t\t<\/div>\n\t\t\t\t\t\t\t<\/div>\n\t\t<\/section>\n\t\t\t\t\t\t\t<\/div>","protected":false},"excerpt":{"rendered":"<p>Livraison avec UPS Alg\u00e9rie Nous nous engageons \u00e0 vous offrir un service de livraison rapide, fiable et s\u00e9curis\u00e9 gr\u00e2ce \u00e0<\/p>","protected":false},"author":13,"featured_media":0,"parent":12315,"menu_order":0,"comment_status":"closed","ping_status":"closed","template":"","meta":{"footnotes":""},"class_list":["post-14088","page","type-page","status-publish","hentry"],"yoast_head":"<!-- This site is optimized with the Yoast SEO plugin v26.9 - https:\/\/yoast.com\/product\/yoast-seo-wordpress\/ -->\n<title>Livraison - S\u00e9lection Priv\u00e9e<\/title>\n<meta name=\"robots\" content=\"index, follow, max-snippet:-1, max-image-preview:large, max-video-preview:-1\" \/>\n<link rel=\"canonical\" href=\"https:\/\/sp-dz.com\/ar\/nos-services\/livraison\/\" \/>\n<meta property=\"og:locale\" content=\"ar_AR\" \/>\n<meta property=\"og:type\" content=\"article\" \/>\n<meta property=\"og:title\" content=\"Livraison - S\u00e9lection Priv\u00e9e\" \/>\n<meta property=\"og:description\" content=\"Livraison avec UPS Alg\u00e9rie Nous nous engageons \u00e0 vous offrir un service de livraison rapide, fiable et s\u00e9curis\u00e9 gr\u00e2ce \u00e0\" \/>\n<meta property=\"og:url\" content=\"https:\/\/sp-dz.com\/ar\/nos-services\/livraison\/\" \/>\n<meta property=\"og:site_name\" content=\"S\u00e9lection Priv\u00e9e\" \/>\n<meta property=\"article:modified_time\" content=\"2024-12-18T11:47:22+00:00\" \/>\n<meta name=\"twitter:card\" content=\"summary_large_image\" \/>\n<meta name=\"twitter:label1\" content=\"\u0648\u0642\u062a \u0627\u0644\u0642\u0631\u0627\u0621\u0629 \u0627\u0644\u0645\u064f\u0642\u062f\u0651\u0631\" \/>\n\t<meta name=\"twitter:data1\" content=\"\u062f\u0642\u064a\u0642\u062a\u0627\u0646\" \/>\n<script type=\"application\/ld+json\" class=\"yoast-schema-graph\">{\"@context\":\"https:\/\/schema.org\",\"@graph\":[{\"@type\":\"WebPage\",\"@id\":\"https:\/\/sp-dz.com\/nos-services\/livraison\/\",\"url\":\"https:\/\/sp-dz.com\/nos-services\/livraison\/\",\"name\":\"Livraison - S\u00e9lection Priv\u00e9e\",\"isPartOf\":{\"@id\":\"https:\/\/sp-dz.com\/fr\/#website\"},\"datePublished\":\"2024-11-23T12:09:40+00:00\",\"dateModified\":\"2024-12-18T11:47:22+00:00\",\"breadcrumb\":{\"@id\":\"https:\/\/sp-dz.com\/nos-services\/livraison\/#breadcrumb\"},\"inLanguage\":\"ar\",\"potentialAction\":[{\"@type\":\"ReadAction\",\"target\":[\"https:\/\/sp-dz.com\/nos-services\/livraison\/\"]}]},{\"@type\":\"BreadcrumbList\",\"@id\":\"https:\/\/sp-dz.com\/nos-services\/livraison\/#breadcrumb\",\"itemListElement\":[{\"@type\":\"ListItem\",\"position\":1,\"name\":\"Accueil\",\"item\":\"https:\/\/sp-dz.com\/fr\/\"},{\"@type\":\"ListItem\",\"position\":2,\"name\":\"Nos services\",\"item\":\"https:\/\/sp-dz.com\/fr\/nos-services\/\"},{\"@type\":\"ListItem\",\"position\":3,\"name\":\"Livraison\"}]},{\"@type\":\"WebSite\",\"@id\":\"https:\/\/sp-dz.com\/fr\/#website\",\"url\":\"https:\/\/sp-dz.com\/fr\/\",\"name\":\"S\u00e9lection Priv\u00e9e\",\"description\":\"Only for Members\",\"potentialAction\":[{\"@type\":\"SearchAction\",\"target\":{\"@type\":\"EntryPoint\",\"urlTemplate\":\"https:\/\/sp-dz.com\/fr\/?s={search_term_string}\"},\"query-input\":{\"@type\":\"PropertyValueSpecification\",\"valueRequired\":true,\"valueName\":\"search_term_string\"}}],\"inLanguage\":\"ar\"}]}<\/script>\n<!-- \/ Yoast SEO plugin. -->","yoast_head_json":{"title":"Livraison - S\u00e9lection Priv\u00e9e","robots":{"index":"index","follow":"follow","max-snippet":"max-snippet:-1","max-image-preview":"max-image-preview:large","max-video-preview":"max-video-preview:-1"},"canonical":"https:\/\/sp-dz.com\/ar\/nos-services\/livraison\/","og_locale":"ar_AR","og_type":"article","og_title":"Livraison - S\u00e9lection Priv\u00e9e","og_description":"Livraison avec UPS Alg\u00e9rie Nous nous engageons \u00e0 vous offrir un service de livraison rapide, fiable et s\u00e9curis\u00e9 gr\u00e2ce \u00e0","og_url":"https:\/\/sp-dz.com\/ar\/nos-services\/livraison\/","og_site_name":"S\u00e9lection Priv\u00e9e","article_modified_time":"2024-12-18T11:47:22+00:00","twitter_card":"summary_large_image","twitter_misc":{"\u0648\u0642\u062a \u0627\u0644\u0642\u0631\u0627\u0621\u0629 \u0627\u0644\u0645\u064f\u0642\u062f\u0651\u0631":"\u062f\u0642\u064a\u0642\u062a\u0627\u0646"},"schema":{"@context":"https:\/\/schema.org","@graph":[{"@type":"WebPage","@id":"https:\/\/sp-dz.com\/nos-services\/livraison\/","url":"https:\/\/sp-dz.com\/nos-services\/livraison\/","name":"Livraison - S\u00e9lection Priv\u00e9e","isPartOf":{"@id":"https:\/\/sp-dz.com\/fr\/#website"},"datePublished":"2024-11-23T12:09:40+00:00","dateModified":"2024-12-18T11:47:22+00:00","breadcrumb":{"@id":"https:\/\/sp-dz.com\/nos-services\/livraison\/#breadcrumb"},"inLanguage":"ar","potentialAction":[{"@type":"ReadAction","target":["https:\/\/sp-dz.com\/nos-services\/livraison\/"]}]},{"@type":"BreadcrumbList","@id":"https:\/\/sp-dz.com\/nos-services\/livraison\/#breadcrumb","itemListElement":[{"@type":"ListItem","position":1,"name":"Accueil","item":"https:\/\/sp-dz.com\/fr\/"},{"@type":"ListItem","position":2,"name":"Nos services","item":"https:\/\/sp-dz.com\/fr\/nos-services\/"},{"@type":"ListItem","position":3,"name":"Livraison"}]},{"@type":"WebSite","@id":"https:\/\/sp-dz.com\/fr\/#website","url":"https:\/\/sp-dz.com\/fr\/","name":"S\u00e9lection Priv\u00e9e","description":"Only for Members","potentialAction":[{"@type":"SearchAction","target":{"@type":"EntryPoint","urlTemplate":"https:\/\/sp-dz.com\/fr\/?s={search_term_string}"},"query-input":{"@type":"PropertyValueSpecification","valueRequired":true,"valueName":"search_term_string"}}],"inLanguage":"ar"}]}},"_links":{"self":[{"href":"https:\/\/sp-dz.com\/ar\/wp-json\/wp\/v2\/pages\/14088","targetHints":{"allow":["GET"]}}],"collection":[{"href":"https:\/\/sp-dz.com\/ar\/wp-json\/wp\/v2\/pages"}],"about":[{"href":"https:\/\/sp-dz.com\/ar\/wp-json\/wp\/v2\/types\/page"}],"author":[{"embeddable":true,"href":"https:\/\/sp-dz.com\/ar\/wp-json\/wp\/v2\/users\/13"}],"replies":[{"embeddable":true,"href":"https:\/\/sp-dz.com\/ar\/wp-json\/wp\/v2\/comments?post=14088"}],"version-history":[{"count":37,"href":"https:\/\/sp-dz.com\/ar\/wp-json\/wp\/v2\/pages\/14088\/revisions"}],"predecessor-version":[{"id":14937,"href":"https:\/\/sp-dz.com\/ar\/wp-json\/wp\/v2\/pages\/14088\/revisions\/14937"}],"up":[{"embeddable":true,"href":"https:\/\/sp-dz.com\/ar\/wp-json\/wp\/v2\/pages\/12315"}],"wp:attachment":[{"href":"https:\/\/sp-dz.com\/ar\/wp-json\/wp\/v2\/media?parent=14088"}],"curies":[{"name":"wp","href":"https:\/\/api.w.org\/{rel}","templated":true}]}}