{"id":13997,"date":"2024-11-21T12:20:24","date_gmt":"2024-11-21T11:20:24","guid":{"rendered":"https:\/\/sp.com.dz\/?page_id=13997"},"modified":"2024-11-23T13:05:59","modified_gmt":"2024-11-23T12:05:59","slug":"paiement","status":"publish","type":"page","link":"https:\/\/sp-dz.com\/ar\/nos-services\/paiement\/","title":{"rendered":"\u0627\u0644\u062f\u0641\u0639"},"content":{"rendered":"<div data-elementor-type=\"wp-page\" data-elementor-id=\"13997\" class=\"elementor elementor-13997\">\n\t\t\t\t\t\t\t\t\t<section class=\"wd-negative-gap elementor-section elementor-top-section elementor-element elementor-element-241c89b8 elementor-section-boxed elementor-section-height-default elementor-section-height-default wd-section-disabled\" data-id=\"241c89b8\" data-element_type=\"section\">\n\t\t\t\t\t\t<div class=\"elementor-container elementor-column-gap-default\">\n\t\t\t\t\t<div class=\"elementor-column elementor-col-100 elementor-top-column elementor-element elementor-element-6f1068a\" data-id=\"6f1068a\" data-element_type=\"column\">\n\t\t\t<div class=\"elementor-widget-wrap elementor-element-populated\">\n\t\t\t\t\t\t\t\t<div class=\"elementor-element elementor-element-40159f0f elementor-widget__width-initial color-scheme-inherit text-left elementor-widget elementor-widget-text-editor\" data-id=\"40159f0f\" data-element_type=\"widget\" data-widget_type=\"text-editor.default\">\n\t\t\t\t<div class=\"elementor-widget-container\">\n\t\t\t<style>\/*! elementor - v3.15.0 - 09-08-2023 *\/\n.elementor-widget-text-editor.elementor-drop-cap-view-stacked .elementor-drop-cap{background-color:#69727d;color:#fff}.elementor-widget-text-editor.elementor-drop-cap-view-framed .elementor-drop-cap{color:#69727d;border:3px solid;background-color:transparent}.elementor-widget-text-editor:not(.elementor-drop-cap-view-default) .elementor-drop-cap{margin-top:8px}.elementor-widget-text-editor:not(.elementor-drop-cap-view-default) .elementor-drop-cap-letter{width:1em;height:1em}.elementor-widget-text-editor .elementor-drop-cap{float:left;text-align:center;line-height:1;font-size:50px}.elementor-widget-text-editor .elementor-drop-cap-letter{display:inline-block}<\/style>\t\t\t\t<p><span style=\"color: #000000;\"><!-- wp:paragraph --><\/span><\/p>\n<h3><span style=\"color: #000000;\">\u0627\u0644\u062f\u0641\u0639<\/span><\/h3>\n<p><span style=\"color: #000000;\">Dans notre qu\u00eate constante d&rsquo;offrir la meilleure exp\u00e9rience possible, nous mettons \u00e0 votre disposition trois options de paiement :<\/span><\/p>\n<p><span style=\"color: #000000;\"><!-- \/wp:paragraph --><!-- wp:paragraph --><\/span><\/p>\n<p><span style=\"color: #000000;\"><strong>Option N\u00b01<\/strong>\u00a0: Paiement en ligne s\u00e9curis\u00e9<\/span><\/p>\n<p><span style=\"color: #000000;\"><!-- \/wp:paragraph --><!-- wp:paragraph --><\/span><\/p>\n<p><span style=\"color: #000000;\">Nous permettons \u00e0 nos membres de r\u00e9gler leurs achats en toute s\u00e9curit\u00e9 en utilisant notre plateforme de paiement en ligne.<\/span><\/p>\n<p><span style=\"color: #000000;\"><!-- \/wp:paragraph --><!-- wp:paragraph --><\/span><\/p>\n<p><span style=\"color: #000000;\"><strong>Option N<\/strong><strong>\u00b0<\/strong><strong>2<\/strong>\u00a0: Paiement \u00e0 la livraison<\/span><\/p>\n<p><span style=\"color: #000000;\"><!-- \/wp:paragraph --><!-- wp:paragraph --><\/span><\/p>\n<p><span style=\"color: #000000;\">Vous avez \u00e9galement la possibilit\u00e9 de r\u00e9gler votre commande au moment de la r\u00e9ception de votre colis.<\/span><\/p>\n<p><span style=\"color: #000000;\"><!-- \/wp:paragraph --><!-- wp:paragraph --><\/span><\/p>\n<p>\u00a0<\/p>\n<p><span style=\"color: #000000;\"><!-- \/wp:paragraph --><\/span><\/p>\t\t\t\t\t\t<\/div>\n\t\t\t\t<\/div>\n\t\t\t\t\t<\/div>\n\t\t<\/div>\n\t\t\t\t\t\t\t<\/div>\n\t\t<\/section>\n\t\t\t\t\t\t\t<\/div>","protected":false},"excerpt":{"rendered":"<p>Paiement Dans notre qu\u00eate constante d&rsquo;offrir la meilleure exp\u00e9rience possible, nous mettons \u00e0 votre disposition trois options de paiement :<\/p>","protected":false},"author":13,"featured_media":0,"parent":12315,"menu_order":0,"comment_status":"closed","ping_status":"closed","template":"","meta":{"footnotes":""},"class_list":["post-13997","page","type-page","status-publish","hentry"],"yoast_head":"<!-- This site is optimized with the Yoast SEO plugin v26.9 - https:\/\/yoast.com\/product\/yoast-seo-wordpress\/ -->\n<title>Paiement - S\u00e9lection Priv\u00e9e<\/title>\n<meta name=\"robots\" content=\"index, follow, max-snippet:-1, max-image-preview:large, max-video-preview:-1\" \/>\n<link rel=\"canonical\" href=\"https:\/\/sp-dz.com\/ar\/nos-services\/paiement\/\" \/>\n<meta property=\"og:locale\" content=\"ar_AR\" \/>\n<meta property=\"og:type\" content=\"article\" \/>\n<meta property=\"og:title\" content=\"Paiement - S\u00e9lection Priv\u00e9e\" \/>\n<meta property=\"og:description\" content=\"Paiement Dans notre qu\u00eate constante d&rsquo;offrir la meilleure exp\u00e9rience possible, nous mettons \u00e0 votre disposition trois options de paiement :\" \/>\n<meta property=\"og:url\" content=\"https:\/\/sp-dz.com\/ar\/nos-services\/paiement\/\" \/>\n<meta property=\"og:site_name\" content=\"S\u00e9lection Priv\u00e9e\" \/>\n<meta property=\"article:modified_time\" content=\"2024-11-23T12:05:59+00:00\" \/>\n<meta name=\"twitter:card\" content=\"summary_large_image\" \/>\n<meta name=\"twitter:label1\" content=\"\u0648\u0642\u062a \u0627\u0644\u0642\u0631\u0627\u0621\u0629 \u0627\u0644\u0645\u064f\u0642\u062f\u0651\u0631\" \/>\n\t<meta name=\"twitter:data1\" content=\"\u062f\u0642\u064a\u0642\u0629 \u0648\u0627\u062d\u062f\u0629\" \/>\n<script type=\"application\/ld+json\" class=\"yoast-schema-graph\">{\"@context\":\"https:\/\/schema.org\",\"@graph\":[{\"@type\":\"WebPage\",\"@id\":\"https:\/\/sp-dz.com\/nos-services\/paiement\/\",\"url\":\"https:\/\/sp-dz.com\/nos-services\/paiement\/\",\"name\":\"Paiement - S\u00e9lection Priv\u00e9e\",\"isPartOf\":{\"@id\":\"https:\/\/sp-dz.com\/fr\/#website\"},\"datePublished\":\"2024-11-21T11:20:24+00:00\",\"dateModified\":\"2024-11-23T12:05:59+00:00\",\"breadcrumb\":{\"@id\":\"https:\/\/sp-dz.com\/nos-services\/paiement\/#breadcrumb\"},\"inLanguage\":\"ar\",\"potentialAction\":[{\"@type\":\"ReadAction\",\"target\":[\"https:\/\/sp-dz.com\/nos-services\/paiement\/\"]}]},{\"@type\":\"BreadcrumbList\",\"@id\":\"https:\/\/sp-dz.com\/nos-services\/paiement\/#breadcrumb\",\"itemListElement\":[{\"@type\":\"ListItem\",\"position\":1,\"name\":\"Accueil\",\"item\":\"https:\/\/sp-dz.com\/fr\/\"},{\"@type\":\"ListItem\",\"position\":2,\"name\":\"Nos services\",\"item\":\"https:\/\/sp-dz.com\/fr\/nos-services\/\"},{\"@type\":\"ListItem\",\"position\":3,\"name\":\"Paiement\"}]},{\"@type\":\"WebSite\",\"@id\":\"https:\/\/sp-dz.com\/fr\/#website\",\"url\":\"https:\/\/sp-dz.com\/fr\/\",\"name\":\"S\u00e9lection Priv\u00e9e\",\"description\":\"Only for Members\",\"potentialAction\":[{\"@type\":\"SearchAction\",\"target\":{\"@type\":\"EntryPoint\",\"urlTemplate\":\"https:\/\/sp-dz.com\/fr\/?s={search_term_string}\"},\"query-input\":{\"@type\":\"PropertyValueSpecification\",\"valueRequired\":true,\"valueName\":\"search_term_string\"}}],\"inLanguage\":\"ar\"}]}<\/script>\n<!-- \/ Yoast SEO plugin. -->","yoast_head_json":{"title":"Paiement - S\u00e9lection Priv\u00e9e","robots":{"index":"index","follow":"follow","max-snippet":"max-snippet:-1","max-image-preview":"max-image-preview:large","max-video-preview":"max-video-preview:-1"},"canonical":"https:\/\/sp-dz.com\/ar\/nos-services\/paiement\/","og_locale":"ar_AR","og_type":"article","og_title":"Paiement - S\u00e9lection Priv\u00e9e","og_description":"Paiement Dans notre qu\u00eate constante d&rsquo;offrir la meilleure exp\u00e9rience possible, nous mettons \u00e0 votre disposition trois options de paiement :","og_url":"https:\/\/sp-dz.com\/ar\/nos-services\/paiement\/","og_site_name":"S\u00e9lection Priv\u00e9e","article_modified_time":"2024-11-23T12:05:59+00:00","twitter_card":"summary_large_image","twitter_misc":{"\u0648\u0642\u062a \u0627\u0644\u0642\u0631\u0627\u0621\u0629 \u0627\u0644\u0645\u064f\u0642\u062f\u0651\u0631":"\u062f\u0642\u064a\u0642\u0629 \u0648\u0627\u062d\u062f\u0629"},"schema":{"@context":"https:\/\/schema.org","@graph":[{"@type":"WebPage","@id":"https:\/\/sp-dz.com\/nos-services\/paiement\/","url":"https:\/\/sp-dz.com\/nos-services\/paiement\/","name":"Paiement - S\u00e9lection Priv\u00e9e","isPartOf":{"@id":"https:\/\/sp-dz.com\/fr\/#website"},"datePublished":"2024-11-21T11:20:24+00:00","dateModified":"2024-11-23T12:05:59+00:00","breadcrumb":{"@id":"https:\/\/sp-dz.com\/nos-services\/paiement\/#breadcrumb"},"inLanguage":"ar","potentialAction":[{"@type":"ReadAction","target":["https:\/\/sp-dz.com\/nos-services\/paiement\/"]}]},{"@type":"BreadcrumbList","@id":"https:\/\/sp-dz.com\/nos-services\/paiement\/#breadcrumb","itemListElement":[{"@type":"ListItem","position":1,"name":"Accueil","item":"https:\/\/sp-dz.com\/fr\/"},{"@type":"ListItem","position":2,"name":"Nos services","item":"https:\/\/sp-dz.com\/fr\/nos-services\/"},{"@type":"ListItem","position":3,"name":"Paiement"}]},{"@type":"WebSite","@id":"https:\/\/sp-dz.com\/fr\/#website","url":"https:\/\/sp-dz.com\/fr\/","name":"S\u00e9lection Priv\u00e9e","description":"Only for Members","potentialAction":[{"@type":"SearchAction","target":{"@type":"EntryPoint","urlTemplate":"https:\/\/sp-dz.com\/fr\/?s={search_term_string}"},"query-input":{"@type":"PropertyValueSpecification","valueRequired":true,"valueName":"search_term_string"}}],"inLanguage":"ar"}]}},"_links":{"self":[{"href":"https:\/\/sp-dz.com\/ar\/wp-json\/wp\/v2\/pages\/13997","targetHints":{"allow":["GET"]}}],"collection":[{"href":"https:\/\/sp-dz.com\/ar\/wp-json\/wp\/v2\/pages"}],"about":[{"href":"https:\/\/sp-dz.com\/ar\/wp-json\/wp\/v2\/types\/page"}],"author":[{"embeddable":true,"href":"https:\/\/sp-dz.com\/ar\/wp-json\/wp\/v2\/users\/13"}],"replies":[{"embeddable":true,"href":"https:\/\/sp-dz.com\/ar\/wp-json\/wp\/v2\/comments?post=13997"}],"version-history":[{"count":4,"href":"https:\/\/sp-dz.com\/ar\/wp-json\/wp\/v2\/pages\/13997\/revisions"}],"predecessor-version":[{"id":14087,"href":"https:\/\/sp-dz.com\/ar\/wp-json\/wp\/v2\/pages\/13997\/revisions\/14087"}],"up":[{"embeddable":true,"href":"https:\/\/sp-dz.com\/ar\/wp-json\/wp\/v2\/pages\/12315"}],"wp:attachment":[{"href":"https:\/\/sp-dz.com\/ar\/wp-json\/wp\/v2\/media?parent=13997"}],"curies":[{"name":"wp","href":"https:\/\/api.w.org\/{rel}","templated":true}]}}