{"id":13988,"date":"2024-11-21T12:01:43","date_gmt":"2024-11-21T11:01:43","guid":{"rendered":"https:\/\/sp.com.dz\/?page_id=13988"},"modified":"2024-12-18T13:04:14","modified_gmt":"2024-12-18T12:04:14","slug":"comment-commander-2","status":"publish","type":"page","link":"https:\/\/sp-dz.com\/ar\/nos-services\/comment-commander-2\/","title":{"rendered":"\u0643\u064a\u0641 \u062a\u0637\u0644\u0628"},"content":{"rendered":"<div data-elementor-type=\"wp-page\" data-elementor-id=\"13988\" class=\"elementor elementor-13988\">\n\t\t\t\t\t\t\t\t\t<section class=\"wd-negative-gap elementor-section elementor-top-section elementor-element elementor-element-4dcff8f5 elementor-section-boxed elementor-section-height-default elementor-section-height-default wd-section-disabled\" data-id=\"4dcff8f5\" data-element_type=\"section\">\n\t\t\t\t\t\t<div class=\"elementor-container elementor-column-gap-default\">\n\t\t\t\t\t<div class=\"elementor-column elementor-col-100 elementor-top-column elementor-element elementor-element-aa13dfd\" data-id=\"aa13dfd\" data-element_type=\"column\">\n\t\t\t<div class=\"elementor-widget-wrap elementor-element-populated\">\n\t\t\t\t\t\t\t\t<div class=\"elementor-element elementor-element-4a98d090 elementor-widget__width-initial color-scheme-inherit text-left elementor-widget elementor-widget-text-editor\" data-id=\"4a98d090\" data-element_type=\"widget\" data-widget_type=\"text-editor.default\">\n\t\t\t\t<div class=\"elementor-widget-container\">\n\t\t\t<style>\/*! elementor - v3.15.0 - 09-08-2023 *\/\n.elementor-widget-text-editor.elementor-drop-cap-view-stacked .elementor-drop-cap{background-color:#69727d;color:#fff}.elementor-widget-text-editor.elementor-drop-cap-view-framed .elementor-drop-cap{color:#69727d;border:3px solid;background-color:transparent}.elementor-widget-text-editor:not(.elementor-drop-cap-view-default) .elementor-drop-cap{margin-top:8px}.elementor-widget-text-editor:not(.elementor-drop-cap-view-default) .elementor-drop-cap-letter{width:1em;height:1em}.elementor-widget-text-editor .elementor-drop-cap{float:left;text-align:center;line-height:1;font-size:50px}.elementor-widget-text-editor .elementor-drop-cap-letter{display:inline-block}<\/style>\t\t\t\t<p><span style=\"color: #000000;\"><!-- wp:heading {\"level\":4} --><\/span><\/p>\n<h3 class=\"wp-block-heading\"><strong><span style=\"color: #000000;\">\u0643\u064a\u0641 \u062a\u0637\u0644\u0628<\/span><\/strong><\/h3>\n<p><span style=\"color: #000000;\"><!-- \/wp:heading --><!-- wp:paragraph --><\/span><\/p>\n<p><span style=\"color: #000000;\">Afin de visualiser notre catalogue et d&rsquo;acc\u00e9der \u00e0 notre boutique, la cr\u00e9ation d\u2019un compte est n\u00e9cessaire.<\/span><\/p>\n<p><span style=\"color: #000000;\"><!-- \/wp:paragraph --><!-- wp:paragraph --><\/span><\/p>\n<p><span style=\"color: #000000;\">Lors de la cr\u00e9ation du compte, nous vous demandons de fournir uniquement votre adresse mail et mot de passe, par la suite nous vous demanderons les informations n\u00e9cessaires \u00a0pour l&rsquo;acheminement de votre commande ainsi que des informations qui nous permettront de vous proposer des articles susceptibles de vous plaire.<\/span><\/p>\n<p><span style=\"color: #000000;\"><!-- \/wp:paragraph --><!-- wp:paragraph --><\/span><\/p>\n<p><span style=\"color: #000000;\"><strong>\u00c0 noter que la cr\u00e9ation d\u2019un compte est gratuite et sans engagement.<\/strong><\/span><\/p>\n<p><span style=\"color: #000000;\"><!-- \/wp:paragraph --><!-- wp:paragraph --><\/span><\/p>\n<p><span style=\"color: #000000;\">Une fois votre compte cr\u00e9\u00e9, nous vous invitons \u00e0 suivre ces \u00e9tapes simples pour passer commande.<\/span><\/p>\n<p><span style=\"color: #000000;\"><!-- \/wp:paragraph --><!-- wp:list {\"ordered\":true} --><\/span><\/p>\n<ol class=\"wp-block-list\"><!-- wp:list-item -->\n<li><span style=\"color: #000000;\">Vous connectez avec l\u2019adresse mail et le mot de passe utilis\u00e9s pour la cr\u00e9ation du compte<\/span><\/li>\n<!-- \/wp:list-item --><!-- wp:list-item -->\n<li><span style=\"color: #000000;\">Veuillez mettre \u00e0 jour vos informations dans les champs disponibles.<\/span><\/li>\n<!-- \/wp:list-item --><!-- wp:list-item -->\n<li><span style=\"color: #000000;\">Vous recevrez un code de confirmation sur le num\u00e9ro de t\u00e9l\u00e9phone avec lequel vous \u00eates inscrit.<\/span><\/li>\n<!-- \/wp:list-item --><!-- wp:list-item -->\n<li><span style=\"color: #000000;\">Entrez le code que vous avez re\u00e7u par SMS.<\/span><\/li>\n<!-- \/wp:list-item --><!-- wp:list-item -->\n<li><span style=\"color: #000000;\">Une fois cette \u00e9tape termin\u00e9e, vous pourrez pleinement profiter de notre catalogue.<\/span><\/li>\n<!-- \/wp:list-item --><\/ol>\n<p><span style=\"color: #000000;\"><!-- \/wp:list --><!-- wp:paragraph --><\/span><\/p>\n<p><span style=\"color: #000000;\">Profitez de votre shopping et n&rsquo;h\u00e9sitez pas \u00e0 contacter notre service client\u00e8le, qui se fera un plaisir de r\u00e9pondre \u00e0 toutes vos questions.<\/span><\/p>\n<p><span style=\"color: #000000;\"><!-- \/wp:paragraph --><!-- wp:paragraph --><\/span><\/p>\n<p><span style=\"color: #000000;\"><strong>Vote \u00e9quipe s\u00e9lection priv\u00e9e<\/strong> \u00a0<\/span><\/p>\n<p><span style=\"color: #000000;\"><!-- \/wp:paragraph --><!-- wp:paragraph --><\/span><\/p>\n<p>\u00a0<\/p>\n<p><span style=\"color: #000000;\"><!-- \/wp:paragraph --><\/span><\/p>\t\t\t\t\t\t<\/div>\n\t\t\t\t<\/div>\n\t\t\t\t\t<\/div>\n\t\t<\/div>\n\t\t\t\t\t\t\t<\/div>\n\t\t<\/section>\n\t\t\t\t\t\t\t<\/div>","protected":false},"excerpt":{"rendered":"<p>Comment commander Afin de visualiser notre catalogue et d&rsquo;acc\u00e9der \u00e0 notre boutique, la cr\u00e9ation d\u2019un compte est n\u00e9cessaire. Lors de<\/p>","protected":false},"author":13,"featured_media":0,"parent":12315,"menu_order":0,"comment_status":"closed","ping_status":"closed","template":"","meta":{"footnotes":""},"class_list":["post-13988","page","type-page","status-publish","hentry"],"yoast_head":"<!-- This site is optimized with the Yoast SEO plugin v26.9 - https:\/\/yoast.com\/product\/yoast-seo-wordpress\/ -->\n<title>Comment commander - S\u00e9lection Priv\u00e9e<\/title>\n<meta name=\"robots\" content=\"index, follow, max-snippet:-1, max-image-preview:large, max-video-preview:-1\" \/>\n<link rel=\"canonical\" href=\"https:\/\/sp-dz.com\/ar\/nos-services\/comment-commander-2\/\" \/>\n<meta property=\"og:locale\" content=\"ar_AR\" \/>\n<meta property=\"og:type\" content=\"article\" \/>\n<meta property=\"og:title\" content=\"Comment commander - S\u00e9lection Priv\u00e9e\" \/>\n<meta property=\"og:description\" content=\"Comment commander Afin de visualiser notre catalogue et d&rsquo;acc\u00e9der \u00e0 notre boutique, la cr\u00e9ation d\u2019un compte est n\u00e9cessaire. Lors de\" \/>\n<meta property=\"og:url\" content=\"https:\/\/sp-dz.com\/ar\/nos-services\/comment-commander-2\/\" \/>\n<meta property=\"og:site_name\" content=\"S\u00e9lection Priv\u00e9e\" \/>\n<meta property=\"article:modified_time\" content=\"2024-12-18T12:04:14+00:00\" \/>\n<meta name=\"twitter:card\" content=\"summary_large_image\" \/>\n<meta name=\"twitter:label1\" content=\"\u0648\u0642\u062a \u0627\u0644\u0642\u0631\u0627\u0621\u0629 \u0627\u0644\u0645\u064f\u0642\u062f\u0651\u0631\" \/>\n\t<meta name=\"twitter:data1\" content=\"\u062f\u0642\u064a\u0642\u0629 \u0648\u0627\u062d\u062f\u0629\" \/>\n<script type=\"application\/ld+json\" class=\"yoast-schema-graph\">{\"@context\":\"https:\/\/schema.org\",\"@graph\":[{\"@type\":\"WebPage\",\"@id\":\"https:\/\/sp-dz.com\/fr\/nos-services\/comment-commander-2\/\",\"url\":\"https:\/\/sp-dz.com\/fr\/nos-services\/comment-commander-2\/\",\"name\":\"Comment commander - S\u00e9lection Priv\u00e9e\",\"isPartOf\":{\"@id\":\"https:\/\/sp-dz.com\/fr\/#website\"},\"datePublished\":\"2024-11-21T11:01:43+00:00\",\"dateModified\":\"2024-12-18T12:04:14+00:00\",\"breadcrumb\":{\"@id\":\"https:\/\/sp-dz.com\/fr\/nos-services\/comment-commander-2\/#breadcrumb\"},\"inLanguage\":\"ar\",\"potentialAction\":[{\"@type\":\"ReadAction\",\"target\":[\"https:\/\/sp-dz.com\/fr\/nos-services\/comment-commander-2\/\"]}]},{\"@type\":\"BreadcrumbList\",\"@id\":\"https:\/\/sp-dz.com\/fr\/nos-services\/comment-commander-2\/#breadcrumb\",\"itemListElement\":[{\"@type\":\"ListItem\",\"position\":1,\"name\":\"Accueil\",\"item\":\"https:\/\/sp-dz.com\/fr\/\"},{\"@type\":\"ListItem\",\"position\":2,\"name\":\"Nos services\",\"item\":\"https:\/\/sp-dz.com\/fr\/nos-services\/\"},{\"@type\":\"ListItem\",\"position\":3,\"name\":\"Comment commander\"}]},{\"@type\":\"WebSite\",\"@id\":\"https:\/\/sp-dz.com\/fr\/#website\",\"url\":\"https:\/\/sp-dz.com\/fr\/\",\"name\":\"S\u00e9lection Priv\u00e9e\",\"description\":\"Only for Members\",\"potentialAction\":[{\"@type\":\"SearchAction\",\"target\":{\"@type\":\"EntryPoint\",\"urlTemplate\":\"https:\/\/sp-dz.com\/fr\/?s={search_term_string}\"},\"query-input\":{\"@type\":\"PropertyValueSpecification\",\"valueRequired\":true,\"valueName\":\"search_term_string\"}}],\"inLanguage\":\"ar\"}]}<\/script>\n<!-- \/ Yoast SEO plugin. -->","yoast_head_json":{"title":"Comment commander - S\u00e9lection Priv\u00e9e","robots":{"index":"index","follow":"follow","max-snippet":"max-snippet:-1","max-image-preview":"max-image-preview:large","max-video-preview":"max-video-preview:-1"},"canonical":"https:\/\/sp-dz.com\/ar\/nos-services\/comment-commander-2\/","og_locale":"ar_AR","og_type":"article","og_title":"Comment commander - S\u00e9lection Priv\u00e9e","og_description":"Comment commander Afin de visualiser notre catalogue et d&rsquo;acc\u00e9der \u00e0 notre boutique, la cr\u00e9ation d\u2019un compte est n\u00e9cessaire. Lors de","og_url":"https:\/\/sp-dz.com\/ar\/nos-services\/comment-commander-2\/","og_site_name":"S\u00e9lection Priv\u00e9e","article_modified_time":"2024-12-18T12:04:14+00:00","twitter_card":"summary_large_image","twitter_misc":{"\u0648\u0642\u062a \u0627\u0644\u0642\u0631\u0627\u0621\u0629 \u0627\u0644\u0645\u064f\u0642\u062f\u0651\u0631":"\u062f\u0642\u064a\u0642\u0629 \u0648\u0627\u062d\u062f\u0629"},"schema":{"@context":"https:\/\/schema.org","@graph":[{"@type":"WebPage","@id":"https:\/\/sp-dz.com\/fr\/nos-services\/comment-commander-2\/","url":"https:\/\/sp-dz.com\/fr\/nos-services\/comment-commander-2\/","name":"Comment commander - S\u00e9lection Priv\u00e9e","isPartOf":{"@id":"https:\/\/sp-dz.com\/fr\/#website"},"datePublished":"2024-11-21T11:01:43+00:00","dateModified":"2024-12-18T12:04:14+00:00","breadcrumb":{"@id":"https:\/\/sp-dz.com\/fr\/nos-services\/comment-commander-2\/#breadcrumb"},"inLanguage":"ar","potentialAction":[{"@type":"ReadAction","target":["https:\/\/sp-dz.com\/fr\/nos-services\/comment-commander-2\/"]}]},{"@type":"BreadcrumbList","@id":"https:\/\/sp-dz.com\/fr\/nos-services\/comment-commander-2\/#breadcrumb","itemListElement":[{"@type":"ListItem","position":1,"name":"Accueil","item":"https:\/\/sp-dz.com\/fr\/"},{"@type":"ListItem","position":2,"name":"Nos services","item":"https:\/\/sp-dz.com\/fr\/nos-services\/"},{"@type":"ListItem","position":3,"name":"Comment commander"}]},{"@type":"WebSite","@id":"https:\/\/sp-dz.com\/fr\/#website","url":"https:\/\/sp-dz.com\/fr\/","name":"S\u00e9lection Priv\u00e9e","description":"Only for Members","potentialAction":[{"@type":"SearchAction","target":{"@type":"EntryPoint","urlTemplate":"https:\/\/sp-dz.com\/fr\/?s={search_term_string}"},"query-input":{"@type":"PropertyValueSpecification","valueRequired":true,"valueName":"search_term_string"}}],"inLanguage":"ar"}]}},"_links":{"self":[{"href":"https:\/\/sp-dz.com\/ar\/wp-json\/wp\/v2\/pages\/13988","targetHints":{"allow":["GET"]}}],"collection":[{"href":"https:\/\/sp-dz.com\/ar\/wp-json\/wp\/v2\/pages"}],"about":[{"href":"https:\/\/sp-dz.com\/ar\/wp-json\/wp\/v2\/types\/page"}],"author":[{"embeddable":true,"href":"https:\/\/sp-dz.com\/ar\/wp-json\/wp\/v2\/users\/13"}],"replies":[{"embeddable":true,"href":"https:\/\/sp-dz.com\/ar\/wp-json\/wp\/v2\/comments?post=13988"}],"version-history":[{"count":13,"href":"https:\/\/sp-dz.com\/ar\/wp-json\/wp\/v2\/pages\/13988\/revisions"}],"predecessor-version":[{"id":14950,"href":"https:\/\/sp-dz.com\/ar\/wp-json\/wp\/v2\/pages\/13988\/revisions\/14950"}],"up":[{"embeddable":true,"href":"https:\/\/sp-dz.com\/ar\/wp-json\/wp\/v2\/pages\/12315"}],"wp:attachment":[{"href":"https:\/\/sp-dz.com\/ar\/wp-json\/wp\/v2\/media?parent=13988"}],"curies":[{"name":"wp","href":"https:\/\/api.w.org\/{rel}","templated":true}]}}