{"id":13980,"date":"2024-11-21T11:23:24","date_gmt":"2024-11-21T10:23:24","guid":{"rendered":"https:\/\/sp.com.dz\/?page_id=13980"},"modified":"2024-12-18T11:57:22","modified_gmt":"2024-12-18T10:57:22","slug":"donnees-personnelles","status":"publish","type":"page","link":"https:\/\/sp-dz.com\/ar\/a-propos\/donnees-personnelles\/","title":{"rendered":"Donn\u00e9es Personnelles"},"content":{"rendered":"<div data-elementor-type=\"wp-page\" data-elementor-id=\"13980\" class=\"elementor elementor-13980\">\n\t\t\t\t\t\t\t\t\t<section class=\"wd-negative-gap elementor-section elementor-top-section elementor-element elementor-element-49f8b4f7 elementor-section-boxed elementor-section-height-default elementor-section-height-default wd-section-disabled\" data-id=\"49f8b4f7\" data-element_type=\"section\">\n\t\t\t\t\t\t<div class=\"elementor-container elementor-column-gap-default\">\n\t\t\t\t\t<div class=\"elementor-column elementor-col-100 elementor-top-column elementor-element elementor-element-cf8e073\" data-id=\"cf8e073\" data-element_type=\"column\">\n\t\t\t<div class=\"elementor-widget-wrap elementor-element-populated\">\n\t\t\t\t\t\t\t\t<div class=\"elementor-element elementor-element-526720d6 elementor-widget__width-initial color-scheme-inherit text-left elementor-widget elementor-widget-text-editor\" data-id=\"526720d6\" data-element_type=\"widget\" data-widget_type=\"text-editor.default\">\n\t\t\t\t<div class=\"elementor-widget-container\">\n\t\t\t<style>\/*! elementor - v3.15.0 - 09-08-2023 *\/\n.elementor-widget-text-editor.elementor-drop-cap-view-stacked .elementor-drop-cap{background-color:#69727d;color:#fff}.elementor-widget-text-editor.elementor-drop-cap-view-framed .elementor-drop-cap{color:#69727d;border:3px solid;background-color:transparent}.elementor-widget-text-editor:not(.elementor-drop-cap-view-default) .elementor-drop-cap{margin-top:8px}.elementor-widget-text-editor:not(.elementor-drop-cap-view-default) .elementor-drop-cap-letter{width:1em;height:1em}.elementor-widget-text-editor .elementor-drop-cap{float:left;text-align:center;line-height:1;font-size:50px}.elementor-widget-text-editor .elementor-drop-cap-letter{display:inline-block}<\/style>\t\t\t\t<p><span style=\"color: #000000;\"><!-- wp:paragraph --><\/span><\/p>\n<h3><strong><span style=\"color: #000000;\">Protection de vos donn\u00e9e personnelles<\/span><\/strong><\/h3>\n<p><span style=\"color: #000000;\"><!-- \/wp:paragraph --><!-- wp:paragraph --><\/span><\/p>\n<p><span style=\"color: #000000;\">La protection de la vie priv\u00e9e est d&rsquo;une importance capitale au sein de notre entreprise. Nous nous engageons \u00e0 respecter scrupuleusement les directives relatives \u00e0 la protection des donn\u00e9es personnelles de nos clients.<\/span><\/p>\n<p><span style=\"color: #000000;\"><!-- \/wp:paragraph --><!-- wp:paragraph --><\/span><\/p>\n<p><span style=\"color: #000000;\">Les donn\u00e9es personnelles que nous collectons lors de l&rsquo;ouverture d&rsquo;un compte et de l&rsquo;achat d&rsquo;articles sont celles fournies pour la validation de votre livraison.<\/span><\/p>\n<p><span style=\"color: #000000;\"><!-- \/wp:paragraph --><!-- wp:paragraph --><\/span><\/p>\n<p><span style=\"color: #000000;\">\u00a0Ces informations sont collect\u00e9es dans le but d&rsquo;assurer divers aspects de notre service, notamment :<\/span><\/p>\n<p><span style=\"color: #000000;\"><!-- \/wp:paragraph --><!-- wp:paragraph --><\/span><\/p>\n<p><span style=\"color: #000000;\">Assurer le bon fonctionnement et am\u00e9liorer notre site web : Nous utilisons vos donn\u00e9es pour garantir que notre site web fonctionne correctement et pour identifier les domaines \u00e0 am\u00e9liorer afin de vous offrir une exp\u00e9rience utilisateur optimale.<\/span><\/p>\n<p><span style=\"color: #000000;\"><!-- \/wp:paragraph --><!-- wp:list --><\/span><\/p>\n<ul class=\"wp-block-list\"><!-- wp:list-item -->\n<li><span style=\"color: #000000;\"><strong>Optimiser les fonctionnalit\u00e9s propos\u00e9es<\/strong>\u00a0: Gr\u00e2ce aux donn\u00e9es collect\u00e9es, nous pouvons personnaliser et enrichir les fonctionnalit\u00e9s de notre site web pour r\u00e9pondre au mieux \u00e0 vos attentes et besoins.<\/span><\/li>\n<!-- \/wp:list-item --><!-- wp:list-item -->\n<li><span style=\"color: #000000;\"><strong>Renforcer notre relation avec nos clients :<\/strong>\u00a0Nous utilisons vos informations pour mieux comprendre vos pr\u00e9f\u00e9rences et interagir de mani\u00e8re plus pertinente, en vous offrant un service client de qualit\u00e9.<\/span><\/li>\n<!-- \/wp:list-item --><!-- wp:list-item -->\n<li><span style=\"color: #000000;\"><strong>Informer nos clients :<\/strong>\u00a0Nous vous tenons au courant des offres actuelles, des nouveaut\u00e9s, des arrivages, des promotions, ainsi que des changements d&rsquo;horaires ou d&#8217;emplacements de nos boutiques. Ces communications vous permettent de ne manquer aucune opportunit\u00e9 et de b\u00e9n\u00e9ficier pleinement de nos services.<\/span><\/li>\n<!-- \/wp:list-item --><!-- wp:list-item -->\n<li><span style=\"color: #000000;\"><strong>Faciliter la vente des articles et leur livraison<\/strong>\u00a0: Vos donn\u00e9es sont utilis\u00e9es pour simplifier et s\u00e9curiser le processus d&rsquo;achat et de livraison, en collaborant avec des tiers charg\u00e9s de la livraison.<\/span><\/li>\n<!-- \/wp:list-item --><!-- wp:list-item -->\n<li><span style=\"color: #000000;\"><strong>\u00c9tablir des devis et des factures :<\/strong>\u00a0Nous utilisons vos informations pour cr\u00e9er des devis et des factures, respectant ainsi les mesures pr\u00e9contractuelles \u00e9tablies entre vous et notre entreprise.<\/span><\/li>\n<!-- \/wp:list-item --><!-- wp:list-item -->\n<li><span style=\"color: #000000;\"><strong>Promouvoir l\u2019adh\u00e9sion aux programmes de fid\u00e9lit\u00e9<\/strong>\u00a0: Vos donn\u00e9es nous aident \u00e0 g\u00e9rer et promouvoir des programmes de fid\u00e9lit\u00e9, vous offrant ainsi des avantages exclusifs et des r\u00e9compenses pour votre fid\u00e9lit\u00e9.<\/span><\/li>\n<!-- \/wp:list-item --><\/ul>\n<p><span style=\"color: #000000;\"><!-- \/wp:list --><!-- wp:paragraph --><\/span><\/p>\n<p><span style=\"color: #000000;\">Les donn\u00e9es personnelles collect\u00e9es sont destin\u00e9es \u00e0 l&rsquo;entit\u00e9 principale, EURL NEGUIZAMI GROUP. Cette derni\u00e8re est autoris\u00e9e \u00e0 les partager ou \u00e0 les utiliser avec ses entit\u00e9s secondaires, dans le but de poursuivre les m\u00eames objectifs mentionn\u00e9s ci-dessus.<\/span><\/p>\n<p><span style=\"color: #000000;\"><!-- \/wp:paragraph --><!-- wp:paragraph --><\/span><\/p>\n<p><span style=\"color: #000000;\">Nous mettons en \u0153uvre des mesures de s\u00e9curit\u00e9 avanc\u00e9es pour prot\u00e9ger vos donn\u00e9es contre tout acc\u00e8s non autoris\u00e9, toute modification, divulgation ou destruction. Nous utilisons des technologies de cryptage et des protocoles de s\u00e9curit\u00e9 stricts pour garantir la confidentialit\u00e9 et l&rsquo;int\u00e9grit\u00e9 de vos informations personnelles.<\/span><\/p>\n<p><span style=\"color: #000000;\"><!-- \/wp:paragraph --><!-- wp:paragraph --><\/span><\/p>\n<p><span style=\"color: #000000;\"><strong>Droits des Utilisateurs<\/strong><\/span><\/p>\n<p><span style=\"color: #000000;\"><!-- \/wp:paragraph --><!-- wp:paragraph --><\/span><\/p>\n<p><span style=\"color: #000000;\">Conform\u00e9ment aux r\u00e9glementations en vigueur, vous disposez de plusieurs droits concernant vos donn\u00e9es personnelles :<\/span><\/p>\n<p><span style=\"color: #000000;\"><!-- \/wp:paragraph --><!-- wp:paragraph --><\/span><\/p>\n<p><span style=\"color: #000000;\"><strong>Droit d&rsquo;acc\u00e8s :<\/strong>\u00a0Vous pouvez demander l&rsquo;acc\u00e8s \u00e0 vos donn\u00e9es personnelles que nous d\u00e9tenons.<\/span><\/p>\n<p><span style=\"color: #000000;\"><!-- \/wp:paragraph --><!-- wp:paragraph --><\/span><\/p>\n<p><span style=\"color: #000000;\"><strong>Droit de rectification<\/strong>\u00a0: Vous avez le droit de demander la correction de toute information inexacte ou incompl\u00e8te.<\/span><\/p>\n<p><span style=\"color: #000000;\"><!-- \/wp:paragraph --><!-- wp:paragraph --><\/span><\/p>\n<p><span style=\"color: #000000;\"><strong>Droit de suppression :<\/strong>\u00a0Vous pouvez demander la suppression de vos donn\u00e9es personnelles, sous r\u00e9serve des obligations l\u00e9gales et r\u00e9glementaires.<\/span><\/p>\n<p><span style=\"color: #000000;\"><!-- \/wp:paragraph --><!-- wp:paragraph --><\/span><\/p>\n<p><span style=\"color: #000000;\"><strong>Droit d&rsquo;opposition<\/strong>: Vous avez le droit de vous opposer \u00e0 certains types de traitement de vos donn\u00e9es personnelles. ( Marketing direct et profilage ))<\/span><\/p>\n<p><span style=\"color: #000000;\"><!-- \/wp:paragraph --><!-- wp:paragraph --><\/span><\/p>\n<p><span style=\"color: #000000;\"><strong>Droit \u00e0 la portabilit\u00e9 des donn\u00e9es<\/strong>\u00a0: Vous pouvez demander que vos donn\u00e9es personnelles vous soient fournies dans un format structur\u00e9, couramment utilis\u00e9 et lisible par machine.<\/span><\/p>\n<p><span style=\"color: #000000;\"><!-- \/wp:paragraph --><!-- wp:paragraph --><\/span><\/p>\n<p><span style=\"color: #000000;\">Proc\u00e9dure pour la Non-Utilisation et le Retrait des Donn\u00e9es<\/span><\/p>\n<p><span style=\"color: #000000;\"><!-- \/wp:paragraph --><!-- wp:paragraph --><\/span><\/p>\n<p><span style=\"color: #000000;\">Si vous souhaitez exercer vos droits d&rsquo;utilisateur ou si vous pr\u00e9f\u00e9rez que vos informations personnelles ne soient pas utilis\u00e9es ou stock\u00e9es, nous vous invitons, pour des raisons de s\u00e9curit\u00e9, \u00e0 nous transmettre votre demande par l&rsquo;interm\u00e9diaire d&rsquo;un huissier de justice, \u00e0 l&rsquo;adresse de notre si\u00e8ge social. Nous nous engageons \u00e0 traiter votre demande avec la plus grande diligence, \u00e0 effacer vos donn\u00e9es et \u00e0 vous r\u00e9pondre par lettre recommand\u00e9e dans les plus brefs d\u00e9lais<\/span><\/p>\n<p><span style=\"color: #000000;\"><!-- \/wp:paragraph --><!-- wp:paragraph --><\/span><\/p>\n<p><span style=\"color: #000000;\">Pour toute question ou demande relative \u00e0 la protection de vos donn\u00e9es personnelles, nous vous invitons \u00e0 nous \u00e9crire \u00e0 l&rsquo;adresse suivante :\u00a0<a style=\"color: #000000;\" href=\"mailto:contact@sp-dz.com\">contact@sp-dz.com<\/a>. \u00a0Notre \u00e9quipe est \u00e0 votre disposition pour r\u00e9pondre \u00e0 vos pr\u00e9occupations.<\/span><\/p>\n<p><span style=\"color: #000000;\"><!-- \/wp:paragraph --><!-- wp:paragraph --><\/span><\/p>\n<p>\u00a0<\/p>\n<p><span style=\"color: #000000;\"><!-- \/wp:paragraph --><\/span><\/p>\t\t\t\t\t\t<\/div>\n\t\t\t\t<\/div>\n\t\t\t\t\t<\/div>\n\t\t<\/div>\n\t\t\t\t\t\t\t<\/div>\n\t\t<\/section>\n\t\t\t\t\t\t\t<\/div>","protected":false},"excerpt":{"rendered":"<p>Protection de vos donn\u00e9e personnelles La protection de la vie priv\u00e9e est d&rsquo;une importance capitale au sein de notre entreprise.<\/p>","protected":false},"author":13,"featured_media":0,"parent":12317,"menu_order":0,"comment_status":"closed","ping_status":"closed","template":"","meta":{"footnotes":""},"class_list":["post-13980","page","type-page","status-publish","hentry"],"yoast_head":"<!-- This site is optimized with the Yoast SEO plugin v26.9 - https:\/\/yoast.com\/product\/yoast-seo-wordpress\/ -->\n<title>Donn\u00e9es Personnelles - S\u00e9lection Priv\u00e9e<\/title>\n<meta name=\"robots\" content=\"index, follow, max-snippet:-1, max-image-preview:large, max-video-preview:-1\" \/>\n<link rel=\"canonical\" href=\"https:\/\/sp-dz.com\/ar\/a-propos\/donnees-personnelles\/\" \/>\n<meta property=\"og:locale\" content=\"ar_AR\" \/>\n<meta property=\"og:type\" content=\"article\" \/>\n<meta property=\"og:title\" content=\"Donn\u00e9es Personnelles - S\u00e9lection Priv\u00e9e\" \/>\n<meta property=\"og:description\" content=\"Protection de vos donn\u00e9e personnelles La protection de la vie priv\u00e9e est d&rsquo;une importance capitale au sein de notre entreprise.\" \/>\n<meta property=\"og:url\" content=\"https:\/\/sp-dz.com\/ar\/a-propos\/donnees-personnelles\/\" \/>\n<meta property=\"og:site_name\" content=\"S\u00e9lection Priv\u00e9e\" \/>\n<meta property=\"article:modified_time\" content=\"2024-12-18T10:57:22+00:00\" \/>\n<meta name=\"twitter:card\" content=\"summary_large_image\" \/>\n<meta name=\"twitter:label1\" content=\"\u0648\u0642\u062a \u0627\u0644\u0642\u0631\u0627\u0621\u0629 \u0627\u0644\u0645\u064f\u0642\u062f\u0651\u0631\" \/>\n\t<meta name=\"twitter:data1\" content=\"4 \u062f\u0642\u0627\u0626\u0642\" \/>\n<script type=\"application\/ld+json\" class=\"yoast-schema-graph\">{\"@context\":\"https:\/\/schema.org\",\"@graph\":[{\"@type\":\"WebPage\",\"@id\":\"https:\/\/sp-dz.com\/a-propos\/donnees-personnelles\/\",\"url\":\"https:\/\/sp-dz.com\/a-propos\/donnees-personnelles\/\",\"name\":\"Donn\u00e9es Personnelles - S\u00e9lection Priv\u00e9e\",\"isPartOf\":{\"@id\":\"https:\/\/sp-dz.com\/fr\/#website\"},\"datePublished\":\"2024-11-21T10:23:24+00:00\",\"dateModified\":\"2024-12-18T10:57:22+00:00\",\"breadcrumb\":{\"@id\":\"https:\/\/sp-dz.com\/a-propos\/donnees-personnelles\/#breadcrumb\"},\"inLanguage\":\"ar\",\"potentialAction\":[{\"@type\":\"ReadAction\",\"target\":[\"https:\/\/sp-dz.com\/a-propos\/donnees-personnelles\/\"]}]},{\"@type\":\"BreadcrumbList\",\"@id\":\"https:\/\/sp-dz.com\/a-propos\/donnees-personnelles\/#breadcrumb\",\"itemListElement\":[{\"@type\":\"ListItem\",\"position\":1,\"name\":\"Accueil\",\"item\":\"https:\/\/sp-dz.com\/fr\/\"},{\"@type\":\"ListItem\",\"position\":2,\"name\":\"A propos\",\"item\":\"https:\/\/sp-dz.com\/fr\/a-propos\/\"},{\"@type\":\"ListItem\",\"position\":3,\"name\":\"Donn\u00e9es Personnelles\"}]},{\"@type\":\"WebSite\",\"@id\":\"https:\/\/sp-dz.com\/fr\/#website\",\"url\":\"https:\/\/sp-dz.com\/fr\/\",\"name\":\"S\u00e9lection Priv\u00e9e\",\"description\":\"Only for Members\",\"potentialAction\":[{\"@type\":\"SearchAction\",\"target\":{\"@type\":\"EntryPoint\",\"urlTemplate\":\"https:\/\/sp-dz.com\/fr\/?s={search_term_string}\"},\"query-input\":{\"@type\":\"PropertyValueSpecification\",\"valueRequired\":true,\"valueName\":\"search_term_string\"}}],\"inLanguage\":\"ar\"}]}<\/script>\n<!-- \/ Yoast SEO plugin. -->","yoast_head_json":{"title":"Donn\u00e9es Personnelles - S\u00e9lection Priv\u00e9e","robots":{"index":"index","follow":"follow","max-snippet":"max-snippet:-1","max-image-preview":"max-image-preview:large","max-video-preview":"max-video-preview:-1"},"canonical":"https:\/\/sp-dz.com\/ar\/a-propos\/donnees-personnelles\/","og_locale":"ar_AR","og_type":"article","og_title":"Donn\u00e9es Personnelles - S\u00e9lection Priv\u00e9e","og_description":"Protection de vos donn\u00e9e personnelles La protection de la vie priv\u00e9e est d&rsquo;une importance capitale au sein de notre entreprise.","og_url":"https:\/\/sp-dz.com\/ar\/a-propos\/donnees-personnelles\/","og_site_name":"S\u00e9lection Priv\u00e9e","article_modified_time":"2024-12-18T10:57:22+00:00","twitter_card":"summary_large_image","twitter_misc":{"\u0648\u0642\u062a \u0627\u0644\u0642\u0631\u0627\u0621\u0629 \u0627\u0644\u0645\u064f\u0642\u062f\u0651\u0631":"4 \u062f\u0642\u0627\u0626\u0642"},"schema":{"@context":"https:\/\/schema.org","@graph":[{"@type":"WebPage","@id":"https:\/\/sp-dz.com\/a-propos\/donnees-personnelles\/","url":"https:\/\/sp-dz.com\/a-propos\/donnees-personnelles\/","name":"Donn\u00e9es Personnelles - S\u00e9lection Priv\u00e9e","isPartOf":{"@id":"https:\/\/sp-dz.com\/fr\/#website"},"datePublished":"2024-11-21T10:23:24+00:00","dateModified":"2024-12-18T10:57:22+00:00","breadcrumb":{"@id":"https:\/\/sp-dz.com\/a-propos\/donnees-personnelles\/#breadcrumb"},"inLanguage":"ar","potentialAction":[{"@type":"ReadAction","target":["https:\/\/sp-dz.com\/a-propos\/donnees-personnelles\/"]}]},{"@type":"BreadcrumbList","@id":"https:\/\/sp-dz.com\/a-propos\/donnees-personnelles\/#breadcrumb","itemListElement":[{"@type":"ListItem","position":1,"name":"Accueil","item":"https:\/\/sp-dz.com\/fr\/"},{"@type":"ListItem","position":2,"name":"A propos","item":"https:\/\/sp-dz.com\/fr\/a-propos\/"},{"@type":"ListItem","position":3,"name":"Donn\u00e9es Personnelles"}]},{"@type":"WebSite","@id":"https:\/\/sp-dz.com\/fr\/#website","url":"https:\/\/sp-dz.com\/fr\/","name":"S\u00e9lection Priv\u00e9e","description":"Only for Members","potentialAction":[{"@type":"SearchAction","target":{"@type":"EntryPoint","urlTemplate":"https:\/\/sp-dz.com\/fr\/?s={search_term_string}"},"query-input":{"@type":"PropertyValueSpecification","valueRequired":true,"valueName":"search_term_string"}}],"inLanguage":"ar"}]}},"_links":{"self":[{"href":"https:\/\/sp-dz.com\/ar\/wp-json\/wp\/v2\/pages\/13980","targetHints":{"allow":["GET"]}}],"collection":[{"href":"https:\/\/sp-dz.com\/ar\/wp-json\/wp\/v2\/pages"}],"about":[{"href":"https:\/\/sp-dz.com\/ar\/wp-json\/wp\/v2\/types\/page"}],"author":[{"embeddable":true,"href":"https:\/\/sp-dz.com\/ar\/wp-json\/wp\/v2\/users\/13"}],"replies":[{"embeddable":true,"href":"https:\/\/sp-dz.com\/ar\/wp-json\/wp\/v2\/comments?post=13980"}],"version-history":[{"count":24,"href":"https:\/\/sp-dz.com\/ar\/wp-json\/wp\/v2\/pages\/13980\/revisions"}],"predecessor-version":[{"id":14893,"href":"https:\/\/sp-dz.com\/ar\/wp-json\/wp\/v2\/pages\/13980\/revisions\/14893"}],"up":[{"embeddable":true,"href":"https:\/\/sp-dz.com\/ar\/wp-json\/wp\/v2\/pages\/12317"}],"wp:attachment":[{"href":"https:\/\/sp-dz.com\/ar\/wp-json\/wp\/v2\/media?parent=13980"}],"curies":[{"name":"wp","href":"https:\/\/api.w.org\/{rel}","templated":true}]}}