{"id":13976,"date":"2024-11-21T11:16:02","date_gmt":"2024-11-21T10:16:02","guid":{"rendered":"https:\/\/sp.com.dz\/?page_id=13976"},"modified":"2024-12-18T11:57:00","modified_gmt":"2024-12-18T10:57:00","slug":"notre-plateforme","status":"publish","type":"page","link":"https:\/\/sp-dz.com\/ar\/a-propos\/notre-plateforme\/","title":{"rendered":"Notre Plateforme"},"content":{"rendered":"<div data-elementor-type=\"wp-page\" data-elementor-id=\"13976\" class=\"elementor elementor-13976\">\n\t\t\t\t\t\t\t\t\t<section class=\"wd-negative-gap elementor-section elementor-top-section elementor-element elementor-element-5ed720f5 elementor-section-boxed elementor-section-height-default elementor-section-height-default wd-section-disabled\" data-id=\"5ed720f5\" data-element_type=\"section\">\n\t\t\t\t\t\t<div class=\"elementor-container elementor-column-gap-default\">\n\t\t\t\t\t<div class=\"elementor-column elementor-col-100 elementor-top-column elementor-element elementor-element-201f50fa\" data-id=\"201f50fa\" data-element_type=\"column\">\n\t\t\t<div class=\"elementor-widget-wrap elementor-element-populated\">\n\t\t\t\t\t\t\t\t<div class=\"elementor-element elementor-element-7ebf8e96 elementor-widget__width-initial color-scheme-inherit text-left elementor-widget elementor-widget-text-editor\" data-id=\"7ebf8e96\" data-element_type=\"widget\" data-widget_type=\"text-editor.default\">\n\t\t\t\t<div class=\"elementor-widget-container\">\n\t\t\t<style>\/*! elementor - v3.15.0 - 09-08-2023 *\/\n.elementor-widget-text-editor.elementor-drop-cap-view-stacked .elementor-drop-cap{background-color:#69727d;color:#fff}.elementor-widget-text-editor.elementor-drop-cap-view-framed .elementor-drop-cap{color:#69727d;border:3px solid;background-color:transparent}.elementor-widget-text-editor:not(.elementor-drop-cap-view-default) .elementor-drop-cap{margin-top:8px}.elementor-widget-text-editor:not(.elementor-drop-cap-view-default) .elementor-drop-cap-letter{width:1em;height:1em}.elementor-widget-text-editor .elementor-drop-cap{float:left;text-align:center;line-height:1;font-size:50px}.elementor-widget-text-editor .elementor-drop-cap-letter{display:inline-block}<\/style>\t\t\t\t<p><span style=\"color: #000000;\"><!-- wp:paragraph --><\/span><\/p>\n<h3><strong><span style=\"color: #000000;\">Notre plateforme<\/span><\/strong><\/h3>\n<p><span style=\"color: #000000;\"><!-- \/wp:paragraph --><!-- wp:paragraph --><\/span><\/p>\n<p><span style=\"color: #000000;\">Notre entreprise d\u00e9coule de l&rsquo;union entre une vision commerciale affirm\u00e9e et une profonde d\u00e9termination \u00e0 soutenir le pouvoir d\u2019achat des Alg\u00e9riens. Mettant nos clients au centre de notre d\u00e9marche, nous avons lanc\u00e9 notre plateforme pour fournir aux Alg\u00e9riens un service de d\u00e9stockage proposant des produits de qualit\u00e9 \u00e0 des prix comp\u00e9titifs. De plus, nous offrons une plateforme de vente destin\u00e9e aux soci\u00e9t\u00e9s, commer\u00e7ants et artisans alg\u00e9riens partageant cette vision d&rsquo;entraide.<\/span><\/p>\n<p><span style=\"color: #000000;\"><!-- \/wp:paragraph --><!-- wp:paragraph --><\/span><\/p>\n<p><span style=\"color: #000000;\"><strong><em>Nos objectifs\u00a0:<\/em><\/strong><\/span><\/p>\n<p><span style=\"color: #000000;\"><!-- \/wp:paragraph --><!-- wp:paragraph --><\/span><\/p>\n<p><span style=\"color: #000000;\"><strong>Faciliter l&rsquo;Acc\u00e8s \u00e0 des Produits de Qualit\u00e9<\/strong>\u00a0: Nous aspirons \u00e0 rendre accessible \u00e0 tous une gamme diversifi\u00e9e de produits de qualit\u00e9. En proposant des articles provenant de marques renomm\u00e9es \u00e0 des tarifs comp\u00e9titifs, nous cherchons \u00e0 garantir que nos clients b\u00e9n\u00e9ficient d&rsquo;une exp\u00e9rience d&rsquo;achat exceptionnelle sans compromis sur la qualit\u00e9.<\/span><\/p>\n<p><span style=\"color: #000000;\"><!-- \/wp:paragraph --><!-- wp:paragraph --><\/span><\/p>\n<p><span style=\"color: #000000;\"><strong>Promouvoir la Collaboration \u00c9conomique Locale<\/strong>\u00a0: En \u00e9largissant notre plateforme pour inclure une offre de vente destin\u00e9e aux soci\u00e9t\u00e9s, commer\u00e7ants et artisans alg\u00e9riens partageant notre vision d&rsquo;entraide, nous cherchons \u00e0 cr\u00e9er un \u00e9cosyst\u00e8me collaboratif. Notre objectif est de stimuler le commerce local, favorisant ainsi la croissance \u00e9conomique et le d\u00e9veloppement des entreprises au sein de la communaut\u00e9.<\/span><\/p>\n<p><span style=\"color: #000000;\"><!-- \/wp:paragraph --><!-- wp:paragraph --><\/span><\/p>\n<p><span style=\"color: #000000;\"><strong>Innover pour R\u00e9pondre aux Besoins \u00c9mergents\u00a0<\/strong><em>:\u00a0<\/em>Nous nous engageons \u00e0 rester \u00e0 l&rsquo;avant-garde de l&rsquo;innovation, en anticipant et en r\u00e9pondant aux besoins \u00e9mergents de nos clients. Notre objectif est de d\u00e9velopper continuellement notre plateforme pour offrir des solutions toujours plus pertinentes et adapt\u00e9es \u00e0 l&rsquo;\u00e9volution des pr\u00e9f\u00e9rences et des exigences du march\u00e9.<\/span><\/p>\n<p><span style=\"color: #000000;\"><!-- \/wp:paragraph --><!-- wp:paragraph --><\/span><\/p>\n<p><span style=\"color: #000000;\"><strong><em>\u00a0<\/em><\/strong><strong>Favoriser une Communaut\u00e9 Engag\u00e9e :\u00a0<\/strong>En encourageant la participation active des utilisateurs et en \u00e9tablissant des partenariats fructueux, nous visons \u00e0 cr\u00e9er une communaut\u00e9 engag\u00e9e. Notre objectif est de fournir un espace o\u00f9 les Alg\u00e9riens peuvent non seulement r\u00e9aliser des \u00e9conomies, mais aussi \u00e0 contribuer \u00e0 l&rsquo;essor \u00e9conomique mutuel<strong>.<\/strong><strong><em>\u00a0<\/em><\/strong><\/span><\/p>\n<p><span style=\"color: #000000;\"><!-- \/wp:paragraph --><!-- wp:paragraph --><\/span><\/p>\n<p><span style=\"color: #000000;\"><strong>En poursuivant ces objectifs, notre plateforme aspire \u00e0 devenir un acteur cl\u00e9 dans l&rsquo;am\u00e9lioration du pouvoir d\u2019achat des Alg\u00e9riens et \u00e0 jouer un r\u00f4le positif dans le tissu \u00e9conomique local<\/strong><\/span><\/p>\n<p><span style=\"color: #000000;\"><!-- \/wp:paragraph --><\/span><\/p>\t\t\t\t\t\t<\/div>\n\t\t\t\t<\/div>\n\t\t\t\t\t<\/div>\n\t\t<\/div>\n\t\t\t\t\t\t\t<\/div>\n\t\t<\/section>\n\t\t\t\t\t\t\t<\/div>","protected":false},"excerpt":{"rendered":"<p>Notre plateforme Notre entreprise d\u00e9coule de l&rsquo;union entre une vision commerciale affirm\u00e9e et une profonde d\u00e9termination \u00e0 soutenir le pouvoir<\/p>","protected":false},"author":13,"featured_media":0,"parent":12317,"menu_order":0,"comment_status":"closed","ping_status":"closed","template":"","meta":{"footnotes":""},"class_list":["post-13976","page","type-page","status-publish","hentry"],"yoast_head":"<!-- This site is optimized with the Yoast SEO plugin v26.9 - https:\/\/yoast.com\/product\/yoast-seo-wordpress\/ -->\n<title>Notre Plateforme - S\u00e9lection Priv\u00e9e<\/title>\n<meta name=\"robots\" content=\"index, follow, max-snippet:-1, max-image-preview:large, max-video-preview:-1\" \/>\n<link rel=\"canonical\" href=\"https:\/\/sp-dz.com\/ar\/a-propos\/notre-plateforme\/\" \/>\n<meta property=\"og:locale\" content=\"ar_AR\" \/>\n<meta property=\"og:type\" content=\"article\" \/>\n<meta property=\"og:title\" content=\"Notre Plateforme - S\u00e9lection Priv\u00e9e\" \/>\n<meta property=\"og:description\" content=\"Notre plateforme Notre entreprise d\u00e9coule de l&rsquo;union entre une vision commerciale affirm\u00e9e et une profonde d\u00e9termination \u00e0 soutenir le pouvoir\" \/>\n<meta property=\"og:url\" content=\"https:\/\/sp-dz.com\/ar\/a-propos\/notre-plateforme\/\" \/>\n<meta property=\"og:site_name\" content=\"S\u00e9lection Priv\u00e9e\" \/>\n<meta property=\"article:modified_time\" content=\"2024-12-18T10:57:00+00:00\" \/>\n<meta name=\"twitter:card\" content=\"summary_large_image\" \/>\n<meta name=\"twitter:label1\" content=\"\u0648\u0642\u062a \u0627\u0644\u0642\u0631\u0627\u0621\u0629 \u0627\u0644\u0645\u064f\u0642\u062f\u0651\u0631\" \/>\n\t<meta name=\"twitter:data1\" content=\"\u062f\u0642\u064a\u0642\u062a\u0627\u0646\" \/>\n<script type=\"application\/ld+json\" class=\"yoast-schema-graph\">{\"@context\":\"https:\/\/schema.org\",\"@graph\":[{\"@type\":\"WebPage\",\"@id\":\"https:\/\/sp-dz.com\/fr\/a-propos\/notre-plateforme\/\",\"url\":\"https:\/\/sp-dz.com\/fr\/a-propos\/notre-plateforme\/\",\"name\":\"Notre Plateforme - S\u00e9lection Priv\u00e9e\",\"isPartOf\":{\"@id\":\"https:\/\/sp-dz.com\/fr\/#website\"},\"datePublished\":\"2024-11-21T10:16:02+00:00\",\"dateModified\":\"2024-12-18T10:57:00+00:00\",\"breadcrumb\":{\"@id\":\"https:\/\/sp-dz.com\/fr\/a-propos\/notre-plateforme\/#breadcrumb\"},\"inLanguage\":\"ar\",\"potentialAction\":[{\"@type\":\"ReadAction\",\"target\":[\"https:\/\/sp-dz.com\/fr\/a-propos\/notre-plateforme\/\"]}]},{\"@type\":\"BreadcrumbList\",\"@id\":\"https:\/\/sp-dz.com\/fr\/a-propos\/notre-plateforme\/#breadcrumb\",\"itemListElement\":[{\"@type\":\"ListItem\",\"position\":1,\"name\":\"Accueil\",\"item\":\"https:\/\/sp-dz.com\/fr\/\"},{\"@type\":\"ListItem\",\"position\":2,\"name\":\"A propos\",\"item\":\"https:\/\/sp-dz.com\/fr\/a-propos\/\"},{\"@type\":\"ListItem\",\"position\":3,\"name\":\"Notre Plateforme\"}]},{\"@type\":\"WebSite\",\"@id\":\"https:\/\/sp-dz.com\/fr\/#website\",\"url\":\"https:\/\/sp-dz.com\/fr\/\",\"name\":\"S\u00e9lection Priv\u00e9e\",\"description\":\"Only for Members\",\"potentialAction\":[{\"@type\":\"SearchAction\",\"target\":{\"@type\":\"EntryPoint\",\"urlTemplate\":\"https:\/\/sp-dz.com\/fr\/?s={search_term_string}\"},\"query-input\":{\"@type\":\"PropertyValueSpecification\",\"valueRequired\":true,\"valueName\":\"search_term_string\"}}],\"inLanguage\":\"ar\"}]}<\/script>\n<!-- \/ Yoast SEO plugin. -->","yoast_head_json":{"title":"Notre Plateforme - S\u00e9lection Priv\u00e9e","robots":{"index":"index","follow":"follow","max-snippet":"max-snippet:-1","max-image-preview":"max-image-preview:large","max-video-preview":"max-video-preview:-1"},"canonical":"https:\/\/sp-dz.com\/ar\/a-propos\/notre-plateforme\/","og_locale":"ar_AR","og_type":"article","og_title":"Notre Plateforme - S\u00e9lection Priv\u00e9e","og_description":"Notre plateforme Notre entreprise d\u00e9coule de l&rsquo;union entre une vision commerciale affirm\u00e9e et une profonde d\u00e9termination \u00e0 soutenir le pouvoir","og_url":"https:\/\/sp-dz.com\/ar\/a-propos\/notre-plateforme\/","og_site_name":"S\u00e9lection Priv\u00e9e","article_modified_time":"2024-12-18T10:57:00+00:00","twitter_card":"summary_large_image","twitter_misc":{"\u0648\u0642\u062a \u0627\u0644\u0642\u0631\u0627\u0621\u0629 \u0627\u0644\u0645\u064f\u0642\u062f\u0651\u0631":"\u062f\u0642\u064a\u0642\u062a\u0627\u0646"},"schema":{"@context":"https:\/\/schema.org","@graph":[{"@type":"WebPage","@id":"https:\/\/sp-dz.com\/fr\/a-propos\/notre-plateforme\/","url":"https:\/\/sp-dz.com\/fr\/a-propos\/notre-plateforme\/","name":"Notre Plateforme - S\u00e9lection Priv\u00e9e","isPartOf":{"@id":"https:\/\/sp-dz.com\/fr\/#website"},"datePublished":"2024-11-21T10:16:02+00:00","dateModified":"2024-12-18T10:57:00+00:00","breadcrumb":{"@id":"https:\/\/sp-dz.com\/fr\/a-propos\/notre-plateforme\/#breadcrumb"},"inLanguage":"ar","potentialAction":[{"@type":"ReadAction","target":["https:\/\/sp-dz.com\/fr\/a-propos\/notre-plateforme\/"]}]},{"@type":"BreadcrumbList","@id":"https:\/\/sp-dz.com\/fr\/a-propos\/notre-plateforme\/#breadcrumb","itemListElement":[{"@type":"ListItem","position":1,"name":"Accueil","item":"https:\/\/sp-dz.com\/fr\/"},{"@type":"ListItem","position":2,"name":"A propos","item":"https:\/\/sp-dz.com\/fr\/a-propos\/"},{"@type":"ListItem","position":3,"name":"Notre Plateforme"}]},{"@type":"WebSite","@id":"https:\/\/sp-dz.com\/fr\/#website","url":"https:\/\/sp-dz.com\/fr\/","name":"S\u00e9lection Priv\u00e9e","description":"Only for Members","potentialAction":[{"@type":"SearchAction","target":{"@type":"EntryPoint","urlTemplate":"https:\/\/sp-dz.com\/fr\/?s={search_term_string}"},"query-input":{"@type":"PropertyValueSpecification","valueRequired":true,"valueName":"search_term_string"}}],"inLanguage":"ar"}]}},"_links":{"self":[{"href":"https:\/\/sp-dz.com\/ar\/wp-json\/wp\/v2\/pages\/13976","targetHints":{"allow":["GET"]}}],"collection":[{"href":"https:\/\/sp-dz.com\/ar\/wp-json\/wp\/v2\/pages"}],"about":[{"href":"https:\/\/sp-dz.com\/ar\/wp-json\/wp\/v2\/types\/page"}],"author":[{"embeddable":true,"href":"https:\/\/sp-dz.com\/ar\/wp-json\/wp\/v2\/users\/13"}],"replies":[{"embeddable":true,"href":"https:\/\/sp-dz.com\/ar\/wp-json\/wp\/v2\/comments?post=13976"}],"version-history":[{"count":20,"href":"https:\/\/sp-dz.com\/ar\/wp-json\/wp\/v2\/pages\/13976\/revisions"}],"predecessor-version":[{"id":14887,"href":"https:\/\/sp-dz.com\/ar\/wp-json\/wp\/v2\/pages\/13976\/revisions\/14887"}],"up":[{"embeddable":true,"href":"https:\/\/sp-dz.com\/ar\/wp-json\/wp\/v2\/pages\/12317"}],"wp:attachment":[{"href":"https:\/\/sp-dz.com\/ar\/wp-json\/wp\/v2\/media?parent=13976"}],"curies":[{"name":"wp","href":"https:\/\/api.w.org\/{rel}","templated":true}]}}